{"id":20,"date":"2023-01-09T13:02:35","date_gmt":"2023-01-09T12:02:35","guid":{"rendered":"https:\/\/www.rembrandthuis.nl\/?page_id=20"},"modified":"2025-07-01T14:37:35","modified_gmt":"2025-07-01T12:37:35","slug":"ontmoet-rembrandt","status":"publish","type":"page","link":"https:\/\/www.rembrandthuis.nl\/nl\/meer-weten\/ontmoet-rembrandt\/","title":{"rendered":"Ontmoet Rembrandt"},"content":{"rendered":"\t\t<div data-elementor-type=\"wp-page\" data-elementor-id=\"20\" class=\"elementor elementor-20\" data-elementor-post-type=\"page\">\n\t\t\t\t\t\t<section class=\"elementor-section elementor-top-section elementor-element elementor-element-5b58c1b elementor-section-full_width elementor-section-height-default elementor-section-height-default\" data-id=\"5b58c1b\" data-element_type=\"section\" data-settings=\"{&quot;background_background&quot;:&quot;classic&quot;}\">\n\t\t\t\t\t\t<div class=\"elementor-container elementor-column-gap-no\">\n\t\t\t\t\t<div class=\"elementor-column elementor-col-100 elementor-top-column elementor-element elementor-element-12e9aeb5\" data-id=\"12e9aeb5\" data-element_type=\"column\">\n\t\t\t<div class=\"elementor-widget-wrap elementor-element-populated\">\n\t\t\t\t\t\t<section class=\"elementor-section elementor-inner-section elementor-element elementor-element-a6e8e44 elementor-section-full_width elementor-section-height-min-height elementor-section-height-default\" data-id=\"a6e8e44\" data-element_type=\"section\">\n\t\t\t\t\t\t<div class=\"elementor-container elementor-column-gap-no\">\n\t\t\t\t\t<div class=\"elementor-column elementor-col-50 elementor-inner-column elementor-element elementor-element-5658caa1\" data-id=\"5658caa1\" data-element_type=\"column\" id=\"content\" data-settings=\"{&quot;background_background&quot;:&quot;classic&quot;}\">\n\t\t\t<div class=\"elementor-widget-wrap elementor-element-populated\">\n\t\t\t\t\t\t<div class=\"elementor-element elementor-element-11c7e3d4 elementor-widget elementor-widget-heading\" data-id=\"11c7e3d4\" data-element_type=\"widget\" data-widget_type=\"heading.default\">\n\t\t\t\t<div class=\"elementor-widget-container\">\n\t\t\t\t\t<span class=\"elementor-heading-title elementor-size-default\"><nav aria-label=\"breadcrumbs\" class=\"rank-math-breadcrumb\"><p><span class=\"last\">Home<\/span><\/p><\/nav><\/span>\t\t\t\t<\/div>\n\t\t\t\t<\/div>\n\t\t\t\t<div class=\"elementor-element elementor-element-795fe59b elementor-widget elementor-widget-heading\" data-id=\"795fe59b\" data-element_type=\"widget\" data-widget_type=\"heading.default\">\n\t\t\t\t<div class=\"elementor-widget-container\">\n\t\t\t\t\t<h1 class=\"elementor-heading-title elementor-size-default\">Ontmoet Rembrandt<\/h1>\t\t\t\t<\/div>\n\t\t\t\t<\/div>\n\t\t\t\t<div class=\"elementor-element elementor-element-26f9d2f2 elementor-widget elementor-widget-text-editor\" data-id=\"26f9d2f2\" data-element_type=\"widget\" data-widget_type=\"text-editor.default\">\n\t\t\t\t<div class=\"elementor-widget-container\">\n\t\t\t\t\t\t\t\t\t<p><span class=\"dik\">Rembrandt verhuist in 1631 vanuit Leiden naar Amsterdam als een ambitieuze vijfentwintigjarige. Op dat moment is Amsterdam <em>booming<\/em>: de handel over zee wordt steeds belangrijker, de stad groeit enorm en veel mensen verdienen geld als water. Rembrandt ook. Hij heeft in korte tijd naam gemaakt en is d\u00e9 society-schilder van dat moment: iedereen die wat voorstelt wil door hem worden geschilderd.<\/span><\/p>\n<h3><span class=\"dik\">Rembrandts huis<\/span><\/h3>\n<p>In 1639 verhuist Rembrandt, de belangrijkste Hollandse schilder van de 17de eeuw, naar het monumentale pand op Jodenbreestraat nummer 4, in hartje Amsterdam. Hij is een jonge man van 33, pas getrouwd met Saskia. Ze zijn dol op elkaar. Dit huis is perfect voor het ambitieuze stel. Het is groot, met ruimte om te wonen \u00e9n te werken.<\/p>\n<p>Rembrandt heeft eigenlijk alles mee als hij zijn intrek neemt aan de Jodenbreestraat: een grote liefde, een luxe leven en een succesvolle carri\u00e8re. Maar zo blijft het niet. Er volgen tegenslagen, priv\u00e9 \u00e9n financieel. Na 19 jaar moet hij zijn woning verlaten. Hij is dan 52 jaar oud. Het huis is tegenwoordig teruggebracht naar hoe het was in Rembrandts tijd. Je ziet er hoe Rembrandt woonde en werkte, in goede, maar ook in slechte tijden.<\/p>\n<h3><span class=\"dik\">Rembrandts liefdes<\/span><\/h3>\n<p>Rembrandts woonkamer was het priv\u00e9domein van het gezin. De volwassenen zaten bij het vuur te praten, kinderen speelden in een hoekje. In die tijd waren er nog geen aparte slaapkamers. Rembrandt en Saskia sliepen hier dus ook, in de bedstee. Lief en leed speelde zich hier af. Zo wordt hier een zoon geboren. Ze noemen hem Titus, naar Saskia\u2019s zus Titia. Een blij moment. Alleen met Saskia gaat het niet goed. Ze wordt ziek en negen maanden later sterft ze. Ze is nog geen dertig.\u00a0<\/p>\n<p>Na Saskia\u2019s dood krijgt Rembrandt een relatie met Geertje Dircx, een van de dienstmeiden. We hadden het al over de ruzie tussen Geertje en Rembrandt in de keuken. De reden voor die ruzie? Rembrandt wil niet met haar trouwen, ondanks een eerdere belofte. Hij biedt haar een financi\u00eble vergoeding. Maar daar peinst ze niet over. Geertje moet het veld ruimen voor een nieuwe dienstmeid die in huis is gekomen: Hendrickje Stoffels. Met haar blijft hij de rest van haar leven samen en krijgt hij nog een dochter: Cornelia.<\/p>\n<h3><span class=\"dik\">Rembrandts kunst<\/span><\/h3>\n<p>Rembrandt maakte zijn schilderijen in het atelier. Het is een ideale ruimte voor een schilder, want er zijn vier ramen op het noorden. Kunstenaars houden daarvan omdat de zon dan niet naar binnen schijnt en het licht veel egaler is. We weten hoe het atelier er ongeveer uit moet hebben gezien, dankzij een tekening die Rembrandt van deze ruimte maakte.\u00a0<\/p>\n<p>Rembrandt was een gedreven kunstenaar, altijd aan het werk, altijd op zoek naar verbetering. In deze kamer experimenteert hij met dramatische belichting en losse penseelstreken. En hij zoekt naar de beste manier om mensen levensecht weer te geven, met emotionele expressie, karakter en diepgang. Rembrandt maakte ook meer dan 300 verschillende etsen. Stuk voor stuk echte kunstwerken. Hij drukte ze af in oplages van tien tot enkele tientallen. Hij experimenteerde met verschillende technieken en met verschillende papiersoorten. De etsen waren veel minder duur dan de schilderijen en moeten goed hebben verkocht.\u00a0<\/p>\n<h3><span class=\"dik\">Rembrandts buurt<\/span><\/h3>\n<p>In Rembrandts buurt rondom de Jodenbreestraat woonden allerlei verschillende mensen: kunstenaars, kooplieden, immigranten; arm en rijk naast elkaar. Veel van die mensen zie je terug in Rembrandts kunstwerken.<\/p>\n<p>Bijvoorbeeld zijn Joodse buren. Zij kwamen naar Amsterdam voor de handel en de godsdienstvrijheid, want in Portugal mochten ze hun geloof niet uitoefenen. Ze konden daarvoor worden vervolgd. Sommige Joodse buren kwamen bij Rembrandt over de vloer en huurden hem in voor een portret in opdracht, zoals Ephraim Bueno, een bekende arts uit Portugal. Lange tijd dachten kenners dat Rembrandt een speciale band had met zijn Joodse buren. Of dat echt zo is, weten we niet zeker. Maar het is wel opvallend dat er op zijn schilderijen zoveel Joodse mensen te zien zijn. Waarschijnlijk zijn het buren die model voor hem zaten; de indrukken die Rembrandt opdeed in zijn omgeving, verwerkte hij in zijn kunst.<\/p>\n<p>In Rembrandts buurt leefden ook Zwarte mensen. Zij vormden een hechte gemeenschap. Ze kwamen hier als zeeman, uit Afrika of Zuid-Amerika, of uit Portugal, als bediende van een Joodse familie. Rembrandt heeft sommigen van hen geschilderd. In de Europese schilderkunst werden Zwarte mensen vaak op stereotype wijze weergegeven. Maar Rembrandt schilderde zijn buren zoals ze waren.<\/p>\n<h3><span class=\"dik\">Rembrandts faillissement<\/span><\/h3>\n<p>Toen Rembrandt in dit huis trok was hij succesvol, rijk en beroemd. 19 jaar later staan de zaken er heel anders voor. Hij heeft grote geldproblemen. De precieze oorzaak is lastig te noemen. Zeker is dat hij zijn schuldeisers niet kan betalen en gedwongen is zijn spullen en zijn huis te verkopen. 52 jaar oud vertrekt hij, samen met Hendrickje, de 6-jarige Cornelia en zoon Titus, die inmiddels 17 is. Het moet een enorme afgang voor Rembrandt zijn geweest.<\/p>\n<p>Maar zonder de gedwongen verkoop van Rembrandts spullen zou dit museum niet bestaan. Het museum hebben we namelijk te danken aan \u00e9\u00e9n enkel document: een lijst die voor de verkoop werd opgesteld met daarop al Rembrandts bezittingen, kamer voor kamer. Die boedelinventaris zie je in de vitrine in de Epiloogruimte van het museum. Dankzij deze lijst was het mogelijk om Rembrandts huis en leefwereld te reconstrueren. En kun je nu nog steeds heel dichtbij Rembrandt komen.<\/p>\n<h3><span class=\"dik\">Rembrandt de leermeester<\/span><\/h3>\n<p>Al op 22-jarige leeftijd, toen hij nog in Leiden woonde, nam Rembrandt zijn eerste leerlingen aan. Vanaf het moment dat hij in Amsterdam zijn eigen werkplaats begon, werden dat er steeds meer.<a href=\"https:\/\/www.rembrandthuis.nl\/nl\/meer-weten\/ontmoet-rembrandt\/rembrandt-de-leermeester\/\"> Lees verder over Rembrandt de leermeester.<\/a><\/p>\t\t\t\t\t\t\t\t<\/div>\n\t\t\t\t<\/div>\n\t\t\t\t\t<\/div>\n\t\t<\/div>\n\t\t\t\t<div class=\"elementor-column elementor-col-50 elementor-inner-column elementor-element elementor-element-35ca0808\" data-id=\"35ca0808\" data-element_type=\"column\">\n\t\t\t<div class=\"elementor-widget-wrap\">\n\t\t\t\t\t\t\t<\/div>\n\t\t<\/div>\n\t\t\t\t\t<\/div>\n\t\t<\/section>\n\t\t\t\t\t<\/div>\n\t\t<\/div>\n\t\t\t\t\t<\/div>\n\t\t<\/section>\n\t\t\t\t<\/div>\n\t\t<div id=\"nb-footnote-inline\"><\/div>","protected":false},"excerpt":{"rendered":"<p>Rembrandt verhuist in 1631 vanuit Leiden naar Amsterdam als een ambitieuze vijfentwintigjarige. Op dat moment is Amsterdam booming: de handel over zee wordt steeds belangrijker, de stad groeit enorm en veel mensen verdienen geld als water. Rembrandt ook. Hij heeft in korte tijd naam gemaakt en is d\u00e9 society-schilder van dat moment: iedereen die wat [&hellip;]<\/p>\n","protected":false},"author":1,"featured_media":5270,"parent":19,"menu_order":1,"comment_status":"closed","ping_status":"closed","template":"elementor_header_footer","meta":{"_acf_changed":false,"footnotes":""},"class_list":["post-20","page","type-page","status-publish","has-post-thumbnail","hentry"],"acf":[],"_links":{"self":[{"href":"https:\/\/www.rembrandthuis.nl\/nl\/wp-json\/wp\/v2\/pages\/20","targetHints":{"allow":["GET"]}}],"collection":[{"href":"https:\/\/www.rembrandthuis.nl\/nl\/wp-json\/wp\/v2\/pages"}],"about":[{"href":"https:\/\/www.rembrandthuis.nl\/nl\/wp-json\/wp\/v2\/types\/page"}],"author":[{"embeddable":true,"href":"https:\/\/www.rembrandthuis.nl\/nl\/wp-json\/wp\/v2\/users\/1"}],"replies":[{"embeddable":true,"href":"https:\/\/www.rembrandthuis.nl\/nl\/wp-json\/wp\/v2\/comments?post=20"}],"version-history":[{"count":13,"href":"https:\/\/www.rembrandthuis.nl\/nl\/wp-json\/wp\/v2\/pages\/20\/revisions"}],"predecessor-version":[{"id":9031,"href":"https:\/\/www.rembrandthuis.nl\/nl\/wp-json\/wp\/v2\/pages\/20\/revisions\/9031"}],"up":[{"embeddable":true,"href":"https:\/\/www.rembrandthuis.nl\/nl\/wp-json\/wp\/v2\/pages\/19"}],"wp:featuredmedia":[{"embeddable":true,"href":"https:\/\/www.rembrandthuis.nl\/nl\/wp-json\/wp\/v2\/media\/5270"}],"wp:attachment":[{"href":"https:\/\/www.rembrandthuis.nl\/nl\/wp-json\/wp\/v2\/media?parent=20"}],"curies":[{"name":"wp","href":"https:\/\/api.w.org\/{rel}","templated":true}]}}