{"id":14822,"date":"2025-07-07T12:57:44","date_gmt":"2025-07-07T10:57:44","guid":{"rendered":"https:\/\/www.rembrandthuis.nl\/?page_id=14822"},"modified":"2026-04-16T17:48:39","modified_gmt":"2026-04-16T15:48:39","slug":"orari-di-apertura-prezzi","status":"publish","type":"page","link":"https:\/\/www.rembrandthuis.nl\/it\/pianifica-la-tua-visita\/informazioni-per-i-visitatori\/orari-di-apertura-prezzi\/","title":{"rendered":"Orari di apertura &#038; Prezzi"},"content":{"rendered":"\t\t<div data-elementor-type=\"wp-page\" data-elementor-id=\"14822\" class=\"elementor elementor-14822 elementor-14220\" data-elementor-post-type=\"page\">\n\t\t\t\t\t\t<section class=\"elementor-section elementor-top-section elementor-element elementor-element-aa295cc elementor-section-full_width elementor-section-height-default elementor-section-height-default\" data-id=\"aa295cc\" data-element_type=\"section\" data-e-type=\"section\" data-settings=\"{&quot;background_background&quot;:&quot;classic&quot;}\">\n\t\t\t\t\t\t<div class=\"elementor-container elementor-column-gap-no\">\n\t\t\t\t\t<div class=\"elementor-column elementor-col-100 elementor-top-column elementor-element elementor-element-0e1f412\" data-id=\"0e1f412\" data-element_type=\"column\" data-e-type=\"column\">\n\t\t\t<div class=\"elementor-widget-wrap elementor-element-populated\">\n\t\t\t\t\t\t<section class=\"elementor-section elementor-inner-section elementor-element elementor-element-fd683a2 elementor-section-full_width elementor-section-height-min-height elementor-section-height-default\" data-id=\"fd683a2\" data-element_type=\"section\" data-e-type=\"section\">\n\t\t\t\t\t\t<div class=\"elementor-container elementor-column-gap-no\">\n\t\t\t\t\t<div class=\"elementor-column elementor-col-50 elementor-inner-column elementor-element elementor-element-5add0f6\" data-id=\"5add0f6\" data-element_type=\"column\" data-e-type=\"column\" data-settings=\"{&quot;background_background&quot;:&quot;classic&quot;}\">\n\t\t\t<div class=\"elementor-widget-wrap elementor-element-populated\">\n\t\t\t\t\t\t<div class=\"elementor-element elementor-element-9082c44 elementor-widget elementor-widget-heading\" data-id=\"9082c44\" data-element_type=\"widget\" data-e-type=\"widget\" tabindex=\"-1\" data-widget_type=\"heading.default\">\n\t\t\t\t<div class=\"elementor-widget-container\">\n\t\t\t\t\t<span class=\"elementor-heading-title elementor-size-default\"><nav aria-label=\"breadcrumbs\" class=\"rank-math-breadcrumb\"><p><span class=\"last\">Home<\/span><\/p><\/nav><\/span>\t\t\t\t<\/div>\n\t\t\t\t<\/div>\n\t\t\t\t<div class=\"elementor-element elementor-element-5fed76b elementor-widget elementor-widget-heading\" data-id=\"5fed76b\" data-element_type=\"widget\" data-e-type=\"widget\" tabindex=\"1\" data-widget_type=\"heading.default\">\n\t\t\t\t<div class=\"elementor-widget-container\">\n\t\t\t\t\t<h1 class=\"elementor-heading-title elementor-size-default\">Orari di apertura &#038; Prezzi<\/h1>\t\t\t\t<\/div>\n\t\t\t\t<\/div>\n\t\t\t\t<div class=\"elementor-element elementor-element-33916f0 elementor-widget elementor-widget-text-editor\" data-id=\"33916f0\" data-element_type=\"widget\" data-e-type=\"widget\" data-widget_type=\"text-editor.default\">\n\t\t\t\t<div class=\"elementor-widget-container\">\n\t\t\t\t\t\t\t\t\t<p>Il museo \u00e8 aperto tutti i giorni dalle ore 10.00.<\/p>\n<p>Eccezioni: luned\u00ec 27 aprile 2026 (Festa del Re) &amp; venerd\u00ec 25 dicembre 2026 (Natale).<\/p>\n<p>\u00a0<\/p>\n<p><strong>Orari di apertura 2026<\/strong><\/p>\n<table style=\"border-collapse: collapse; width: 492px; height: 333px;\" width=\"407\">\n<tbody>\n<tr style=\"height: 15.0pt;\">\n<td style=\"width: 241pt; height: 15.0pt;\" width=\"321\" height=\"20\">\n<p>Da sabato 28 marzo<br \/>a domenica 10 maggio<\/p>\n<\/td>\n<td style=\"width: 65pt;\" width=\"86\">10.00 &#8211; 19.00<\/td>\n<\/tr>\n<tr style=\"height: 15.0pt;\">\n<td style=\"height: 15.0pt;\" height=\"20\">\n<p>Da luned\u00ec 11 maggio<br \/>a domenica 1 novembre<\/p>\n<\/td>\n<td>10.00 &#8211; 18.00<\/td>\n<\/tr>\n<tr style=\"height: 15.0pt;\">\n<td style=\"height: 15.0pt;\" height=\"20\">\n<p>Da luned\u00ec 2 novembre<br \/>a venerd\u00ec 18 dicembre<\/p>\n<\/td>\n<td class=\"xl17\">10.00 \u2013 17.00<\/td>\n<\/tr>\n<tr style=\"height: 15.0pt;\">\n<td style=\"height: 15.0pt;\" height=\"20\">\n<p>Da sabato 19 dicembre<br \/>a marted\u00ec 31 dicembre<\/p>\n<\/td>\n<td>10.00 &#8211; 18.00<\/td>\n<\/tr>\n<\/tbody>\n<\/table>\n<p>\u00a0<\/p>\n<p><strong>Eccezioni 2026<\/strong><\/p>\n<table style=\"height: 350px;\" width=\"499\">\n<tbody>\n<tr>\n<td width=\"321\">\n<p>Luned\u00ec 27 aprile<br \/><em>Festa del Re<\/em><\/p>\n<\/td>\n<td width=\"86\">Chiuso<\/td>\n<\/tr>\n<tr>\n<td>\n<p>Gioved\u00ec 24 dicembre<br \/><em>Vigilia di Natale<\/em><\/p>\n<\/td>\n<td>10.00 \u2013 17.00\u00a0<\/td>\n<\/tr>\n<tr>\n<td>\n<p>Venerd\u00ec 25 dicembre<br \/><em>Natale<\/em><\/p>\n<\/td>\n<td>Chiuso<\/td>\n<\/tr>\n<tr>\n<td>\n<p>Gioved\u00ec 31 dicembre<br \/><em>Capodanno<\/em><\/p>\n<\/td>\n<td>10.00 \u2013 17.00<\/td>\n<\/tr>\n<\/tbody>\n<\/table>\t\t\t\t\t\t\t\t<\/div>\n\t\t\t\t<\/div>\n\t\t\t\t<div class=\"elementor-element elementor-element-787da34 elementor-widget elementor-widget-text-editor\" data-id=\"787da34\" data-element_type=\"widget\" data-e-type=\"widget\" data-widget_type=\"text-editor.default\">\n\t\t\t\t<div class=\"elementor-widget-container\">\n\t\t\t\t\t\t\t\t\t<p><strong>Prezzi d&#8217;ingresso 2026<\/strong><\/p>\n<p><em>I biglietti possono essere cambiati gratuitamente tramite il nostro <a href=\"https:\/\/tickets.rembrandthuis.nl\/it\/self-service\/date\">partner di biglietteria<\/a>. Non \u00e8 possibile cancellare i biglietti pagati. Consigliamo quindi ai nostri visitatori di scegliere con attenzione la data della loro visita al momento dell&#8217;acquisto dei biglietti. \u00c8 anche possibile acquistare un biglietto alla cassa del museo (solo con carta).<\/em><\/p>\n<ul>\n<li>Adulti: \u20ac23,50<br \/><em>Adulti, Orario ridotto (17.00-19.00): \u20ac19,50<\/em><\/li>\n<li>Giovani fino a 25 anni: \u20ac15<br \/><em>Giovani fino a 25 anni, Orario ridotto (17.00-19.00): \u20ac11<\/em><\/li>\n<li>CJP &amp; ISIC: \u20ac15<br \/><em>CJP, ISIC &amp; studenti, Orario ridotto (17.00-19.00): \u20ac11<br \/>(previa esibizione di una tessera studentesca valida)<br \/><\/em><\/li>\n<li>Bambini dai 6 ai 17 anni: \u20ac8<\/li>\n<li>Bambini fino a 5 anni: gratuito<\/li>\n<li>Stadspas: gratuito<\/li>\n<li>ICOM: gratuito<\/li>\n<li>Museumkaart: gratuito<\/li>\n<li>I Amsterdam City Card: gratuito<\/li>\n<li>VriendenLoterij VIP kaart: gratuito<\/li>\n<li>Amici della Casa di Rembrandt: gratuito<\/li>\n<li>Rembrandtkaart (Associazione Rembrandt): gratuito<\/li>\n<\/ul>\n<p>Tutti i prezzi includono il tour multimediale. Il tour multimediale \u00e8 disponibile nelle seguenti lingue: olandese, inglese, tedesco, francese, italiano, portoghese, russo, spagnolo, giapponese, coreano, cinese (mandarino), ivrit (ebraico), arabo standard moderno, ucraino e turco.<\/p>\n<p>\u00c8 disponibile anche un tour multimediale appositamente progettato per le famiglie con bambini. Il nuovo tour multimediale ti accompagna in un&#8217;avventura attraverso il Museo Rembrandthuis, insieme a Kwast.<\/p>\n<p>\u00c8 possibile ascoltare entrambi i tour multimediali anche a casa. Scansiona il codice QR o <a href=\"https:\/\/www.atsweb.app\/c\/rembrandthouse\/11\/475\/\" target=\"_blank\" rel=\"noopener\">clicca qui<\/a> per ascoltare la storia di Rembrandt a casa tua.<\/p>\n<p><img decoding=\"async\" class=\"alignnone wp-image-16052\" src=\"https:\/\/www.rembrandthuis.nl\/wp-content\/uploads\/2025\/10\/MMT-Audio-QR-Code-300x300.png\" alt=\"\" width=\"143\" height=\"143\" srcset=\"https:\/\/www.rembrandthuis.nl\/wp-content\/uploads\/2025\/10\/MMT-Audio-QR-Code-300x300.png 300w, https:\/\/www.rembrandthuis.nl\/wp-content\/uploads\/2025\/10\/MMT-Audio-QR-Code-1024x1024.png 1024w, https:\/\/www.rembrandthuis.nl\/wp-content\/uploads\/2025\/10\/MMT-Audio-QR-Code-150x150.png 150w, https:\/\/www.rembrandthuis.nl\/wp-content\/uploads\/2025\/10\/MMT-Audio-QR-Code-768x768.png 768w, https:\/\/www.rembrandthuis.nl\/wp-content\/uploads\/2025\/10\/MMT-Audio-QR-Code-1536x1536.png 1536w, https:\/\/www.rembrandthuis.nl\/wp-content\/uploads\/2025\/10\/MMT-Audio-QR-Code-2048x2048.png 2048w, https:\/\/www.rembrandthuis.nl\/wp-content\/uploads\/2025\/10\/MMT-Audio-QR-Code-700x700.png 700w\" sizes=\"(max-width: 143px) 100vw, 143px\" \/><\/p>\t\t\t\t\t\t\t\t<\/div>\n\t\t\t\t<\/div>\n\t\t\t\t<div class=\"elementor-element elementor-element-cae1cd8 elementor-widget elementor-widget-text-editor\" data-id=\"cae1cd8\" data-element_type=\"widget\" data-e-type=\"widget\" data-widget_type=\"text-editor.default\">\n\t\t\t\t<div class=\"elementor-widget-container\">\n\t\t\t\t\t\t\t\t\t<p><strong>Prenota i tuoi biglietti online<\/strong><\/p>\n<ul>\n<li>Ordina il tuo <a href=\"https:\/\/tickets.rembrandthuis.nl\/it\/tickets\">biglietto<\/a> con orario di ingresso online. In questo modo ti assicuri la visita al museo.<\/li>\n<li>Consigliamo anche ai possessori della Museumkaart, agli studenti e ai visitatori con una tessera VIP della Vriendenloterij, Icom, Rembrandtkaart, CJP-pas o Stadspas di prenotare un <a href=\"https:\/\/tickets.rembrandthuis.nl\/it\/tickets\">biglietto<\/a> con fascia oraria.<\/li>\n<li>Fai scansionare il tuo biglietto elettronico (stampato o sul tuo smartphone o tablet) all&#8217;ingresso, esibendo la tua tessera valida.<\/li>\n<li>Gli amici del museo e i membri della Rembrandt Huysgenoten hanno accesso immediato al museo su presentazione della loro tessera e non devono prenotare un biglietto con orario di inizio.<\/li>\n<li>Per effettuare una prenotazione o visualizzare l&#8217;offerta per una scuola o un gruppo, clicca <a href=\"https:\/\/tickets.rembrandthuis.nl\/group\/groupbooking\">qui<\/a> per prenotare.<\/li>\n<li>Vuoi prenotare una visita guidata, una passeggiata nel quartiere o una visita guidata in combinazione con un workshop di incisione? Puoi farlo <a href=\"https:\/\/tickets.rembrandthuis.nl\/group\/groupbooking\">qui<\/a>.<\/li>\n<\/ul>\t\t\t\t\t\t\t\t<\/div>\n\t\t\t\t<\/div>\n\t\t\t\t<div class=\"elementor-element elementor-element-e05a053 elementor-widget elementor-widget-text-editor\" data-id=\"e05a053\" data-element_type=\"widget\" data-e-type=\"widget\" data-widget_type=\"text-editor.default\">\n\t\t\t\t<div class=\"elementor-widget-container\">\n\t\t\t\t\t\t\t\t\t<p><strong>Condizioni generali per i visitatori<\/strong><\/p>\n<p><a href=\"https:\/\/www.rembrandthuis.nl\/wp-content\/uploads\/2026\/03\/Bezoekersvoorwaarden-2026-ENG.pdf\">Scarica qui le nostre condizioni generali di contratto per i visitatori<\/a><\/p>\t\t\t\t\t\t\t\t<\/div>\n\t\t\t\t<\/div>\n\t\t\t\t\t<\/div>\n\t\t<\/div>\n\t\t\t\t<div class=\"elementor-column elementor-col-50 elementor-inner-column elementor-element elementor-element-b8986a7\" data-id=\"b8986a7\" data-element_type=\"column\" data-e-type=\"column\">\n\t\t\t<div class=\"elementor-widget-wrap\">\n\t\t\t\t\t\t\t<\/div>\n\t\t<\/div>\n\t\t\t\t\t<\/div>\n\t\t<\/section>\n\t\t\t\t\t<\/div>\n\t\t<\/div>\n\t\t\t\t\t<\/div>\n\t\t<\/section>\n\t\t\t\t<\/div>\n\t\t<div id=\"nb-footnote-inline\"><\/div>","protected":false},"excerpt":{"rendered":"<p>Il museo \u00e8 aperto tutti i giorni dalle ore 10.00. Eccezioni: luned\u00ec 27 aprile 2026 (Festa del Re) &amp; venerd\u00ec 25 dicembre 2026 (Natale). \u00a0 Orari di apertura 2026 Da sabato 28 marzoa domenica 10 maggio 10.00 &#8211; 19.00 Da luned\u00ec 11 maggioa domenica 1 novembre 10.00 &#8211; 18.00 Da luned\u00ec 2 novembrea venerd\u00ec 18 [&hellip;]<\/p>\n","protected":false},"author":19,"featured_media":14823,"parent":15439,"menu_order":2,"comment_status":"closed","ping_status":"closed","template":"","meta":{"_acf_changed":false,"footnotes":""},"class_list":["post-14822","page","type-page","status-publish","has-post-thumbnail","hentry"],"acf":[],"_links":{"self":[{"href":"https:\/\/www.rembrandthuis.nl\/it\/wp-json\/wp\/v2\/pages\/14822","targetHints":{"allow":["GET"]}}],"collection":[{"href":"https:\/\/www.rembrandthuis.nl\/it\/wp-json\/wp\/v2\/pages"}],"about":[{"href":"https:\/\/www.rembrandthuis.nl\/it\/wp-json\/wp\/v2\/types\/page"}],"author":[{"embeddable":true,"href":"https:\/\/www.rembrandthuis.nl\/it\/wp-json\/wp\/v2\/users\/19"}],"replies":[{"embeddable":true,"href":"https:\/\/www.rembrandthuis.nl\/it\/wp-json\/wp\/v2\/comments?post=14822"}],"version-history":[{"count":50,"href":"https:\/\/www.rembrandthuis.nl\/it\/wp-json\/wp\/v2\/pages\/14822\/revisions"}],"predecessor-version":[{"id":19092,"href":"https:\/\/www.rembrandthuis.nl\/it\/wp-json\/wp\/v2\/pages\/14822\/revisions\/19092"}],"up":[{"embeddable":true,"href":"https:\/\/www.rembrandthuis.nl\/it\/wp-json\/wp\/v2\/pages\/15439"}],"wp:featuredmedia":[{"embeddable":true,"href":"https:\/\/www.rembrandthuis.nl\/it\/wp-json\/wp\/v2\/media\/14823"}],"wp:attachment":[{"href":"https:\/\/www.rembrandthuis.nl\/it\/wp-json\/wp\/v2\/media?parent=14822"}],"curies":[{"name":"wp","href":"https:\/\/api.w.org\/{rel}","templated":true}]}}