{"id":14485,"date":"2025-07-10T16:54:38","date_gmt":"2025-07-10T14:54:38","guid":{"rendered":"https:\/\/www.rembrandthuis.nl\/informations-pour-les-visiteurs-test\/families-with-children\/"},"modified":"2025-10-23T10:09:09","modified_gmt":"2025-10-23T08:09:09","slug":"familles-et-enfants","status":"publish","type":"page","link":"https:\/\/www.rembrandthuis.nl\/fr\/planifiez-votre-visite\/informations-pour-les-visiteurs\/familles-et-enfants\/","title":{"rendered":"Familles &#038; Enfants"},"content":{"rendered":"\t\t<div data-elementor-type=\"wp-page\" data-elementor-id=\"14485\" class=\"elementor elementor-14485 elementor-14324\" data-elementor-post-type=\"page\">\n\t\t\t\t\t\t<section class=\"elementor-section elementor-top-section elementor-element elementor-element-5d405c6 elementor-section-boxed elementor-section-height-default elementor-section-height-default\" data-id=\"5d405c6\" data-element_type=\"section\" data-e-type=\"section\">\n\t\t\t\t\t\t<div class=\"elementor-container elementor-column-gap-default\">\n\t\t\t\t\t<div class=\"elementor-column elementor-col-100 elementor-top-column elementor-element elementor-element-e89b52f\" data-id=\"e89b52f\" data-element_type=\"column\" data-e-type=\"column\">\n\t\t\t<div class=\"elementor-widget-wrap\">\n\t\t\t\t\t\t\t<\/div>\n\t\t<\/div>\n\t\t\t\t\t<\/div>\n\t\t<\/section>\n\t\t\t\t<section class=\"elementor-section elementor-top-section elementor-element elementor-element-0101dbd elementor-section-full_width elementor-section-height-default elementor-section-height-default\" data-id=\"0101dbd\" data-element_type=\"section\" data-e-type=\"section\" data-settings=\"{&quot;background_background&quot;:&quot;classic&quot;}\">\n\t\t\t\t\t\t<div class=\"elementor-container elementor-column-gap-no\">\n\t\t\t\t\t<div class=\"elementor-column elementor-col-100 elementor-top-column elementor-element elementor-element-dc46148\" data-id=\"dc46148\" data-element_type=\"column\" data-e-type=\"column\">\n\t\t\t<div class=\"elementor-widget-wrap elementor-element-populated\">\n\t\t\t\t\t\t<section class=\"elementor-section elementor-inner-section elementor-element elementor-element-e418f0f elementor-section-full_width elementor-section-height-min-height elementor-section-height-default\" data-id=\"e418f0f\" data-element_type=\"section\" data-e-type=\"section\">\n\t\t\t\t\t\t<div class=\"elementor-container elementor-column-gap-no\">\n\t\t\t\t\t<div class=\"elementor-column elementor-col-50 elementor-inner-column elementor-element elementor-element-6b9c585\" data-id=\"6b9c585\" data-element_type=\"column\" data-e-type=\"column\" data-settings=\"{&quot;background_background&quot;:&quot;classic&quot;}\">\n\t\t\t<div class=\"elementor-widget-wrap elementor-element-populated\">\n\t\t\t\t\t\t<div class=\"elementor-element elementor-element-04e4c5c elementor-widget elementor-widget-heading\" data-id=\"04e4c5c\" data-element_type=\"widget\" data-e-type=\"widget\" tabindex=\"-1\" data-widget_type=\"heading.default\">\n\t\t\t\t<div class=\"elementor-widget-container\">\n\t\t\t\t\t<span class=\"elementor-heading-title elementor-size-default\"><nav aria-label=\"breadcrumbs\" class=\"rank-math-breadcrumb\"><p><span class=\"last\">Home<\/span><\/p><\/nav><\/span>\t\t\t\t<\/div>\n\t\t\t\t<\/div>\n\t\t\t\t<div class=\"elementor-element elementor-element-83f3186 elementor-widget elementor-widget-heading\" data-id=\"83f3186\" data-element_type=\"widget\" data-e-type=\"widget\" tabindex=\"1\" data-widget_type=\"heading.default\">\n\t\t\t\t<div class=\"elementor-widget-container\">\n\t\t\t\t\t<h1 class=\"elementor-heading-title elementor-size-default\">Familles &#038; Enfants<\/h1>\t\t\t\t<\/div>\n\t\t\t\t<\/div>\n\t\t\t\t<div class=\"elementor-element elementor-element-e39508b elementor-widget elementor-widget-text-editor\" data-id=\"e39508b\" data-element_type=\"widget\" data-e-type=\"widget\" data-widget_type=\"text-editor.default\">\n\t\t\t\t<div class=\"elementor-widget-container\">\n\t\t\t\t\t\t\t\t\t<p><span class=\"TextRun SCXW48922356 BCX0\" lang=\"EN-US\" xml:lang=\"EN-US\" data-contrast=\"none\"><span class=\"NormalTextRun SpellingErrorV2Themed SCXW48922356 BCX0\" data-ccp-charstyle=\"Strong\">Avec ses d\u00e9monstrations quotidiennes de peinture et de gravure et ses activit\u00e9s participatives telles que des ateliers de dessin pendant les expositions, le mus\u00e9e est une destination id\u00e9ale pour les familles avec enfants.<\/span><\/span><\/p>\n<p><strong><span class=\"TextRun SCXW48922356 BCX0\" lang=\"EN-US\" xml:lang=\"EN-US\" data-contrast=\"none\"><span class=\"NormalTextRun SpellingErrorV2Themed SCXW48922356 BCX0\" data-ccp-charstyle=\"Strong\">Partez<\/span><span class=\"NormalTextRun SCXW48922356 BCX0\" data-ccp-charstyle=\"Strong\">\u00a0\u00e0\u00a0<\/span><span class=\"NormalTextRun SpellingErrorV2Themed SCXW48922356 BCX0\" data-ccp-charstyle=\"Strong\">l\u2019aventure<\/span><span class=\"NormalTextRun SCXW48922356 BCX0\" data-ccp-charstyle=\"Strong\">\u00a0avec Kwast (\u00e0\u00a0<\/span><span class=\"NormalTextRun SpellingErrorV2Themed SCXW48922356 BCX0\" data-ccp-charstyle=\"Strong\">partir<\/span><span class=\"NormalTextRun SCXW48922356 BCX0\" data-ccp-charstyle=\"Strong\">\u00a0de 6\u00a0<\/span><span class=\"NormalTextRun SpellingErrorV2Themed SCXW48922356 BCX0\" data-ccp-charstyle=\"Strong\">ans<\/span><span class=\"NormalTextRun SCXW48922356 BCX0\" data-ccp-charstyle=\"Strong\">)<\/span><\/span><span class=\"EOP SCXW48922356 BCX0\" data-ccp-props=\"{&quot;134233117&quot;:true,&quot;134233118&quot;:true,&quot;335559685&quot;:708}\"><br \/><\/span><\/strong><em>Tous les jours, gratuit pendant votre visite au mus\u00e9e<\/em><\/p>\n<p><img decoding=\"async\" class=\"alignleft\" src=\"https:\/\/www.rembrandthuis.nl\/wp-content\/uploads\/2023\/11\/208x168xOntwerp-zonder-titel-10-e1701083306453-300x242.png.pagespeed.ic.M_ti9wz5Z_.webp\" alt=\"\" width=\"208\" height=\"168\" data-pagespeed-url-hash=\"3184951746\" \/><\/p>\n<p><span class=\"NormalTextRun SCXW168901178 BCX0\" data-ccp-parastyle=\"Normal (Web)\">Rembrandt <\/span><span class=\"NormalTextRun SpellingErrorV2Themed SCXW168901178 BCX0\" data-ccp-parastyle=\"Normal (Web)\">n\u2019\u00e9tait<\/span><span class=\"NormalTextRun SCXW168901178 BCX0\" data-ccp-parastyle=\"Normal (Web)\">\u00a0pas\u00a0<\/span><span class=\"NormalTextRun SpellingErrorV2Themed SCXW168901178 BCX0\" data-ccp-parastyle=\"Normal (Web)\">seulement<\/span><span class=\"NormalTextRun SCXW168901178 BCX0\" data-ccp-parastyle=\"Normal (Web)\">\u00a0un excellent artiste, il\u00a0<\/span><span class=\"NormalTextRun SpellingErrorV2Themed SCXW168901178 BCX0\" data-ccp-parastyle=\"Normal (Web)\">\u00e9tait<\/span>\u00a0<span class=\"NormalTextRun SpellingErrorV2Themed SCXW168901178 BCX0\" data-ccp-parastyle=\"Normal (Web)\">aussi<\/span><span class=\"NormalTextRun SCXW168901178 BCX0\" data-ccp-parastyle=\"Normal (Web)\">\u00a0un grand\u00a0<\/span><span class=\"NormalTextRun SpellingErrorV2Themed SCXW168901178 BCX0\" data-ccp-parastyle=\"Normal (Web)\">ami<\/span><span class=\"NormalTextRun SCXW168901178 BCX0\" data-ccp-parastyle=\"Normal (Web)\">\u00a0des\u00a0<\/span><span class=\"NormalTextRun SpellingErrorV2Themed SCXW168901178 BCX0\" data-ccp-parastyle=\"Normal (Web)\">animaux<\/span><span class=\"NormalTextRun SCXW168901178 BCX0\" data-ccp-parastyle=\"Normal (Web)\">. De\u00a0<\/span><span class=\"NormalTextRun SpellingErrorV2Themed SCXW168901178 BCX0\" data-ccp-parastyle=\"Normal (Web)\">nombreux<\/span><span class=\"NormalTextRun SCXW168901178 BCX0\" data-ccp-parastyle=\"Normal (Web)\">\u00a0tableaux et gravures\u00a0<\/span><span class=\"NormalTextRun SpellingErrorV2Themed SCXW168901178 BCX0\" data-ccp-parastyle=\"Normal (Web)\">pr\u00e9sentent<\/span><span class=\"NormalTextRun SCXW168901178 BCX0\" data-ccp-parastyle=\"Normal (Web)\">\u00a0des\u00a0<\/span><span class=\"NormalTextRun SpellingErrorV2Themed SCXW168901178 BCX0\" data-ccp-parastyle=\"Normal (Web)\">animaux<\/span><span class=\"NormalTextRun SCXW168901178 BCX0\" data-ccp-parastyle=\"Normal (Web)\">. Un animal\u00a0<\/span><span class=\"NormalTextRun SpellingErrorV2Themed SCXW168901178 BCX0\" data-ccp-parastyle=\"Normal (Web)\">appara\u00eet<\/span>\u00a0<span class=\"NormalTextRun SpellingErrorV2Themed SCXW168901178 BCX0\" data-ccp-parastyle=\"Normal (Web)\">particuli\u00e8rement<\/span>\u00a0<span class=\"NormalTextRun SCXW168901178 BCX0\" data-ccp-parastyle=\"Normal (Web)\">souvent<\/span><span class=\"NormalTextRun SCXW168901178 BCX0\" data-ccp-parastyle=\"Normal (Web)\">: son\u00a0<\/span><span class=\"NormalTextRun SCXW168901178 BCX0\" data-ccp-parastyle=\"Normal (Web)\">chien<\/span><span class=\"NormalTextRun SCXW168901178 BCX0\" data-ccp-parastyle=\"Normal (Web)\">\u00a0Kwast. Kw<\/span><span class=\"NormalTextRun SCXW168901178 BCX0\" data-ccp-parastyle=\"Normal (Web)\">ast <\/span><span class=\"NormalTextRun SCXW168901178 BCX0\" data-ccp-parastyle=\"Normal (Web)\">conna\u00eet<\/span>\u00a0<span class=\"NormalTextRun SCXW168901178 BCX0\" data-ccp-parastyle=\"Normal (Web)\">tous<\/span><span class=\"NormalTextRun SCXW168901178 BCX0\" data-ccp-parastyle=\"Normal (Web)\">\u00a0les recoins de la\u00a0<\/span><span class=\"NormalTextRun SCXW168901178 BCX0\" data-ccp-parastyle=\"Normal (Web)\">maison<\/span><span class=\"NormalTextRun SCXW168901178 BCX0\" data-ccp-parastyle=\"Normal (Web)\">. Un guide\u00a0<\/span><span class=\"NormalTextRun SCXW168901178 BCX0\" data-ccp-parastyle=\"Normal (Web)\">id\u00e9al<\/span><span class=\"NormalTextRun SCXW168901178 BCX0\" data-ccp-parastyle=\"Normal (Web)\"> ! La nouvelle <\/span><span class=\"NormalTextRun SCXW168901178 BCX0\" data-ccp-parastyle=\"Normal (Web)\">visite<\/span>\u00a0<span class=\"NormalTextRun SCXW168901178 BCX0\" data-ccp-parastyle=\"Normal (Web)\">multim\u00e9dia<\/span>\u00a0<span class=\"NormalTextRun SCXW168901178 BCX0\" data-ccp-parastyle=\"Normal (Web)\">vous<\/span>\u00a0<span class=\"NormalTextRun SCXW168901178 BCX0\" data-ccp-parastyle=\"Normal (Web)\">emm\u00e8ne<\/span><span class=\"NormalTextRun SCXW168901178 BCX0\" data-ccp-parastyle=\"Normal (Web)\">\u00a0dans\u00a0<\/span><span class=\"NormalTextRun SCXW168901178 BCX0\" data-ccp-parastyle=\"Normal (Web)\">une<\/span>\u00a0<span class=\"NormalTextRun SCXW168901178 BCX0\" data-ccp-parastyle=\"Normal (Web)\">aventure<\/span><span class=\"NormalTextRun SCXW168901178 BCX0\" data-ccp-parastyle=\"Normal (Web)\"> \u00e0 travers le<span class=\"TextRun SCXW89001865 BCX8\" lang=\"NL-NL\" xml:lang=\"NL-NL\" data-contrast=\"auto\"> <span class=\"NormalTextRun SpellingErrorV2Themed SCXW89001865 BCX8\">Mus\u00e9e<\/span><span class=\"NormalTextRun SCXW89001865 BCX8\"> de la maison<\/span> <span class=\"NormalTextRun SCXW89001865 BCX8\">Rembrandt<\/span><\/span><\/span><span class=\"NormalTextRun SCXW168901178 BCX0\" data-ccp-parastyle=\"Normal (Web)\">,\u00a0<\/span><span class=\"NormalTextRun SCXW168901178 BCX0\" data-ccp-parastyle=\"Normal (Web)\">accompagn\u00e9<\/span><span class=\"NormalTextRun SCXW168901178 BCX0\" data-ccp-parastyle=\"Normal (Web)\"> de Kwast.<\/span> Disponible pour les enfants \u00e2g\u00e9s de 6 ans et plus.<\/p>\n<p>Apr\u00e8s votre visite, jetez un \u0153il \u00e0 la boutique du mus\u00e9e, o\u00f9 vous trouverez une peluche repr\u00e9sentant Kwast. Vous pourrez ainsi emporter un petit bout de Rembrandt chez vous.<\/p>\n<p>\u00a0<\/p>\n<p><img fetchpriority=\"high\" decoding=\"async\" class=\"alignnone  wp-image-13595\" src=\"https:\/\/www.rembrandthuis.nl\/wp-content\/uploads\/2025\/06\/Kinderen-verfdemonstratie-300x200.jpg\" alt=\"\" width=\"473\" height=\"316\" srcset=\"https:\/\/www.rembrandthuis.nl\/wp-content\/uploads\/2025\/06\/Kinderen-verfdemonstratie-300x200.jpg 300w, https:\/\/www.rembrandthuis.nl\/wp-content\/uploads\/2025\/06\/Kinderen-verfdemonstratie-1024x683.jpg 1024w, https:\/\/www.rembrandthuis.nl\/wp-content\/uploads\/2025\/06\/Kinderen-verfdemonstratie-768x512.jpg 768w, https:\/\/www.rembrandthuis.nl\/wp-content\/uploads\/2025\/06\/Kinderen-verfdemonstratie.jpg 1500w\" sizes=\"(max-width: 473px) 100vw, 473px\" \/><\/p>\n<p><strong><span class=\"TextRun SCXW59847354 BCX0\" lang=\"EN-US\" xml:lang=\"EN-US\" data-contrast=\"none\"><span class=\"NormalTextRun SCXW59847354 BCX0\" data-ccp-charstyle=\"Strong\">Comment Rembrandt\u00a0<\/span><span class=\"NormalTextRun SCXW59847354 BCX0\" data-ccp-charstyle=\"Strong\">fabriquait<\/span><span class=\"NormalTextRun SCXW59847354 BCX0\" data-ccp-charstyle=\"Strong\">-il\u00a0<\/span><span class=\"NormalTextRun SCXW59847354 BCX0\" data-ccp-charstyle=\"Strong\">ses<\/span>\u00a0<span class=\"NormalTextRun SCXW59847354 BCX0\" data-ccp-charstyle=\"Strong\">peintures<\/span><span class=\"NormalTextRun SCXW59847354 BCX0\" data-ccp-charstyle=\"Strong\">\u00a0et\u00a0<\/span><span class=\"NormalTextRun SCXW59847354 BCX0\" data-ccp-charstyle=\"Strong\">gravures?<br \/><\/span><\/span><\/strong><em>Tous les jours, gratuit pendant votre visite au mus\u00e9e<\/em><\/p>\n<p><span data-contrast=\"none\">Chaque jour, le mus\u00e9e propose <strong>gratuitement des d\u00e9monstrations de peinture ou de gravure<\/strong>. Dans l\u2019atelier de Rembrandt, d\u00e9couvrez comment il fabriquait ses peintures et quels mat\u00e9riaux il utilisait, allant du plomb toxique et des cochenilles rouges \u00e9clatantes \u00e0 l\u2019huile de lin parfum\u00e9e et m\u00eame les vessies de porc!<\/span><\/p>\n<p><span data-contrast=\"none\"><strong>Horaires<\/strong>: entre 10:30 et 15:30<\/span><span data-ccp-props=\"{&quot;134233117&quot;:true,&quot;134233118&quot;:true,&quot;335559685&quot;:708}\">\u00a0<br \/><\/span><span data-contrast=\"none\">Aucune r\u00e9servation n\u00e9cessaire pour la visite multim\u00e9dia ou les d\u00e9monstrations.<\/span><\/p>\n<p>\u00a0<\/p>\n<p><strong>Transformez votre visite en une journ\u00e9e compl\u00e8te \u00e0 Amsterdam!<\/strong><br \/>Entrez dans l&rsquo;univers de Rembrandt et d\u00e9couvrez Amsterdam comme il l&rsquo;a fait autrefois. Ajoutez une promenade dans la ville ou une croisi\u00e8re Rembrandt \u00e0 votre itin\u00e9raire.<\/p>\n<p><strong>Promenez-vous avec Rembrandt<\/strong><br \/>Fl\u00e2nez dans les rues historiques o\u00f9 Rembrandt a v\u00e9cu et travaill\u00e9. D\u00e9couvrez des endroits cach\u00e9s, des anecdotes personnelles et des lieux embl\u00e9matiques qui ont fa\u00e7onn\u00e9 sa vie. Cliquez <a href=\"https:\/\/wandelenmetrembrandt.nl\/en\" target=\"_blank\" rel=\"noopener\">ici<\/a> pour la visite guid\u00e9e gratuite \u00e0 pied.<\/p>\n<p><strong>Croisi\u00e8re avec Rembrandt<\/strong><br \/>D\u00e9couvrez la ville depuis l&rsquo;eau, comme au XVIIe si\u00e8cle. Cette croisi\u00e8re atmosph\u00e9rique sur les canaux vous emm\u00e8ne \u00e0 la d\u00e9couverte des lieux li\u00e9s \u00e0 la vie de Rembrandt et de ses contemporains. R\u00e9servez la croisi\u00e8re Rembrandt <a href=\"https:\/\/flagshipamsterdam.com\/fr\/croisiere-canaux-amsterdam\/rembrandt-croisiere\/?_gl=1*1n80s7k*_up*MQ..*_ga*MTM0NTQxMzk2MC4xNzU1MDgzMTU3*_ga_85S4TBFPCJ*czE3NTUwODU3OTEkbzIkZzAkdDE3NTUwODU3OTEkajYwJGwwJGgxMTkzMjkwNjA2\" target=\"_blank\" rel=\"noopener\">ici<\/a>.<\/p>\n<p><img decoding=\"async\" class=\"alignnone  wp-image-13198\" src=\"https:\/\/www.rembrandthuis.nl\/wp-content\/uploads\/2025\/06\/xxFlagship-Amsterdam-Rembrandt-Cruise-300x200.jpg,Mic.xAJbD64ovJ.webp.pagespeed.ic.IC_ohhWNmP.webp\" sizes=\"(max-width: 391px) 100vw, 391px\" srcset=\"https:\/\/www.rembrandthuis.nl\/wp-content\/uploads\/2025\/06\/xxFlagship-Amsterdam-Rembrandt-Cruise-300x200.jpg,Mic.xAJbD64ovJ.webp.pagespeed.ic.IC_ohhWNmP.webp 300w, https:\/\/www.rembrandthuis.nl\/wp-content\/uploads\/2025\/06\/xxFlagship-Amsterdam-Rembrandt-Cruise-1024x683.jpg,Mic.dE8XXShvqR.webp.pagespeed.ic.viGZMFSJKi.webp 1024w, https:\/\/www.rembrandthuis.nl\/wp-content\/uploads\/2025\/06\/xxFlagship-Amsterdam-Rembrandt-Cruise-768x512.jpg,Mic.nWa7ANebUw.webp.pagespeed.ic.yhsrLinAyl.webp 768w, https:\/\/www.rembrandthuis.nl\/wp-content\/uploads\/2025\/06\/xxFlagship-Amsterdam-Rembrandt-Cruise-1536x1024.jpg,Mic.r79CGZ2TV3.webp.pagespeed.ic.HB8pKPKXJt.webp 1536w, https:\/\/www.rembrandthuis.nl\/wp-content\/uploads\/2025\/06\/xxFlagship-Amsterdam-Rembrandt-Cruise-2048x1365.jpg,Mic.Bc8nR1x2ta.webp.pagespeed.ic.DuFUKN37tv.webp 2048w\" alt=\"\" width=\"469\" height=\"313\" data-pagespeed-url-hash=\"1184566159\" \/><\/p>\n<p>\u00a0<\/p>\n<p><strong>Vous ne vous lassez pas du <span class=\"TextRun SCXW89001865 BCX8\" lang=\"NL-NL\" xml:lang=\"NL-NL\" data-contrast=\"auto\"><span class=\"NormalTextRun SpellingErrorV2Themed SCXW89001865 BCX8\">Mus\u00e9e<\/span><span class=\"NormalTextRun SCXW89001865 BCX8\"> de la maison <\/span><span class=\"NormalTextRun SCXW89001865 BCX8\">Rembrandt<\/span><\/span>? <\/strong><br \/>Suivez l&rsquo;exemple de Rembrandt et cr\u00e9ez quelque chose de beau. Cliquez <a href=\"https:\/\/www.rembrandthuis.nl\/nl\/plan-je-bezoek\/activiteiten-voor-families-en-kinderen\/\">ici<\/a> pour d\u00e9couvrir plusieurs activit\u00e9s qui vous permettront de devenir vous-m\u00eame un artiste.<\/p>\n<p><img loading=\"lazy\" decoding=\"async\" class=\"alignnone  wp-image-10189\" src=\"https:\/\/www.rembrandthuis.nl\/wp-content\/uploads\/2024\/07\/Kidsproof-online-keurmerk-voor-op-gekleurde-achtergrond.png\" alt=\"\" width=\"102\" height=\"102\" srcset=\"https:\/\/www.rembrandthuis.nl\/wp-content\/uploads\/2024\/07\/Kidsproof-online-keurmerk-voor-op-gekleurde-achtergrond.png 301w, https:\/\/www.rembrandthuis.nl\/wp-content\/uploads\/2024\/07\/Kidsproof-online-keurmerk-voor-op-gekleurde-achtergrond-150x150.png 150w\" sizes=\"(max-width: 102px) 100vw, 102px\" \/><\/p>\t\t\t\t\t\t\t\t<\/div>\n\t\t\t\t<\/div>\n\t\t\t\t\t<\/div>\n\t\t<\/div>\n\t\t\t\t<div class=\"elementor-column elementor-col-50 elementor-inner-column elementor-element elementor-element-ce17d94\" data-id=\"ce17d94\" data-element_type=\"column\" data-e-type=\"column\">\n\t\t\t<div class=\"elementor-widget-wrap\">\n\t\t\t\t\t\t\t<\/div>\n\t\t<\/div>\n\t\t\t\t\t<\/div>\n\t\t<\/section>\n\t\t\t\t\t<\/div>\n\t\t<\/div>\n\t\t\t\t\t<\/div>\n\t\t<\/section>\n\t\t\t\t<\/div>\n\t\t<div id=\"nb-footnote-inline\"><\/div>","protected":false},"excerpt":{"rendered":"<p>Avec ses d\u00e9monstrations quotidiennes de peinture et de gravure et ses activit\u00e9s participatives telles que des ateliers de dessin pendant les expositions, le mus\u00e9e est une destination id\u00e9ale pour les familles avec enfants. Partez\u00a0\u00e0\u00a0l\u2019aventure\u00a0avec Kwast (\u00e0\u00a0partir\u00a0de 6\u00a0ans)Tous les jours, gratuit pendant votre visite au mus\u00e9e Rembrandt n\u2019\u00e9tait\u00a0pas\u00a0seulement\u00a0un excellent artiste, il\u00a0\u00e9tait\u00a0aussi\u00a0un grand\u00a0ami\u00a0des\u00a0animaux. De\u00a0nombreux\u00a0tableaux et gravures\u00a0pr\u00e9sentent\u00a0des\u00a0animaux. Un [&hellip;]<\/p>\n","protected":false},"author":5,"featured_media":13596,"parent":14423,"menu_order":3,"comment_status":"closed","ping_status":"closed","template":"","meta":{"_acf_changed":false,"footnotes":""},"class_list":["post-14485","page","type-page","status-publish","has-post-thumbnail","hentry"],"acf":[],"_links":{"self":[{"href":"https:\/\/www.rembrandthuis.nl\/fr\/wp-json\/wp\/v2\/pages\/14485","targetHints":{"allow":["GET"]}}],"collection":[{"href":"https:\/\/www.rembrandthuis.nl\/fr\/wp-json\/wp\/v2\/pages"}],"about":[{"href":"https:\/\/www.rembrandthuis.nl\/fr\/wp-json\/wp\/v2\/types\/page"}],"author":[{"embeddable":true,"href":"https:\/\/www.rembrandthuis.nl\/fr\/wp-json\/wp\/v2\/users\/5"}],"replies":[{"embeddable":true,"href":"https:\/\/www.rembrandthuis.nl\/fr\/wp-json\/wp\/v2\/comments?post=14485"}],"version-history":[{"count":24,"href":"https:\/\/www.rembrandthuis.nl\/fr\/wp-json\/wp\/v2\/pages\/14485\/revisions"}],"predecessor-version":[{"id":16136,"href":"https:\/\/www.rembrandthuis.nl\/fr\/wp-json\/wp\/v2\/pages\/14485\/revisions\/16136"}],"up":[{"embeddable":true,"href":"https:\/\/www.rembrandthuis.nl\/fr\/wp-json\/wp\/v2\/pages\/14423"}],"wp:featuredmedia":[{"embeddable":true,"href":"https:\/\/www.rembrandthuis.nl\/fr\/wp-json\/wp\/v2\/media\/13596"}],"wp:attachment":[{"href":"https:\/\/www.rembrandthuis.nl\/fr\/wp-json\/wp\/v2\/media?parent=14485"}],"curies":[{"name":"wp","href":"https:\/\/api.w.org\/{rel}","templated":true}]}}