{"id":14475,"date":"2025-07-07T12:57:44","date_gmt":"2025-07-07T10:57:44","guid":{"rendered":"https:\/\/www.rembrandthuis.nl\/informations-pour-les-visiteurs-test\/opening-hours-fees\/"},"modified":"2026-04-16T17:21:47","modified_gmt":"2026-04-16T15:21:47","slug":"horaires-douverture-et-tarifs","status":"publish","type":"page","link":"https:\/\/www.rembrandthuis.nl\/fr\/planifiez-votre-visite\/informations-pour-les-visiteurs\/horaires-douverture-et-tarifs\/","title":{"rendered":"Horaires d&rsquo;ouverture &#038; Tarifs"},"content":{"rendered":"\t\t<div data-elementor-type=\"wp-page\" data-elementor-id=\"14475\" class=\"elementor elementor-14475 elementor-14220\" data-elementor-post-type=\"page\">\n\t\t\t\t\t\t<section class=\"elementor-section elementor-top-section elementor-element elementor-element-aa295cc elementor-section-full_width elementor-section-height-default elementor-section-height-default\" data-id=\"aa295cc\" data-element_type=\"section\" data-e-type=\"section\" data-settings=\"{&quot;background_background&quot;:&quot;classic&quot;}\">\n\t\t\t\t\t\t<div class=\"elementor-container elementor-column-gap-no\">\n\t\t\t\t\t<div class=\"elementor-column elementor-col-100 elementor-top-column elementor-element elementor-element-0e1f412\" data-id=\"0e1f412\" data-element_type=\"column\" data-e-type=\"column\">\n\t\t\t<div class=\"elementor-widget-wrap elementor-element-populated\">\n\t\t\t\t\t\t<section class=\"elementor-section elementor-inner-section elementor-element elementor-element-fd683a2 elementor-section-full_width elementor-section-height-min-height elementor-section-height-default\" data-id=\"fd683a2\" data-element_type=\"section\" data-e-type=\"section\">\n\t\t\t\t\t\t<div class=\"elementor-container elementor-column-gap-no\">\n\t\t\t\t\t<div class=\"elementor-column elementor-col-50 elementor-inner-column elementor-element elementor-element-5add0f6\" data-id=\"5add0f6\" data-element_type=\"column\" data-e-type=\"column\" data-settings=\"{&quot;background_background&quot;:&quot;classic&quot;}\">\n\t\t\t<div class=\"elementor-widget-wrap elementor-element-populated\">\n\t\t\t\t\t\t<div class=\"elementor-element elementor-element-9082c44 elementor-widget elementor-widget-heading\" data-id=\"9082c44\" data-element_type=\"widget\" data-e-type=\"widget\" tabindex=\"-1\" data-widget_type=\"heading.default\">\n\t\t\t\t<div class=\"elementor-widget-container\">\n\t\t\t\t\t<span class=\"elementor-heading-title elementor-size-default\"><nav aria-label=\"breadcrumbs\" class=\"rank-math-breadcrumb\"><p><span class=\"last\">Home<\/span><\/p><\/nav><\/span>\t\t\t\t<\/div>\n\t\t\t\t<\/div>\n\t\t\t\t<div class=\"elementor-element elementor-element-5fed76b elementor-widget elementor-widget-heading\" data-id=\"5fed76b\" data-element_type=\"widget\" data-e-type=\"widget\" tabindex=\"1\" data-widget_type=\"heading.default\">\n\t\t\t\t<div class=\"elementor-widget-container\">\n\t\t\t\t\t<h1 class=\"elementor-heading-title elementor-size-default\">Horaires d&rsquo;ouverture &#038; Tarifs<\/h1>\t\t\t\t<\/div>\n\t\t\t\t<\/div>\n\t\t\t\t<div class=\"elementor-element elementor-element-33916f0 elementor-widget elementor-widget-text-editor\" data-id=\"33916f0\" data-element_type=\"widget\" data-e-type=\"widget\" data-widget_type=\"text-editor.default\">\n\t\t\t\t<div class=\"elementor-widget-container\">\n\t\t\t\t\t\t\t\t\t<div class=\"elementor-element elementor-element-f85f907 elementor-widget elementor-widget-text-editor\" tabindex=\"5\" data-id=\"f85f907\" data-element_type=\"widget\" data-widget_type=\"text-editor.default\">\n<div class=\"elementor-widget-container\">\n<p>Le mus\u00e9e est ouvert tous les jours \u00e0 partir de 10h00.<\/p>\n<p>Exceptions: lundi 27 avril 2026 (F\u00eate du Roi) &amp; vendredi 25 d\u00e9cembre 2026 (No\u00ebl).<\/p>\n<\/div>\n<\/div>\n<div class=\"elementor-element elementor-element-f85f907 elementor-widget elementor-widget-text-editor\" tabindex=\"5\" data-id=\"f85f907\" data-element_type=\"widget\" data-widget_type=\"text-editor.default\">\n<p><strong><span class=\"TextRun SCXW143239494 BCX0\" lang=\"EN-US\" xml:lang=\"EN-US\" data-contrast=\"none\"><span class=\"NormalTextRun SpellingErrorV2Themed SpellingErrorHighlight SCXW143239494 BCX0\" data-ccp-charstyle=\"Strong\">Horaires<\/span>\u00a0<span class=\"NormalTextRun SpellingErrorV2Themed SCXW143239494 BCX0\" data-ccp-charstyle=\"Strong\">d\u2019ouverture 2026<\/span><\/span><\/strong><\/p>\n<table style=\"border-collapse: collapse; width: 477px; height: 331px;\" width=\"394\">\n<tbody>\n<tr style=\"height: 15.0pt;\">\n<td style=\"width: 231pt; height: 15.0pt;\" width=\"308\" height=\"20\">\n<p>Samedi 28 mars<br \/>au dimanche 10 mai<\/p>\n<\/td>\n<td style=\"width: 65pt;\" width=\"86\">10.00 &#8211; 19.00<\/td>\n<\/tr>\n<tr style=\"height: 15.0pt;\">\n<td style=\"height: 15.0pt;\" height=\"20\">\n<p>Lundi 11 mai<br \/>au dimanche 1 novembre<\/p>\n<\/td>\n<td>10.00 &#8211; 18.00<\/td>\n<\/tr>\n<tr style=\"height: 15.0pt;\">\n<td style=\"height: 15.0pt;\" height=\"20\">\n<p>Lundi 2 novembre<br \/>au vendredi 18 d\u00e9cembre<\/p>\n<\/td>\n<td class=\"xl17\">10.00 \u2013 17.00<\/td>\n<\/tr>\n<tr style=\"height: 15.0pt;\">\n<td style=\"height: 15.0pt;\" height=\"20\">\n<p>Samedi 19 d\u00e9cembre<br \/>au mardi 31 d\u00e9cembre<\/p>\n<\/td>\n<td>10.00 &#8211; 18.00<\/td>\n<\/tr>\n<\/tbody>\n<\/table>\n<\/div>\n<p>\u00a0<\/p>\n<p><strong>Exceptions 2026<\/strong><\/p>\n<table style=\"height: 347px;\" width=\"481\">\n<tbody>\n<tr>\n<td width=\"308\">\n<p>Lundi 27 avril<br \/><em>F\u00eate du Roi<\/em><\/p>\n<\/td>\n<td width=\"86\">Ferm\u00e9<\/td>\n<\/tr>\n<tr>\n<td>\n<p>Jeudi 24 d\u00e9cembre<br \/><em>Veille de No\u00ebl<\/em><\/p>\n<\/td>\n<td>10.00 \u2013 17.00\u00a0<\/td>\n<\/tr>\n<tr>\n<td>\n<p>Vendredi 25 d\u00e9cembre<br \/><em>No\u00ebl<\/em><\/p>\n<\/td>\n<td>Ferm\u00e9<\/td>\n<\/tr>\n<tr>\n<td>\n<p>Jeudi 31 d\u00e9cembre<br \/><em>R\u00e9veillon du Nouvel An<\/em><\/p>\n<\/td>\n<td>10.00 \u2013 17.00<\/td>\n<\/tr>\n<\/tbody>\n<\/table>\t\t\t\t\t\t\t\t<\/div>\n\t\t\t\t<\/div>\n\t\t\t\t<div class=\"elementor-element elementor-element-787da34 elementor-widget elementor-widget-text-editor\" data-id=\"787da34\" data-element_type=\"widget\" data-e-type=\"widget\" data-widget_type=\"text-editor.default\">\n\t\t\t\t<div class=\"elementor-widget-container\">\n\t\t\t\t\t\t\t\t\t<p><b><span data-contrast=\"none\">Tarifs d\u2019entr\u00e9e 2026<\/span><\/b><\/p>\n<p><span data-contrast=\"none\">Les billets peuvent \u00eatre modifi\u00e9s gratuitement via notre\u00a0<a role=\"link\" href=\"https:\/\/tickets.rembrandthuis.nl\/fr\/self-service\/date\" target=\"_blank\" rel=\"noopener\" aria-label=\"partenaire billetterie, s\u2019ouvre dans une nouvelle fen\u00eatre\" data-nww-processed=\"true\">partenaire billetterie<\/a>. Les billets payants ne peuvent pas \u00eatre annul\u00e9s.\u00a0<\/span><span data-contrast=\"none\">Nous conseillons donc \u00e0 nos visiteurs de bien choisir la date de leur visite lors de l\u2019achat des billets.<\/span><span data-ccp-props=\"{&quot;134233117&quot;:true,&quot;134233118&quot;:true,&quot;335559685&quot;:708}\"> Vous pouvez \u00e9galement acheter un billet \u00e0 la caisse du mus\u00e9e (seulement carte bancaire).<\/span><\/p>\n<ul>\n<li><span data-contrast=\"none\">Adultes: \u20ac23,50<br \/><\/span><em><span data-contrast=\"none\">Adultes <\/span>horaires creux (17.00-19.00): \u20ac19,50<\/em><\/li>\n<li><span data-contrast=\"none\">Jeunes jusqu\u2019\u00e0 25 ans: \u20ac15<br \/><em>Jeunes jusqu\u2019\u00e0 25 ans horaires creux (17.00-19.00): \u20ac11<\/em><br \/><\/span><\/li>\n<li>CJP &amp; ISIC: \u20ac15<br \/><em>CJP, ISIC et \u00e9tudiants horaires creux (17.00-19.00): \u20ac11<\/em><br \/>sur pr\u00e9sentation d&rsquo;une carte d&rsquo;\u00e9tudiant en cours de validit\u00e9<\/li>\n<li><span data-contrast=\"none\">Enfants de 6 \u00e0 17 ans: \u20ac8<br \/><\/span><\/li>\n<li><span data-contrast=\"none\">Enfants jusqu\u2019\u00e0 5 ans: gratuit<br \/><\/span><\/li>\n<li><span data-contrast=\"none\">CJP: \u20ac15<\/span><\/li>\n<li><span data-contrast=\"none\">Stadspas: gratuit<\/span><\/li>\n<li><span data-contrast=\"none\">ICOM: gratuit<\/span><\/li>\n<li><span data-contrast=\"none\">Carte Mus\u00e9es: gratuit<\/span><\/li>\n<li><span data-contrast=\"none\">I Amsterdam City Card: gratuit<\/span><\/li>\n<li><span data-contrast=\"none\">VIP VriendenLoterij: gratuit<\/span><span data-ccp-props=\"{&quot;134233117&quot;:true,&quot;134233118&quot;:true,&quot;335559685&quot;:708}\">\u00a0<\/span><\/li>\n<\/ul>\n<p><span data-contrast=\"none\">Tous les prix incluent la visite multim\u00e9dia. La visite multim\u00e9dia est disponible dans les langues suivantes: n\u00e9erlandais, anglais, allemand, fran\u00e7ais, italien, portugais, russe, espagnol, japonais, cor\u00e9en, chinois (mandarin), h\u00e9breu, arabe moderne standard, ukrainien et turc.<\/span><span data-ccp-props=\"{&quot;134233117&quot;:true,&quot;134233118&quot;:true,&quot;335559685&quot;:708}\">\u00a0<\/span><\/p>\n<p><span data-contrast=\"none\">Il existe \u00e9galement une visite multim\u00e9dia sp\u00e9cialement con\u00e7ue pour les familles avec enfants. La nouvelle visite multim\u00e9dia vous emm\u00e8ne dans une aventure au <span class=\"TextRun SCXW89001865 BCX8\" lang=\"NL-NL\" xml:lang=\"NL-NL\" data-contrast=\"auto\"><span class=\"NormalTextRun SpellingErrorV2Themed SCXW89001865 BCX8\">Mus\u00e9e<\/span><span class=\"NormalTextRun SCXW89001865 BCX8\"> de la maison <\/span><span class=\"NormalTextRun SCXW89001865 BCX8\">Rembrandt<\/span><\/span>, avec Kwast.<\/span><span data-ccp-props=\"{&quot;134233117&quot;:true,&quot;134233118&quot;:true,&quot;335559685&quot;:708}\">\u00a0<\/span><\/p>\n<p><span data-contrast=\"none\">Vous pouvez \u00e9galement \u00e9couter les deux visites multim\u00e9dia \u00e0 la maison. Scannez le code QR ou cliquez ici pour\u00a0<a role=\"link\" href=\"https:\/\/www.atsweb.app\/c\/rembrandthouse\/languageselect\/\" target=\"_blank\" rel=\"noopener\" aria-label=\"\u00e9couter l\u2019histoire de Rembrandt, s\u2019ouvre dans une nouvelle fen\u00eatre\" data-nww-processed=\"true\">\u00e9couter l\u2019histoire de Rembrandt<\/a>\u00a0chez vous.<\/span><span data-ccp-props=\"{&quot;134233117&quot;:true,&quot;134233118&quot;:true,&quot;335559685&quot;:708}\">\u00a0<\/span><\/p>\n<p><img decoding=\"async\" class=\"alignnone  wp-image-16052\" src=\"https:\/\/www.rembrandthuis.nl\/wp-content\/uploads\/2025\/10\/MMT-Audio-QR-Code-300x300.png\" alt=\"\" width=\"148\" height=\"148\" srcset=\"https:\/\/www.rembrandthuis.nl\/wp-content\/uploads\/2025\/10\/MMT-Audio-QR-Code-300x300.png 300w, https:\/\/www.rembrandthuis.nl\/wp-content\/uploads\/2025\/10\/MMT-Audio-QR-Code-1024x1024.png 1024w, https:\/\/www.rembrandthuis.nl\/wp-content\/uploads\/2025\/10\/MMT-Audio-QR-Code-150x150.png 150w, https:\/\/www.rembrandthuis.nl\/wp-content\/uploads\/2025\/10\/MMT-Audio-QR-Code-768x768.png 768w, https:\/\/www.rembrandthuis.nl\/wp-content\/uploads\/2025\/10\/MMT-Audio-QR-Code-1536x1536.png 1536w, https:\/\/www.rembrandthuis.nl\/wp-content\/uploads\/2025\/10\/MMT-Audio-QR-Code-2048x2048.png 2048w, https:\/\/www.rembrandthuis.nl\/wp-content\/uploads\/2025\/10\/MMT-Audio-QR-Code-700x700.png 700w\" sizes=\"(max-width: 148px) 100vw, 148px\" \/><\/p>\t\t\t\t\t\t\t\t<\/div>\n\t\t\t\t<\/div>\n\t\t\t\t<div class=\"elementor-element elementor-element-cae1cd8 elementor-widget elementor-widget-text-editor\" data-id=\"cae1cd8\" data-element_type=\"widget\" data-e-type=\"widget\" data-widget_type=\"text-editor.default\">\n\t\t\t\t<div class=\"elementor-widget-container\">\n\t\t\t\t\t\t\t\t\t<p><strong>R\u00e9servez vos billets en ligne d\u00e8s maintenant\u00a0<\/strong><\/p>\n<ul>\n<li><span data-contrast=\"none\">Commandez\u00a0<a role=\"link\" href=\"https:\/\/tickets.rembrandthuis.nl\/fr\/tickets\" target=\"_blank\" rel=\"noopener\" aria-label=\"votre billet, s\u2019ouvre dans une nouvelle fen\u00eatre\" data-nww-processed=\"true\">votre billet<\/a>\u00a0avec heure de d\u00e9part en ligne.\u00a0<\/span><span data-contrast=\"none\">Ainsi, vous \u00eates s\u00fbr d\u2019obtenir un billet pour le mus\u00e9e.<\/span><\/li>\n<li><span data-contrast=\"none\">Nous recommandons \u00e9galement aux d\u00e9tenteurs de la Carte Mus\u00e9e, aux \u00e9tudiants et aux visiteurs avec un VIP-pas Vriendenloterij, une carte Icom, Rembrandtkaart, un pass CJP ou Stadspas de r\u00e9server<a role=\"link\" href=\"https:\/\/tickets.rembrandthuis.nl\/fr\/tickets\" target=\"_blank\" rel=\"noopener\" aria-label=\"un billet, s\u2019ouvre dans une nouvelle fen\u00eatre\" data-nww-processed=\"true\">\u00a0un billet<\/a>\u00a0avec cr\u00e9neau horaire.<\/span>\u00a0<\/li>\n<li><span data-contrast=\"none\">Pr\u00e9sentez votre billet \u00e9lectronique (imprim\u00e9 ou sur votre smartphone ou tablette) \u00e0 l\u2019entr\u00e9e, acco<\/span><span data-contrast=\"none\">mpagn\u00e9 de votre pass valide.<\/span>\u00a0<\/li>\n<li><span data-contrast=\"none\">Les amis du mus\u00e9e et les Rembrandt Huysgenoten ont un acc\u00e8s direct au mus\u00e9e sur pr\u00e9sentation de leur pass et n\u2019ont pas besoin de r\u00e9server\u00a0<a role=\"link\" href=\"https:\/\/www.rembrandthuis.nl\/fr\/planifiez-votre-visite\/groupes\/\" target=\"_blank\" rel=\"noopener\" aria-label=\"un billet, s\u2019ouvre dans une nouvelle fen\u00eatre\" data-nww-processed=\"true\">un billet<\/a>\u00a0avec heure de d\u00e9part.<\/span>\u00a0<\/li>\n<li><span data-contrast=\"none\">Pour r\u00e9server un groupe ou un programme pour une \u00e9cole, vous pouvez le faire ici.<\/span>\u00a0<\/li>\n<li><span data-contrast=\"none\">Vous pouvez aussi\u00a0<a role=\"link\" href=\"https:\/\/tickets.rembrandthuis.nl\/group\/groupbooking\" target=\"_blank\" rel=\"noopener\" aria-label=\"r\u00e9server une visite guid\u00e9e, s\u2019ouvre dans une nouvelle fen\u00eatre\" data-nww-processed=\"true\">r\u00e9server une visite guid\u00e9e<\/a>, une promenade dans le quartier ou une visite combin\u00e9e avec un atelier de gravure ici.<\/span><\/li>\n<\/ul>\t\t\t\t\t\t\t\t<\/div>\n\t\t\t\t<\/div>\n\t\t\t\t<div class=\"elementor-element elementor-element-e05a053 elementor-widget elementor-widget-text-editor\" data-id=\"e05a053\" data-element_type=\"widget\" data-e-type=\"widget\" data-widget_type=\"text-editor.default\">\n\t\t\t\t<div class=\"elementor-widget-container\">\n\t\t\t\t\t\t\t\t\t<p><strong>Conditions g\u00e9n\u00e9rales d&rsquo;utilisation pour les visiteurs<\/strong><\/p>\n<p><a href=\"https:\/\/www.rembrandthuis.nl\/wp-content\/uploads\/2026\/03\/Bezoekersvoorwaarden-2026-ENG.pdf\">T\u00e9l\u00e9chargez nos conditions g\u00e9n\u00e9rales d&rsquo;utilisation ici<\/a><\/p>\t\t\t\t\t\t\t\t<\/div>\n\t\t\t\t<\/div>\n\t\t\t\t\t<\/div>\n\t\t<\/div>\n\t\t\t\t<div class=\"elementor-column elementor-col-50 elementor-inner-column elementor-element elementor-element-b8986a7\" data-id=\"b8986a7\" data-element_type=\"column\" data-e-type=\"column\">\n\t\t\t<div class=\"elementor-widget-wrap\">\n\t\t\t\t\t\t\t<\/div>\n\t\t<\/div>\n\t\t\t\t\t<\/div>\n\t\t<\/section>\n\t\t\t\t\t<\/div>\n\t\t<\/div>\n\t\t\t\t\t<\/div>\n\t\t<\/section>\n\t\t\t\t<\/div>\n\t\t<div id=\"nb-footnote-inline\"><\/div>","protected":false},"excerpt":{"rendered":"<p>Le mus\u00e9e est ouvert tous les jours \u00e0 partir de 10h00. Exceptions: lundi 27 avril 2026 (F\u00eate du Roi) &amp; vendredi 25 d\u00e9cembre 2026 (No\u00ebl). Horaires\u00a0d\u2019ouverture 2026 Samedi 28 marsau dimanche 10 mai 10.00 &#8211; 19.00 Lundi 11 maiau dimanche 1 novembre 10.00 &#8211; 18.00 Lundi 2 novembreau vendredi 18 d\u00e9cembre 10.00 \u2013 17.00 Samedi [&hellip;]<\/p>\n","protected":false},"author":5,"featured_media":14364,"parent":14423,"menu_order":2,"comment_status":"closed","ping_status":"closed","template":"","meta":{"_acf_changed":false,"footnotes":""},"class_list":["post-14475","page","type-page","status-publish","has-post-thumbnail","hentry"],"acf":[],"_links":{"self":[{"href":"https:\/\/www.rembrandthuis.nl\/fr\/wp-json\/wp\/v2\/pages\/14475","targetHints":{"allow":["GET"]}}],"collection":[{"href":"https:\/\/www.rembrandthuis.nl\/fr\/wp-json\/wp\/v2\/pages"}],"about":[{"href":"https:\/\/www.rembrandthuis.nl\/fr\/wp-json\/wp\/v2\/types\/page"}],"author":[{"embeddable":true,"href":"https:\/\/www.rembrandthuis.nl\/fr\/wp-json\/wp\/v2\/users\/5"}],"replies":[{"embeddable":true,"href":"https:\/\/www.rembrandthuis.nl\/fr\/wp-json\/wp\/v2\/comments?post=14475"}],"version-history":[{"count":50,"href":"https:\/\/www.rembrandthuis.nl\/fr\/wp-json\/wp\/v2\/pages\/14475\/revisions"}],"predecessor-version":[{"id":19081,"href":"https:\/\/www.rembrandthuis.nl\/fr\/wp-json\/wp\/v2\/pages\/14475\/revisions\/19081"}],"up":[{"embeddable":true,"href":"https:\/\/www.rembrandthuis.nl\/fr\/wp-json\/wp\/v2\/pages\/14423"}],"wp:featuredmedia":[{"embeddable":true,"href":"https:\/\/www.rembrandthuis.nl\/fr\/wp-json\/wp\/v2\/media\/14364"}],"wp:attachment":[{"href":"https:\/\/www.rembrandthuis.nl\/fr\/wp-json\/wp\/v2\/media?parent=14475"}],"curies":[{"name":"wp","href":"https:\/\/api.w.org\/{rel}","templated":true}]}}