{"id":14457,"date":"2025-07-07T12:55:43","date_gmt":"2025-07-07T10:55:43","guid":{"rendered":"https:\/\/www.rembrandthuis.nl\/informations-pour-les-visiteurs-test\/introduction\/"},"modified":"2025-10-23T10:13:45","modified_gmt":"2025-10-23T08:13:45","slug":"introduction","status":"publish","type":"page","link":"https:\/\/www.rembrandthuis.nl\/fr\/planifiez-votre-visite\/informations-pour-les-visiteurs\/introduction\/","title":{"rendered":"Introduction"},"content":{"rendered":"\t\t<div data-elementor-type=\"wp-page\" data-elementor-id=\"14457\" class=\"elementor elementor-14457 elementor-14212\" data-elementor-post-type=\"page\">\n\t\t\t\t\t\t<section class=\"elementor-section elementor-top-section elementor-element elementor-element-e374b7d elementor-section-full_width elementor-section-height-default elementor-section-height-default\" data-id=\"e374b7d\" data-element_type=\"section\" data-e-type=\"section\" data-settings=\"{&quot;background_background&quot;:&quot;classic&quot;}\">\n\t\t\t\t\t\t<div class=\"elementor-container elementor-column-gap-no\">\n\t\t\t\t\t<div class=\"elementor-column elementor-col-100 elementor-top-column elementor-element elementor-element-3c0bf57\" data-id=\"3c0bf57\" data-element_type=\"column\" data-e-type=\"column\">\n\t\t\t<div class=\"elementor-widget-wrap elementor-element-populated\">\n\t\t\t\t\t\t<section class=\"elementor-section elementor-inner-section elementor-element elementor-element-65bc322 elementor-section-full_width elementor-section-height-min-height elementor-section-height-default\" data-id=\"65bc322\" data-element_type=\"section\" data-e-type=\"section\">\n\t\t\t\t\t\t<div class=\"elementor-container elementor-column-gap-no\">\n\t\t\t\t\t<div class=\"elementor-column elementor-col-50 elementor-inner-column elementor-element elementor-element-eb82617\" data-id=\"eb82617\" data-element_type=\"column\" data-e-type=\"column\" data-settings=\"{&quot;background_background&quot;:&quot;classic&quot;}\">\n\t\t\t<div class=\"elementor-widget-wrap elementor-element-populated\">\n\t\t\t\t\t\t<div class=\"elementor-element elementor-element-97cf9e8 elementor-widget elementor-widget-heading\" data-id=\"97cf9e8\" data-element_type=\"widget\" data-e-type=\"widget\" data-widget_type=\"heading.default\">\n\t\t\t\t<div class=\"elementor-widget-container\">\n\t\t\t\t\t<span class=\"elementor-heading-title elementor-size-default\"><nav aria-label=\"breadcrumbs\" class=\"rank-math-breadcrumb\"><p><span class=\"last\">Home<\/span><\/p><\/nav><\/span>\t\t\t\t<\/div>\n\t\t\t\t<\/div>\n\t\t\t\t<div class=\"elementor-element elementor-element-eaab5a0 elementor-widget elementor-widget-heading\" data-id=\"eaab5a0\" data-element_type=\"widget\" data-e-type=\"widget\" data-widget_type=\"heading.default\">\n\t\t\t\t<div class=\"elementor-widget-container\">\n\t\t\t\t\t<h1 class=\"elementor-heading-title elementor-size-default\">Introduction<\/h1>\t\t\t\t<\/div>\n\t\t\t\t<\/div>\n\t\t\t\t<div class=\"elementor-element elementor-element-78f2fdb elementor-widget elementor-widget-text-editor\" data-id=\"78f2fdb\" data-element_type=\"widget\" data-e-type=\"widget\" tabindex=\"2\" data-widget_type=\"text-editor.default\">\n\t\t\t\t<div class=\"elementor-widget-container\">\n\t\t\t\t\t\t\t\t\t<p>Le Mus\u00e9e de la maison Rembrandt est le seul endroit au monde o\u00f9 vous pouvez d\u00e9couvrir comment vivait Rembrandt. Dans le cadre chaleureux du mus\u00e9e situ\u00e9 dans la Jodenbreestraat, vous apprendrez \u00e0 conna\u00eetre l&rsquo;homme derri\u00e8re son art. Laissez-vous inspirer par l&rsquo;homme, l&rsquo;artiste, sa ville et son \u00e9poque. Vous ne pouvez pas vous rapprocher davantage de Rembrandt.<\/p>\t\t\t\t\t\t\t\t<\/div>\n\t\t\t\t<\/div>\n\t\t\t\t<div class=\"elementor-element elementor-element-162b645 elementor-widget elementor-widget-text-editor\" data-id=\"162b645\" data-element_type=\"widget\" data-e-type=\"widget\" tabindex=\"3\" data-widget_type=\"text-editor.default\">\n\t\t\t\t<div class=\"elementor-widget-container\">\n\t\t\t\t\t\t\t\t\t<p><img fetchpriority=\"high\" decoding=\"async\" class=\"alignnone  wp-image-14365\" src=\"https:\/\/www.rembrandthuis.nl\/wp-content\/uploads\/2025\/07\/Gevel-AadHoogendornRembrandt-divers-88-300x200.jpg\" alt=\"\" width=\"461\" height=\"307\" srcset=\"https:\/\/www.rembrandthuis.nl\/wp-content\/uploads\/2025\/07\/Gevel-AadHoogendornRembrandt-divers-88-300x200.jpg 300w, https:\/\/www.rembrandthuis.nl\/wp-content\/uploads\/2025\/07\/Gevel-AadHoogendornRembrandt-divers-88-1024x683.jpg 1024w, https:\/\/www.rembrandthuis.nl\/wp-content\/uploads\/2025\/07\/Gevel-AadHoogendornRembrandt-divers-88-768x512.jpg 768w, https:\/\/www.rembrandthuis.nl\/wp-content\/uploads\/2025\/07\/Gevel-AadHoogendornRembrandt-divers-88-1536x1025.jpg 1536w, https:\/\/www.rembrandthuis.nl\/wp-content\/uploads\/2025\/07\/Gevel-AadHoogendornRembrandt-divers-88-2048x1366.jpg 2048w\" sizes=\"(max-width: 461px) 100vw, 461px\" \/><\/p>\n<p>Le 18 mars 2023, le mus\u00e9e a rouvert ses portes avec 30 % d&rsquo;\u0153uvres de Rembrandt en plus. Cinq nouveaux espaces ont \u00e9t\u00e9 ajout\u00e9s, dont une salle \u00e9pilogue, un grenier d\u00e9di\u00e9 \u00e0 la gravure et une troisi\u00e8me salle d&rsquo;exposition. La nouvelle visite multim\u00e9dia donne v\u00e9ritablement vie \u00e0 la maison de Rembrandt et au XVIIe si\u00e8cle. Vous suivrez l&rsquo;histoire de la vie de Rembrandt, depuis son arriv\u00e9e en tant qu&rsquo;artiste c\u00e9l\u00e8bre et ambitieux jusqu&rsquo;\u00e0 son d\u00e9part forc\u00e9 en raison d&rsquo;une accumulation de dettes. De plus, des d\u00e9monstrations quotidiennes de gravure et de peinture sont organis\u00e9es dans le mus\u00e9e. \u00c0 l&rsquo;endroit m\u00eame o\u00f9 Rembrandt a cr\u00e9\u00e9 ses chefs-d&rsquo;\u0153uvre, dans son atelier, vous d\u00e9couvrirez comment il fabriquait sa peinture. Dans le nouveau grenier d\u00e9di\u00e9 \u00e0 la gravure, vous en apprendrez davantage sur les techniques de gravure de Rembrandt. C&rsquo;est comme si vous regardiez par-dessus l&rsquo;\u00e9paule de l&rsquo;artiste.<\/p>\n<p><a role=\"link\" href=\"https:\/\/www.rembrandthuis.nl\/fr\/a-voir-et-a-faire\/expositions-et-activites\/expositions\/\"><span class=\"NormalTextRun SCXW18965948 BCX0\" data-ccp-charstyle=\"Strong\">Programmes au mus\u00e9e<\/span><\/a><\/p>\t\t\t\t\t\t\t\t<\/div>\n\t\t\t\t<\/div>\n\t\t\t\t<div class=\"elementor-element elementor-element-4c10e10 elementor-widget elementor-widget-heading\" data-id=\"4c10e10\" data-element_type=\"widget\" data-e-type=\"widget\" data-widget_type=\"heading.default\">\n\t\t\t\t<div class=\"elementor-widget-container\">\n\t\t\t\t\t<h2 class=\"elementor-heading-title elementor-size-default\">Vous avez perdu quelque chose au Mus\u00e9e de la maison Rembrandt?<\/h2>\t\t\t\t<\/div>\n\t\t\t\t<\/div>\n\t\t\t\t<div class=\"elementor-element elementor-element-c8d96a2 elementor-widget elementor-widget-image\" data-id=\"c8d96a2\" data-element_type=\"widget\" data-e-type=\"widget\" data-widget_type=\"image.default\">\n\t\t\t\t<div class=\"elementor-widget-container\">\n\t\t\t\t\t\t\t\t\t\t\t\t\t\t\t\t<a href=\"https:\/\/ilost.co\/org\/het-rembrandthuis\" target=\"_blank\" rel=\"noopener\">\n\t\t\t\t\t\t\t<img decoding=\"async\" width=\"174\" height=\"68\" src=\"https:\/\/www.rembrandthuis.nl\/wp-content\/uploads\/2023\/02\/ilostfound.png\" class=\"attachment-large size-large wp-image-11776\" alt=\"\" \/>\t\t\t\t\t\t\t\t<\/a>\n\t\t\t\t\t\t\t\t\t\t\t\t\t\t\t<\/div>\n\t\t\t\t<\/div>\n\t\t\t\t\t<\/div>\n\t\t<\/div>\n\t\t\t\t<div class=\"elementor-column elementor-col-50 elementor-inner-column elementor-element elementor-element-3b0c571\" data-id=\"3b0c571\" data-element_type=\"column\" data-e-type=\"column\">\n\t\t\t<div class=\"elementor-widget-wrap\">\n\t\t\t\t\t\t\t<\/div>\n\t\t<\/div>\n\t\t\t\t\t<\/div>\n\t\t<\/section>\n\t\t\t\t\t<\/div>\n\t\t<\/div>\n\t\t\t\t\t<\/div>\n\t\t<\/section>\n\t\t\t\t<\/div>\n\t\t<div id=\"nb-footnote-inline\"><\/div>","protected":false},"excerpt":{"rendered":"<p>Le Mus\u00e9e de la maison Rembrandt est le seul endroit au monde o\u00f9 vous pouvez d\u00e9couvrir comment vivait Rembrandt. Dans le cadre chaleureux du mus\u00e9e situ\u00e9 dans la Jodenbreestraat, vous apprendrez \u00e0 conna\u00eetre l&rsquo;homme derri\u00e8re son art. Laissez-vous inspirer par l&rsquo;homme, l&rsquo;artiste, sa ville et son \u00e9poque. Vous ne pouvez pas vous rapprocher davantage de [&hellip;]<\/p>\n","protected":false},"author":5,"featured_media":12326,"parent":14423,"menu_order":1,"comment_status":"closed","ping_status":"closed","template":"","meta":{"_acf_changed":false,"footnotes":""},"class_list":["post-14457","page","type-page","status-publish","has-post-thumbnail","hentry"],"acf":[],"_links":{"self":[{"href":"https:\/\/www.rembrandthuis.nl\/fr\/wp-json\/wp\/v2\/pages\/14457","targetHints":{"allow":["GET"]}}],"collection":[{"href":"https:\/\/www.rembrandthuis.nl\/fr\/wp-json\/wp\/v2\/pages"}],"about":[{"href":"https:\/\/www.rembrandthuis.nl\/fr\/wp-json\/wp\/v2\/types\/page"}],"author":[{"embeddable":true,"href":"https:\/\/www.rembrandthuis.nl\/fr\/wp-json\/wp\/v2\/users\/5"}],"replies":[{"embeddable":true,"href":"https:\/\/www.rembrandthuis.nl\/fr\/wp-json\/wp\/v2\/comments?post=14457"}],"version-history":[{"count":10,"href":"https:\/\/www.rembrandthuis.nl\/fr\/wp-json\/wp\/v2\/pages\/14457\/revisions"}],"predecessor-version":[{"id":16145,"href":"https:\/\/www.rembrandthuis.nl\/fr\/wp-json\/wp\/v2\/pages\/14457\/revisions\/16145"}],"up":[{"embeddable":true,"href":"https:\/\/www.rembrandthuis.nl\/fr\/wp-json\/wp\/v2\/pages\/14423"}],"wp:featuredmedia":[{"embeddable":true,"href":"https:\/\/www.rembrandthuis.nl\/fr\/wp-json\/wp\/v2\/media\/12326"}],"wp:attachment":[{"href":"https:\/\/www.rembrandthuis.nl\/fr\/wp-json\/wp\/v2\/media?parent=14457"}],"curies":[{"name":"wp","href":"https:\/\/api.w.org\/{rel}","templated":true}]}}