{"id":12324,"date":"2023-01-09T13:02:35","date_gmt":"2023-01-09T12:02:35","guid":{"rendered":"https:\/\/www.rembrandthuis.nl\/te-doen\/tentoonstellingen-en-activiteiten\/"},"modified":"2025-10-23T10:15:08","modified_gmt":"2025-10-23T08:15:08","slug":"expositions-et-activites","status":"publish","type":"page","link":"https:\/\/www.rembrandthuis.nl\/fr\/a-voir-et-a-faire\/expositions-et-activites\/","title":{"rendered":"Expositions et activit\u00e9s"},"content":{"rendered":"\t\t<div data-elementor-type=\"wp-page\" data-elementor-id=\"12324\" class=\"elementor elementor-12324 elementor-12\" data-elementor-post-type=\"page\">\n\t\t\t\t\t\t<main class=\"elementor-section elementor-top-section elementor-element elementor-element-c227ae0 elementor-section-full_width elementor-section-height-default elementor-section-height-default\" data-id=\"c227ae0\" data-element_type=\"section\" data-settings=\"{&quot;background_background&quot;:&quot;classic&quot;}\">\n\t\t\t\t\t\t<div class=\"elementor-container elementor-column-gap-no\">\n\t\t\t\t\t<div class=\"elementor-column elementor-col-100 elementor-top-column elementor-element elementor-element-56f81d1\" data-id=\"56f81d1\" data-element_type=\"column\" data-settings=\"{&quot;background_background&quot;:&quot;classic&quot;}\">\n\t\t\t<div class=\"elementor-widget-wrap elementor-element-populated\">\n\t\t\t\t\t\t<section class=\"elementor-section elementor-inner-section elementor-element elementor-element-22944b6 elementor-section-full_width elementor-section-height-min-height elementor-section-content-top elementor-section-height-default\" data-id=\"22944b6\" data-element_type=\"section\" id=\"content\">\n\t\t\t\t\t\t<div class=\"elementor-container elementor-column-gap-no\">\n\t\t\t\t\t<div class=\"elementor-column elementor-col-50 elementor-inner-column elementor-element elementor-element-7e9e061\" data-id=\"7e9e061\" data-element_type=\"column\">\n\t\t\t<div class=\"elementor-widget-wrap elementor-element-populated\">\n\t\t\t\t\t\t<div class=\"elementor-element elementor-element-d9c1a30 elementor-widget elementor-widget-heading\" data-id=\"d9c1a30\" data-element_type=\"widget\" data-widget_type=\"heading.default\">\n\t\t\t\t<div class=\"elementor-widget-container\">\n\t\t\t\t\t<span class=\"elementor-heading-title elementor-size-default\"><nav aria-label=\"breadcrumbs\" class=\"rank-math-breadcrumb\"><p><span class=\"last\">Home<\/span><\/p><\/nav><\/span>\t\t\t\t<\/div>\n\t\t\t\t<\/div>\n\t\t\t\t<div class=\"elementor-element elementor-element-36aa892 elementor-widget elementor-widget-heading\" data-id=\"36aa892\" data-element_type=\"widget\" data-widget_type=\"heading.default\">\n\t\t\t\t<div class=\"elementor-widget-container\">\n\t\t\t\t\t<h1 class=\"elementor-heading-title elementor-size-default\">Expositions et activit\u00e9s<\/h1>\t\t\t\t<\/div>\n\t\t\t\t<\/div>\n\t\t\t\t<div class=\"elementor-element elementor-element-60b4621 elementor-widget elementor-widget-text-editor\" data-id=\"60b4621\" data-element_type=\"widget\" data-widget_type=\"text-editor.default\">\n\t\t\t\t<div class=\"elementor-widget-container\">\n\t\t\t\t\t\t\t\t\t<div>\n<div>\n<h2 style=\"font-size: 32px; line-height: 36px;\">Bienvenue au Mus\u00e9e de la Maison Rembrandt<\/h2>\n<\/div>\n<\/div>\n<div>\n<div>\n<p><span class=\"dik\">Mus\u00e9e de la Maison Rembrandt est le seul endroit au monde o\u00f9 vous pouvez d\u00e9couvrir bri\u00e8vement comment Rembrandt a v\u00e9cu. Dans le cadre chaleureux du mus\u00e9e situ\u00e9 dans la Jodenbreestraat, vous apprendrez \u00e0 conna\u00eetre l&rsquo;homme qui se cache derri\u00e8re l&rsquo;art. Laissez-vous inspirer par son \u0153uvre et l&rsquo;histoire de sa vie. Au Mus\u00e9e de la Maison Rembrandt, vous vous rapprocherez de Rembrandt.<\/span><\/p>\n<\/div>\n<\/div>\t\t\t\t\t\t\t\t<\/div>\n\t\t\t\t<\/div>\n\t\t\t\t<div class=\"elementor-element elementor-element-5c7b976 elementor-widget elementor-widget-spacer\" data-id=\"5c7b976\" data-element_type=\"widget\" data-widget_type=\"spacer.default\">\n\t\t\t\t<div class=\"elementor-widget-container\">\n\t\t\t\t\t\t\t<div class=\"elementor-spacer\">\n\t\t\t<div class=\"elementor-spacer-inner\"><\/div>\n\t\t<\/div>\n\t\t\t\t\t\t<\/div>\n\t\t\t\t<\/div>\n\t\t\t\t\t<\/div>\n\t\t<\/div>\n\t\t\t\t<div class=\"elementor-column elementor-col-50 elementor-inner-column elementor-element elementor-element-d100a7d\" data-id=\"d100a7d\" data-element_type=\"column\">\n\t\t\t<div class=\"elementor-widget-wrap elementor-element-populated\">\n\t\t\t\t\t\t<div class=\"elementor-element elementor-element-b63d409 elementor-grid-2 elementor-posts--thumbnail-top elementor-grid-tablet-2 elementor-grid-mobile-1 elementor-widget elementor-widget-posts\" data-id=\"b63d409\" data-element_type=\"widget\" data-settings=\"{&quot;custom_columns&quot;:&quot;2&quot;,&quot;custom_columns_tablet&quot;:&quot;2&quot;,&quot;custom_columns_mobile&quot;:&quot;1&quot;,&quot;custom_row_gap&quot;:{&quot;unit&quot;:&quot;px&quot;,&quot;size&quot;:35,&quot;sizes&quot;:[]},&quot;custom_row_gap_tablet&quot;:{&quot;unit&quot;:&quot;px&quot;,&quot;size&quot;:&quot;&quot;,&quot;sizes&quot;:[]},&quot;custom_row_gap_mobile&quot;:{&quot;unit&quot;:&quot;px&quot;,&quot;size&quot;:&quot;&quot;,&quot;sizes&quot;:[]}}\" data-widget_type=\"posts.custom\">\n\t\t\t\t<div class=\"elementor-widget-container\">\n\t\t\t\t\t      <div class=\"ecs-posts elementor-posts-container elementor-posts   elementor-grid elementor-posts--skin-custom\" data-settings=\"{&quot;current_page&quot;:1,&quot;max_num_pages&quot;:1,&quot;load_method&quot;:&quot;&quot;,&quot;widget_id&quot;:&quot;b63d409&quot;,&quot;post_id&quot;:12324,&quot;theme_id&quot;:12324,&quot;change_url&quot;:false,&quot;reinit_js&quot;:false}\">\n      \t\t<article id=\"post-12333\" class=\"elementor-post elementor-grid-item ecs-post-loop post-12333 page type-page status-publish has-post-thumbnail hentry\">\n\t\t<div class=\"ecs-link-wrapper\" data-href=\"https:\/\/www.rembrandthuis.nl\/fr\/a-voir-et-a-faire\/expositions-et-activites\/expositions\/\"   >\t\t<div data-elementor-type=\"loop\" data-elementor-id=\"14430\" class=\"elementor elementor-14430 elementor-13290 elementor-4016 post-12333 page type-page status-publish has-post-thumbnail hentry\" data-elementor-post-type=\"elementor_library\">\n\t\t\t\t\t<section class=\"elementor-section elementor-top-section elementor-element elementor-element-328af72d elementor-section-full_width elementor-section-height-default elementor-section-height-default\" data-id=\"328af72d\" data-element_type=\"section\">\n\t\t\t\t\t\t<div class=\"elementor-container elementor-column-gap-default\">\n\t\t\t\t\t<div class=\"elementor-column elementor-col-100 elementor-top-column elementor-element elementor-element-5c255e04\" data-id=\"5c255e04\" data-element_type=\"column\">\n\t\t\t<div class=\"elementor-widget-wrap elementor-element-populated\">\n\t\t\t\t\t\t<div class=\"elementor-element elementor-element-4eebc100 e-transform elementor-widget elementor-widget-image\" data-id=\"4eebc100\" data-element_type=\"widget\" data-settings=\"{&quot;_transform_scale_effect_hover&quot;:{&quot;unit&quot;:&quot;px&quot;,&quot;size&quot;:1.05,&quot;sizes&quot;:[]},&quot;_transform_scale_effect_hover_tablet&quot;:{&quot;unit&quot;:&quot;px&quot;,&quot;size&quot;:&quot;&quot;,&quot;sizes&quot;:[]},&quot;_transform_scale_effect_hover_mobile&quot;:{&quot;unit&quot;:&quot;px&quot;,&quot;size&quot;:&quot;&quot;,&quot;sizes&quot;:[]}}\" data-widget_type=\"image.default\">\n\t\t\t\t<div class=\"elementor-widget-container\">\n\t\t\t\t\t\t\t\t\t\t\t\t\t\t\t<img fetchpriority=\"high\" decoding=\"async\" width=\"1024\" height=\"1024\" src=\"https:\/\/www.rembrandthuis.nl\/wp-content\/uploads\/2023\/06\/Rebrandthuis_12-scaled-e1693830808217-1024x1024.jpg\" class=\"attachment-large size-large wp-image-12335\" alt=\"\" srcset=\"https:\/\/www.rembrandthuis.nl\/wp-content\/uploads\/2023\/06\/Rebrandthuis_12-scaled-e1693830808217-1024x1024.jpg 1024w, https:\/\/www.rembrandthuis.nl\/wp-content\/uploads\/2023\/06\/Rebrandthuis_12-scaled-e1693830808217-300x300.jpg 300w, https:\/\/www.rembrandthuis.nl\/wp-content\/uploads\/2023\/06\/Rebrandthuis_12-scaled-e1693830808217-150x150.jpg 150w, https:\/\/www.rembrandthuis.nl\/wp-content\/uploads\/2023\/06\/Rebrandthuis_12-scaled-e1693830808217-768x768.jpg 768w, https:\/\/www.rembrandthuis.nl\/wp-content\/uploads\/2023\/06\/Rebrandthuis_12-scaled-e1693830808217-700x700.jpg 700w, https:\/\/www.rembrandthuis.nl\/wp-content\/uploads\/2023\/06\/Rebrandthuis_12-scaled-e1693830808217.jpg 1420w\" sizes=\"(max-width: 1024px) 100vw, 1024px\" \/>\t\t\t\t\t\t\t\t\t\t\t\t\t\t\t<\/div>\n\t\t\t\t<\/div>\n\t\t\t\t<div class=\"elementor-element elementor-element-77dbb52 elementor-widget elementor-widget-spacer\" data-id=\"77dbb52\" data-element_type=\"widget\" data-widget_type=\"spacer.default\">\n\t\t\t\t<div class=\"elementor-widget-container\">\n\t\t\t\t\t\t\t<div class=\"elementor-spacer\">\n\t\t\t<div class=\"elementor-spacer-inner\"><\/div>\n\t\t<\/div>\n\t\t\t\t\t\t<\/div>\n\t\t\t\t<\/div>\n\t\t\t\t<div class=\"elementor-element elementor-element-24376007 elementor-widget elementor-widget-heading\" data-id=\"24376007\" data-element_type=\"widget\" aria-label=\"title\" data-widget_type=\"heading.default\">\n\t\t\t\t<div class=\"elementor-widget-container\">\n\t\t\t\t\t<div class=\"elementor-heading-title elementor-size-default\">Expositions<\/div>\t\t\t\t<\/div>\n\t\t\t\t<\/div>\n\t\t\t\t\t<\/div>\n\t\t<\/div>\n\t\t\t\t\t<\/div>\n\t\t<\/section>\n\t\t\t\t<\/div>\n\t\t<\/div>\t\t<\/article>\n\t\t\t\t<\/div>\n\t\t\t\t\t\t<\/div>\n\t\t\t\t<\/div>\n\t\t\t\t\t<\/div>\n\t\t<\/div>\n\t\t\t\t\t<\/div>\n\t\t<\/section>\n\t\t\t\t\t<\/div>\n\t\t<\/div>\n\t\t\t\t\t<\/div>\n\t\t<\/main>\n\t\t\t\t<\/div>\n\t\t<div id=\"nb-footnote-inline\"><\/div>","protected":false},"excerpt":{"rendered":"<p>Bienvenue au Mus\u00e9e de la Maison Rembrandt Mus\u00e9e de la Maison Rembrandt est le seul endroit au monde o\u00f9 vous pouvez d\u00e9couvrir bri\u00e8vement comment Rembrandt a v\u00e9cu. Dans le cadre chaleureux du mus\u00e9e situ\u00e9 dans la Jodenbreestraat, vous apprendrez \u00e0 conna\u00eetre l&rsquo;homme qui se cache derri\u00e8re l&rsquo;art. Laissez-vous inspirer par son \u0153uvre et l&rsquo;histoire de [&hellip;]<\/p>\n","protected":false},"author":1,"featured_media":12326,"parent":12315,"menu_order":1,"comment_status":"closed","ping_status":"closed","template":"elementor_header_footer","meta":{"_acf_changed":false,"footnotes":""},"class_list":["post-12324","page","type-page","status-publish","has-post-thumbnail","hentry"],"acf":[],"_links":{"self":[{"href":"https:\/\/www.rembrandthuis.nl\/fr\/wp-json\/wp\/v2\/pages\/12324","targetHints":{"allow":["GET"]}}],"collection":[{"href":"https:\/\/www.rembrandthuis.nl\/fr\/wp-json\/wp\/v2\/pages"}],"about":[{"href":"https:\/\/www.rembrandthuis.nl\/fr\/wp-json\/wp\/v2\/types\/page"}],"author":[{"embeddable":true,"href":"https:\/\/www.rembrandthuis.nl\/fr\/wp-json\/wp\/v2\/users\/1"}],"replies":[{"embeddable":true,"href":"https:\/\/www.rembrandthuis.nl\/fr\/wp-json\/wp\/v2\/comments?post=12324"}],"version-history":[{"count":11,"href":"https:\/\/www.rembrandthuis.nl\/fr\/wp-json\/wp\/v2\/pages\/12324\/revisions"}],"predecessor-version":[{"id":16148,"href":"https:\/\/www.rembrandthuis.nl\/fr\/wp-json\/wp\/v2\/pages\/12324\/revisions\/16148"}],"up":[{"embeddable":true,"href":"https:\/\/www.rembrandthuis.nl\/fr\/wp-json\/wp\/v2\/pages\/12315"}],"wp:featuredmedia":[{"embeddable":true,"href":"https:\/\/www.rembrandthuis.nl\/fr\/wp-json\/wp\/v2\/media\/12326"}],"wp:attachment":[{"href":"https:\/\/www.rembrandthuis.nl\/fr\/wp-json\/wp\/v2\/media?parent=12324"}],"curies":[{"name":"wp","href":"https:\/\/api.w.org\/{rel}","templated":true}]}}