{"id":11823,"date":"2023-01-09T13:02:35","date_gmt":"2023-01-09T12:02:35","guid":{"rendered":"https:\/\/www.rembrandthuis.nl\/?page_id=11823"},"modified":"2025-05-08T09:28:06","modified_gmt":"2025-05-08T07:28:06","slug":"voyages-et-commerces","status":"publish","type":"page","link":"https:\/\/www.rembrandthuis.nl\/fr\/planifiez-votre-visite\/voyages-et-commerces\/","title":{"rendered":"Voyages et Commerces"},"content":{"rendered":"\t\t<div data-elementor-type=\"wp-page\" data-elementor-id=\"11823\" class=\"elementor elementor-11823 elementor-18\" data-elementor-post-type=\"page\">\n\t\t\t\t\t\t<section class=\"elementor-section elementor-top-section elementor-element elementor-element-1acc022b elementor-section-full_width elementor-section-height-default elementor-section-height-default\" data-id=\"1acc022b\" data-element_type=\"section\" data-e-type=\"section\" data-settings=\"{&quot;background_background&quot;:&quot;classic&quot;}\">\n\t\t\t\t\t\t<div class=\"elementor-container elementor-column-gap-no\">\n\t\t\t\t\t<div class=\"elementor-column elementor-col-100 elementor-top-column elementor-element elementor-element-64d7bcc\" data-id=\"64d7bcc\" data-element_type=\"column\" data-e-type=\"column\">\n\t\t\t<div class=\"elementor-widget-wrap elementor-element-populated\">\n\t\t\t\t\t\t<section class=\"elementor-section elementor-inner-section elementor-element elementor-element-20d60744 elementor-section-full_width elementor-section-height-min-height elementor-section-height-default\" data-id=\"20d60744\" data-element_type=\"section\" data-e-type=\"section\">\n\t\t\t\t\t\t<div class=\"elementor-container elementor-column-gap-no\">\n\t\t\t\t\t<div class=\"elementor-column elementor-col-50 elementor-inner-column elementor-element elementor-element-6eee93c\" data-id=\"6eee93c\" data-element_type=\"column\" data-e-type=\"column\" id=\"content\" data-settings=\"{&quot;background_background&quot;:&quot;classic&quot;}\">\n\t\t\t<div class=\"elementor-widget-wrap elementor-element-populated\">\n\t\t\t\t\t\t<div class=\"elementor-element elementor-element-21c1089b elementor-widget elementor-widget-heading\" data-id=\"21c1089b\" data-element_type=\"widget\" data-e-type=\"widget\" data-widget_type=\"heading.default\">\n\t\t\t\t<div class=\"elementor-widget-container\">\n\t\t\t\t\t<span class=\"elementor-heading-title elementor-size-default\"><nav aria-label=\"breadcrumbs\" class=\"rank-math-breadcrumb\"><p><span class=\"last\">Home<\/span><\/p><\/nav><\/span>\t\t\t\t<\/div>\n\t\t\t\t<\/div>\n\t\t\t\t<div class=\"elementor-element elementor-element-6673eaca elementor-widget elementor-widget-heading\" data-id=\"6673eaca\" data-element_type=\"widget\" data-e-type=\"widget\" data-widget_type=\"heading.default\">\n\t\t\t\t<div class=\"elementor-widget-container\">\n\t\t\t\t\t<h1 class=\"elementor-heading-title elementor-size-default\">Voyages et Commerces<\/h1>\t\t\t\t<\/div>\n\t\t\t\t<\/div>\n\t\t\t\t<div class=\"elementor-element elementor-element-7d1257e3 elementor-widget elementor-widget-text-editor\" data-id=\"7d1257e3\" data-element_type=\"widget\" data-e-type=\"widget\" data-widget_type=\"text-editor.default\">\n\t\t\t\t<div class=\"elementor-widget-container\">\n\t\t\t\t\t\t\t\t\t<p><strong><span class=\"TextRun SCXW3153450 BCX0\" lang=\"NL-NL\" xml:lang=\"NL-NL\" data-contrast=\"none\"><span class=\"NormalTextRun SCXW3153450 BCX0\">Le <\/span><span class=\"NormalTextRun SpellingErrorV2Themed SCXW3153450 BCX0\">Mus\u00e9e<\/span><span class=\"NormalTextRun SCXW3153450 BCX0\"> Rembrandthuis <\/span><span class=\"NormalTextRun SpellingErrorV2Themed SCXW3153450 BCX0\">collabore<\/span> <span class=\"NormalTextRun SpellingErrorV2Themed SCXW3153450 BCX0\">depuis<\/span><span class=\"NormalTextRun SCXW3153450 BCX0\"> de <\/span><span class=\"NormalTextRun SpellingErrorV2Themed SCXW3153450 BCX0\">nombreuses<\/span> <span class=\"NormalTextRun SpellingErrorV2Themed SCXW3153450 BCX0\">ann\u00e9es<\/span> <span class=\"NormalTextRun SpellingErrorV2Themed SCXW3153450 BCX0\">avec<\/span> <span class=\"NormalTextRun SpellingErrorV2Themed SCXW3153450 BCX0\">un<\/span><span class=\"NormalTextRun SCXW3153450 BCX0\"> grand <\/span><span class=\"NormalTextRun SpellingErrorV2Themed SCXW3153450 BCX0\">nombre<\/span><span class=\"NormalTextRun SCXW3153450 BCX0\"> de <\/span><span class=\"NormalTextRun SpellingErrorV2Themed SCXW3153450 BCX0\">partenaires<\/span><span class=\"NormalTextRun SCXW3153450 BCX0\"> dans <\/span><span class=\"NormalTextRun SpellingErrorV2Themed SCXW3153450 BCX0\">le<\/span> <span class=\"NormalTextRun SpellingErrorV2Themed SCXW3153450 BCX0\">secteur<\/span><span class=\"NormalTextRun SCXW3153450 BCX0\"> du <\/span><span class=\"NormalTextRun SpellingErrorV2Themed SCXW3153450 BCX0\">voyage<\/span><span class=\"NormalTextRun SCXW3153450 BCX0\">, <\/span><span class=\"NormalTextRun SpellingErrorV2Themed SCXW3153450 BCX0\">tels<\/span><span class=\"NormalTextRun SCXW3153450 BCX0\"> que des <\/span><span class=\"NormalTextRun SpellingErrorV2Themed SCXW3153450 BCX0\">voyagistes<\/span><span class=\"NormalTextRun SCXW3153450 BCX0\"> et des <\/span><span class=\"NormalTextRun SpellingErrorV2Themed SCXW3153450 BCX0\">revendeurs<\/span><span class=\"NormalTextRun SCXW3153450 BCX0\">. Ensemble, <\/span><span class=\"NormalTextRun SpellingErrorV2Themed SCXW3153450 BCX0\">nous<\/span> <span class=\"NormalTextRun SpellingErrorV2Themed SCXW3153450 BCX0\">examinons<\/span> <span class=\"NormalTextRun SpellingErrorV2Themed SCXW3153450 BCX0\">activement<\/span> <span class=\"NormalTextRun SpellingErrorV2Themed SCXW3153450 BCX0\">comment<\/span> <span class=\"NormalTextRun SpellingErrorV2Themed SCXW3153450 BCX0\">le<\/span> <span class=\"NormalTextRun SpellingErrorV2Themed SCXW3153450 BCX0\">Mus\u00e9e<\/span><span class=\"NormalTextRun SCXW3153450 BCX0\"> Rembrandthuis peut <\/span><span class=\"NormalTextRun SpellingErrorV2Themed SCXW3153450 BCX0\">s&rsquo;int\u00e9grer<\/span> <span class=\"NormalTextRun ContextualSpellingAndGrammarErrorV2Themed SCXW3153450 BCX0\">dans les<\/span> <span class=\"NormalTextRun SpellingErrorV2Themed SCXW3153450 BCX0\">programmes<\/span><span class=\"NormalTextRun SCXW3153450 BCX0\"> de <\/span><span class=\"NormalTextRun SpellingErrorV2Themed SCXW3153450 BCX0\">voyage<\/span><span class=\"NormalTextRun SCXW3153450 BCX0\"> et la <\/span><span class=\"NormalTextRun SpellingErrorV2Themed SCXW3153450 BCX0\">vente<\/span><span class=\"NormalTextRun SCXW3153450 BCX0\"> de <\/span><span class=\"NormalTextRun SpellingErrorV2Themed SCXW3153450 BCX0\">billets<\/span><span class=\"NormalTextRun SCXW3153450 BCX0\"> en <\/span><span class=\"NormalTextRun SpellingErrorV2Themed SCXW3153450 BCX0\">ligne<\/span><span class=\"NormalTextRun SCXW3153450 BCX0\">. Des <\/span><span class=\"NormalTextRun SpellingErrorV2Themed SCXW3153450 BCX0\">contrats<\/span><span class=\"NormalTextRun SCXW3153450 BCX0\"> ont <\/span><span class=\"NormalTextRun SpellingErrorV2Themed SCXW3153450 BCX0\">\u00e9t\u00e9<\/span> <span class=\"NormalTextRun SpellingErrorV2Themed SCXW3153450 BCX0\">conclus<\/span> <span class=\"NormalTextRun SpellingErrorV2Themed SCXW3153450 BCX0\">avec<\/span><span class=\"NormalTextRun SCXW3153450 BCX0\"> ces <\/span><span class=\"NormalTextRun SpellingErrorV2Themed SCXW3153450 BCX0\">partenaires<\/span><span class=\"NormalTextRun SCXW3153450 BCX0\">, leur <\/span><span class=\"NormalTextRun SpellingErrorV2Themed SCXW3153450 BCX0\">permettant<\/span><span class=\"NormalTextRun SCXW3153450 BCX0\"> de <\/span><span class=\"NormalTextRun SpellingErrorV2Themed SCXW3153450 BCX0\">r\u00e9server<\/span><span class=\"NormalTextRun SCXW3153450 BCX0\"> des visites de <\/span><span class=\"NormalTextRun SpellingErrorV2Themed SCXW3153450 BCX0\">groupe<\/span><span class=\"NormalTextRun SCXW3153450 BCX0\"> \u00e0 <\/span><span class=\"NormalTextRun SpellingErrorV2Themed SCXW3153450 BCX0\">un<\/span> <span class=\"NormalTextRun SpellingErrorV2Themed SCXW3153450 BCX0\">tarif<\/span> <span class=\"NormalTextRun SpellingErrorV2Themed SCXW3153450 BCX0\">avantageux<\/span><span class=\"NormalTextRun SCXW3153450 BCX0\">.<\/span><\/span><span class=\"EOP SCXW3153450 BCX0\" data-ccp-props=\"{&quot;134233117&quot;:true,&quot;134233118&quot;:true,&quot;335559685&quot;:708}\">\u00a0<\/span><\/strong><\/p>\t\t\t\t\t\t\t\t<\/div>\n\t\t\t\t<\/div>\n\t\t\t\t<div class=\"elementor-element elementor-element-df78c47 elementor-widget elementor-widget-text-editor\" data-id=\"df78c47\" data-element_type=\"widget\" data-e-type=\"widget\" data-widget_type=\"text-editor.default\">\n\t\t\t\t<div class=\"elementor-widget-container\">\n\t\t\t\t\t\t\t\t\t<p><b><span data-contrast=\"none\">Contrat Partenaire<\/span><\/b><span data-ccp-props=\"{&quot;134233117&quot;:true,&quot;134233118&quot;:true,&quot;335559685&quot;:708}\">\u00a0<\/span><\/p><ul><li data-leveltext=\"\uf0b7\" data-font=\"Symbol\" data-listid=\"13\" data-list-defn-props=\"{&quot;335552541&quot;:1,&quot;335559685&quot;:720,&quot;335559991&quot;:360,&quot;469769226&quot;:&quot;Symbol&quot;,&quot;469769242&quot;:[8226],&quot;469777803&quot;:&quot;left&quot;,&quot;469777804&quot;:&quot;\uf0b7&quot;,&quot;469777815&quot;:&quot;multilevel&quot;}\" aria-setsize=\"-1\" data-aria-posinset=\"1\" data-aria-level=\"1\"><span data-contrast=\"none\">Achats \u00e0 prix avantageux<\/span><span data-ccp-props=\"{&quot;134233117&quot;:true,&quot;134233118&quot;:true,&quot;335559685&quot;:1428,&quot;469777462&quot;:[720,1428],&quot;469777927&quot;:[0,0],&quot;469777928&quot;:[0,8]}\">\u00a0<\/span><\/li><\/ul><ul><li data-leveltext=\"\uf0b7\" data-font=\"Symbol\" data-listid=\"13\" data-list-defn-props=\"{&quot;335552541&quot;:1,&quot;335559685&quot;:720,&quot;335559991&quot;:360,&quot;469769226&quot;:&quot;Symbol&quot;,&quot;469769242&quot;:[8226],&quot;469777803&quot;:&quot;left&quot;,&quot;469777804&quot;:&quot;\uf0b7&quot;,&quot;469777815&quot;:&quot;multilevel&quot;}\" aria-setsize=\"-1\" data-aria-posinset=\"2\" data-aria-level=\"1\"><span data-contrast=\"none\">Facturation diff\u00e9r\u00e9e<\/span><span data-ccp-props=\"{&quot;134233117&quot;:true,&quot;134233118&quot;:true,&quot;335559685&quot;:1428,&quot;469777462&quot;:[720,1428],&quot;469777927&quot;:[0,0],&quot;469777928&quot;:[0,8]}\">\u00a0<\/span><\/li><\/ul><ul><li data-leveltext=\"\uf0b7\" data-font=\"Symbol\" data-listid=\"13\" data-list-defn-props=\"{&quot;335552541&quot;:1,&quot;335559685&quot;:720,&quot;335559991&quot;:360,&quot;469769226&quot;:&quot;Symbol&quot;,&quot;469769242&quot;:[8226],&quot;469777803&quot;:&quot;left&quot;,&quot;469777804&quot;:&quot;\uf0b7&quot;,&quot;469777815&quot;:&quot;multilevel&quot;}\" aria-setsize=\"-1\" data-aria-posinset=\"3\" data-aria-level=\"1\"><span data-contrast=\"none\">R\u00e9servation de visites de groupe \u00e0 une date et heure sp\u00e9cifiques<\/span><span data-ccp-props=\"{&quot;134233117&quot;:true,&quot;134233118&quot;:true,&quot;335559685&quot;:1428,&quot;469777462&quot;:[720,1428],&quot;469777927&quot;:[0,0],&quot;469777928&quot;:[0,8]}\">\u00a0<\/span><\/li><\/ul><ul><li data-leveltext=\"\uf0b7\" data-font=\"Symbol\" data-listid=\"13\" data-list-defn-props=\"{&quot;335552541&quot;:1,&quot;335559685&quot;:720,&quot;335559991&quot;:360,&quot;469769226&quot;:&quot;Symbol&quot;,&quot;469769242&quot;:[8226],&quot;469777803&quot;:&quot;left&quot;,&quot;469777804&quot;:&quot;\uf0b7&quot;,&quot;469777815&quot;:&quot;multilevel&quot;}\" aria-setsize=\"-1\" data-aria-posinset=\"4\" data-aria-level=\"1\"><span data-contrast=\"none\">R\u00e9servation d&rsquo;un guide<\/span><span data-ccp-props=\"{&quot;134233117&quot;:true,&quot;134233118&quot;:true,&quot;335559685&quot;:1428,&quot;469777462&quot;:[720,1428],&quot;469777927&quot;:[0,0],&quot;469777928&quot;:[0,8]}\">\u00a0<\/span><\/li><\/ul><p><span data-contrast=\"none\">Pour demander un contrat, veuillez contacter le service Marketing &amp; Ventes : <\/span><a href=\"mailto:sales@rembrandthuis.nl\"><span data-contrast=\"none\">sales@rembrandthuis.nl<\/span><\/a><span data-contrast=\"none\"> \/ +31(0)20 \u2013 520 0400<\/span><span data-ccp-props=\"{&quot;134233117&quot;:true,&quot;134233118&quot;:true,&quot;335559685&quot;:708}\">\u00a0<\/span><\/p>\t\t\t\t\t\t\t\t<\/div>\n\t\t\t\t<\/div>\n\t\t\t\t<div class=\"elementor-element elementor-element-4f5b589 elementor-widget elementor-widget-text-editor\" data-id=\"4f5b589\" data-element_type=\"widget\" data-e-type=\"widget\" data-widget_type=\"text-editor.default\">\n\t\t\t\t<div class=\"elementor-widget-container\">\n\t\t\t\t\t\t\t\t\t<p><b><span data-contrast=\"none\">R\u00e9servation pour les voyagistes<\/span><\/b><span data-ccp-props=\"{&quot;134233117&quot;:true,&quot;134233118&quot;:true,&quot;335559685&quot;:708}\">\u00a0<\/span><\/p>\n<p><span data-contrast=\"none\">Il est possible de faire des r\u00e9servations de groupe pour les voyagistes. Pour devenir partenaire de vignettes et b\u00e9n\u00e9ficier d\u2019un tarif avantageux pour les billets au Mus\u00e9e Rembrandthuis, vous pouvez envoyer une demande \u00e0 l&rsquo;adresse : <\/span><a href=\"mailto:groepsboekingen@rembrandthuis.nl\"><span data-contrast=\"none\">groepsboekingen@rembrandthuis.nl<\/span><\/a><span data-contrast=\"none\">. Les partenaires d\u00e9j\u00e0 inscrits peuvent faire une r\u00e9servation ici : R\u00e9server une visite de groupe \u2013 Rembrandthuis<\/span><span data-ccp-props=\"{&quot;134233117&quot;:true,&quot;134233118&quot;:true,&quot;335559685&quot;:708}\">\u00a0<\/span><\/p>\t\t\t\t\t\t\t\t<\/div>\n\t\t\t\t<\/div>\n\t\t\t\t<div class=\"elementor-element elementor-element-72f16c0 elementor-widget elementor-widget-text-editor\" data-id=\"72f16c0\" data-element_type=\"widget\" data-e-type=\"widget\" data-widget_type=\"text-editor.default\">\n\t\t\t\t<div class=\"elementor-widget-container\">\n\t\t\t\t\t\t\t\t\t<p><b><span data-contrast=\"none\">Revendeurs de billets<\/span><\/b><span data-ccp-props=\"{&quot;134233117&quot;:true,&quot;134233118&quot;:true,&quot;335559685&quot;:708}\">\u00a0<\/span><\/p><p><span data-contrast=\"none\">Le Mus\u00e9e Rembrandthuis propose \u00e9galement des opportunit\u00e9s de collaboration pour les revendeurs de billets. Pour plus d&rsquo;informations, vous pouvez contacter : <\/span><a href=\"mailto:sales@rembrandthuis.nl\"><span data-contrast=\"none\">sales@rembrandthuis.nl<\/span><\/a><span data-contrast=\"none\"> \/ +31(0)20 \u2013 520 0400<\/span><span data-ccp-props=\"{&quot;134233117&quot;:true,&quot;134233118&quot;:true,&quot;335559685&quot;:708}\">\u00a0<\/span><\/p>\t\t\t\t\t\t\t\t<\/div>\n\t\t\t\t<\/div>\n\t\t\t\t\t<\/div>\n\t\t<\/div>\n\t\t\t\t<div class=\"elementor-column elementor-col-50 elementor-inner-column elementor-element elementor-element-1230d86c\" data-id=\"1230d86c\" data-element_type=\"column\" data-e-type=\"column\">\n\t\t\t<div class=\"elementor-widget-wrap\">\n\t\t\t\t\t\t\t<\/div>\n\t\t<\/div>\n\t\t\t\t\t<\/div>\n\t\t<\/section>\n\t\t\t\t\t<\/div>\n\t\t<\/div>\n\t\t\t\t\t<\/div>\n\t\t<\/section>\n\t\t\t\t<\/div>\n\t\t<div id=\"nb-footnote-inline\"><\/div>","protected":false},"excerpt":{"rendered":"<p>Le Mus\u00e9e Rembrandthuis collabore depuis de nombreuses ann\u00e9es avec un grand nombre de partenaires dans le secteur du voyage, tels que des voyagistes et des revendeurs. Ensemble, nous examinons activement comment le Mus\u00e9e Rembrandthuis peut s&rsquo;int\u00e9grer dans les programmes de voyage et la vente de billets en ligne. Des contrats ont \u00e9t\u00e9 conclus avec ces [&hellip;]<\/p>\n","protected":false},"author":2,"featured_media":11825,"parent":11766,"menu_order":9,"comment_status":"closed","ping_status":"closed","template":"elementor_header_footer","meta":{"_acf_changed":false,"footnotes":""},"class_list":["post-11823","page","type-page","status-publish","has-post-thumbnail","hentry"],"acf":[],"_links":{"self":[{"href":"https:\/\/www.rembrandthuis.nl\/fr\/wp-json\/wp\/v2\/pages\/11823","targetHints":{"allow":["GET"]}}],"collection":[{"href":"https:\/\/www.rembrandthuis.nl\/fr\/wp-json\/wp\/v2\/pages"}],"about":[{"href":"https:\/\/www.rembrandthuis.nl\/fr\/wp-json\/wp\/v2\/types\/page"}],"author":[{"embeddable":true,"href":"https:\/\/www.rembrandthuis.nl\/fr\/wp-json\/wp\/v2\/users\/2"}],"replies":[{"embeddable":true,"href":"https:\/\/www.rembrandthuis.nl\/fr\/wp-json\/wp\/v2\/comments?post=11823"}],"version-history":[{"count":11,"href":"https:\/\/www.rembrandthuis.nl\/fr\/wp-json\/wp\/v2\/pages\/11823\/revisions"}],"predecessor-version":[{"id":12670,"href":"https:\/\/www.rembrandthuis.nl\/fr\/wp-json\/wp\/v2\/pages\/11823\/revisions\/12670"}],"up":[{"embeddable":true,"href":"https:\/\/www.rembrandthuis.nl\/fr\/wp-json\/wp\/v2\/pages\/11766"}],"wp:featuredmedia":[{"embeddable":true,"href":"https:\/\/www.rembrandthuis.nl\/fr\/wp-json\/wp\/v2\/media\/11825"}],"wp:attachment":[{"href":"https:\/\/www.rembrandthuis.nl\/fr\/wp-json\/wp\/v2\/media?parent=11823"}],"curies":[{"name":"wp","href":"https:\/\/api.w.org\/{rel}","templated":true}]}}