{"id":11808,"date":"2023-01-09T13:02:35","date_gmt":"2023-01-09T12:02:35","guid":{"rendered":"https:\/\/www.rembrandthuis.nl\/?page_id=11808"},"modified":"2026-01-16T11:37:08","modified_gmt":"2026-01-16T10:37:08","slug":"groupes","status":"publish","type":"page","link":"https:\/\/www.rembrandthuis.nl\/fr\/planifiez-votre-visite\/groupes\/","title":{"rendered":"Groupes"},"content":{"rendered":"\t\t<div data-elementor-type=\"wp-page\" data-elementor-id=\"11808\" class=\"elementor elementor-11808 elementor-17\" data-elementor-post-type=\"page\">\n\t\t\t\t\t\t<section class=\"elementor-section elementor-top-section elementor-element elementor-element-624e4cdc elementor-section-full_width elementor-section-height-default elementor-section-height-default\" data-id=\"624e4cdc\" data-element_type=\"section\" data-settings=\"{&quot;background_background&quot;:&quot;classic&quot;}\">\n\t\t\t\t\t\t<div class=\"elementor-container elementor-column-gap-no\">\n\t\t\t\t\t<div class=\"elementor-column elementor-col-100 elementor-top-column elementor-element elementor-element-32958167\" data-id=\"32958167\" data-element_type=\"column\">\n\t\t\t<div class=\"elementor-widget-wrap elementor-element-populated\">\n\t\t\t\t\t\t<section class=\"elementor-section elementor-inner-section elementor-element elementor-element-385d7a0c elementor-section-full_width elementor-section-height-min-height elementor-section-height-default\" data-id=\"385d7a0c\" data-element_type=\"section\">\n\t\t\t\t\t\t<div class=\"elementor-container elementor-column-gap-no\">\n\t\t\t\t\t<div class=\"elementor-column elementor-col-50 elementor-inner-column elementor-element elementor-element-7d3fe996\" data-id=\"7d3fe996\" data-element_type=\"column\" id=\"content\" data-settings=\"{&quot;background_background&quot;:&quot;classic&quot;}\">\n\t\t\t<div class=\"elementor-widget-wrap elementor-element-populated\">\n\t\t\t\t\t\t<div class=\"elementor-element elementor-element-610fb10c elementor-widget elementor-widget-heading\" data-id=\"610fb10c\" data-element_type=\"widget\" data-widget_type=\"heading.default\">\n\t\t\t\t<div class=\"elementor-widget-container\">\n\t\t\t\t\t<span class=\"elementor-heading-title elementor-size-default\"><nav aria-label=\"breadcrumbs\" class=\"rank-math-breadcrumb\"><p><span class=\"last\">Home<\/span><\/p><\/nav><\/span>\t\t\t\t<\/div>\n\t\t\t\t<\/div>\n\t\t\t\t<div class=\"elementor-element elementor-element-377a97e6 elementor-widget elementor-widget-heading\" data-id=\"377a97e6\" data-element_type=\"widget\" data-widget_type=\"heading.default\">\n\t\t\t\t<div class=\"elementor-widget-container\">\n\t\t\t\t\t<h1 class=\"elementor-heading-title elementor-size-default\">Groupes<\/h1>\t\t\t\t<\/div>\n\t\t\t\t<\/div>\n\t\t\t\t<div class=\"elementor-element elementor-element-506ffa75 elementor-widget elementor-widget-text-editor\" data-id=\"506ffa75\" data-element_type=\"widget\" data-widget_type=\"text-editor.default\">\n\t\t\t\t<div class=\"elementor-widget-container\">\n\t\t\t\t\t\t\t\t\t<p><span class=\"TextRun SCXW802029 BCX0\" lang=\"EN-US\" xml:lang=\"EN-US\" data-contrast=\"none\"><span class=\"NormalTextRun SpellingErrorV2Themed SCXW802029 BCX0\" data-ccp-parastyle=\"Normal (Web)\">Voici<\/span> <span class=\"NormalTextRun SpellingErrorV2Themed SCXW802029 BCX0\" data-ccp-parastyle=\"Normal (Web)\">l&rsquo;offre<\/span><span class=\"NormalTextRun SCXW802029 BCX0\" data-ccp-parastyle=\"Normal (Web)\"> pour les <\/span><span class=\"NormalTextRun SpellingErrorV2Themed SCXW802029 BCX0\" data-ccp-parastyle=\"Normal (Web)\">groupes<\/span> <span class=\"NormalTextRun SpellingErrorV2Themed SCXW802029 BCX0\" data-ccp-parastyle=\"Normal (Web)\">scolaires<\/span><span class=\"NormalTextRun SCXW802029 BCX0\" data-ccp-parastyle=\"Normal (Web)\"> et la <\/span><span class=\"NormalTextRun SpellingErrorV2Themed SCXW802029 BCX0\" data-ccp-parastyle=\"Normal (Web)\">possibilit\u00e9<\/span><span class=\"NormalTextRun SCXW802029 BCX0\" data-ccp-parastyle=\"Normal (Web)\"> de <\/span><span class=\"NormalTextRun SpellingErrorV2Themed SCXW802029 BCX0\" data-ccp-parastyle=\"Normal (Web)\">r\u00e9server<\/span> <span class=\"NormalTextRun SpellingErrorV2Themed SCXW802029 BCX0\" data-ccp-parastyle=\"Normal (Web)\">directement<\/span><span class=\"NormalTextRun SCXW802029 BCX0\" data-ccp-parastyle=\"Normal (Web)\">.<\/span><\/span><span class=\"EOP SCXW802029 BCX0\" data-ccp-props=\"{&quot;134233117&quot;:true,&quot;134233118&quot;:true,&quot;335559685&quot;:708}\">\u00a0<\/span><\/p>\t\t\t\t\t\t\t\t<\/div>\n\t\t\t\t<\/div>\n\t\t\t\t<div class=\"elementor-element elementor-element-ac9c212 elementor-widget elementor-widget-text-editor\" data-id=\"ac9c212\" data-element_type=\"widget\" data-widget_type=\"text-editor.default\">\n\t\t\t\t<div class=\"elementor-widget-container\">\n\t\t\t\t\t\t\t\t\t<p><b><span data-contrast=\"none\">R\u00e9servation pour les groupes (avec ou sans visite guid\u00e9e)<\/span><\/b><span data-ccp-props=\"{&quot;134233117&quot;:true,&quot;134233118&quot;:true,&quot;335559685&quot;:708}\">\u00a0<\/span><\/p>\n<p><span data-contrast=\"none\">Visitez le Mus\u00e9e Rembrandthuis en groupe, avec un maximum de 15 personnes, avec ou sans visite guid\u00e9e. Le prix d&rsquo;entr\u00e9e au mus\u00e9e est de \u20ac23,50 par personne, avec un accompagnateur gratuit pour le groupe.<\/span><span data-ccp-props=\"{&quot;134233117&quot;:true,&quot;134233118&quot;:true,&quot;335559685&quot;:708}\">\u00a0<\/span><\/p>\n<p><span data-contrast=\"none\">Le suppl\u00e9ment pour une visite guid\u00e9e est de \u20ac100 (TTC). Nous proposons des visites guid\u00e9es en n\u00e9erlandais, anglais, allemand, fran\u00e7ais et espagnol. <\/span><\/p>\n<p><a href=\"https:\/\/tickets.rembrandthuis.nl\/group\/groupbooking\" target=\"_blank\" rel=\"noopener\"><span data-contrast=\"none\">R\u00e9servez directement ici pour votre groupe.<\/span><span data-ccp-props=\"{&quot;134233117&quot;:true,&quot;134233118&quot;:true,&quot;335559685&quot;:708}\">\u00a0<\/span><\/a><\/p>\t\t\t\t\t\t\t\t<\/div>\n\t\t\t\t<\/div>\n\t\t\t\t\t<\/div>\n\t\t<\/div>\n\t\t\t\t<div class=\"elementor-column elementor-col-50 elementor-inner-column elementor-element elementor-element-2261dc99\" data-id=\"2261dc99\" data-element_type=\"column\">\n\t\t\t<div class=\"elementor-widget-wrap\">\n\t\t\t\t\t\t\t<\/div>\n\t\t<\/div>\n\t\t\t\t\t<\/div>\n\t\t<\/section>\n\t\t\t\t\t<\/div>\n\t\t<\/div>\n\t\t\t\t\t<\/div>\n\t\t<\/section>\n\t\t\t\t<\/div>\n\t\t<div id=\"nb-footnote-inline\"><\/div>","protected":false},"excerpt":{"rendered":"<p>Voici l&rsquo;offre pour les groupes scolaires et la possibilit\u00e9 de r\u00e9server directement.\u00a0 R\u00e9servation pour les groupes (avec ou sans visite guid\u00e9e)\u00a0 Visitez le Mus\u00e9e Rembrandthuis en groupe, avec un maximum de 15 personnes, avec ou sans visite guid\u00e9e. Le prix d&rsquo;entr\u00e9e au mus\u00e9e est de \u20ac23,50 par personne, avec un accompagnateur gratuit pour le groupe.\u00a0 [&hellip;]<\/p>\n","protected":false},"author":2,"featured_media":11811,"parent":11766,"menu_order":8,"comment_status":"closed","ping_status":"closed","template":"elementor_header_footer","meta":{"_acf_changed":false,"footnotes":""},"class_list":["post-11808","page","type-page","status-publish","has-post-thumbnail","hentry"],"acf":[],"_links":{"self":[{"href":"https:\/\/www.rembrandthuis.nl\/fr\/wp-json\/wp\/v2\/pages\/11808","targetHints":{"allow":["GET"]}}],"collection":[{"href":"https:\/\/www.rembrandthuis.nl\/fr\/wp-json\/wp\/v2\/pages"}],"about":[{"href":"https:\/\/www.rembrandthuis.nl\/fr\/wp-json\/wp\/v2\/types\/page"}],"author":[{"embeddable":true,"href":"https:\/\/www.rembrandthuis.nl\/fr\/wp-json\/wp\/v2\/users\/2"}],"replies":[{"embeddable":true,"href":"https:\/\/www.rembrandthuis.nl\/fr\/wp-json\/wp\/v2\/comments?post=11808"}],"version-history":[{"count":15,"href":"https:\/\/www.rembrandthuis.nl\/fr\/wp-json\/wp\/v2\/pages\/11808\/revisions"}],"predecessor-version":[{"id":17226,"href":"https:\/\/www.rembrandthuis.nl\/fr\/wp-json\/wp\/v2\/pages\/11808\/revisions\/17226"}],"up":[{"embeddable":true,"href":"https:\/\/www.rembrandthuis.nl\/fr\/wp-json\/wp\/v2\/pages\/11766"}],"wp:featuredmedia":[{"embeddable":true,"href":"https:\/\/www.rembrandthuis.nl\/fr\/wp-json\/wp\/v2\/media\/11811"}],"wp:attachment":[{"href":"https:\/\/www.rembrandthuis.nl\/fr\/wp-json\/wp\/v2\/media?parent=11808"}],"curies":[{"name":"wp","href":"https:\/\/api.w.org\/{rel}","templated":true}]}}