{"id":11793,"date":"2023-11-22T11:36:29","date_gmt":"2023-11-22T10:36:29","guid":{"rendered":"https:\/\/www.rembrandthuis.nl\/?page_id=11793"},"modified":"2025-06-02T13:45:35","modified_gmt":"2025-06-02T11:45:35","slug":"familles-et-enfants","status":"publish","type":"page","link":"https:\/\/www.rembrandthuis.nl\/fr\/planifiez-votre-visite\/familles-et-enfants\/","title":{"rendered":"Familles et enfants"},"content":{"rendered":"\t\t<div data-elementor-type=\"wp-page\" data-elementor-id=\"11793\" class=\"elementor elementor-11793 elementor-8812\" data-elementor-post-type=\"page\">\n\t\t\t\t\t\t<section class=\"elementor-section elementor-top-section elementor-element elementor-element-12880278 elementor-section-boxed elementor-section-height-default elementor-section-height-default\" data-id=\"12880278\" data-element_type=\"section\">\n\t\t\t\t\t\t<div class=\"elementor-container elementor-column-gap-default\">\n\t\t\t\t\t<div class=\"elementor-column elementor-col-100 elementor-top-column elementor-element elementor-element-5f63fac4\" data-id=\"5f63fac4\" data-element_type=\"column\">\n\t\t\t<div class=\"elementor-widget-wrap\">\n\t\t\t\t\t\t\t<\/div>\n\t\t<\/div>\n\t\t\t\t\t<\/div>\n\t\t<\/section>\n\t\t\t\t<section class=\"elementor-section elementor-top-section elementor-element elementor-element-8973621 elementor-section-full_width elementor-section-height-default elementor-section-height-default\" data-id=\"8973621\" data-element_type=\"section\" data-settings=\"{&quot;background_background&quot;:&quot;classic&quot;}\">\n\t\t\t\t\t\t<div class=\"elementor-container elementor-column-gap-no\">\n\t\t\t\t\t<div class=\"elementor-column elementor-col-100 elementor-top-column elementor-element elementor-element-5e99945\" data-id=\"5e99945\" data-element_type=\"column\">\n\t\t\t<div class=\"elementor-widget-wrap elementor-element-populated\">\n\t\t\t\t\t\t<section class=\"elementor-section elementor-inner-section elementor-element elementor-element-ba6b68d elementor-section-full_width elementor-section-height-min-height elementor-section-height-default\" data-id=\"ba6b68d\" data-element_type=\"section\">\n\t\t\t\t\t\t<div class=\"elementor-container elementor-column-gap-no\">\n\t\t\t\t\t<div class=\"elementor-column elementor-col-50 elementor-inner-column elementor-element elementor-element-c9db305\" data-id=\"c9db305\" data-element_type=\"column\" data-settings=\"{&quot;background_background&quot;:&quot;classic&quot;}\">\n\t\t\t<div class=\"elementor-widget-wrap elementor-element-populated\">\n\t\t\t\t\t\t<div class=\"elementor-element elementor-element-5c0fd65 elementor-widget elementor-widget-heading\" data-id=\"5c0fd65\" data-element_type=\"widget\" tabindex=\"-1\" data-widget_type=\"heading.default\">\n\t\t\t\t<div class=\"elementor-widget-container\">\n\t\t\t\t\t<span class=\"elementor-heading-title elementor-size-default\"><nav aria-label=\"breadcrumbs\" class=\"rank-math-breadcrumb\"><p><span class=\"last\">Home<\/span><\/p><\/nav><\/span>\t\t\t\t<\/div>\n\t\t\t\t<\/div>\n\t\t\t\t<div class=\"elementor-element elementor-element-5e03619 elementor-widget elementor-widget-heading\" data-id=\"5e03619\" data-element_type=\"widget\" tabindex=\"1\" data-widget_type=\"heading.default\">\n\t\t\t\t<div class=\"elementor-widget-container\">\n\t\t\t\t\t<h1 class=\"elementor-heading-title elementor-size-default\">Familles et enfants<\/h1>\t\t\t\t<\/div>\n\t\t\t\t<\/div>\n\t\t\t\t<div class=\"elementor-element elementor-element-4ae45ffc elementor-widget elementor-widget-text-editor\" data-id=\"4ae45ffc\" data-element_type=\"widget\" data-widget_type=\"text-editor.default\">\n\t\t\t\t<div class=\"elementor-widget-container\">\n\t\t\t\t\t\t\t\t\t<p><span class=\"TextRun SCXW91544225 BCX0\" lang=\"EN-US\" xml:lang=\"EN-US\" data-contrast=\"none\"><span class=\"NormalTextRun SCXW91544225 BCX0\" data-ccp-parastyle=\"Normal (Web)\">Avec les <\/span><span class=\"NormalTextRun SCXW91544225 BCX0\" data-ccp-parastyle=\"Normal (Web)\">d\u00e9monstrations<\/span> <span class=\"NormalTextRun SCXW91544225 BCX0\" data-ccp-parastyle=\"Normal (Web)\">quotidiennes<\/span><span class=\"NormalTextRun SCXW91544225 BCX0\" data-ccp-parastyle=\"Normal (Web)\"> de <\/span><span class=\"NormalTextRun SCXW91544225 BCX0\" data-ccp-parastyle=\"Normal (Web)\">peinture<\/span><span class=\"NormalTextRun SCXW91544225 BCX0\" data-ccp-parastyle=\"Normal (Web)\"> et de gravure, <\/span><span class=\"NormalTextRun SCXW91544225 BCX0\" data-ccp-parastyle=\"Normal (Web)\">ainsi<\/span><span class=\"NormalTextRun SCXW91544225 BCX0\" data-ccp-parastyle=\"Normal (Web)\"> que des <\/span><span class=\"NormalTextRun SCXW91544225 BCX0\" data-ccp-parastyle=\"Normal (Web)\">activit\u00e9s<\/span><span class=\"NormalTextRun SCXW91544225 BCX0\" data-ccp-parastyle=\"Normal (Web)\"> pratiques <\/span><span class=\"NormalTextRun SCXW91544225 BCX0\" data-ccp-parastyle=\"Normal (Web)\">comme<\/span><span class=\"NormalTextRun SCXW91544225 BCX0\" data-ccp-parastyle=\"Normal (Web)\"> des ateliers de dessin pendant les expositions, le <\/span><span class=\"NormalTextRun SCXW91544225 BCX0\" data-ccp-parastyle=\"Normal (Web)\">mus\u00e9e<\/span> <span class=\"NormalTextRun SCXW91544225 BCX0\" data-ccp-parastyle=\"Normal (Web)\">est<\/span> <span class=\"NormalTextRun SCXW91544225 BCX0\" data-ccp-parastyle=\"Normal (Web)\">une<\/span><span class=\"NormalTextRun SCXW91544225 BCX0\" data-ccp-parastyle=\"Normal (Web)\"> sortie <\/span><span class=\"NormalTextRun SCXW91544225 BCX0\" data-ccp-parastyle=\"Normal (Web)\">id\u00e9ale<\/span><span class=\"NormalTextRun SCXW91544225 BCX0\" data-ccp-parastyle=\"Normal (Web)\"> pour les <\/span><span class=\"NormalTextRun SCXW91544225 BCX0\" data-ccp-parastyle=\"Normal (Web)\">familles<\/span><span class=\"NormalTextRun SCXW91544225 BCX0\" data-ccp-parastyle=\"Normal (Web)\"> avec enfants.<\/span><\/span><span class=\"EOP SCXW91544225 BCX0\" data-ccp-props=\"{&quot;134233117&quot;:true,&quot;134233118&quot;:true,&quot;335559685&quot;:708}\">\u00a0<\/span><\/p>\n<p><strong><span class=\"TextRun SCXW48922356 BCX0\" lang=\"EN-US\" xml:lang=\"EN-US\" data-contrast=\"none\"><span class=\"NormalTextRun SpellingErrorV2Themed SCXW48922356 BCX0\" data-ccp-charstyle=\"Strong\">Partez<\/span><span class=\"NormalTextRun SCXW48922356 BCX0\" data-ccp-charstyle=\"Strong\"> \u00e0 <\/span><span class=\"NormalTextRun SpellingErrorV2Themed SCXW48922356 BCX0\" data-ccp-charstyle=\"Strong\">l\u2019aventure<\/span><span class=\"NormalTextRun SCXW48922356 BCX0\" data-ccp-charstyle=\"Strong\"> avec Kwast (\u00e0 <\/span><span class=\"NormalTextRun SpellingErrorV2Themed SCXW48922356 BCX0\" data-ccp-charstyle=\"Strong\">partir<\/span><span class=\"NormalTextRun SCXW48922356 BCX0\" data-ccp-charstyle=\"Strong\"> de 6 <\/span><span class=\"NormalTextRun SpellingErrorV2Themed SCXW48922356 BCX0\" data-ccp-charstyle=\"Strong\">ans<\/span><span class=\"NormalTextRun SCXW48922356 BCX0\" data-ccp-charstyle=\"Strong\">)<\/span><\/span><span class=\"EOP SCXW48922356 BCX0\" data-ccp-props=\"{&quot;134233117&quot;:true,&quot;134233118&quot;:true,&quot;335559685&quot;:708}\">\u00a0<\/span><\/strong><\/p>\n<p><img decoding=\"async\" class=\"alignleft\" src=\"https:\/\/www.rembrandthuis.nl\/wp-content\/uploads\/2023\/11\/Ontwerp-zonder-titel-10-e1701083306453-300x242.png\" alt=\"\" width=\"208\" height=\"168\" \/><span class=\"TextRun SCXW168901178 BCX0\" lang=\"EN-US\" xml:lang=\"EN-US\" data-contrast=\"none\"><span class=\"NormalTextRun SCXW168901178 BCX0\" data-ccp-parastyle=\"Normal (Web)\">Rembrandt <\/span><span class=\"NormalTextRun SpellingErrorV2Themed SCXW168901178 BCX0\" data-ccp-parastyle=\"Normal (Web)\">n\u2019\u00e9tait<\/span><span class=\"NormalTextRun SCXW168901178 BCX0\" data-ccp-parastyle=\"Normal (Web)\"> pas <\/span><span class=\"NormalTextRun SpellingErrorV2Themed SCXW168901178 BCX0\" data-ccp-parastyle=\"Normal (Web)\">seulement<\/span><span class=\"NormalTextRun SCXW168901178 BCX0\" data-ccp-parastyle=\"Normal (Web)\"> un excellent artiste, il <\/span><span class=\"NormalTextRun SpellingErrorV2Themed SCXW168901178 BCX0\" data-ccp-parastyle=\"Normal (Web)\">\u00e9tait<\/span> <span class=\"NormalTextRun SpellingErrorV2Themed SCXW168901178 BCX0\" data-ccp-parastyle=\"Normal (Web)\">aussi<\/span><span class=\"NormalTextRun SCXW168901178 BCX0\" data-ccp-parastyle=\"Normal (Web)\"> un grand <\/span><span class=\"NormalTextRun SpellingErrorV2Themed SCXW168901178 BCX0\" data-ccp-parastyle=\"Normal (Web)\">ami<\/span><span class=\"NormalTextRun SCXW168901178 BCX0\" data-ccp-parastyle=\"Normal (Web)\"> des <\/span><span class=\"NormalTextRun SpellingErrorV2Themed SCXW168901178 BCX0\" data-ccp-parastyle=\"Normal (Web)\">animaux<\/span><span class=\"NormalTextRun SCXW168901178 BCX0\" data-ccp-parastyle=\"Normal (Web)\">. De <\/span><span class=\"NormalTextRun SpellingErrorV2Themed SCXW168901178 BCX0\" data-ccp-parastyle=\"Normal (Web)\">nombreux<\/span><span class=\"NormalTextRun SCXW168901178 BCX0\" data-ccp-parastyle=\"Normal (Web)\"> tableaux et gravures <\/span><span class=\"NormalTextRun SpellingErrorV2Themed SCXW168901178 BCX0\" data-ccp-parastyle=\"Normal (Web)\">pr\u00e9sentent<\/span><span class=\"NormalTextRun SCXW168901178 BCX0\" data-ccp-parastyle=\"Normal (Web)\"> des <\/span><span class=\"NormalTextRun SpellingErrorV2Themed SCXW168901178 BCX0\" data-ccp-parastyle=\"Normal (Web)\">animaux<\/span><span class=\"NormalTextRun SCXW168901178 BCX0\" data-ccp-parastyle=\"Normal (Web)\">. Un animal <\/span><span class=\"NormalTextRun SpellingErrorV2Themed SCXW168901178 BCX0\" data-ccp-parastyle=\"Normal (Web)\">appara\u00eet<\/span> <span class=\"NormalTextRun SpellingErrorV2Themed SCXW168901178 BCX0\" data-ccp-parastyle=\"Normal (Web)\">particuli\u00e8rement<\/span> <span class=\"NormalTextRun SCXW168901178 BCX0\" data-ccp-parastyle=\"Normal (Web)\">souvent<\/span><span class=\"NormalTextRun SCXW168901178 BCX0\" data-ccp-parastyle=\"Normal (Web)\"> : son <\/span><span class=\"NormalTextRun SCXW168901178 BCX0\" data-ccp-parastyle=\"Normal (Web)\">chien<\/span><span class=\"NormalTextRun SCXW168901178 BCX0\" data-ccp-parastyle=\"Normal (Web)\"> Kwast. Kwast <\/span><span class=\"NormalTextRun SCXW168901178 BCX0\" data-ccp-parastyle=\"Normal (Web)\">conna\u00eet<\/span> <span class=\"NormalTextRun SCXW168901178 BCX0\" data-ccp-parastyle=\"Normal (Web)\">tous<\/span><span class=\"NormalTextRun SCXW168901178 BCX0\" data-ccp-parastyle=\"Normal (Web)\"> les recoins de la <\/span><span class=\"NormalTextRun SCXW168901178 BCX0\" data-ccp-parastyle=\"Normal (Web)\">maison<\/span><span class=\"NormalTextRun SCXW168901178 BCX0\" data-ccp-parastyle=\"Normal (Web)\">. Un guide <\/span><span class=\"NormalTextRun SCXW168901178 BCX0\" data-ccp-parastyle=\"Normal (Web)\">id\u00e9al<\/span><span class=\"NormalTextRun SCXW168901178 BCX0\" data-ccp-parastyle=\"Normal (Web)\"> ! La nouvelle <\/span><span class=\"NormalTextRun SCXW168901178 BCX0\" data-ccp-parastyle=\"Normal (Web)\">visite<\/span> <span class=\"NormalTextRun SCXW168901178 BCX0\" data-ccp-parastyle=\"Normal (Web)\">multim\u00e9dia<\/span> <span class=\"NormalTextRun SCXW168901178 BCX0\" data-ccp-parastyle=\"Normal (Web)\">vous<\/span> <span class=\"NormalTextRun SCXW168901178 BCX0\" data-ccp-parastyle=\"Normal (Web)\">emm\u00e8ne<\/span><span class=\"NormalTextRun SCXW168901178 BCX0\" data-ccp-parastyle=\"Normal (Web)\"> dans <\/span><span class=\"NormalTextRun SCXW168901178 BCX0\" data-ccp-parastyle=\"Normal (Web)\">une<\/span> <span class=\"NormalTextRun SCXW168901178 BCX0\" data-ccp-parastyle=\"Normal (Web)\">aventure<\/span><span class=\"NormalTextRun SCXW168901178 BCX0\" data-ccp-parastyle=\"Normal (Web)\"> \u00e0 travers le <\/span><span class=\"NormalTextRun SCXW168901178 BCX0\" data-ccp-parastyle=\"Normal (Web)\">Mus\u00e9e<\/span><span class=\"NormalTextRun SCXW168901178 BCX0\" data-ccp-parastyle=\"Normal (Web)\"> Rembrandthuis, <\/span><span class=\"NormalTextRun SCXW168901178 BCX0\" data-ccp-parastyle=\"Normal (Web)\">accompagn\u00e9<\/span><span class=\"NormalTextRun SCXW168901178 BCX0\" data-ccp-parastyle=\"Normal (Web)\"> de Kwast.<\/span><\/span><span class=\"EOP SCXW168901178 BCX0\" data-ccp-props=\"{&quot;134233117&quot;:true,&quot;134233118&quot;:true,&quot;335559685&quot;:708}\">\u00a0<\/span><\/p>\n<p><span style=\"text-decoration: underline;\"><strong><span class=\"TextRun SCXW59847354 BCX0\" lang=\"EN-US\" xml:lang=\"EN-US\" data-contrast=\"none\"><span class=\"NormalTextRun SCXW59847354 BCX0\" data-ccp-charstyle=\"Strong\">Comment Rembrandt <\/span><span class=\"NormalTextRun SCXW59847354 BCX0\" data-ccp-charstyle=\"Strong\">fabriquait<\/span><span class=\"NormalTextRun SCXW59847354 BCX0\" data-ccp-charstyle=\"Strong\">-il <\/span><span class=\"NormalTextRun SCXW59847354 BCX0\" data-ccp-charstyle=\"Strong\">ses<\/span> <span class=\"NormalTextRun SCXW59847354 BCX0\" data-ccp-charstyle=\"Strong\">peintures<\/span><span class=\"NormalTextRun SCXW59847354 BCX0\" data-ccp-charstyle=\"Strong\"> et <\/span><span class=\"NormalTextRun SCXW59847354 BCX0\" data-ccp-charstyle=\"Strong\">gravures ?<\/span><\/span><\/strong><\/span><\/p>\n<p><img decoding=\"async\" class=\"wp-image-675 alignright\" src=\"https:\/\/www.rembrandthuis.nl\/wp-content\/uploads\/2023\/02\/vlzutnj-300x200.webp\" sizes=\"(max-width: 212px) 100vw, 212px\" srcset=\"https:\/\/www.rembrandthuis.nl\/wp-content\/uploads\/2023\/02\/vlzutnj-300x200.webp 300w, https:\/\/www.rembrandthuis.nl\/wp-content\/uploads\/2023\/02\/vlzutnj-1024x683.webp 1024w, https:\/\/www.rembrandthuis.nl\/wp-content\/uploads\/2023\/02\/vlzutnj-768x512.webp 768w, https:\/\/www.rembrandthuis.nl\/wp-content\/uploads\/2023\/02\/vlzutnj.webp 1500w\" alt=\"Een afbeelding van iemand aan het schilderen is.\" width=\"212\" height=\"141\" data-pagespeed-url-hash=\"1796550844\" \/><\/p>\n<p><span data-contrast=\"none\">Chaque jour, le mus\u00e9e propose gratuitement des d\u00e9monstrations de peinture ou de gravure. Dans l&rsquo;atelier de Rembrandt, d\u00e9couvrez comment il fabriquait ses peintures et quels mat\u00e9riaux il utilisait, allant du plomb toxique et des cochenilles rouges \u00e9clatantes \u00e0 l\u2019huile de lin parfum\u00e9e et m\u00eame les vessies de porc ! Vous pouvez aussi essayer vous-m\u00eame : m\u00e9langez de la peinture sur une pierre \u00e0 peindre et cr\u00e9ez quelque chose de beau sur une toile. Dans l\u2019atelier de gravure, vous d\u00e9couvrirez \u00e9tape par \u00e9tape comment Rembrandt r\u00e9alisait ses gravures. Et ce qui est encore plus amusant : l\u2019un de ses tableaux montre Kwast ! Et chacun repart avec une impression (gravure ou carte postale).<\/span><span data-ccp-props=\"{&quot;134233117&quot;:true,&quot;134233118&quot;:true,&quot;335559685&quot;:708}\">\u00a0<\/span><\/p>\n<p><span data-contrast=\"none\">Horaires : entre 10h30 et 15h30<\/span><span data-ccp-props=\"{&quot;134233117&quot;:true,&quot;134233118&quot;:true,&quot;335559685&quot;:708}\">\u00a0<\/span><\/p>\n<p><span data-contrast=\"none\">Aucune r\u00e9servation n\u00e9cessaire pour la visite multim\u00e9dia ou les d\u00e9monstrations.<\/span><span data-ccp-props=\"{&quot;134233117&quot;:true,&quot;134233118&quot;:true,&quot;335559685&quot;:708}\">\u00a0<\/span><\/p>\n<p><b><span data-contrast=\"none\">Transformez votre visite au mus\u00e9e en une sortie compl\u00e8te :<\/span><\/b><span data-ccp-props=\"{&quot;134233117&quot;:true,&quot;134233118&quot;:true,&quot;335559685&quot;:708}\">\u00a0<\/span><\/p>\n<p><span data-contrast=\"none\"><a href=\"https:\/\/www.tiqets.com\/fr\/activites-attractions-amsterdam-c75061\/billets-pour-le-musee-de-la-maison-de-rembrandt-fabrique-des-lumieres-dutch-masters-experience-p1099199\/?partner=museum_rembrandthuis\" target=\"_blank\" rel=\"noopener\">R\u00e9servez ici votre billet<\/a> pour le Mus\u00e9e Rembrandthuis + Fabrique des Lumi\u00e8res, l\u2019exp\u00e9rience des ma\u00eetres hollandais.<\/span><span data-ccp-props=\"{&quot;134233117&quot;:true,&quot;134233118&quot;:true,&quot;335559685&quot;:708}\">\u00a0<\/span><\/p>\n<p><span data-contrast=\"none\">Marchez d&rsquo;abord dans les pas de Rembrandt au Mus\u00e9e Rembrandthuis et plongez ensuite dans le g\u00e9nie des ma\u00eetres n\u00e9erlandais \u00e0 la Fabrique des Lumi\u00e8res.<\/span><span data-ccp-props=\"{&quot;134233117&quot;:true,&quot;134233118&quot;:true,&quot;335559685&quot;:708}\">\u00a0<\/span><\/p>\n<p><img decoding=\"async\" src=\"https:\/\/www.rembrandthuis.nl\/wp-content\/uploads\/2024\/07\/Kidsproof-online-keurmerk-voor-op-gekleurde-achtergrond.png\" alt=\"\" width=\"95\" height=\"95\" \/><\/p>\t\t\t\t\t\t\t\t<\/div>\n\t\t\t\t<\/div>\n\t\t\t\t\t<\/div>\n\t\t<\/div>\n\t\t\t\t<div class=\"elementor-column elementor-col-50 elementor-inner-column elementor-element elementor-element-2b0e0d1\" data-id=\"2b0e0d1\" data-element_type=\"column\">\n\t\t\t<div class=\"elementor-widget-wrap\">\n\t\t\t\t\t\t\t<\/div>\n\t\t<\/div>\n\t\t\t\t\t<\/div>\n\t\t<\/section>\n\t\t\t\t\t<\/div>\n\t\t<\/div>\n\t\t\t\t\t<\/div>\n\t\t<\/section>\n\t\t\t\t<\/div>\n\t\t<div id=\"nb-footnote-inline\"><\/div>","protected":false},"excerpt":{"rendered":"<p>Familles et enfants Avec les d\u00e9monstrations quotidiennes de peinture et de gravure, ainsi que des activit\u00e9s pratiques comme des ateliers de dessin pendant les expositions, le mus\u00e9e est une sortie id\u00e9ale pour les familles avec enfants.\u00a0 Partez \u00e0 l\u2019aventure avec Kwast (\u00e0 partir de 6 ans)\u00a0 Rembrandt n\u2019\u00e9tait pas seulement un excellent artiste, il \u00e9tait [&hellip;]<\/p>\n","protected":false},"author":2,"featured_media":13596,"parent":11766,"menu_order":3,"comment_status":"closed","ping_status":"closed","template":"elementor_header_footer","meta":{"_acf_changed":false,"footnotes":""},"class_list":["post-11793","page","type-page","status-publish","has-post-thumbnail","hentry"],"acf":[],"_links":{"self":[{"href":"https:\/\/www.rembrandthuis.nl\/fr\/wp-json\/wp\/v2\/pages\/11793","targetHints":{"allow":["GET"]}}],"collection":[{"href":"https:\/\/www.rembrandthuis.nl\/fr\/wp-json\/wp\/v2\/pages"}],"about":[{"href":"https:\/\/www.rembrandthuis.nl\/fr\/wp-json\/wp\/v2\/types\/page"}],"author":[{"embeddable":true,"href":"https:\/\/www.rembrandthuis.nl\/fr\/wp-json\/wp\/v2\/users\/2"}],"replies":[{"embeddable":true,"href":"https:\/\/www.rembrandthuis.nl\/fr\/wp-json\/wp\/v2\/comments?post=11793"}],"version-history":[{"count":16,"href":"https:\/\/www.rembrandthuis.nl\/fr\/wp-json\/wp\/v2\/pages\/11793\/revisions"}],"predecessor-version":[{"id":13058,"href":"https:\/\/www.rembrandthuis.nl\/fr\/wp-json\/wp\/v2\/pages\/11793\/revisions\/13058"}],"up":[{"embeddable":true,"href":"https:\/\/www.rembrandthuis.nl\/fr\/wp-json\/wp\/v2\/pages\/11766"}],"wp:featuredmedia":[{"embeddable":true,"href":"https:\/\/www.rembrandthuis.nl\/fr\/wp-json\/wp\/v2\/media\/13596"}],"wp:attachment":[{"href":"https:\/\/www.rembrandthuis.nl\/fr\/wp-json\/wp\/v2\/media?parent=11793"}],"curies":[{"name":"wp","href":"https:\/\/api.w.org\/{rel}","templated":true}]}}