{"id":14487,"date":"2025-07-10T16:54:38","date_gmt":"2025-07-10T14:54:38","guid":{"rendered":"https:\/\/www.rembrandthuis.nl\/informacion-para-visitantes-test\/families-with-children\/"},"modified":"2025-08-13T16:01:59","modified_gmt":"2025-08-13T14:01:59","slug":"familias-con-ninos","status":"publish","type":"page","link":"https:\/\/www.rembrandthuis.nl\/es\/planifique-su-visita\/informacion-para-visitantes\/familias-con-ninos\/","title":{"rendered":"Familias &#038; Ni\u00f1os"},"content":{"rendered":"\t\t<div data-elementor-type=\"wp-page\" data-elementor-id=\"14487\" class=\"elementor elementor-14487 elementor-14324\" data-elementor-post-type=\"page\">\n\t\t\t\t\t\t<section class=\"elementor-section elementor-top-section elementor-element elementor-element-5d405c6 elementor-section-boxed elementor-section-height-default elementor-section-height-default\" data-id=\"5d405c6\" data-element_type=\"section\">\n\t\t\t\t\t\t<div class=\"elementor-container elementor-column-gap-default\">\n\t\t\t\t\t<div class=\"elementor-column elementor-col-100 elementor-top-column elementor-element elementor-element-e89b52f\" data-id=\"e89b52f\" data-element_type=\"column\">\n\t\t\t<div class=\"elementor-widget-wrap\">\n\t\t\t\t\t\t\t<\/div>\n\t\t<\/div>\n\t\t\t\t\t<\/div>\n\t\t<\/section>\n\t\t\t\t<section class=\"elementor-section elementor-top-section elementor-element elementor-element-0101dbd elementor-section-full_width elementor-section-height-default elementor-section-height-default\" data-id=\"0101dbd\" data-element_type=\"section\" data-settings=\"{&quot;background_background&quot;:&quot;classic&quot;}\">\n\t\t\t\t\t\t<div class=\"elementor-container elementor-column-gap-no\">\n\t\t\t\t\t<div class=\"elementor-column elementor-col-100 elementor-top-column elementor-element elementor-element-dc46148\" data-id=\"dc46148\" data-element_type=\"column\">\n\t\t\t<div class=\"elementor-widget-wrap elementor-element-populated\">\n\t\t\t\t\t\t<section class=\"elementor-section elementor-inner-section elementor-element elementor-element-e418f0f elementor-section-full_width elementor-section-height-min-height elementor-section-height-default\" data-id=\"e418f0f\" data-element_type=\"section\">\n\t\t\t\t\t\t<div class=\"elementor-container elementor-column-gap-no\">\n\t\t\t\t\t<div class=\"elementor-column elementor-col-50 elementor-inner-column elementor-element elementor-element-6b9c585\" data-id=\"6b9c585\" data-element_type=\"column\" data-settings=\"{&quot;background_background&quot;:&quot;classic&quot;}\">\n\t\t\t<div class=\"elementor-widget-wrap elementor-element-populated\">\n\t\t\t\t\t\t<div class=\"elementor-element elementor-element-04e4c5c elementor-widget elementor-widget-heading\" data-id=\"04e4c5c\" data-element_type=\"widget\" tabindex=\"-1\" data-widget_type=\"heading.default\">\n\t\t\t\t<div class=\"elementor-widget-container\">\n\t\t\t\t\t<span class=\"elementor-heading-title elementor-size-default\"><nav aria-label=\"breadcrumbs\" class=\"rank-math-breadcrumb\"><p><span class=\"last\">Home<\/span><\/p><\/nav><\/span>\t\t\t\t<\/div>\n\t\t\t\t<\/div>\n\t\t\t\t<div class=\"elementor-element elementor-element-83f3186 elementor-widget elementor-widget-heading\" data-id=\"83f3186\" data-element_type=\"widget\" tabindex=\"1\" data-widget_type=\"heading.default\">\n\t\t\t\t<div class=\"elementor-widget-container\">\n\t\t\t\t\t<h1 class=\"elementor-heading-title elementor-size-default\">Familias &#038; Ni\u00f1os<\/h1>\t\t\t\t<\/div>\n\t\t\t\t<\/div>\n\t\t\t\t<div class=\"elementor-element elementor-element-e39508b elementor-widget elementor-widget-text-editor\" data-id=\"e39508b\" data-element_type=\"widget\" data-widget_type=\"text-editor.default\">\n\t\t\t\t<div class=\"elementor-widget-container\">\n\t\t\t\t\t\t\t\t\t<p>Con demostraciones diarias de pintura y grabado y actividades pr\u00e1cticas como talleres de dibujo durante las exposiciones, el museo es una excursi\u00f3n perfecta para familias con ni\u00f1os.<\/p>\n<p><strong><span class=\"TextRun Highlight SCXW244646257 BCX0\" lang=\"NL-NL\" xml:lang=\"NL-NL\" data-contrast=\"none\"><span class=\"NormalTextRun SpellingErrorV2Themed SCXW244646257 BCX0\" data-ccp-charstyle=\"Strong\">Aventuras<\/span><span class=\"NormalTextRun SCXW244646257 BCX0\" data-ccp-charstyle=\"Strong\"> con Kwast<br \/><\/span><\/span><\/strong><em>Diario, gratuito durante su visita al museo<\/em><\/p>\n<p><img decoding=\"async\" class=\"alignleft\" src=\"https:\/\/www.rembrandthuis.nl\/wp-content\/uploads\/2023\/11\/208x168xOntwerp-zonder-titel-10-e1701083306453-300x242.png.pagespeed.ic.M_ti9wz5Z_.webp\" alt=\"\" width=\"208\" height=\"168\" data-pagespeed-url-hash=\"3184951746\" \/><\/p>\n<p>Rembrandt no solo fue un gran artista, sino tambi\u00e9n un amante de los animales. En muchas de sus pinturas y grabados aparecen animales. Sin embargo, hay uno que aparece con frecuencia: su perro Kwast. Kwast conoce todos los rincones y secretos de la casa, por lo que es el gu\u00eda perfecto. La nueva audiogu\u00eda multimedia te llevar\u00e1 a una aventura por el <span class=\"NormalTextRun SpellingErrorV2Themed SCXW47043442 BCX8\">Casa<\/span> <span class=\"NormalTextRun SpellingErrorV2Themed SCXW47043442 BCX8\">Museo<\/span><span class=\"NormalTextRun SCXW47043442 BCX8\"> R<\/span><span class=\"NormalTextRun SCXW47043442 BCX8\">embrandt<\/span> junto a Kwast. Disponible para ni\u00f1os a partir de 6 a\u00f1os.<\/p>\n<p>Echa un vistazo a la tienda del museo despu\u00e9s de tu visita, donde encontrar\u00e1s la versi\u00f3n de peluche de Kwast. De esta forma, tambi\u00e9n tendr\u00e1s un pedacito de Rembrandt en casa.<\/p>\n<p>\u00a0<\/p>\n<p><img fetchpriority=\"high\" decoding=\"async\" class=\"alignnone  wp-image-13595\" src=\"https:\/\/www.rembrandthuis.nl\/wp-content\/uploads\/2025\/06\/Kinderen-verfdemonstratie-300x200.jpg\" alt=\"\" width=\"473\" height=\"316\" srcset=\"https:\/\/www.rembrandthuis.nl\/wp-content\/uploads\/2025\/06\/Kinderen-verfdemonstratie-300x200.jpg 300w, https:\/\/www.rembrandthuis.nl\/wp-content\/uploads\/2025\/06\/Kinderen-verfdemonstratie-1024x683.jpg 1024w, https:\/\/www.rembrandthuis.nl\/wp-content\/uploads\/2025\/06\/Kinderen-verfdemonstratie-768x512.jpg 768w, https:\/\/www.rembrandthuis.nl\/wp-content\/uploads\/2025\/06\/Kinderen-verfdemonstratie.jpg 1500w\" sizes=\"(max-width: 473px) 100vw, 473px\" \/><\/p>\n<p><strong>C\u00f3mo elaboraba Rembrandt sus pinturas y grabados?<\/strong><br \/><em>Todos los d\u00edas, gratis durante tu visita al museo<\/em><\/p>\n<p>Puedes participar en <strong>demostraciones gratuitas de pintura y grabado<\/strong> en el museo. En el taller de Rembrandt podr\u00e1s descubrir c\u00f3mo elaboraba sus pinturas y qu\u00e9 materiales utilizaba, desde plomo t\u00f3xico y piojos rojos brillantes hasta aceite de linaza perfumado e incluso vejigas de cerdo.<\/p>\n<p><strong>Horario:<\/strong> entre las 10:30 y las 15:30.<br \/>No es necesario reservar para la visita multimedia ni para la demostraci\u00f3n.<\/p>\n<p>\u00a0<\/p>\n<p><strong>Convierta su visita en un d\u00eda completo en \u00c1msterdam!<\/strong><br \/>Ad\u00e9ntrese en el mundo de Rembrandt y experimente \u00c1msterdam tal y como \u00e9l lo hizo en su d\u00eda. A\u00f1ada un paseo por la ciudad o un crucero Rembrandt a su itinerario.<\/p>\n<p><strong>Pasea con Rembrandt<\/strong><br \/>Recorre las calles hist\u00f3ricas donde vivi\u00f3 y trabaj\u00f3 Rembrandt. Descubre lugares ocultos, historias personales y lugares emblem\u00e1ticos que marcaron su vida. Haz clic <a href=\"https:\/\/wandelenmetrembrandt.nl\/en\" target=\"_blank\" rel=\"noopener\">aqu\u00ed<\/a> para ver el recorrido a pie gratuito.<\/p>\n<p><strong>Crucero con Rembrandt<\/strong><br \/>Contempla la ciudad desde el agua, como en el siglo XVII. Este evocador crucero por los canales te llevar\u00e1 por lugares relacionados con la vida de Rembrandt y sus contempor\u00e1neos. Reserva <a href=\"https:\/\/flagshipamsterdam.com\/es\/cruceros-en-amsterdam\/crucero-rembrandt\/?_gl=1*3w45yp*_up*MQ..*_ga*MTM0NTQxMzk2MC4xNzU1MDgzMTU3*_ga_85S4TBFPCJ*czE3NTUwODMxNTckbzEkZzAkdDE3NTUwODMxNTckajYwJGwwJGgxNDMwMjk3Ng..\" target=\"_blank\" rel=\"noopener\">aqu\u00ed<\/a> el crucero Rembrandt.<\/p>\n<p><img decoding=\"async\" class=\"alignnone  wp-image-13198\" src=\"https:\/\/www.rembrandthuis.nl\/wp-content\/uploads\/2025\/06\/xxFlagship-Amsterdam-Rembrandt-Cruise-300x200.jpg,Mic.xAJbD64ovJ.webp.pagespeed.ic.IC_ohhWNmP.webp\" sizes=\"(max-width: 391px) 100vw, 391px\" srcset=\"https:\/\/www.rembrandthuis.nl\/wp-content\/uploads\/2025\/06\/xxFlagship-Amsterdam-Rembrandt-Cruise-300x200.jpg,Mic.xAJbD64ovJ.webp.pagespeed.ic.IC_ohhWNmP.webp 300w, https:\/\/www.rembrandthuis.nl\/wp-content\/uploads\/2025\/06\/xxFlagship-Amsterdam-Rembrandt-Cruise-1024x683.jpg,Mic.dE8XXShvqR.webp.pagespeed.ic.viGZMFSJKi.webp 1024w, https:\/\/www.rembrandthuis.nl\/wp-content\/uploads\/2025\/06\/xxFlagship-Amsterdam-Rembrandt-Cruise-768x512.jpg,Mic.nWa7ANebUw.webp.pagespeed.ic.yhsrLinAyl.webp 768w, https:\/\/www.rembrandthuis.nl\/wp-content\/uploads\/2025\/06\/xxFlagship-Amsterdam-Rembrandt-Cruise-1536x1024.jpg,Mic.r79CGZ2TV3.webp.pagespeed.ic.HB8pKPKXJt.webp 1536w, https:\/\/www.rembrandthuis.nl\/wp-content\/uploads\/2025\/06\/xxFlagship-Amsterdam-Rembrandt-Cruise-2048x1365.jpg,Mic.Bc8nR1x2ta.webp.pagespeed.ic.DuFUKN37tv.webp 2048w\" alt=\"\" width=\"469\" height=\"313\" data-pagespeed-url-hash=\"1184566159\" \/><\/p>\n<p>\u00a0<\/p>\n<p><strong>No te cansas de visitar el <span class=\"NormalTextRun SpellingErrorV2Themed SCXW47043442 BCX8\">Casa<\/span> <span class=\"NormalTextRun SpellingErrorV2Themed SCXW47043442 BCX8\">Museo<\/span><span class=\"NormalTextRun SCXW47043442 BCX8\"> R<\/span><span class=\"NormalTextRun SCXW47043442 BCX8\">embrandt<\/span>? <\/strong><br \/>Sigue el ejemplo de Rembrandt y crea algo hermoso. Haz clic <a href=\"https:\/\/www.rembrandthuis.nl\/en\/plan-your-visit\/activities-for-families-with-children\/\">aqu\u00ed<\/a> para ver una serie de actividades con las que podr\u00e1s convertirte en artista.<\/p>\n<p>\u00a0<\/p>\n<p><img loading=\"lazy\" decoding=\"async\" class=\"alignnone  wp-image-10189\" src=\"https:\/\/www.rembrandthuis.nl\/wp-content\/uploads\/2024\/07\/Kidsproof-online-keurmerk-voor-op-gekleurde-achtergrond.png\" alt=\"\" width=\"102\" height=\"102\" srcset=\"https:\/\/www.rembrandthuis.nl\/wp-content\/uploads\/2024\/07\/Kidsproof-online-keurmerk-voor-op-gekleurde-achtergrond.png 301w, https:\/\/www.rembrandthuis.nl\/wp-content\/uploads\/2024\/07\/Kidsproof-online-keurmerk-voor-op-gekleurde-achtergrond-150x150.png 150w\" sizes=\"(max-width: 102px) 100vw, 102px\" \/><\/p>\t\t\t\t\t\t\t\t<\/div>\n\t\t\t\t<\/div>\n\t\t\t\t\t<\/div>\n\t\t<\/div>\n\t\t\t\t<div class=\"elementor-column elementor-col-50 elementor-inner-column elementor-element elementor-element-ce17d94\" data-id=\"ce17d94\" data-element_type=\"column\">\n\t\t\t<div class=\"elementor-widget-wrap\">\n\t\t\t\t\t\t\t<\/div>\n\t\t<\/div>\n\t\t\t\t\t<\/div>\n\t\t<\/section>\n\t\t\t\t\t<\/div>\n\t\t<\/div>\n\t\t\t\t\t<\/div>\n\t\t<\/section>\n\t\t\t\t<\/div>\n\t\t<div id=\"nb-footnote-inline\"><\/div>","protected":false},"excerpt":{"rendered":"<p>Con demostraciones diarias de pintura y grabado y actividades pr\u00e1cticas como talleres de dibujo durante las exposiciones, el museo es una excursi\u00f3n perfecta para familias con ni\u00f1os. Aventuras con KwastDiario, gratuito durante su visita al museo Rembrandt no solo fue un gran artista, sino tambi\u00e9n un amante de los animales. En muchas de sus pinturas [&hellip;]<\/p>\n","protected":false},"author":5,"featured_media":13598,"parent":14463,"menu_order":3,"comment_status":"closed","ping_status":"closed","template":"","meta":{"_acf_changed":false,"footnotes":""},"class_list":["post-14487","page","type-page","status-publish","has-post-thumbnail","hentry"],"acf":[],"_links":{"self":[{"href":"https:\/\/www.rembrandthuis.nl\/es\/wp-json\/wp\/v2\/pages\/14487","targetHints":{"allow":["GET"]}}],"collection":[{"href":"https:\/\/www.rembrandthuis.nl\/es\/wp-json\/wp\/v2\/pages"}],"about":[{"href":"https:\/\/www.rembrandthuis.nl\/es\/wp-json\/wp\/v2\/types\/page"}],"author":[{"embeddable":true,"href":"https:\/\/www.rembrandthuis.nl\/es\/wp-json\/wp\/v2\/users\/5"}],"replies":[{"embeddable":true,"href":"https:\/\/www.rembrandthuis.nl\/es\/wp-json\/wp\/v2\/comments?post=14487"}],"version-history":[{"count":12,"href":"https:\/\/www.rembrandthuis.nl\/es\/wp-json\/wp\/v2\/pages\/14487\/revisions"}],"predecessor-version":[{"id":14944,"href":"https:\/\/www.rembrandthuis.nl\/es\/wp-json\/wp\/v2\/pages\/14487\/revisions\/14944"}],"up":[{"embeddable":true,"href":"https:\/\/www.rembrandthuis.nl\/es\/wp-json\/wp\/v2\/pages\/14463"}],"wp:featuredmedia":[{"embeddable":true,"href":"https:\/\/www.rembrandthuis.nl\/es\/wp-json\/wp\/v2\/media\/13598"}],"wp:attachment":[{"href":"https:\/\/www.rembrandthuis.nl\/es\/wp-json\/wp\/v2\/media?parent=14487"}],"curies":[{"name":"wp","href":"https:\/\/api.w.org\/{rel}","templated":true}]}}