{"id":14477,"date":"2025-07-07T12:57:44","date_gmt":"2025-07-07T10:57:44","guid":{"rendered":"https:\/\/www.rembrandthuis.nl\/informacion-para-visitantes-test\/opening-hours-fees\/"},"modified":"2026-04-16T17:36:15","modified_gmt":"2026-04-16T15:36:15","slug":"horario-y-tarifas","status":"publish","type":"page","link":"https:\/\/www.rembrandthuis.nl\/es\/planifique-su-visita\/informacion-para-visitantes\/horario-y-tarifas\/","title":{"rendered":"Horario &#038; Tarifas"},"content":{"rendered":"\t\t<div data-elementor-type=\"wp-page\" data-elementor-id=\"14477\" class=\"elementor elementor-14477 elementor-14220\" data-elementor-post-type=\"page\">\n\t\t\t\t\t\t<section class=\"elementor-section elementor-top-section elementor-element elementor-element-aa295cc elementor-section-full_width elementor-section-height-default elementor-section-height-default\" data-id=\"aa295cc\" data-element_type=\"section\" data-e-type=\"section\" data-settings=\"{&quot;background_background&quot;:&quot;classic&quot;}\">\n\t\t\t\t\t\t<div class=\"elementor-container elementor-column-gap-no\">\n\t\t\t\t\t<div class=\"elementor-column elementor-col-100 elementor-top-column elementor-element elementor-element-0e1f412\" data-id=\"0e1f412\" data-element_type=\"column\" data-e-type=\"column\">\n\t\t\t<div class=\"elementor-widget-wrap elementor-element-populated\">\n\t\t\t\t\t\t<section class=\"elementor-section elementor-inner-section elementor-element elementor-element-fd683a2 elementor-section-full_width elementor-section-height-min-height elementor-section-height-default\" data-id=\"fd683a2\" data-element_type=\"section\" data-e-type=\"section\">\n\t\t\t\t\t\t<div class=\"elementor-container elementor-column-gap-no\">\n\t\t\t\t\t<div class=\"elementor-column elementor-col-50 elementor-inner-column elementor-element elementor-element-5add0f6\" data-id=\"5add0f6\" data-element_type=\"column\" data-e-type=\"column\" data-settings=\"{&quot;background_background&quot;:&quot;classic&quot;}\">\n\t\t\t<div class=\"elementor-widget-wrap elementor-element-populated\">\n\t\t\t\t\t\t<div class=\"elementor-element elementor-element-9082c44 elementor-widget elementor-widget-heading\" data-id=\"9082c44\" data-element_type=\"widget\" data-e-type=\"widget\" tabindex=\"-1\" data-widget_type=\"heading.default\">\n\t\t\t\t<div class=\"elementor-widget-container\">\n\t\t\t\t\t<span class=\"elementor-heading-title elementor-size-default\"><nav aria-label=\"breadcrumbs\" class=\"rank-math-breadcrumb\"><p><span class=\"last\">Home<\/span><\/p><\/nav><\/span>\t\t\t\t<\/div>\n\t\t\t\t<\/div>\n\t\t\t\t<div class=\"elementor-element elementor-element-5fed76b elementor-widget elementor-widget-heading\" data-id=\"5fed76b\" data-element_type=\"widget\" data-e-type=\"widget\" tabindex=\"1\" data-widget_type=\"heading.default\">\n\t\t\t\t<div class=\"elementor-widget-container\">\n\t\t\t\t\t<h1 class=\"elementor-heading-title elementor-size-default\">Horario &#038; Tarifas<\/h1>\t\t\t\t<\/div>\n\t\t\t\t<\/div>\n\t\t\t\t<div class=\"elementor-element elementor-element-33916f0 elementor-widget elementor-widget-text-editor\" data-id=\"33916f0\" data-element_type=\"widget\" data-e-type=\"widget\" data-widget_type=\"text-editor.default\">\n\t\t\t\t<div class=\"elementor-widget-container\">\n\t\t\t\t\t\t\t\t\t<p>El museo abre todos los d\u00edas a partir de las 10:00 h.<\/p>\n<p>Excepciones: lunes 27 de abril de 2026 (D\u00eda del Rey) &amp; viernes 25 de diciembre de 2026 (Navidad).<\/p>\n<p>\u00a0<\/p>\n<p><strong>Horario de apertura 2026<\/strong><\/p>\n<table style=\"border-collapse: collapse; width: 519px; height: 334px;\" width=\"407\">\n<tbody>\n<tr style=\"height: 15.0pt;\">\n<td style=\"width: 241pt; height: 15.0pt;\" width=\"321\" height=\"20\">\n<p>S\u00e1bado 28 de marzo<br \/>al domingo 10 de mayo<\/p>\n<\/td>\n<td style=\"width: 65pt;\" width=\"86\">10.00 &#8211; 19.00<\/td>\n<\/tr>\n<tr style=\"height: 15.0pt;\">\n<td style=\"height: 15.0pt;\" height=\"20\">\n<p>Lunes 11 de mayo<br \/>al domingo 1 de noviembre<\/p>\n<\/td>\n<td>10.00 &#8211; 18.00<\/td>\n<\/tr>\n<tr style=\"height: 15.0pt;\">\n<td style=\"height: 15.0pt;\" height=\"20\">\n<p>Lunes 2 de noviembre<br \/>al viernes 18 de diciembre<\/p>\n<\/td>\n<td class=\"xl17\">10.00 \u2013 17.00<\/td>\n<\/tr>\n<tr style=\"height: 15.0pt;\">\n<td style=\"height: 15.0pt;\" height=\"20\">\n<p>S\u00e1bado 19 de diciembre<br \/>al martes 31 de diciembre<\/p>\n<\/td>\n<td>10.00 &#8211; 18.00<\/td>\n<\/tr>\n<\/tbody>\n<\/table>\n<p>\u00a0<\/p>\n<p><strong>Excepciones 2026<\/strong><\/p>\n<table style=\"height: 349px;\" width=\"518\">\n<tbody>\n<tr>\n<td width=\"321\">\n<p>Lunes 27 de abril<br \/><em>D\u00eda del Rey<\/em><\/p>\n<\/td>\n<td width=\"86\">Cerrado<\/td>\n<\/tr>\n<tr>\n<td>\n<p>Jueves 24 de diciembre<br \/><em>Nochebuena<\/em><\/p>\n<\/td>\n<td>10.00 \u2013 17.00\u00a0<\/td>\n<\/tr>\n<tr>\n<td>\n<p>Viernes 25 de diciembre<br \/><em>Navidad<\/em><\/p>\n<\/td>\n<td>Cerrado<\/td>\n<\/tr>\n<tr>\n<td>\n<p>Jueves 31 de diciembre<br \/><em>Nochevieja<\/em><\/p>\n<\/td>\n<td>10.00 \u2013 17.00<\/td>\n<\/tr>\n<\/tbody>\n<\/table>\t\t\t\t\t\t\t\t<\/div>\n\t\t\t\t<\/div>\n\t\t\t\t<div class=\"elementor-element elementor-element-787da34 elementor-widget elementor-widget-text-editor\" data-id=\"787da34\" data-element_type=\"widget\" data-e-type=\"widget\" data-widget_type=\"text-editor.default\">\n\t\t\t\t<div class=\"elementor-widget-container\">\n\t\t\t\t\t\t\t\t\t<p><strong>Precios de entrada 2026<\/strong><br \/><em>Las entradas se pueden cambiar sin coste alguno a trav\u00e9s de nuestro socio de venta de entradas. Las entradas pagadas no se pueden cancelar. Por lo tanto, recomendamos a nuestros visitantes que elijan cuidadosamente la fecha de su visita al comprar las entradas. Tambi\u00e9n puedes comprar una entrada en la taquilla del museo (solo con tarjeta).<\/em><\/p>\n<ul>\n<li>Adultos: \u20ac23,50<br \/><em>Adultos, horario reducido (17:00-19:00): \u20ac19,50<\/em><\/li>\n<li>J\u00f3venes hasta 25 a\u00f1os: \u20ac15<br \/><em>J\u00f3venes hasta 25 a\u00f1os, horario reducido (17:00-19:00): \u20ac11<\/em><\/li>\n<li>Tarjeta CJP &amp; ISIC: \u20ac15<br \/><em>Tarjeta CJP, ISIC &amp; estudiantes horario reducido (17:00-19:00): \u20ac11 (previa presentaci\u00f3n de un carn\u00e9 de estudiante v\u00e1lido)<\/em><\/li>\n<li>Ni\u00f1os de 6 a 17 a\u00f1os: \u20ac8<\/li>\n<li>Ni\u00f1os menores de 6 a\u00f1os: gratis<\/li>\n<li>ICOM: gratis<\/li>\n<li>Tarjeta del museo: gratis<\/li>\n<li>Tarjeta I Amsterdam City Card: gratis<\/li>\n<li>Tarjeta BGL VIP: gratis<\/li>\n<li>Amigos del museo: gratis<\/li>\n<li>Rembrandtkaart (<a href=\"https:\/\/www.verenigingrembrandt.nl\/nl\/doe-mee\/word-lid\/rembrandtkaart\" target=\"_blank\" rel=\"noopener\">Vereniging Rembrandt<\/a>): gratis<\/li>\n<\/ul>\n<p>Todos los precios incluyen la visita multimedia del museo. La visita multimedia est\u00e1 disponible en diferentes idiomas: neerland\u00e9s, ingl\u00e9s, alem\u00e1n, franc\u00e9s, italiano, portugu\u00e9s, ruso, espa\u00f1ol, japon\u00e9s, coreano, chino mandar\u00edn, hebreo, ucraniano, \u00e1rabe est\u00e1ndar moderno y turco.<\/p>\n<p>Tambi\u00e9n disponemos de una visita multimedia especial para familias con ni\u00f1os. La nueva visita multimedia te lleva a una aventura por el Casa Museo Rembrandt, junto con Kwast.<\/p>\t\t\t\t\t\t\t\t<\/div>\n\t\t\t\t<\/div>\n\t\t\t\t<div class=\"elementor-element elementor-element-cae1cd8 elementor-widget elementor-widget-text-editor\" data-id=\"cae1cd8\" data-element_type=\"widget\" data-e-type=\"widget\" data-widget_type=\"text-editor.default\">\n\t\t\t\t<div class=\"elementor-widget-container\">\n\t\t\t\t\t\t\t\t\t<p><strong>Reserve sus entradas en l\u00ednea<\/strong><\/p>\n<ul>\n<li>Solicite su <a href=\"https:\/\/tickets.rembrandthuis.nl\/es\/tickets\">entrada<\/a> con una hora de inicio en l\u00ednea. As\u00ed se asegurar\u00e1 de poder visitar el museo.<\/li>\n<li>Se recomienda a los titulares de la Museumkaart, a los estudiantes y a los visitantes con una tarjeta VIP de Friends Lottery, Icom, Rembrandt, CJP o Stadspas que tambi\u00e9n reserven una <a href=\"https:\/\/tickets.rembrandthuis.nl\/es\/tickets\">entrada<\/a> con una franja horaria.<\/li>\n<li>Presente su entrada electr\u00f3nica (impresa o en su smartphone o tableta) en la entrada del museo junto con su pase v\u00e1lido para que la escaneen.<\/li>\n<li>Los amigos del museo y los Rembrandt Huysgenoten tienen acceso directo al museo con solo presentar su pase y no necesitan reservar una entrada con franja horaria.<\/li>\n<li><a href=\"https:\/\/www.rembrandthuis.nl\/es\/planifique-su-visita\/grupos\/\">Aqu\u00ed<\/a> puede hacer una reserva para un grupo escolar o un grupo habitual.<\/li>\n<\/ul>\t\t\t\t\t\t\t\t<\/div>\n\t\t\t\t<\/div>\n\t\t\t\t<div class=\"elementor-element elementor-element-e05a053 elementor-widget elementor-widget-text-editor\" data-id=\"e05a053\" data-element_type=\"widget\" data-e-type=\"widget\" data-widget_type=\"text-editor.default\">\n\t\t\t\t<div class=\"elementor-widget-container\">\n\t\t\t\t\t\t\t\t\t<p><strong>Condiciones generales para visitantes<\/strong><\/p>\n<p><a href=\"https:\/\/www.rembrandthuis.nl\/wp-content\/uploads\/2026\/03\/Bezoekersvoorwaarden-2026-ENG.pdf\">Descargue aqu\u00ed nuestras condiciones generales para visitantes.<\/a><\/p>\t\t\t\t\t\t\t\t<\/div>\n\t\t\t\t<\/div>\n\t\t\t\t\t<\/div>\n\t\t<\/div>\n\t\t\t\t<div class=\"elementor-column elementor-col-50 elementor-inner-column elementor-element elementor-element-b8986a7\" data-id=\"b8986a7\" data-element_type=\"column\" data-e-type=\"column\">\n\t\t\t<div class=\"elementor-widget-wrap\">\n\t\t\t\t\t\t\t<\/div>\n\t\t<\/div>\n\t\t\t\t\t<\/div>\n\t\t<\/section>\n\t\t\t\t\t<\/div>\n\t\t<\/div>\n\t\t\t\t\t<\/div>\n\t\t<\/section>\n\t\t\t\t<\/div>\n\t\t<div id=\"nb-footnote-inline\"><\/div>","protected":false},"excerpt":{"rendered":"<p>El museo abre todos los d\u00edas a partir de las 10:00 h. Excepciones: lunes 27 de abril de 2026 (D\u00eda del Rey) &amp; viernes 25 de diciembre de 2026 (Navidad). \u00a0 Horario de apertura 2026 S\u00e1bado 28 de marzoal domingo 10 de mayo 10.00 &#8211; 19.00 Lunes 11 de mayoal domingo 1 de noviembre 10.00 [&hellip;]<\/p>\n","protected":false},"author":5,"featured_media":14366,"parent":14463,"menu_order":2,"comment_status":"closed","ping_status":"closed","template":"","meta":{"_acf_changed":false,"footnotes":""},"class_list":["post-14477","page","type-page","status-publish","has-post-thumbnail","hentry"],"acf":[],"_links":{"self":[{"href":"https:\/\/www.rembrandthuis.nl\/es\/wp-json\/wp\/v2\/pages\/14477","targetHints":{"allow":["GET"]}}],"collection":[{"href":"https:\/\/www.rembrandthuis.nl\/es\/wp-json\/wp\/v2\/pages"}],"about":[{"href":"https:\/\/www.rembrandthuis.nl\/es\/wp-json\/wp\/v2\/types\/page"}],"author":[{"embeddable":true,"href":"https:\/\/www.rembrandthuis.nl\/es\/wp-json\/wp\/v2\/users\/5"}],"replies":[{"embeddable":true,"href":"https:\/\/www.rembrandthuis.nl\/es\/wp-json\/wp\/v2\/comments?post=14477"}],"version-history":[{"count":50,"href":"https:\/\/www.rembrandthuis.nl\/es\/wp-json\/wp\/v2\/pages\/14477\/revisions"}],"predecessor-version":[{"id":19089,"href":"https:\/\/www.rembrandthuis.nl\/es\/wp-json\/wp\/v2\/pages\/14477\/revisions\/19089"}],"up":[{"embeddable":true,"href":"https:\/\/www.rembrandthuis.nl\/es\/wp-json\/wp\/v2\/pages\/14463"}],"wp:featuredmedia":[{"embeddable":true,"href":"https:\/\/www.rembrandthuis.nl\/es\/wp-json\/wp\/v2\/media\/14366"}],"wp:attachment":[{"href":"https:\/\/www.rembrandthuis.nl\/es\/wp-json\/wp\/v2\/media?parent=14477"}],"curies":[{"name":"wp","href":"https:\/\/api.w.org\/{rel}","templated":true}]}}