{"id":14459,"date":"2025-07-07T12:55:43","date_gmt":"2025-07-07T10:55:43","guid":{"rendered":"https:\/\/www.rembrandthuis.nl\/introduction\/"},"modified":"2025-08-13T11:35:23","modified_gmt":"2025-08-13T09:35:23","slug":"introduccion","status":"publish","type":"page","link":"https:\/\/www.rembrandthuis.nl\/es\/planifique-su-visita\/informacion-para-visitantes\/introduccion\/","title":{"rendered":"Introducci\u00f3n"},"content":{"rendered":"\t\t<div data-elementor-type=\"wp-page\" data-elementor-id=\"14459\" class=\"elementor elementor-14459 elementor-14212\" data-elementor-post-type=\"page\">\n\t\t\t\t\t\t<section class=\"elementor-section elementor-top-section elementor-element elementor-element-e374b7d elementor-section-full_width elementor-section-height-default elementor-section-height-default\" data-id=\"e374b7d\" data-element_type=\"section\" data-e-type=\"section\" data-settings=\"{&quot;background_background&quot;:&quot;classic&quot;}\">\n\t\t\t\t\t\t<div class=\"elementor-container elementor-column-gap-no\">\n\t\t\t\t\t<div class=\"elementor-column elementor-col-100 elementor-top-column elementor-element elementor-element-3c0bf57\" data-id=\"3c0bf57\" data-element_type=\"column\" data-e-type=\"column\">\n\t\t\t<div class=\"elementor-widget-wrap elementor-element-populated\">\n\t\t\t\t\t\t<section class=\"elementor-section elementor-inner-section elementor-element elementor-element-65bc322 elementor-section-full_width elementor-section-height-min-height elementor-section-height-default\" data-id=\"65bc322\" data-element_type=\"section\" data-e-type=\"section\">\n\t\t\t\t\t\t<div class=\"elementor-container elementor-column-gap-no\">\n\t\t\t\t\t<div class=\"elementor-column elementor-col-50 elementor-inner-column elementor-element elementor-element-eb82617\" data-id=\"eb82617\" data-element_type=\"column\" data-e-type=\"column\" data-settings=\"{&quot;background_background&quot;:&quot;classic&quot;}\">\n\t\t\t<div class=\"elementor-widget-wrap elementor-element-populated\">\n\t\t\t\t\t\t<div class=\"elementor-element elementor-element-97cf9e8 elementor-widget elementor-widget-heading\" data-id=\"97cf9e8\" data-element_type=\"widget\" data-e-type=\"widget\" data-widget_type=\"heading.default\">\n\t\t\t\t<div class=\"elementor-widget-container\">\n\t\t\t\t\t<span class=\"elementor-heading-title elementor-size-default\"><nav aria-label=\"breadcrumbs\" class=\"rank-math-breadcrumb\"><p><span class=\"last\">Home<\/span><\/p><\/nav><\/span>\t\t\t\t<\/div>\n\t\t\t\t<\/div>\n\t\t\t\t<div class=\"elementor-element elementor-element-eaab5a0 elementor-widget elementor-widget-heading\" data-id=\"eaab5a0\" data-element_type=\"widget\" data-e-type=\"widget\" data-widget_type=\"heading.default\">\n\t\t\t\t<div class=\"elementor-widget-container\">\n\t\t\t\t\t<h1 class=\"elementor-heading-title elementor-size-default\">Introducci\u00f3n<\/h1>\t\t\t\t<\/div>\n\t\t\t\t<\/div>\n\t\t\t\t<div class=\"elementor-element elementor-element-78f2fdb elementor-widget elementor-widget-text-editor\" data-id=\"78f2fdb\" data-element_type=\"widget\" data-e-type=\"widget\" tabindex=\"2\" data-widget_type=\"text-editor.default\">\n\t\t\t\t<div class=\"elementor-widget-container\">\n\t\t\t\t\t\t\t\t\t<p><span class=\"TextRun SCXW119741530 BCX8\" lang=\"NL-NL\" xml:lang=\"NL-NL\" data-contrast=\"auto\"><span class=\"NormalTextRun SCXW119741530 BCX8\">Casa<\/span><span class=\"NormalTextRun SCXW119741530 BCX8\"> Museo R<\/span><span class=\"NormalTextRun SCXW119741530 BCX8\">embrandt<\/span><\/span><span class=\"EOP SCXW119741530 BCX8\" data-ccp-props=\"{}\">\u00a0<\/span> es el \u00fanico lugar del mundo donde se puede experimentar c\u00f3mo viv\u00eda Rembrandt. En el acogedor entorno del museo, situado en la calle Jodenbreestraat, podr\u00e1 conocer al hombre que hay detr\u00e1s de su arte. D\u00e9jese inspirar por el hombre, el artista, su ciudad y su \u00e9poca. No hay forma mejor de acercarse a Rembrandt que esta.<\/p>\t\t\t\t\t\t\t\t<\/div>\n\t\t\t\t<\/div>\n\t\t\t\t<div class=\"elementor-element elementor-element-162b645 elementor-widget elementor-widget-text-editor\" data-id=\"162b645\" data-element_type=\"widget\" data-e-type=\"widget\" tabindex=\"3\" data-widget_type=\"text-editor.default\">\n\t\t\t\t<div class=\"elementor-widget-container\">\n\t\t\t\t\t\t\t\t\t<p><img fetchpriority=\"high\" decoding=\"async\" class=\"alignnone  wp-image-14365\" src=\"https:\/\/www.rembrandthuis.nl\/wp-content\/uploads\/2025\/07\/Gevel-AadHoogendornRembrandt-divers-88-300x200.jpg\" alt=\"\" width=\"473\" height=\"315\" srcset=\"https:\/\/www.rembrandthuis.nl\/wp-content\/uploads\/2025\/07\/Gevel-AadHoogendornRembrandt-divers-88-300x200.jpg 300w, https:\/\/www.rembrandthuis.nl\/wp-content\/uploads\/2025\/07\/Gevel-AadHoogendornRembrandt-divers-88-1024x683.jpg 1024w, https:\/\/www.rembrandthuis.nl\/wp-content\/uploads\/2025\/07\/Gevel-AadHoogendornRembrandt-divers-88-768x512.jpg 768w, https:\/\/www.rembrandthuis.nl\/wp-content\/uploads\/2025\/07\/Gevel-AadHoogendornRembrandt-divers-88-1536x1025.jpg 1536w, https:\/\/www.rembrandthuis.nl\/wp-content\/uploads\/2025\/07\/Gevel-AadHoogendornRembrandt-divers-88-2048x1366.jpg 2048w\" sizes=\"(max-width: 473px) 100vw, 473px\" \/><\/p>\n<p>El 18 de marzo de 2023, el museo reabri\u00f3 sus puertas con un 30 % m\u00e1s de Rembrandt. Se han a\u00f1adido cinco nuevos espacios al museo, entre los que se incluyen una sala ep\u00edlogo, un \u00e1tico de grabados y una tercera sala de exposiciones. La nueva visita multimedia hace que la casa de Rembrandt y el siglo XVII cobren vida. Podr\u00e1s seguir la historia de la vida de Rembrandt, desde su llegada como un ambicioso artista famoso hasta su salida forzosa debido a la acumulaci\u00f3n de deudas. Adem\u00e1s, hay demostraciones diarias de grabado y pintura en el museo. En el lugar exacto donde Rembrandt cre\u00f3 sus obras maestras, en su estudio, descubrir\u00e1 c\u00f3mo elaboraba sus pinturas. En el nuevo \u00e1tico de grabados, aprender\u00e1 m\u00e1s sobre las t\u00e9cnicas de grabado de Rembrandt. Es como mirar por encima del hombro del artista.<\/p>\n<p><a href=\"https:\/\/www.rembrandthuis.nl\/es\/para-ver-y-hacer\/exposiciones-y-actividades\/exposiciones\/\">Exposiciones y actividades actuales<\/a><\/p>\t\t\t\t\t\t\t\t<\/div>\n\t\t\t\t<\/div>\n\t\t\t\t<div class=\"elementor-element elementor-element-4c10e10 elementor-widget elementor-widget-heading\" data-id=\"4c10e10\" data-element_type=\"widget\" data-e-type=\"widget\" data-widget_type=\"heading.default\">\n\t\t\t\t<div class=\"elementor-widget-container\">\n\t\t\t\t\t<h2 class=\"elementor-heading-title elementor-size-default\">Ha perdido algo en Ha perdido algo en el Museo Rembrandthuis?<\/h2>\t\t\t\t<\/div>\n\t\t\t\t<\/div>\n\t\t\t\t<div class=\"elementor-element elementor-element-c8d96a2 elementor-widget elementor-widget-image\" data-id=\"c8d96a2\" data-element_type=\"widget\" data-e-type=\"widget\" data-widget_type=\"image.default\">\n\t\t\t\t<div class=\"elementor-widget-container\">\n\t\t\t\t\t\t\t\t\t\t\t\t\t\t\t\t<a href=\"https:\/\/ilost.co\/org\/het-rembrandthuis\" target=\"_blank\" rel=\"noopener\">\n\t\t\t\t\t\t\t<img decoding=\"async\" width=\"174\" height=\"68\" src=\"https:\/\/www.rembrandthuis.nl\/wp-content\/uploads\/2023\/02\/ilostfound.png\" class=\"attachment-large size-large wp-image-11854\" alt=\"\" \/>\t\t\t\t\t\t\t\t<\/a>\n\t\t\t\t\t\t\t\t\t\t\t\t\t\t\t<\/div>\n\t\t\t\t<\/div>\n\t\t\t\t\t<\/div>\n\t\t<\/div>\n\t\t\t\t<div class=\"elementor-column elementor-col-50 elementor-inner-column elementor-element elementor-element-3b0c571\" data-id=\"3b0c571\" data-element_type=\"column\" data-e-type=\"column\">\n\t\t\t<div class=\"elementor-widget-wrap\">\n\t\t\t\t\t\t\t<\/div>\n\t\t<\/div>\n\t\t\t\t\t<\/div>\n\t\t<\/section>\n\t\t\t\t\t<\/div>\n\t\t<\/div>\n\t\t\t\t\t<\/div>\n\t\t<\/section>\n\t\t\t\t<\/div>\n\t\t<div id=\"nb-footnote-inline\"><\/div>","protected":false},"excerpt":{"rendered":"<p>Casa Museo Rembrandt\u00a0 es el \u00fanico lugar del mundo donde se puede experimentar c\u00f3mo viv\u00eda Rembrandt. En el acogedor entorno del museo, situado en la calle Jodenbreestraat, podr\u00e1 conocer al hombre que hay detr\u00e1s de su arte. D\u00e9jese inspirar por el hombre, el artista, su ciudad y su \u00e9poca. No hay forma mejor de acercarse [&hellip;]<\/p>\n","protected":false},"author":5,"featured_media":12332,"parent":14463,"menu_order":1,"comment_status":"closed","ping_status":"closed","template":"","meta":{"_acf_changed":false,"footnotes":""},"class_list":["post-14459","page","type-page","status-publish","has-post-thumbnail","hentry"],"acf":[],"_links":{"self":[{"href":"https:\/\/www.rembrandthuis.nl\/es\/wp-json\/wp\/v2\/pages\/14459","targetHints":{"allow":["GET"]}}],"collection":[{"href":"https:\/\/www.rembrandthuis.nl\/es\/wp-json\/wp\/v2\/pages"}],"about":[{"href":"https:\/\/www.rembrandthuis.nl\/es\/wp-json\/wp\/v2\/types\/page"}],"author":[{"embeddable":true,"href":"https:\/\/www.rembrandthuis.nl\/es\/wp-json\/wp\/v2\/users\/5"}],"replies":[{"embeddable":true,"href":"https:\/\/www.rembrandthuis.nl\/es\/wp-json\/wp\/v2\/comments?post=14459"}],"version-history":[{"count":8,"href":"https:\/\/www.rembrandthuis.nl\/es\/wp-json\/wp\/v2\/pages\/14459\/revisions"}],"predecessor-version":[{"id":14785,"href":"https:\/\/www.rembrandthuis.nl\/es\/wp-json\/wp\/v2\/pages\/14459\/revisions\/14785"}],"up":[{"embeddable":true,"href":"https:\/\/www.rembrandthuis.nl\/es\/wp-json\/wp\/v2\/pages\/14463"}],"wp:featuredmedia":[{"embeddable":true,"href":"https:\/\/www.rembrandthuis.nl\/es\/wp-json\/wp\/v2\/media\/12332"}],"wp:attachment":[{"href":"https:\/\/www.rembrandthuis.nl\/es\/wp-json\/wp\/v2\/media?parent=14459"}],"curies":[{"name":"wp","href":"https:\/\/api.w.org\/{rel}","templated":true}]}}