{"id":12385,"date":"2023-03-01T13:48:34","date_gmt":"2023-03-01T12:48:34","guid":{"rendered":"https:\/\/www.rembrandthuis.nl\/para-ver-y-hacer\/exposiciones-y-actividades\/exposiciones\/nu-te-zien\/"},"modified":"2026-02-25T11:41:39","modified_gmt":"2026-02-25T10:41:39","slug":"en-exhibicion-ahora","status":"publish","type":"page","link":"https:\/\/www.rembrandthuis.nl\/es\/para-ver-y-hacer\/exposiciones-y-actividades\/exposiciones\/en-exhibicion-ahora\/","title":{"rendered":"En exhibici\u00f3n ahora"},"content":{"rendered":"\t\t<div data-elementor-type=\"wp-page\" data-elementor-id=\"12385\" class=\"elementor elementor-12385 elementor-3818\" data-elementor-post-type=\"page\">\n\t\t\t\t\t\t<section class=\"elementor-section elementor-top-section elementor-element elementor-element-7225ecf elementor-section-full_width elementor-section-height-default elementor-section-height-default\" data-id=\"7225ecf\" data-element_type=\"section\" data-settings=\"{&quot;background_background&quot;:&quot;classic&quot;}\">\n\t\t\t\t\t\t<div class=\"elementor-container elementor-column-gap-no\">\n\t\t\t\t\t<div class=\"elementor-column elementor-col-100 elementor-top-column elementor-element elementor-element-f8ed29f\" data-id=\"f8ed29f\" data-element_type=\"column\" data-settings=\"{&quot;background_background&quot;:&quot;classic&quot;}\">\n\t\t\t<div class=\"elementor-widget-wrap elementor-element-populated\">\n\t\t\t\t\t\t<section class=\"elementor-section elementor-inner-section elementor-element elementor-element-ecc502c elementor-section-full_width elementor-section-height-min-height elementor-section-content-top elementor-section-height-default\" data-id=\"ecc502c\" data-element_type=\"section\">\n\t\t\t\t\t\t<div class=\"elementor-container elementor-column-gap-no\">\n\t\t\t\t\t<div class=\"elementor-column elementor-col-50 elementor-inner-column elementor-element elementor-element-fa99a5d\" data-id=\"fa99a5d\" data-element_type=\"column\">\n\t\t\t<div class=\"elementor-widget-wrap elementor-element-populated\">\n\t\t\t\t\t\t<div class=\"elementor-element elementor-element-562a5e8 elementor-widget elementor-widget-heading\" data-id=\"562a5e8\" data-element_type=\"widget\" data-widget_type=\"heading.default\">\n\t\t\t\t<div class=\"elementor-widget-container\">\n\t\t\t\t\t<span class=\"elementor-heading-title elementor-size-default\"><nav aria-label=\"breadcrumbs\" class=\"rank-math-breadcrumb\"><p><span class=\"last\">Home<\/span><\/p><\/nav><\/span>\t\t\t\t<\/div>\n\t\t\t\t<\/div>\n\t\t\t\t<div class=\"elementor-element elementor-element-d0b914f elementor-widget elementor-widget-heading\" data-id=\"d0b914f\" data-element_type=\"widget\" data-widget_type=\"heading.default\">\n\t\t\t\t<div class=\"elementor-widget-container\">\n\t\t\t\t\t<h1 class=\"elementor-heading-title elementor-size-default\">En exhibici\u00f3n ahora<\/h1>\t\t\t\t<\/div>\n\t\t\t\t<\/div>\n\t\t\t\t<div class=\"elementor-element elementor-element-55a061a elementor-widget elementor-widget-spacer\" data-id=\"55a061a\" data-element_type=\"widget\" data-widget_type=\"spacer.default\">\n\t\t\t\t<div class=\"elementor-widget-container\">\n\t\t\t\t\t\t\t<div class=\"elementor-spacer\">\n\t\t\t<div class=\"elementor-spacer-inner\"><\/div>\n\t\t<\/div>\n\t\t\t\t\t\t<\/div>\n\t\t\t\t<\/div>\n\t\t\t\t\t<\/div>\n\t\t<\/div>\n\t\t\t\t<div class=\"elementor-column elementor-col-50 elementor-inner-column elementor-element elementor-element-d9054b4\" data-id=\"d9054b4\" data-element_type=\"column\">\n\t\t\t<div class=\"elementor-widget-wrap elementor-element-populated\">\n\t\t\t\t\t\t<div class=\"elementor-element elementor-element-c6a6f26 elementor-posts--thumbnail-top elementor-grid-3 elementor-grid-tablet-2 elementor-grid-mobile-1 elementor-widget elementor-widget-posts\" data-id=\"c6a6f26\" data-element_type=\"widget\" data-settings=\"{&quot;custom_columns&quot;:&quot;3&quot;,&quot;custom_columns_tablet&quot;:&quot;2&quot;,&quot;custom_columns_mobile&quot;:&quot;1&quot;,&quot;custom_row_gap&quot;:{&quot;unit&quot;:&quot;px&quot;,&quot;size&quot;:35,&quot;sizes&quot;:[]},&quot;custom_row_gap_tablet&quot;:{&quot;unit&quot;:&quot;px&quot;,&quot;size&quot;:&quot;&quot;,&quot;sizes&quot;:[]},&quot;custom_row_gap_mobile&quot;:{&quot;unit&quot;:&quot;px&quot;,&quot;size&quot;:&quot;&quot;,&quot;sizes&quot;:[]}}\" data-widget_type=\"posts.custom\">\n\t\t\t\t<div class=\"elementor-widget-container\">\n\t\t\t\t\t      <div class=\"ecs-posts elementor-posts-container elementor-posts   elementor-grid elementor-posts--skin-custom\" data-settings=\"{&quot;current_page&quot;:1,&quot;max_num_pages&quot;:1,&quot;load_method&quot;:&quot;&quot;,&quot;widget_id&quot;:&quot;c6a6f26&quot;,&quot;post_id&quot;:12385,&quot;theme_id&quot;:12385,&quot;change_url&quot;:false,&quot;reinit_js&quot;:false}\">\n      \t\t<article id=\"post-17075\" class=\"elementor-post elementor-grid-item ecs-post-loop post-17075 tentoonstelling type-tentoonstelling status-publish has-post-thumbnail hentry soort-nu-te-zien-2\">\n\t\t<div class=\"ecs-link-wrapper\" data-href=\"https:\/\/www.rembrandthuis.nl\/es\/tentoonstelling\/rembrandt-van-de-buurt-2-0\/\"   >\t\t<div data-elementor-type=\"loop\" data-elementor-id=\"14112\" class=\"elementor elementor-14112 elementor-14039 post-17075 tentoonstelling type-tentoonstelling status-publish has-post-thumbnail hentry soort-nu-te-zien-2\" data-elementor-post-type=\"elementor_library\">\n\t\t\t\t\t<section class=\"elementor-section elementor-top-section elementor-element elementor-element-733be9c6 elementor-section-full_width elementor-section-height-default elementor-section-height-default\" data-id=\"733be9c6\" data-element_type=\"section\">\n\t\t\t\t\t\t<div class=\"elementor-container elementor-column-gap-default\">\n\t\t\t\t\t<div class=\"elementor-column elementor-col-100 elementor-top-column elementor-element elementor-element-2a1ef154\" data-id=\"2a1ef154\" data-element_type=\"column\">\n\t\t\t<div class=\"elementor-widget-wrap elementor-element-populated\">\n\t\t\t\t\t\t<div class=\"elementor-element elementor-element-60184b4d e-transform elementor-widget elementor-widget-image\" data-id=\"60184b4d\" data-element_type=\"widget\" data-settings=\"{&quot;_transform_scale_effect_hover&quot;:{&quot;unit&quot;:&quot;px&quot;,&quot;size&quot;:1.05,&quot;sizes&quot;:[]},&quot;_transform_scale_effect_hover_tablet&quot;:{&quot;unit&quot;:&quot;px&quot;,&quot;size&quot;:&quot;&quot;,&quot;sizes&quot;:[]},&quot;_transform_scale_effect_hover_mobile&quot;:{&quot;unit&quot;:&quot;px&quot;,&quot;size&quot;:&quot;&quot;,&quot;sizes&quot;:[]}}\" data-widget_type=\"image.default\">\n\t\t\t\t<div class=\"elementor-widget-container\">\n\t\t\t\t\t\t\t\t\t\t\t\t\t\t\t<img fetchpriority=\"high\" decoding=\"async\" width=\"1024\" height=\"576\" src=\"https:\/\/www.rembrandthuis.nl\/wp-content\/uploads\/2026\/01\/DSC00306-1024x576.jpg\" class=\"attachment-large size-large wp-image-17236\" alt=\"\" srcset=\"https:\/\/www.rembrandthuis.nl\/wp-content\/uploads\/2026\/01\/DSC00306-1024x576.jpg 1024w, https:\/\/www.rembrandthuis.nl\/wp-content\/uploads\/2026\/01\/DSC00306-300x169.jpg 300w, https:\/\/www.rembrandthuis.nl\/wp-content\/uploads\/2026\/01\/DSC00306-768x432.jpg 768w, https:\/\/www.rembrandthuis.nl\/wp-content\/uploads\/2026\/01\/DSC00306-1536x864.jpg 1536w, https:\/\/www.rembrandthuis.nl\/wp-content\/uploads\/2026\/01\/DSC00306-2048x1152.jpg 2048w\" sizes=\"(max-width: 1024px) 100vw, 1024px\" \/>\t\t\t\t\t\t\t\t\t\t\t\t\t\t\t<\/div>\n\t\t\t\t<\/div>\n\t\t\t\t<div class=\"elementor-element elementor-element-4c07333e elementor-widget elementor-widget-spacer\" data-id=\"4c07333e\" data-element_type=\"widget\" data-widget_type=\"spacer.default\">\n\t\t\t\t<div class=\"elementor-widget-container\">\n\t\t\t\t\t\t\t<div class=\"elementor-spacer\">\n\t\t\t<div class=\"elementor-spacer-inner\"><\/div>\n\t\t<\/div>\n\t\t\t\t\t\t<\/div>\n\t\t\t\t<\/div>\n\t\t\t\t<div class=\"elementor-element elementor-element-41a3f895 elementor-widget elementor-widget-heading\" data-id=\"41a3f895\" data-element_type=\"widget\" aria-label=\"title\" data-widget_type=\"heading.default\">\n\t\t\t\t<div class=\"elementor-widget-container\">\n\t\t\t\t\t<div class=\"elementor-heading-title elementor-size-default\">Rembrandt van de Buurt 2.0<\/div>\t\t\t\t<\/div>\n\t\t\t\t<\/div>\n\t\t\t\t<div class=\"elementor-element elementor-element-1aec30bf elementor-widget__width-auto elementor-widget elementor-widget-heading\" data-id=\"1aec30bf\" data-element_type=\"widget\" aria-label=\"date\" data-widget_type=\"heading.default\">\n\t\t\t\t<div class=\"elementor-widget-container\">\n\t\t\t\t\t<div class=\"elementor-heading-title elementor-size-default\">9 enero 2026<\/div>\t\t\t\t<\/div>\n\t\t\t\t<\/div>\n\t\t\t\t<div class=\"elementor-element elementor-element-4f89a418 elementor-widget__width-auto elementor-widget elementor-widget-heading\" data-id=\"4f89a418\" data-element_type=\"widget\" aria-label=\"date\" data-widget_type=\"heading.default\">\n\t\t\t\t<div class=\"elementor-widget-container\">\n\t\t\t\t\t<div class=\"elementor-heading-title elementor-size-default\">a 17 abril 2026<\/div>\t\t\t\t<\/div>\n\t\t\t\t<\/div>\n\t\t\t\t\t<\/div>\n\t\t<\/div>\n\t\t\t\t\t<\/div>\n\t\t<\/section>\n\t\t\t\t<\/div>\n\t\t<\/div>\t\t<\/article>\n\t\t\t\t<article id=\"post-18021\" class=\"elementor-post elementor-grid-item ecs-post-loop post-18021 tentoonstelling type-tentoonstelling status-publish has-post-thumbnail hentry soort-nu-te-zien-2\">\n\t\t<div class=\"ecs-link-wrapper\" data-href=\"https:\/\/www.rembrandthuis.nl\/es\/tentoonstelling\/warmoes-biennale-iriee-zamble\/\"   >\t\t<div data-elementor-type=\"loop\" data-elementor-id=\"14112\" class=\"elementor elementor-14112 elementor-14039 post-18021 tentoonstelling type-tentoonstelling status-publish has-post-thumbnail hentry soort-nu-te-zien-2\" data-elementor-post-type=\"elementor_library\">\n\t\t\t\t\t<section class=\"elementor-section elementor-top-section elementor-element elementor-element-733be9c6 elementor-section-full_width elementor-section-height-default elementor-section-height-default\" data-id=\"733be9c6\" data-element_type=\"section\">\n\t\t\t\t\t\t<div class=\"elementor-container elementor-column-gap-default\">\n\t\t\t\t\t<div class=\"elementor-column elementor-col-100 elementor-top-column elementor-element elementor-element-2a1ef154\" data-id=\"2a1ef154\" data-element_type=\"column\">\n\t\t\t<div class=\"elementor-widget-wrap elementor-element-populated\">\n\t\t\t\t\t\t<div class=\"elementor-element elementor-element-60184b4d e-transform elementor-widget elementor-widget-image\" data-id=\"60184b4d\" data-element_type=\"widget\" data-settings=\"{&quot;_transform_scale_effect_hover&quot;:{&quot;unit&quot;:&quot;px&quot;,&quot;size&quot;:1.05,&quot;sizes&quot;:[]},&quot;_transform_scale_effect_hover_tablet&quot;:{&quot;unit&quot;:&quot;px&quot;,&quot;size&quot;:&quot;&quot;,&quot;sizes&quot;:[]},&quot;_transform_scale_effect_hover_mobile&quot;:{&quot;unit&quot;:&quot;px&quot;,&quot;size&quot;:&quot;&quot;,&quot;sizes&quot;:[]}}\" data-widget_type=\"image.default\">\n\t\t\t\t<div class=\"elementor-widget-container\">\n\t\t\t\t\t\t\t\t\t\t\t\t\t\t\t<img decoding=\"async\" width=\"1024\" height=\"735\" src=\"https:\/\/www.rembrandthuis.nl\/wp-content\/uploads\/2026\/03\/IMG_0756-1024x735.jpg\" class=\"attachment-large size-large wp-image-18022\" alt=\"\" srcset=\"https:\/\/www.rembrandthuis.nl\/wp-content\/uploads\/2026\/03\/IMG_0756-1024x735.jpg 1024w, https:\/\/www.rembrandthuis.nl\/wp-content\/uploads\/2026\/03\/IMG_0756-300x215.jpg 300w, https:\/\/www.rembrandthuis.nl\/wp-content\/uploads\/2026\/03\/IMG_0756-768x551.jpg 768w, https:\/\/www.rembrandthuis.nl\/wp-content\/uploads\/2026\/03\/IMG_0756-1536x1102.jpg 1536w, https:\/\/www.rembrandthuis.nl\/wp-content\/uploads\/2026\/03\/IMG_0756-2048x1470.jpg 2048w\" sizes=\"(max-width: 1024px) 100vw, 1024px\" \/>\t\t\t\t\t\t\t\t\t\t\t\t\t\t\t<\/div>\n\t\t\t\t<\/div>\n\t\t\t\t<div class=\"elementor-element elementor-element-4c07333e elementor-widget elementor-widget-spacer\" data-id=\"4c07333e\" data-element_type=\"widget\" data-widget_type=\"spacer.default\">\n\t\t\t\t<div class=\"elementor-widget-container\">\n\t\t\t\t\t\t\t<div class=\"elementor-spacer\">\n\t\t\t<div class=\"elementor-spacer-inner\"><\/div>\n\t\t<\/div>\n\t\t\t\t\t\t<\/div>\n\t\t\t\t<\/div>\n\t\t\t\t<div class=\"elementor-element elementor-element-41a3f895 elementor-widget elementor-widget-heading\" data-id=\"41a3f895\" data-element_type=\"widget\" aria-label=\"title\" data-widget_type=\"heading.default\">\n\t\t\t\t<div class=\"elementor-widget-container\">\n\t\t\t\t\t<div class=\"elementor-heading-title elementor-size-default\">Warmoes Bi\u00ebnnale: Iri\u00e9e Zambl\u00e9<\/div>\t\t\t\t<\/div>\n\t\t\t\t<\/div>\n\t\t\t\t<div class=\"elementor-element elementor-element-1aec30bf elementor-widget__width-auto elementor-widget elementor-widget-heading\" data-id=\"1aec30bf\" data-element_type=\"widget\" aria-label=\"date\" data-widget_type=\"heading.default\">\n\t\t\t\t<div class=\"elementor-widget-container\">\n\t\t\t\t\t<div class=\"elementor-heading-title elementor-size-default\">7 marzo 2026<\/div>\t\t\t\t<\/div>\n\t\t\t\t<\/div>\n\t\t\t\t<div class=\"elementor-element elementor-element-4f89a418 elementor-widget__width-auto elementor-widget elementor-widget-heading\" data-id=\"4f89a418\" data-element_type=\"widget\" aria-label=\"date\" data-widget_type=\"heading.default\">\n\t\t\t\t<div class=\"elementor-widget-container\">\n\t\t\t\t\t<div class=\"elementor-heading-title elementor-size-default\">a 3 mayo 2026<\/div>\t\t\t\t<\/div>\n\t\t\t\t<\/div>\n\t\t\t\t\t<\/div>\n\t\t<\/div>\n\t\t\t\t\t<\/div>\n\t\t<\/section>\n\t\t\t\t<\/div>\n\t\t<\/div>\t\t<\/article>\n\t\t\t\t<\/div>\n\t\t\t\t\t\t<\/div>\n\t\t\t\t<\/div>\n\t\t\t\t\t<\/div>\n\t\t<\/div>\n\t\t\t\t\t<\/div>\n\t\t<\/section>\n\t\t\t\t\t<\/div>\n\t\t<\/div>\n\t\t\t\t\t<\/div>\n\t\t<\/section>\n\t\t\t\t<\/div>\n\t\t<div id=\"nb-footnote-inline\"><\/div>","protected":false},"excerpt":{"rendered":"","protected":false},"author":3,"featured_media":17487,"parent":12339,"menu_order":1,"comment_status":"closed","ping_status":"closed","template":"elementor_header_footer","meta":{"_acf_changed":false,"footnotes":""},"class_list":["post-12385","page","type-page","status-publish","has-post-thumbnail","hentry"],"acf":[],"_links":{"self":[{"href":"https:\/\/www.rembrandthuis.nl\/es\/wp-json\/wp\/v2\/pages\/12385","targetHints":{"allow":["GET"]}}],"collection":[{"href":"https:\/\/www.rembrandthuis.nl\/es\/wp-json\/wp\/v2\/pages"}],"about":[{"href":"https:\/\/www.rembrandthuis.nl\/es\/wp-json\/wp\/v2\/types\/page"}],"author":[{"embeddable":true,"href":"https:\/\/www.rembrandthuis.nl\/es\/wp-json\/wp\/v2\/users\/3"}],"replies":[{"embeddable":true,"href":"https:\/\/www.rembrandthuis.nl\/es\/wp-json\/wp\/v2\/comments?post=12385"}],"version-history":[{"count":6,"href":"https:\/\/www.rembrandthuis.nl\/es\/wp-json\/wp\/v2\/pages\/12385\/revisions"}],"predecessor-version":[{"id":14105,"href":"https:\/\/www.rembrandthuis.nl\/es\/wp-json\/wp\/v2\/pages\/12385\/revisions\/14105"}],"up":[{"embeddable":true,"href":"https:\/\/www.rembrandthuis.nl\/es\/wp-json\/wp\/v2\/pages\/12339"}],"wp:featuredmedia":[{"embeddable":true,"href":"https:\/\/www.rembrandthuis.nl\/es\/wp-json\/wp\/v2\/media\/17487"}],"wp:attachment":[{"href":"https:\/\/www.rembrandthuis.nl\/es\/wp-json\/wp\/v2\/media?parent=12385"}],"curies":[{"name":"wp","href":"https:\/\/api.w.org\/{rel}","templated":true}]}}