{"id":11862,"date":"2023-01-09T13:02:35","date_gmt":"2023-01-09T12:02:35","guid":{"rendered":"https:\/\/www.rembrandthuis.nl\/planifiez-votre-visite\/voyages-et-commerces\/"},"modified":"2025-05-08T09:28:03","modified_gmt":"2025-05-08T07:28:03","slug":"travel-trade","status":"publish","type":"page","link":"https:\/\/www.rembrandthuis.nl\/es\/planifique-su-visita\/travel-trade\/","title":{"rendered":"Travel Trade"},"content":{"rendered":"\t\t<div data-elementor-type=\"wp-page\" data-elementor-id=\"11862\" class=\"elementor elementor-11862 elementor-18\" data-elementor-post-type=\"page\">\n\t\t\t\t\t\t<section class=\"elementor-section elementor-top-section elementor-element elementor-element-1acc022b elementor-section-full_width elementor-section-height-default elementor-section-height-default\" data-id=\"1acc022b\" data-element_type=\"section\" data-settings=\"{&quot;background_background&quot;:&quot;classic&quot;}\">\n\t\t\t\t\t\t<div class=\"elementor-container elementor-column-gap-no\">\n\t\t\t\t\t<div class=\"elementor-column elementor-col-100 elementor-top-column elementor-element elementor-element-64d7bcc\" data-id=\"64d7bcc\" data-element_type=\"column\">\n\t\t\t<div class=\"elementor-widget-wrap elementor-element-populated\">\n\t\t\t\t\t\t<section class=\"elementor-section elementor-inner-section elementor-element elementor-element-20d60744 elementor-section-full_width elementor-section-height-min-height elementor-section-height-default\" data-id=\"20d60744\" data-element_type=\"section\">\n\t\t\t\t\t\t<div class=\"elementor-container elementor-column-gap-no\">\n\t\t\t\t\t<div class=\"elementor-column elementor-col-50 elementor-inner-column elementor-element elementor-element-6eee93c\" data-id=\"6eee93c\" data-element_type=\"column\" id=\"content\" data-settings=\"{&quot;background_background&quot;:&quot;classic&quot;}\">\n\t\t\t<div class=\"elementor-widget-wrap elementor-element-populated\">\n\t\t\t\t\t\t<div class=\"elementor-element elementor-element-21c1089b elementor-widget elementor-widget-heading\" data-id=\"21c1089b\" data-element_type=\"widget\" data-widget_type=\"heading.default\">\n\t\t\t\t<div class=\"elementor-widget-container\">\n\t\t\t\t\t<span class=\"elementor-heading-title elementor-size-default\"><nav aria-label=\"breadcrumbs\" class=\"rank-math-breadcrumb\"><p><span class=\"last\">Home<\/span><\/p><\/nav><\/span>\t\t\t\t<\/div>\n\t\t\t\t<\/div>\n\t\t\t\t<div class=\"elementor-element elementor-element-6673eaca elementor-widget elementor-widget-heading\" data-id=\"6673eaca\" data-element_type=\"widget\" data-widget_type=\"heading.default\">\n\t\t\t\t<div class=\"elementor-widget-container\">\n\t\t\t\t\t<h1 class=\"elementor-heading-title elementor-size-default\">Travel Trade<\/h1>\t\t\t\t<\/div>\n\t\t\t\t<\/div>\n\t\t\t\t<div class=\"elementor-element elementor-element-7d1257e3 elementor-widget elementor-widget-text-editor\" data-id=\"7d1257e3\" data-element_type=\"widget\" data-widget_type=\"text-editor.default\">\n\t\t\t\t<div class=\"elementor-widget-container\">\n\t\t\t\t\t\t\t\t\t<p><strong><span class=\"TextRun SCXW189978641 BCX0\" lang=\"EN-US\" xml:lang=\"EN-US\" data-contrast=\"none\"><span class=\"NormalTextRun SCXW189978641 BCX0\" data-ccp-parastyle=\"Normal (Web)\">El Museo <\/span><span class=\"NormalTextRun SCXW189978641 BCX0\" data-ccp-parastyle=\"Normal (Web)\">Rembrandthuis<\/span> <span class=\"NormalTextRun SpellingErrorV2Themed SCXW189978641 BCX0\" data-ccp-parastyle=\"Normal (Web)\">lleva<\/span> <span class=\"NormalTextRun SpellingErrorV2Themed SCXW189978641 BCX0\" data-ccp-parastyle=\"Normal (Web)\">a\u00f1os<\/span> <span class=\"NormalTextRun SpellingErrorV2Themed SCXW189978641 BCX0\" data-ccp-parastyle=\"Normal (Web)\">colaborando<\/span><span class=\"NormalTextRun SCXW189978641 BCX0\" data-ccp-parastyle=\"Normal (Web)\"> con <\/span><span class=\"NormalTextRun SpellingErrorV2Themed SCXW189978641 BCX0\" data-ccp-parastyle=\"Normal (Web)\">numerosos<\/span> <span class=\"NormalTextRun SpellingErrorV2Themed SCXW189978641 BCX0\" data-ccp-parastyle=\"Normal (Web)\">socios<\/span><span class=\"NormalTextRun SCXW189978641 BCX0\" data-ccp-parastyle=\"Normal (Web)\"> del sector Travel Trade, <\/span><span class=\"NormalTextRun SpellingErrorV2Themed SCXW189978641 BCX0\" data-ccp-parastyle=\"Normal (Web)\">como<\/span> <span class=\"NormalTextRun SpellingErrorV2Themed SCXW189978641 BCX0\" data-ccp-parastyle=\"Normal (Web)\">operadores<\/span> <span class=\"NormalTextRun SpellingErrorV2Themed SCXW189978641 BCX0\" data-ccp-parastyle=\"Normal (Web)\">tur\u00edsticos<\/span><span class=\"NormalTextRun SCXW189978641 BCX0\" data-ccp-parastyle=\"Normal (Web)\"> y <\/span><span class=\"NormalTextRun SpellingErrorV2Themed SCXW189978641 BCX0\" data-ccp-parastyle=\"Normal (Web)\">revendedores<\/span><span class=\"NormalTextRun SCXW189978641 BCX0\" data-ccp-parastyle=\"Normal (Web)\">. Junto con <\/span><span class=\"NormalTextRun SpellingErrorV2Themed SCXW189978641 BCX0\" data-ccp-parastyle=\"Normal (Web)\">estos<\/span> <span class=\"NormalTextRun SpellingErrorV2Themed SCXW189978641 BCX0\" data-ccp-parastyle=\"Normal (Web)\">socios<\/span><span class=\"NormalTextRun SCXW189978641 BCX0\" data-ccp-parastyle=\"Normal (Web)\">, se <\/span><span class=\"NormalTextRun SpellingErrorV2Themed SCXW189978641 BCX0\" data-ccp-parastyle=\"Normal (Web)\">analiza<\/span> <span class=\"NormalTextRun SpellingErrorV2Themed SCXW189978641 BCX0\" data-ccp-parastyle=\"Normal (Web)\">activamente<\/span> <span class=\"NormalTextRun SpellingErrorV2Themed SCXW189978641 BCX0\" data-ccp-parastyle=\"Normal (Web)\">c\u00f3mo<\/span> <span class=\"NormalTextRun SpellingErrorV2Themed SCXW189978641 BCX0\" data-ccp-parastyle=\"Normal (Web)\">encaja<\/span> <span class=\"NormalTextRun SpellingErrorV2Themed SCXW189978641 BCX0\" data-ccp-parastyle=\"Normal (Web)\">el<\/span><span class=\"NormalTextRun SCXW189978641 BCX0\" data-ccp-parastyle=\"Normal (Web)\"> Museo <\/span><span class=\"NormalTextRun SCXW189978641 BCX0\" data-ccp-parastyle=\"Normal (Web)\">Rembrandthuis<\/span> <span class=\"NormalTextRun SpellingErrorV2Themed SCXW189978641 BCX0\" data-ccp-parastyle=\"Normal (Web)\">dentro<\/span><span class=\"NormalTextRun SCXW189978641 BCX0\" data-ccp-parastyle=\"Normal (Web)\"> de la <\/span><span class=\"NormalTextRun SpellingErrorV2Themed SCXW189978641 BCX0\" data-ccp-parastyle=\"Normal (Web)\">oferta<\/span><span class=\"NormalTextRun SCXW189978641 BCX0\" data-ccp-parastyle=\"Normal (Web)\"> de <\/span><span class=\"NormalTextRun SpellingErrorV2Themed SCXW189978641 BCX0\" data-ccp-parastyle=\"Normal (Web)\">programas<\/span><span class=\"NormalTextRun SCXW189978641 BCX0\" data-ccp-parastyle=\"Normal (Web)\"> de <\/span><span class=\"NormalTextRun SpellingErrorV2Themed SCXW189978641 BCX0\" data-ccp-parastyle=\"Normal (Web)\">viaje<\/span><span class=\"NormalTextRun SCXW189978641 BCX0\" data-ccp-parastyle=\"Normal (Web)\"> y la <\/span><span class=\"NormalTextRun SpellingErrorV2Themed SCXW189978641 BCX0\" data-ccp-parastyle=\"Normal (Web)\">venta<\/span><span class=\"NormalTextRun SCXW189978641 BCX0\" data-ccp-parastyle=\"Normal (Web)\"> de entradas <\/span><span class=\"NormalTextRun SCXW189978641 BCX0\" data-ccp-parastyle=\"Normal (Web)\">en<\/span> <span class=\"NormalTextRun SpellingErrorV2Themed SCXW189978641 BCX0\" data-ccp-parastyle=\"Normal (Web)\">l\u00ednea<\/span><span class=\"NormalTextRun SCXW189978641 BCX0\" data-ccp-parastyle=\"Normal (Web)\">. Se <\/span><span class=\"NormalTextRun SpellingErrorV2Themed SCXW189978641 BCX0\" data-ccp-parastyle=\"Normal (Web)\">han<\/span> <span class=\"NormalTextRun SpellingErrorV2Themed SCXW189978641 BCX0\" data-ccp-parastyle=\"Normal (Web)\">firmado<\/span> <span class=\"NormalTextRun SpellingErrorV2Themed SCXW189978641 BCX0\" data-ccp-parastyle=\"Normal (Web)\">contratos<\/span><span class=\"NormalTextRun SCXW189978641 BCX0\" data-ccp-parastyle=\"Normal (Web)\"> con <\/span><span class=\"NormalTextRun SpellingErrorV2Themed SCXW189978641 BCX0\" data-ccp-parastyle=\"Normal (Web)\">estos<\/span> <span class=\"NormalTextRun SpellingErrorV2Themed SCXW189978641 BCX0\" data-ccp-parastyle=\"Normal (Web)\">socios<\/span><span class=\"NormalTextRun SCXW189978641 BCX0\" data-ccp-parastyle=\"Normal (Web)\">, lo que les <\/span><span class=\"NormalTextRun SpellingErrorV2Themed SCXW189978641 BCX0\" data-ccp-parastyle=\"Normal (Web)\">permite<\/span> <span class=\"NormalTextRun SpellingErrorV2Themed SCXW189978641 BCX0\" data-ccp-parastyle=\"Normal (Web)\">reservar<\/span> <span class=\"NormalTextRun SpellingErrorV2Themed SCXW189978641 BCX0\" data-ccp-parastyle=\"Normal (Web)\">visitas<\/span> <span class=\"NormalTextRun SCXW189978641 BCX0\" data-ccp-parastyle=\"Normal (Web)\">en<\/span> <span class=\"NormalTextRun SpellingErrorV2Themed SCXW189978641 BCX0\" data-ccp-parastyle=\"Normal (Web)\">grupo<\/span><span class=\"NormalTextRun SCXW189978641 BCX0\" data-ccp-parastyle=\"Normal (Web)\"> a un <\/span><span class=\"NormalTextRun SpellingErrorV2Themed SCXW189978641 BCX0\" data-ccp-parastyle=\"Normal (Web)\">precio<\/span> <span class=\"NormalTextRun SpellingErrorV2Themed SCXW189978641 BCX0\" data-ccp-parastyle=\"Normal (Web)\">atractivo<\/span><span class=\"NormalTextRun SCXW189978641 BCX0\" data-ccp-parastyle=\"Normal (Web)\">.<\/span><\/span><span class=\"EOP SCXW189978641 BCX0\" data-ccp-props=\"{&quot;134233117&quot;:true,&quot;134233118&quot;:true,&quot;335559685&quot;:1416}\">\u00a0<\/span><\/strong><\/p>\t\t\t\t\t\t\t\t<\/div>\n\t\t\t\t<\/div>\n\t\t\t\t<div class=\"elementor-element elementor-element-df78c47 elementor-widget elementor-widget-text-editor\" data-id=\"df78c47\" data-element_type=\"widget\" data-widget_type=\"text-editor.default\">\n\t\t\t\t<div class=\"elementor-widget-container\">\n\t\t\t\t\t\t\t\t\t<p aria-level=\"3\"><b><span data-contrast=\"none\">Contrato de socio<\/span><\/b><span data-ccp-props=\"{&quot;134245418&quot;:true,&quot;134245529&quot;:true,&quot;335559685&quot;:1416,&quot;335559738&quot;:160,&quot;335559739&quot;:80}\">\u00a0<\/span><\/p>\n<ul>\n<li data-leveltext=\"\uf0b7\" data-font=\"Symbol\" data-listid=\"21\" data-list-defn-props=\"{&quot;335552541&quot;:1,&quot;335559685&quot;:2160,&quot;335559991&quot;:360,&quot;469769226&quot;:&quot;Symbol&quot;,&quot;469769242&quot;:[8226],&quot;469777803&quot;:&quot;left&quot;,&quot;469777804&quot;:&quot;\uf0b7&quot;,&quot;469777815&quot;:&quot;hybridMultilevel&quot;}\" aria-setsize=\"-1\" data-aria-posinset=\"1\" data-aria-level=\"1\"><span data-contrast=\"none\">Compra de entradas a un precio especial<\/span><span data-ccp-props=\"{&quot;134233117&quot;:true,&quot;134233118&quot;:true}\">\u00a0<\/span><\/li>\n<\/ul>\n<ul>\n<li data-leveltext=\"\uf0b7\" data-font=\"Symbol\" data-listid=\"21\" data-list-defn-props=\"{&quot;335552541&quot;:1,&quot;335559685&quot;:2160,&quot;335559991&quot;:360,&quot;469769226&quot;:&quot;Symbol&quot;,&quot;469769242&quot;:[8226],&quot;469777803&quot;:&quot;left&quot;,&quot;469777804&quot;:&quot;\uf0b7&quot;,&quot;469777815&quot;:&quot;hybridMultilevel&quot;}\" aria-setsize=\"-1\" data-aria-posinset=\"2\" data-aria-level=\"1\"><span data-contrast=\"none\">\u00a0Facturaci\u00f3n posterior<\/span><span data-ccp-props=\"{&quot;134233117&quot;:true,&quot;134233118&quot;:true}\">\u00a0<\/span><\/li>\n<\/ul>\n<ul>\n<li data-leveltext=\"\uf0b7\" data-font=\"Symbol\" data-listid=\"21\" data-list-defn-props=\"{&quot;335552541&quot;:1,&quot;335559685&quot;:2160,&quot;335559991&quot;:360,&quot;469769226&quot;:&quot;Symbol&quot;,&quot;469769242&quot;:[8226],&quot;469777803&quot;:&quot;left&quot;,&quot;469777804&quot;:&quot;\uf0b7&quot;,&quot;469777815&quot;:&quot;hybridMultilevel&quot;}\" aria-setsize=\"-1\" data-aria-posinset=\"3\" data-aria-level=\"1\"><span data-contrast=\"none\">Reserva de visitas en grupo con fecha y horario<\/span><span data-ccp-props=\"{&quot;134233117&quot;:true,&quot;134233118&quot;:true}\">\u00a0<\/span><\/li>\n<\/ul>\n<ul>\n<li data-leveltext=\"\uf0b7\" data-font=\"Symbol\" data-listid=\"21\" data-list-defn-props=\"{&quot;335552541&quot;:1,&quot;335559685&quot;:2160,&quot;335559991&quot;:360,&quot;469769226&quot;:&quot;Symbol&quot;,&quot;469769242&quot;:[8226],&quot;469777803&quot;:&quot;left&quot;,&quot;469777804&quot;:&quot;\uf0b7&quot;,&quot;469777815&quot;:&quot;hybridMultilevel&quot;}\" aria-setsize=\"-1\" data-aria-posinset=\"4\" data-aria-level=\"1\"><span data-contrast=\"none\">Reserva de gu\u00edas tur\u00edsticos<\/span><span data-ccp-props=\"{&quot;134233117&quot;:true,&quot;134233118&quot;:true}\">\u00a0<\/span><\/li>\n<\/ul>\n<p><span data-contrast=\"none\">Para solicitar un contrato, puede ponerse en contacto con el departamento de Marketing &amp; Ventas:<\/span> <a href=\"mailto:sales@rembrandthuis.nl\">sales@rembrandthuis.nl<\/a> \/+31(0)20 \u2013 520 0400\u00a0<\/p>\t\t\t\t\t\t\t\t<\/div>\n\t\t\t\t<\/div>\n\t\t\t\t<div class=\"elementor-element elementor-element-4f5b589 elementor-widget elementor-widget-text-editor\" data-id=\"4f5b589\" data-element_type=\"widget\" data-widget_type=\"text-editor.default\">\n\t\t\t\t<div class=\"elementor-widget-container\">\n\t\t\t\t\t\t\t\t\t<p aria-level=\"3\"><b><span data-contrast=\"none\">Reservas para operadores tur\u00edsticos<\/span><\/b><span data-ccp-props=\"{&quot;134245418&quot;:true,&quot;134245529&quot;:true,&quot;335559685&quot;:1416,&quot;335559738&quot;:160,&quot;335559739&quot;:80}\">\u00a0<\/span><\/p>\n<p><span data-contrast=\"none\">Es posible realizar reservas grupales para operadores tur\u00edsticos. Para convertirse en socio de vouchers y acceder a tarifas de entrada reducidas en el Museo Rembrandthuis, puede enviar su solicitud a: <a href=\"mailto:groepsboekingen@rembrandthuis.nl\">groepsboekingen@rembrandthuis.nl<\/a>.<\/span><\/p>\n<p><span data-contrast=\"none\">Los socios ya registrados pueden hacer su reserva aqu\u00ed: [Reserva de visitas en grupo \u2013 Rembrandthuis]<\/span><span data-ccp-props=\"{&quot;134233117&quot;:true,&quot;134233118&quot;:true,&quot;335559685&quot;:1416}\">\u00a0<\/span><\/p>\t\t\t\t\t\t\t\t<\/div>\n\t\t\t\t<\/div>\n\t\t\t\t<div class=\"elementor-element elementor-element-72f16c0 elementor-widget elementor-widget-text-editor\" data-id=\"72f16c0\" data-element_type=\"widget\" data-widget_type=\"text-editor.default\">\n\t\t\t\t<div class=\"elementor-widget-container\">\n\t\t\t\t\t\t\t\t\t<p aria-level=\"3\"><b><span data-contrast=\"none\">Revendedores de entradas<\/span><\/b><span data-ccp-props=\"{&quot;134245418&quot;:true,&quot;134245529&quot;:true,&quot;335559685&quot;:1416,&quot;335559738&quot;:160,&quot;335559739&quot;:80}\">\u00a0<\/span><\/p>\n<p><span data-contrast=\"none\">El Museo Rembrandthuis tambi\u00e9n ofrece oportunidades de colaboraci\u00f3n para revendedores de entradas. Para m\u00e1s informaci\u00f3n, puede ponerse en contacto con:<\/span>\u00a0<br \/>sales@rembrandthuis.nl\u00a0<br \/>+31(0)20 \u2013 520 0400\u00a0<\/p>\n<ul>\n<li>\u00a0<\/li>\n<\/ul>\t\t\t\t\t\t\t\t<\/div>\n\t\t\t\t<\/div>\n\t\t\t\t\t<\/div>\n\t\t<\/div>\n\t\t\t\t<div class=\"elementor-column elementor-col-50 elementor-inner-column elementor-element elementor-element-1230d86c\" data-id=\"1230d86c\" data-element_type=\"column\">\n\t\t\t<div class=\"elementor-widget-wrap\">\n\t\t\t\t\t\t\t<\/div>\n\t\t<\/div>\n\t\t\t\t\t<\/div>\n\t\t<\/section>\n\t\t\t\t\t<\/div>\n\t\t<\/div>\n\t\t\t\t\t<\/div>\n\t\t<\/section>\n\t\t\t\t<\/div>\n\t\t<div id=\"nb-footnote-inline\"><\/div>","protected":false},"excerpt":{"rendered":"<p>El Museo Rembrandthuis lleva a\u00f1os colaborando con numerosos socios del sector Travel Trade, como operadores tur\u00edsticos y revendedores. Junto con estos socios, se analiza activamente c\u00f3mo encaja el Museo Rembrandthuis dentro de la oferta de programas de viaje y la venta de entradas en l\u00ednea. Se han firmado contratos con estos socios, lo que les [&hellip;]<\/p>\n","protected":false},"author":2,"featured_media":11863,"parent":11850,"menu_order":9,"comment_status":"closed","ping_status":"closed","template":"elementor_header_footer","meta":{"_acf_changed":false,"footnotes":""},"class_list":["post-11862","page","type-page","status-publish","has-post-thumbnail","hentry"],"acf":[],"_links":{"self":[{"href":"https:\/\/www.rembrandthuis.nl\/es\/wp-json\/wp\/v2\/pages\/11862","targetHints":{"allow":["GET"]}}],"collection":[{"href":"https:\/\/www.rembrandthuis.nl\/es\/wp-json\/wp\/v2\/pages"}],"about":[{"href":"https:\/\/www.rembrandthuis.nl\/es\/wp-json\/wp\/v2\/types\/page"}],"author":[{"embeddable":true,"href":"https:\/\/www.rembrandthuis.nl\/es\/wp-json\/wp\/v2\/users\/2"}],"replies":[{"embeddable":true,"href":"https:\/\/www.rembrandthuis.nl\/es\/wp-json\/wp\/v2\/comments?post=11862"}],"version-history":[{"count":11,"href":"https:\/\/www.rembrandthuis.nl\/es\/wp-json\/wp\/v2\/pages\/11862\/revisions"}],"predecessor-version":[{"id":12664,"href":"https:\/\/www.rembrandthuis.nl\/es\/wp-json\/wp\/v2\/pages\/11862\/revisions\/12664"}],"up":[{"embeddable":true,"href":"https:\/\/www.rembrandthuis.nl\/es\/wp-json\/wp\/v2\/pages\/11850"}],"wp:featuredmedia":[{"embeddable":true,"href":"https:\/\/www.rembrandthuis.nl\/es\/wp-json\/wp\/v2\/media\/11863"}],"wp:attachment":[{"href":"https:\/\/www.rembrandthuis.nl\/es\/wp-json\/wp\/v2\/media?parent=11862"}],"curies":[{"name":"wp","href":"https:\/\/api.w.org\/{rel}","templated":true}]}}