{"id":11859,"date":"2023-01-09T13:02:35","date_gmt":"2023-01-09T12:02:35","guid":{"rendered":"https:\/\/www.rembrandthuis.nl\/planifiez-votre-visite\/groupes\/"},"modified":"2026-01-16T11:38:26","modified_gmt":"2026-01-16T10:38:26","slug":"grupos","status":"publish","type":"page","link":"https:\/\/www.rembrandthuis.nl\/es\/planifique-su-visita\/grupos\/","title":{"rendered":"Grupos"},"content":{"rendered":"\t\t<div data-elementor-type=\"wp-page\" data-elementor-id=\"11859\" class=\"elementor elementor-11859 elementor-17\" data-elementor-post-type=\"page\">\n\t\t\t\t\t\t<section class=\"elementor-section elementor-top-section elementor-element elementor-element-624e4cdc elementor-section-full_width elementor-section-height-default elementor-section-height-default\" data-id=\"624e4cdc\" data-element_type=\"section\" data-settings=\"{&quot;background_background&quot;:&quot;classic&quot;}\">\n\t\t\t\t\t\t<div class=\"elementor-container elementor-column-gap-no\">\n\t\t\t\t\t<div class=\"elementor-column elementor-col-100 elementor-top-column elementor-element elementor-element-32958167\" data-id=\"32958167\" data-element_type=\"column\">\n\t\t\t<div class=\"elementor-widget-wrap elementor-element-populated\">\n\t\t\t\t\t\t<section class=\"elementor-section elementor-inner-section elementor-element elementor-element-385d7a0c elementor-section-full_width elementor-section-height-min-height elementor-section-height-default\" data-id=\"385d7a0c\" data-element_type=\"section\">\n\t\t\t\t\t\t<div class=\"elementor-container elementor-column-gap-no\">\n\t\t\t\t\t<div class=\"elementor-column elementor-col-50 elementor-inner-column elementor-element elementor-element-7d3fe996\" data-id=\"7d3fe996\" data-element_type=\"column\" id=\"content\" data-settings=\"{&quot;background_background&quot;:&quot;classic&quot;}\">\n\t\t\t<div class=\"elementor-widget-wrap elementor-element-populated\">\n\t\t\t\t\t\t<div class=\"elementor-element elementor-element-610fb10c elementor-widget elementor-widget-heading\" data-id=\"610fb10c\" data-element_type=\"widget\" data-widget_type=\"heading.default\">\n\t\t\t\t<div class=\"elementor-widget-container\">\n\t\t\t\t\t<span class=\"elementor-heading-title elementor-size-default\"><nav aria-label=\"breadcrumbs\" class=\"rank-math-breadcrumb\"><p><span class=\"last\">Home<\/span><\/p><\/nav><\/span>\t\t\t\t<\/div>\n\t\t\t\t<\/div>\n\t\t\t\t<div class=\"elementor-element elementor-element-377a97e6 elementor-widget elementor-widget-heading\" data-id=\"377a97e6\" data-element_type=\"widget\" data-widget_type=\"heading.default\">\n\t\t\t\t<div class=\"elementor-widget-container\">\n\t\t\t\t\t<h1 class=\"elementor-heading-title elementor-size-default\">Grupos<\/h1>\t\t\t\t<\/div>\n\t\t\t\t<\/div>\n\t\t\t\t<div class=\"elementor-element elementor-element-506ffa75 elementor-widget elementor-widget-text-editor\" data-id=\"506ffa75\" data-element_type=\"widget\" data-widget_type=\"text-editor.default\">\n\t\t\t\t<div class=\"elementor-widget-container\">\n\t\t\t\t\t\t\t\t\t<p><span class=\"NormalTextRun SCXW251674651 BCX0\">A <\/span><span class=\"NormalTextRun SpellingErrorV2Themed SCXW251674651 BCX0\">continuaci\u00f3n<\/span><span class=\"NormalTextRun SCXW251674651 BCX0\">, <\/span><span class=\"NormalTextRun SpellingErrorV2Themed SCXW251674651 BCX0\">encontrar\u00e1s<\/span><span class=\"NormalTextRun SCXW251674651 BCX0\"> la <\/span><span class=\"NormalTextRun SpellingErrorV2Themed SCXW251674651 BCX0\">oferta<\/span><span class=\"NormalTextRun SCXW251674651 BCX0\"> para <\/span><span class=\"NormalTextRun SpellingErrorV2Themed SCXW251674651 BCX0\">grupos<\/span> <span class=\"NormalTextRun SpellingErrorV2Themed SCXW251674651 BCX0\">escolares<\/span><span class=\"NormalTextRun SCXW251674651 BCX0\"> y <\/span><span class=\"NormalTextRun SpellingErrorV2Themed SCXW251674651 BCX0\">podr\u00e1s<\/span> <span class=\"NormalTextRun SpellingErrorV2Themed SCXW251674651 BCX0\">reservar<\/span> <span class=\"NormalTextRun SpellingErrorV2Themed SCXW251674651 BCX0\">directamente<\/span><span class=\"NormalTextRun SCXW251674651 BCX0\">.<\/span><\/p>\t\t\t\t\t\t\t\t<\/div>\n\t\t\t\t<\/div>\n\t\t\t\t<div class=\"elementor-element elementor-element-310dcf9 elementor-widget elementor-widget-text-editor\" data-id=\"310dcf9\" data-element_type=\"widget\" data-widget_type=\"text-editor.default\">\n\t\t\t\t<div class=\"elementor-widget-container\">\n\t\t\t\t\t\t\t\t\t<p><b><span data-contrast=\"auto\">Reservar para grupos (con o sin visita guiada)<\/span><\/b><span data-ccp-props=\"{&quot;134233117&quot;:true,&quot;134233118&quot;:true,&quot;335559685&quot;:1416}\">\u00a0<\/span><\/p>\n<p><span data-contrast=\"auto\">Visita el Casa Museo Rembrandt en un grupo de hasta 15 personas, con o sin visita guiada. Las entradas para el museo tienen un costo de \u20ac23,50 por persona, con un acompa\u00f1ante gratuito por grupo.<\/span><span data-ccp-props=\"{&quot;134233117&quot;:true,&quot;134233118&quot;:true,&quot;335559685&quot;:1416}\">\u00a0<\/span><\/p>\n<p><span data-contrast=\"auto\">El suplemento para una visita guiada es de \u20ac100 (IVA incluido). Ofrecemos visitas guiadas en neerland\u00e9s, ingl\u00e9s, alem\u00e1n, franc\u00e9s y espa\u00f1ol. <a href=\"https:\/\/tickets.rembrandthuis.nl\/group\/groupbooking\" target=\"_blank\" rel=\"noopener\">Haz aqu\u00ed tu reserva para grupos.<\/a><\/span><a href=\"_wp_link_placeholder\"><span data-ccp-props=\"{&quot;134233117&quot;:true,&quot;134233118&quot;:true,&quot;335559685&quot;:1416}\">\u00a0<\/span><\/a><\/p>\t\t\t\t\t\t\t\t<\/div>\n\t\t\t\t<\/div>\n\t\t\t\t\t<\/div>\n\t\t<\/div>\n\t\t\t\t<div class=\"elementor-column elementor-col-50 elementor-inner-column elementor-element elementor-element-2261dc99\" data-id=\"2261dc99\" data-element_type=\"column\">\n\t\t\t<div class=\"elementor-widget-wrap\">\n\t\t\t\t\t\t\t<\/div>\n\t\t<\/div>\n\t\t\t\t\t<\/div>\n\t\t<\/section>\n\t\t\t\t\t<\/div>\n\t\t<\/div>\n\t\t\t\t\t<\/div>\n\t\t<\/section>\n\t\t\t\t<\/div>\n\t\t<div id=\"nb-footnote-inline\"><\/div>","protected":false},"excerpt":{"rendered":"<p>A continuaci\u00f3n, encontrar\u00e1s la oferta para grupos escolares y podr\u00e1s reservar directamente. Reservar para grupos (con o sin visita guiada)\u00a0 Visita el Casa Museo Rembrandt en un grupo de hasta 15 personas, con o sin visita guiada. Las entradas para el museo tienen un costo de \u20ac23,50 por persona, con un acompa\u00f1ante gratuito por grupo.\u00a0 [&hellip;]<\/p>\n","protected":false},"author":2,"featured_media":11861,"parent":11850,"menu_order":8,"comment_status":"closed","ping_status":"closed","template":"elementor_header_footer","meta":{"_acf_changed":false,"footnotes":""},"class_list":["post-11859","page","type-page","status-publish","has-post-thumbnail","hentry"],"acf":[],"_links":{"self":[{"href":"https:\/\/www.rembrandthuis.nl\/es\/wp-json\/wp\/v2\/pages\/11859","targetHints":{"allow":["GET"]}}],"collection":[{"href":"https:\/\/www.rembrandthuis.nl\/es\/wp-json\/wp\/v2\/pages"}],"about":[{"href":"https:\/\/www.rembrandthuis.nl\/es\/wp-json\/wp\/v2\/types\/page"}],"author":[{"embeddable":true,"href":"https:\/\/www.rembrandthuis.nl\/es\/wp-json\/wp\/v2\/users\/2"}],"replies":[{"embeddable":true,"href":"https:\/\/www.rembrandthuis.nl\/es\/wp-json\/wp\/v2\/comments?post=11859"}],"version-history":[{"count":17,"href":"https:\/\/www.rembrandthuis.nl\/es\/wp-json\/wp\/v2\/pages\/11859\/revisions"}],"predecessor-version":[{"id":17232,"href":"https:\/\/www.rembrandthuis.nl\/es\/wp-json\/wp\/v2\/pages\/11859\/revisions\/17232"}],"up":[{"embeddable":true,"href":"https:\/\/www.rembrandthuis.nl\/es\/wp-json\/wp\/v2\/pages\/11850"}],"wp:featuredmedia":[{"embeddable":true,"href":"https:\/\/www.rembrandthuis.nl\/es\/wp-json\/wp\/v2\/media\/11861"}],"wp:attachment":[{"href":"https:\/\/www.rembrandthuis.nl\/es\/wp-json\/wp\/v2\/media?parent=11859"}],"curies":[{"name":"wp","href":"https:\/\/api.w.org\/{rel}","templated":true}]}}