{"id":11856,"date":"2023-11-22T11:36:29","date_gmt":"2023-11-22T10:36:29","guid":{"rendered":"https:\/\/www.rembrandthuis.nl\/planifiez-votre-visite\/familles-et-enfants\/"},"modified":"2025-06-02T13:46:27","modified_gmt":"2025-06-02T11:46:27","slug":"familias-y-ninos","status":"publish","type":"page","link":"https:\/\/www.rembrandthuis.nl\/es\/planifique-su-visita\/familias-y-ninos\/","title":{"rendered":"Familias y ni\u00f1os"},"content":{"rendered":"\t\t<div data-elementor-type=\"wp-page\" data-elementor-id=\"11856\" class=\"elementor elementor-11856 elementor-8812\" data-elementor-post-type=\"page\">\n\t\t\t\t\t\t<section class=\"elementor-section elementor-top-section elementor-element elementor-element-12880278 elementor-section-boxed elementor-section-height-default elementor-section-height-default\" data-id=\"12880278\" data-element_type=\"section\">\n\t\t\t\t\t\t<div class=\"elementor-container elementor-column-gap-default\">\n\t\t\t\t\t<div class=\"elementor-column elementor-col-100 elementor-top-column elementor-element elementor-element-5f63fac4\" data-id=\"5f63fac4\" data-element_type=\"column\">\n\t\t\t<div class=\"elementor-widget-wrap\">\n\t\t\t\t\t\t\t<\/div>\n\t\t<\/div>\n\t\t\t\t\t<\/div>\n\t\t<\/section>\n\t\t\t\t<section class=\"elementor-section elementor-top-section elementor-element elementor-element-8973621 elementor-section-full_width elementor-section-height-default elementor-section-height-default\" data-id=\"8973621\" data-element_type=\"section\" data-settings=\"{&quot;background_background&quot;:&quot;classic&quot;}\">\n\t\t\t\t\t\t<div class=\"elementor-container elementor-column-gap-no\">\n\t\t\t\t\t<div class=\"elementor-column elementor-col-100 elementor-top-column elementor-element elementor-element-5e99945\" data-id=\"5e99945\" data-element_type=\"column\">\n\t\t\t<div class=\"elementor-widget-wrap elementor-element-populated\">\n\t\t\t\t\t\t<section class=\"elementor-section elementor-inner-section elementor-element elementor-element-ba6b68d elementor-section-full_width elementor-section-height-min-height elementor-section-height-default\" data-id=\"ba6b68d\" data-element_type=\"section\">\n\t\t\t\t\t\t<div class=\"elementor-container elementor-column-gap-no\">\n\t\t\t\t\t<div class=\"elementor-column elementor-col-50 elementor-inner-column elementor-element elementor-element-c9db305\" data-id=\"c9db305\" data-element_type=\"column\" data-settings=\"{&quot;background_background&quot;:&quot;classic&quot;}\">\n\t\t\t<div class=\"elementor-widget-wrap elementor-element-populated\">\n\t\t\t\t\t\t<div class=\"elementor-element elementor-element-5c0fd65 elementor-widget elementor-widget-heading\" data-id=\"5c0fd65\" data-element_type=\"widget\" tabindex=\"-1\" data-widget_type=\"heading.default\">\n\t\t\t\t<div class=\"elementor-widget-container\">\n\t\t\t\t\t<span class=\"elementor-heading-title elementor-size-default\"><nav aria-label=\"breadcrumbs\" class=\"rank-math-breadcrumb\"><p><span class=\"last\">Home<\/span><\/p><\/nav><\/span>\t\t\t\t<\/div>\n\t\t\t\t<\/div>\n\t\t\t\t<div class=\"elementor-element elementor-element-5e03619 elementor-widget elementor-widget-heading\" data-id=\"5e03619\" data-element_type=\"widget\" tabindex=\"1\" data-widget_type=\"heading.default\">\n\t\t\t\t<div class=\"elementor-widget-container\">\n\t\t\t\t\t<h1 class=\"elementor-heading-title elementor-size-default\">Familias y ni\u00f1os<\/h1>\t\t\t\t<\/div>\n\t\t\t\t<\/div>\n\t\t\t\t<div class=\"elementor-element elementor-element-4ae45ffc elementor-widget elementor-widget-text-editor\" data-id=\"4ae45ffc\" data-element_type=\"widget\" data-widget_type=\"text-editor.default\">\n\t\t\t\t<div class=\"elementor-widget-container\">\n\t\t\t\t\t\t\t\t\t<p><span class=\"TextRun Highlight SCXW178266703 BCX0\" lang=\"EN-US\" xml:lang=\"EN-US\" data-contrast=\"none\"><span class=\"NormalTextRun SCXW178266703 BCX0\" data-ccp-parastyle=\"Normal (Web)\">Con las <\/span><span class=\"NormalTextRun SpellingErrorV2Themed SCXW178266703 BCX0\" data-ccp-parastyle=\"Normal (Web)\">demostraciones<\/span> <span class=\"NormalTextRun SpellingErrorV2Themed SCXW178266703 BCX0\" data-ccp-parastyle=\"Normal (Web)\">diarias<\/span><span class=\"NormalTextRun SCXW178266703 BCX0\" data-ccp-parastyle=\"Normal (Web)\"> de pintura y <\/span><span class=\"NormalTextRun SpellingErrorV2Themed SCXW178266703 BCX0\" data-ccp-parastyle=\"Normal (Web)\">grabado<\/span><span class=\"NormalTextRun SCXW178266703 BCX0\" data-ccp-parastyle=\"Normal (Web)\">, <\/span><span class=\"NormalTextRun SpellingErrorV2Themed SCXW178266703 BCX0\" data-ccp-parastyle=\"Normal (Web)\">as\u00ed<\/span> <span class=\"NormalTextRun SpellingErrorV2Themed SCXW178266703 BCX0\" data-ccp-parastyle=\"Normal (Web)\">como<\/span> <span class=\"NormalTextRun SpellingErrorV2Themed SCXW178266703 BCX0\" data-ccp-parastyle=\"Normal (Web)\">actividades<\/span> <span class=\"NormalTextRun SpellingErrorV2Themed SCXW178266703 BCX0\" data-ccp-parastyle=\"Normal (Web)\">interactivas<\/span> <span class=\"NormalTextRun SpellingErrorV2Themed SCXW178266703 BCX0\" data-ccp-parastyle=\"Normal (Web)\">como<\/span> <span class=\"NormalTextRun SpellingErrorV2Themed SCXW178266703 BCX0\" data-ccp-parastyle=\"Normal (Web)\">talleres<\/span><span class=\"NormalTextRun SCXW178266703 BCX0\" data-ccp-parastyle=\"Normal (Web)\"> de <\/span><span class=\"NormalTextRun SpellingErrorV2Themed SCXW178266703 BCX0\" data-ccp-parastyle=\"Normal (Web)\">dibujo<\/span> <span class=\"NormalTextRun SpellingErrorV2Themed SCXW178266703 BCX0\" data-ccp-parastyle=\"Normal (Web)\">durante<\/span><span class=\"NormalTextRun SCXW178266703 BCX0\" data-ccp-parastyle=\"Normal (Web)\"> las <\/span><span class=\"NormalTextRun SpellingErrorV2Themed SCXW178266703 BCX0\" data-ccp-parastyle=\"Normal (Web)\">exposiciones<\/span><span class=\"NormalTextRun SCXW178266703 BCX0\" data-ccp-parastyle=\"Normal (Web)\">, <\/span><span class=\"NormalTextRun SpellingErrorV2Themed SCXW178266703 BCX0\" data-ccp-parastyle=\"Normal (Web)\">el<\/span> <span class=\"NormalTextRun SpellingErrorV2Themed SCXW178266703 BCX0\" data-ccp-parastyle=\"Normal (Web)\">museo<\/span><span class=\"NormalTextRun SCXW178266703 BCX0\" data-ccp-parastyle=\"Normal (Web)\"> es <\/span><span class=\"NormalTextRun SpellingErrorV2Themed SCXW178266703 BCX0\" data-ccp-parastyle=\"Normal (Web)\">una<\/span> <span class=\"NormalTextRun SpellingErrorV2Themed SCXW178266703 BCX0\" data-ccp-parastyle=\"Normal (Web)\">salida<\/span><span class=\"NormalTextRun SCXW178266703 BCX0\" data-ccp-parastyle=\"Normal (Web)\"> perfecta para <\/span><span class=\"NormalTextRun SpellingErrorV2Themed SCXW178266703 BCX0\" data-ccp-parastyle=\"Normal (Web)\">familias<\/span><span class=\"NormalTextRun SCXW178266703 BCX0\" data-ccp-parastyle=\"Normal (Web)\"> con <\/span><span class=\"NormalTextRun SpellingErrorV2Themed SCXW178266703 BCX0\" data-ccp-parastyle=\"Normal (Web)\">ni\u00f1os<\/span><span class=\"NormalTextRun SCXW178266703 BCX0\" data-ccp-parastyle=\"Normal (Web)\">.<\/span><\/span><span class=\"EOP SCXW178266703 BCX0\" data-ccp-props=\"{&quot;134233117&quot;:true,&quot;134233118&quot;:true,&quot;335559685&quot;:1416}\">\u00a0<\/span><br \/><br \/><span style=\"text-decoration: underline;\"><strong><span class=\"TextRun Highlight SCXW244646257 BCX0\" lang=\"NL-NL\" xml:lang=\"NL-NL\" data-contrast=\"none\"><span class=\"NormalTextRun SpellingErrorV2Themed SCXW244646257 BCX0\" data-ccp-charstyle=\"Strong\">Aventuras<\/span><span class=\"NormalTextRun SCXW244646257 BCX0\" data-ccp-charstyle=\"Strong\"> con Kwast (a <\/span><span class=\"NormalTextRun SpellingErrorV2Themed SCXW244646257 BCX0\" data-ccp-charstyle=\"Strong\">partir<\/span><span class=\"NormalTextRun SCXW244646257 BCX0\" data-ccp-charstyle=\"Strong\"> de 6 <\/span><span class=\"NormalTextRun SpellingErrorV2Themed SCXW244646257 BCX0\" data-ccp-charstyle=\"Strong\">a\u00f1os<\/span><span class=\"NormalTextRun SCXW244646257 BCX0\" data-ccp-charstyle=\"Strong\">)<\/span><\/span><\/strong><\/span><\/p>\n<p><img decoding=\"async\" class=\"alignleft\" src=\"https:\/\/www.rembrandthuis.nl\/wp-content\/uploads\/2023\/11\/Ontwerp-zonder-titel-10-e1701083306453-300x242.png\" alt=\"\" width=\"208\" height=\"168\" \/><span class=\"TextRun Highlight SCXW35791875 BCX0\" lang=\"EN-US\" xml:lang=\"EN-US\" data-contrast=\"none\"><span class=\"NormalTextRun SCXW35791875 BCX0\" data-ccp-parastyle=\"Normal (Web)\">Rembrandt no solo <\/span><span class=\"NormalTextRun SpellingErrorV2Themed SCXW35791875 BCX0\" data-ccp-parastyle=\"Normal (Web)\">fue<\/span><span class=\"NormalTextRun SCXW35791875 BCX0\" data-ccp-parastyle=\"Normal (Web)\"> un gran <\/span><span class=\"NormalTextRun SpellingErrorV2Themed SCXW35791875 BCX0\" data-ccp-parastyle=\"Normal (Web)\">artista<\/span><span class=\"NormalTextRun SCXW35791875 BCX0\" data-ccp-parastyle=\"Normal (Web)\">, <\/span><span class=\"NormalTextRun SpellingErrorV2Themed SCXW35791875 BCX0\" data-ccp-parastyle=\"Normal (Web)\">sino<\/span><span class=\"NormalTextRun SCXW35791875 BCX0\" data-ccp-parastyle=\"Normal (Web)\"> tambi\u00e9n un <\/span><span class=\"NormalTextRun SpellingErrorV2Themed SCXW35791875 BCX0\" data-ccp-parastyle=\"Normal (Web)\">amante<\/span><span class=\"NormalTextRun SCXW35791875 BCX0\" data-ccp-parastyle=\"Normal (Web)\"> de <\/span><span class=\"NormalTextRun SpellingErrorV2Themed SCXW35791875 BCX0\" data-ccp-parastyle=\"Normal (Web)\">los<\/span> <span class=\"NormalTextRun SpellingErrorV2Themed SCXW35791875 BCX0\" data-ccp-parastyle=\"Normal (Web)\">animales<\/span><span class=\"NormalTextRun SCXW35791875 BCX0\" data-ccp-parastyle=\"Normal (Web)\">. En <\/span><span class=\"NormalTextRun SpellingErrorV2Themed SCXW35791875 BCX0\" data-ccp-parastyle=\"Normal (Web)\">muchas<\/span><span class=\"NormalTextRun SCXW35791875 BCX0\" data-ccp-parastyle=\"Normal (Web)\"> de sus pinturas y <\/span><span class=\"NormalTextRun SpellingErrorV2Themed SCXW35791875 BCX0\" data-ccp-parastyle=\"Normal (Web)\">grabados<\/span> <span class=\"NormalTextRun SpellingErrorV2Themed SCXW35791875 BCX0\" data-ccp-parastyle=\"Normal (Web)\">aparecen<\/span> <span class=\"NormalTextRun SpellingErrorV2Themed SCXW35791875 BCX0\" data-ccp-parastyle=\"Normal (Web)\">animales<\/span><span class=\"NormalTextRun SCXW35791875 BCX0\" data-ccp-parastyle=\"Normal (Web)\">. Sin embargo, hay uno que <\/span><span class=\"NormalTextRun SpellingErrorV2Themed SCXW35791875 BCX0\" data-ccp-parastyle=\"Normal (Web)\">aparece<\/span><span class=\"NormalTextRun SCXW35791875 BCX0\" data-ccp-parastyle=\"Normal (Web)\"> con <\/span><span class=\"NormalTextRun SpellingErrorV2Themed SCXW35791875 BCX0\" data-ccp-parastyle=\"Normal (Web)\">frecuencia<\/span><span class=\"NormalTextRun SCXW35791875 BCX0\" data-ccp-parastyle=\"Normal (Web)\">: <\/span><span class=\"NormalTextRun SpellingErrorV2Themed SCXW35791875 BCX0\" data-ccp-parastyle=\"Normal (Web)\">su<\/span> <span class=\"NormalTextRun SpellingErrorV2Themed SCXW35791875 BCX0\" data-ccp-parastyle=\"Normal (Web)\">perro<\/span><span class=\"NormalTextRun SCXW35791875 BCX0\" data-ccp-parastyle=\"Normal (Web)\"> Kwast. Kwast <\/span><span class=\"NormalTextRun SpellingErrorV2Themed SCXW35791875 BCX0\" data-ccp-parastyle=\"Normal (Web)\">conoce<\/span> <span class=\"NormalTextRun SpellingErrorV2Themed SCXW35791875 BCX0\" data-ccp-parastyle=\"Normal (Web)\">todos<\/span> <span class=\"NormalTextRun SpellingErrorV2Themed SCXW35791875 BCX0\" data-ccp-parastyle=\"Normal (Web)\">los<\/span> <span class=\"NormalTextRun SpellingErrorV2Themed SCXW35791875 BCX0\" data-ccp-parastyle=\"Normal (Web)\">rincones<\/span><span class=\"NormalTextRun SCXW35791875 BCX0\" data-ccp-parastyle=\"Normal (Web)\"> y <\/span><span class=\"NormalTextRun SpellingErrorV2Themed SCXW35791875 BCX0\" data-ccp-parastyle=\"Normal (Web)\">secretos<\/span><span class=\"NormalTextRun SCXW35791875 BCX0\" data-ccp-parastyle=\"Normal (Web)\"> de la casa, <\/span><span class=\"NormalTextRun SpellingErrorV2Themed SCXW35791875 BCX0\" data-ccp-parastyle=\"Normal (Web)\">por<\/span><span class=\"NormalTextRun SCXW35791875 BCX0\" data-ccp-parastyle=\"Normal (Web)\"> lo que es <\/span><span class=\"NormalTextRun SpellingErrorV2Themed SCXW35791875 BCX0\" data-ccp-parastyle=\"Normal (Web)\">el<\/span> <span class=\"NormalTextRun SpellingErrorV2Themed SCXW35791875 BCX0\" data-ccp-parastyle=\"Normal (Web)\">gu\u00eda<\/span><span class=\"NormalTextRun SCXW35791875 BCX0\" data-ccp-parastyle=\"Normal (Web)\"> perfecto. La <\/span><span class=\"NormalTextRun SpellingErrorV2Themed SCXW35791875 BCX0\" data-ccp-parastyle=\"Normal (Web)\">nueva<\/span> <span class=\"NormalTextRun SpellingErrorV2Themed SCXW35791875 BCX0\" data-ccp-parastyle=\"Normal (Web)\">audiogu\u00eda<\/span><span class=\"NormalTextRun SCXW35791875 BCX0\" data-ccp-parastyle=\"Normal (Web)\"> multimedia <\/span><span class=\"NormalTextRun SpellingErrorV2Themed SCXW35791875 BCX0\" data-ccp-parastyle=\"Normal (Web)\">te<\/span> <span class=\"NormalTextRun SpellingErrorV2Themed SCXW35791875 BCX0\" data-ccp-parastyle=\"Normal (Web)\">llevar\u00e1<\/span><span class=\"NormalTextRun SCXW35791875 BCX0\" data-ccp-parastyle=\"Normal (Web)\"> a <\/span><span class=\"NormalTextRun SpellingErrorV2Themed SCXW35791875 BCX0\" data-ccp-parastyle=\"Normal (Web)\">una<\/span> <span class=\"NormalTextRun SpellingErrorV2Themed SCXW35791875 BCX0\" data-ccp-parastyle=\"Normal (Web)\">aventura<\/span> <span class=\"NormalTextRun SpellingErrorV2Themed SCXW35791875 BCX0\" data-ccp-parastyle=\"Normal (Web)\">por<\/span> <span class=\"NormalTextRun SpellingErrorV2Themed SCXW35791875 BCX0\" data-ccp-parastyle=\"Normal (Web)\">el<\/span><span class=\"NormalTextRun SCXW35791875 BCX0\" data-ccp-parastyle=\"Normal (Web)\"> Museo <\/span><span class=\"NormalTextRun SCXW35791875 BCX0\" data-ccp-parastyle=\"Normal (Web)\">Rembrandthuis<\/span><span class=\"NormalTextRun SCXW35791875 BCX0\" data-ccp-parastyle=\"Normal (Web)\"> junto a Kwast.<\/span><\/span><span class=\"EOP SCXW35791875 BCX0\" data-ccp-props=\"{&quot;134233117&quot;:true,&quot;134233118&quot;:true,&quot;335559685&quot;:1416}\">\u00a0<\/span><\/p>\n<p><span style=\"text-decoration: underline;\"><strong><span class=\"TextRun Highlight SCXW267847718 BCX0\" lang=\"EN-US\" xml:lang=\"EN-US\" data-contrast=\"none\"><span class=\"NormalTextRun SCXW267847718 BCX0\" data-ccp-charstyle=\"Strong\">\u00bf<\/span><span class=\"NormalTextRun SpellingErrorV2Themed SCXW267847718 BCX0\" data-ccp-charstyle=\"Strong\">C\u00f3mo<\/span> <span class=\"NormalTextRun SpellingErrorV2Themed SCXW267847718 BCX0\" data-ccp-charstyle=\"Strong\">hac\u00eda<\/span><span class=\"NormalTextRun SCXW267847718 BCX0\" data-ccp-charstyle=\"Strong\"> Rembrandt sus pinturas y <\/span><span class=\"NormalTextRun SpellingErrorV2Themed SCXW267847718 BCX0\" data-ccp-charstyle=\"Strong\">grabados<\/span><span class=\"NormalTextRun SCXW267847718 BCX0\" data-ccp-charstyle=\"Strong\">?<\/span><\/span><\/strong><\/span><\/p>\n<p><img decoding=\"async\" class=\"wp-image-675 alignright\" src=\"https:\/\/www.rembrandthuis.nl\/wp-content\/uploads\/2023\/02\/vlzutnj-300x200.webp\" sizes=\"(max-width: 212px) 100vw, 212px\" srcset=\"https:\/\/www.rembrandthuis.nl\/wp-content\/uploads\/2023\/02\/vlzutnj-300x200.webp 300w, https:\/\/www.rembrandthuis.nl\/wp-content\/uploads\/2023\/02\/vlzutnj-1024x683.webp 1024w, https:\/\/www.rembrandthuis.nl\/wp-content\/uploads\/2023\/02\/vlzutnj-768x512.webp 768w, https:\/\/www.rembrandthuis.nl\/wp-content\/uploads\/2023\/02\/vlzutnj.webp 1500w\" alt=\"Een afbeelding van iemand aan het schilderen is.\" width=\"212\" height=\"141\" data-pagespeed-url-hash=\"1796550844\" \/><\/p>\n<p><b><span data-contrast=\"none\">Demostraciones diarias de pintura y grabado<\/span><\/b><span data-ccp-props=\"{&quot;134233117&quot;:true,&quot;134233118&quot;:true,&quot;335559685&quot;:1416}\">\u00a0<\/span><\/p>\n<p><span data-contrast=\"none\">Todos los d\u00edas hay una demostraci\u00f3n gratuita de pintura o grabado en el museo. En el taller de Rembrandt descubrir\u00e1s c\u00f3mo preparaba sus pinturas y qu\u00e9 materiales utilizaba: desde plomo t\u00f3xico y cochinillas de un rojo vibrante hasta aceite de linaza arom\u00e1tico e incluso vejigas de cerdo. Tambi\u00e9n podr\u00e1s probar t\u00fa mismo: mezcla los pigmentos sobre la piedra de moler y crea tu propia obra en un lienzo.<\/span><span data-ccp-props=\"{&quot;134233117&quot;:true,&quot;134233118&quot;:true,&quot;335559685&quot;:1416}\">\u00a0<\/span><\/p>\n<p><span data-contrast=\"none\">En el \u00e1tico de grabado ver\u00e1s paso a paso c\u00f3mo Rembrandt realizaba sus grabados. \u00a1Y lo mejor de todo es que uno de sus grabados muestra a su perro Kwast! Todos los visitantes recibir\u00e1n una copia impresa (un grabado o una postal) como recuerdo.<\/span><span data-ccp-props=\"{&quot;134233117&quot;:true,&quot;134233118&quot;:true,&quot;335559685&quot;:1416}\">\u00a0<\/span><\/p>\n<p><b><span data-contrast=\"none\">Horarios:<\/span><\/b><span data-contrast=\"none\"> Entre las 10:30 y las 15:30<\/span>\u00a0<br \/><b><span data-contrast=\"none\">No es necesario reservar para la audiogu\u00eda multimedia ni para las demostraciones.<\/span><\/b><span data-ccp-props=\"{&quot;134233117&quot;:true,&quot;134233118&quot;:true,&quot;335559685&quot;:1416}\">\u00a0<\/span><\/p>\n<p><a href=\"https:\/\/www.tiqets.com\/es\/atracciones-amsterdam-c75061\/entradas-para-la-casa-museo-de-rembrandt-fabrique-des-lumieres-experiencia-con-maestros-holandeses-p1099199\/?partner=museum_rembrandthuis\" target=\"_blank\" rel=\"noopener\">Reserva aqu\u00ed tu entrada<\/a> combinada para Museum Rembrandthuis + Fabrique des Lumi\u00e8res, la experiencia de los Maestros Holandeses.<span data-ccp-props=\"{&quot;134233117&quot;:true,&quot;134233118&quot;:true,&quot;335559685&quot;:1416}\">\u00a0<\/span><\/p>\n<p><span data-contrast=\"none\">Sigue los pasos de Rembrandt en Museum Rembrandthuis y luego sum\u00e9rgete en la genialidad de los maestros holandeses en Fabrique des Lumi\u00e8res.<\/span><span data-ccp-props=\"{&quot;134233117&quot;:true,&quot;134233118&quot;:true,&quot;335559685&quot;:1416}\">\u00a0<\/span><\/p>\n<p><img decoding=\"async\" src=\"https:\/\/www.rembrandthuis.nl\/wp-content\/uploads\/2024\/07\/Kidsproof-online-keurmerk-voor-op-gekleurde-achtergrond.png\" alt=\"\" width=\"95\" height=\"95\" \/><\/p>\n<p>\u00a0<\/p>\t\t\t\t\t\t\t\t<\/div>\n\t\t\t\t<\/div>\n\t\t\t\t\t<\/div>\n\t\t<\/div>\n\t\t\t\t<div class=\"elementor-column elementor-col-50 elementor-inner-column elementor-element elementor-element-2b0e0d1\" data-id=\"2b0e0d1\" data-element_type=\"column\">\n\t\t\t<div class=\"elementor-widget-wrap\">\n\t\t\t\t\t\t\t<\/div>\n\t\t<\/div>\n\t\t\t\t\t<\/div>\n\t\t<\/section>\n\t\t\t\t\t<\/div>\n\t\t<\/div>\n\t\t\t\t\t<\/div>\n\t\t<\/section>\n\t\t\t\t<\/div>\n\t\t<div id=\"nb-footnote-inline\"><\/div>","protected":false},"excerpt":{"rendered":"<p>Familias y ni\u00f1os Con las demostraciones diarias de pintura y grabado, as\u00ed como actividades interactivas como talleres de dibujo durante las exposiciones, el museo es una salida perfecta para familias con ni\u00f1os.\u00a0 Aventuras con Kwast (a partir de 6 a\u00f1os) Rembrandt no solo fue un gran artista, sino tambi\u00e9n un amante de los animales. En [&hellip;]<\/p>\n","protected":false},"author":2,"featured_media":13598,"parent":11850,"menu_order":3,"comment_status":"closed","ping_status":"closed","template":"elementor_header_footer","meta":{"_acf_changed":false,"footnotes":""},"class_list":["post-11856","page","type-page","status-publish","has-post-thumbnail","hentry"],"acf":[],"_links":{"self":[{"href":"https:\/\/www.rembrandthuis.nl\/es\/wp-json\/wp\/v2\/pages\/11856","targetHints":{"allow":["GET"]}}],"collection":[{"href":"https:\/\/www.rembrandthuis.nl\/es\/wp-json\/wp\/v2\/pages"}],"about":[{"href":"https:\/\/www.rembrandthuis.nl\/es\/wp-json\/wp\/v2\/types\/page"}],"author":[{"embeddable":true,"href":"https:\/\/www.rembrandthuis.nl\/es\/wp-json\/wp\/v2\/users\/2"}],"replies":[{"embeddable":true,"href":"https:\/\/www.rembrandthuis.nl\/es\/wp-json\/wp\/v2\/comments?post=11856"}],"version-history":[{"count":8,"href":"https:\/\/www.rembrandthuis.nl\/es\/wp-json\/wp\/v2\/pages\/11856\/revisions"}],"predecessor-version":[{"id":13061,"href":"https:\/\/www.rembrandthuis.nl\/es\/wp-json\/wp\/v2\/pages\/11856\/revisions\/13061"}],"up":[{"embeddable":true,"href":"https:\/\/www.rembrandthuis.nl\/es\/wp-json\/wp\/v2\/pages\/11850"}],"wp:featuredmedia":[{"embeddable":true,"href":"https:\/\/www.rembrandthuis.nl\/es\/wp-json\/wp\/v2\/media\/13598"}],"wp:attachment":[{"href":"https:\/\/www.rembrandthuis.nl\/es\/wp-json\/wp\/v2\/media?parent=11856"}],"curies":[{"name":"wp","href":"https:\/\/api.w.org\/{rel}","templated":true}]}}