{"id":11837,"date":"2023-01-09T13:05:47","date_gmt":"2023-01-09T12:05:47","guid":{"rendered":"https:\/\/www.rembrandthuis.nl\/home-2\/"},"modified":"2025-12-16T11:34:38","modified_gmt":"2025-12-16T10:34:38","slug":"home","status":"publish","type":"page","link":"https:\/\/www.rembrandthuis.nl\/es\/","title":{"rendered":"Home"},"content":{"rendered":"\t\t<div data-elementor-type=\"wp-page\" data-elementor-id=\"11837\" class=\"elementor elementor-11837 elementor-32\" data-elementor-post-type=\"page\">\n\t\t\t\t\t\t<section class=\"elementor-section elementor-top-section elementor-element elementor-element-eb56782 elementor-section-full_width elementor-section-content-top elementor-section-height-default elementor-section-height-default\" data-id=\"eb56782\" data-element_type=\"section\">\n\t\t\t\t\t\t<div class=\"elementor-container elementor-column-gap-no\">\n\t\t\t\t\t<div class=\"elementor-column elementor-col-100 elementor-top-column elementor-element elementor-element-1a55a28\" data-id=\"1a55a28\" data-element_type=\"column\" data-settings=\"{&quot;animation&quot;:&quot;none&quot;}\">\n\t\t\t<div class=\"elementor-widget-wrap elementor-element-populated\">\n\t\t\t\t\t\t<div class=\"elementor-element elementor-element-624a443 elementor-widget-mobile__width-inherit elementor-widget elementor-widget-video\" data-id=\"624a443\" data-element_type=\"widget\" data-settings=\"{&quot;youtube_url&quot;:&quot;https:\\\/\\\/youtu.be\\\/k5SRL127bdI?si=zvwpIBkGkI6Nar4B&quot;,&quot;autoplay&quot;:&quot;yes&quot;,&quot;mute&quot;:&quot;yes&quot;,&quot;loop&quot;:&quot;yes&quot;,&quot;play_on_mobile&quot;:&quot;yes&quot;,&quot;video_type&quot;:&quot;youtube&quot;,&quot;controls&quot;:&quot;yes&quot;}\" data-widget_type=\"video.default\">\n\t\t\t\t<div class=\"elementor-widget-container\">\n\t\t\t\t\t\t\t<div class=\"elementor-wrapper elementor-open-inline\">\n\t\t\t<div class=\"elementor-video\"><\/div>\t\t<\/div>\n\t\t\t\t\t\t<\/div>\n\t\t\t\t<\/div>\n\t\t\t\t\t<\/div>\n\t\t<\/div>\n\t\t\t\t\t<\/div>\n\t\t<\/section>\n\t\t\t\t<section class=\"elementor-section elementor-top-section elementor-element elementor-element-3cb50b0 elementor-section-full_width elementor-section-height-min-height elementor-section-items-stretch elementor-section-content-bottom elementor-hidden-mobile elementor-section-height-default\" data-id=\"3cb50b0\" data-element_type=\"section\" data-settings=\"{&quot;background_background&quot;:&quot;classic&quot;}\">\n\t\t\t\t\t\t\t<div class=\"elementor-background-overlay\"><\/div>\n\t\t\t\t\t\t\t<div class=\"elementor-container elementor-column-gap-no\">\n\t\t\t\t\t<div class=\"elementor-column elementor-col-100 elementor-top-column elementor-element elementor-element-2ec164a\" data-id=\"2ec164a\" data-element_type=\"column\" id=\"content\" data-settings=\"{&quot;background_background&quot;:&quot;slideshow&quot;,&quot;background_slideshow_gallery&quot;:[{&quot;id&quot;:9328,&quot;url&quot;:&quot;https:\\\/\\\/www.rembrandthuis.nl\\\/wp-content\\\/uploads\\\/2024\\\/03\\\/JVF-2024-Rembrandthuis-L-scaled-e1710422695435.jpg&quot;}],&quot;background_slideshow_loop&quot;:&quot;yes&quot;,&quot;background_slideshow_slide_duration&quot;:5000,&quot;background_slideshow_slide_transition&quot;:&quot;fade&quot;,&quot;background_slideshow_transition_duration&quot;:500}\">\n\t\t\t<div class=\"elementor-widget-wrap elementor-element-populated\">\n\t\t\t\t\t\t<section class=\"elementor-section elementor-inner-section elementor-element elementor-element-c8389bc elementor-section-full_width elementor-section-height-min-height elementor-section-height-default\" data-id=\"c8389bc\" data-element_type=\"section\" data-settings=\"{&quot;background_background&quot;:&quot;classic&quot;}\">\n\t\t\t\t\t\t<div class=\"elementor-container elementor-column-gap-default\">\n\t\t\t\t\t<div class=\"elementor-column elementor-col-50 elementor-inner-column elementor-element elementor-element-a11d346\" data-id=\"a11d346\" data-element_type=\"column\" tabindex=\"1\">\n\t\t\t<div class=\"elementor-widget-wrap elementor-element-populated\">\n\t\t\t\t\t\t<div class=\"elementor-element elementor-element-5cd7255 elementor-widget elementor-widget-heading\" data-id=\"5cd7255\" data-element_type=\"widget\" data-widget_type=\"heading.default\">\n\t\t\t\t<div class=\"elementor-widget-container\">\n\t\t\t\t\t<h1 class=\"elementor-heading-title elementor-size-default\">Bienvenido.<\/h1>\t\t\t\t<\/div>\n\t\t\t\t<\/div>\n\t\t\t\t\t<\/div>\n\t\t<\/div>\n\t\t\t\t<div class=\"elementor-column elementor-col-50 elementor-inner-column elementor-element elementor-element-8ccad09\" data-id=\"8ccad09\" data-element_type=\"column\">\n\t\t\t<div class=\"elementor-widget-wrap elementor-element-populated\">\n\t\t\t\t\t\t<div class=\"elementor-element elementor-element-efa8612 elementor-widget elementor-widget-text-editor\" data-id=\"efa8612\" data-element_type=\"widget\" data-widget_type=\"text-editor.default\">\n\t\t\t\t<div class=\"elementor-widget-container\">\n\t\t\t\t\t\t\t\t\t<p><span class=\"NormalTextRun SCXW258385035 BCX0\"><span data-olk-copy-source=\"MessageBody\"> Casa Museo Rembrandt<\/span> es <\/span><span class=\"NormalTextRun SpellingErrorV2Themed SCXW258385035 BCX0\">el<\/span> <span class=\"NormalTextRun SpellingErrorV2Themed SCXW258385035 BCX0\">\u00fanico<\/span> <span class=\"NormalTextRun SpellingErrorV2Themed SCXW258385035 BCX0\">lugar<\/span> <span class=\"NormalTextRun SCXW258385035 BCX0\">en<\/span> <span class=\"NormalTextRun SpellingErrorV2Themed SCXW258385035 BCX0\">el<\/span> <span class=\"NormalTextRun SpellingErrorV2Themed SCXW258385035 BCX0\">mundo<\/span> <span class=\"NormalTextRun SpellingErrorV2Themed SCXW258385035 BCX0\">donde<\/span> <span class=\"NormalTextRun SpellingErrorV2Themed SCXW258385035 BCX0\">puedes<\/span> <span class=\"NormalTextRun SpellingErrorV2Themed SCXW258385035 BCX0\">experimentar<\/span> <span class=\"NormalTextRun SpellingErrorV2Themed SCXW258385035 BCX0\">c\u00f3mo<\/span> <span class=\"NormalTextRun SpellingErrorV2Themed SCXW258385035 BCX0\">vivi\u00f3<\/span><span class=\"NormalTextRun SCXW258385035 BCX0\"> Rembrandt. En <\/span><span class=\"NormalTextRun SpellingErrorV2Themed SCXW258385035 BCX0\">el<\/span> <span class=\"NormalTextRun SpellingErrorV2Themed SCXW258385035 BCX0\">ambiente<\/span> <span class=\"NormalTextRun SpellingErrorV2Themed SCXW258385035 BCX0\">acogedor<\/span><span class=\"NormalTextRun SCXW258385035 BCX0\"> del <\/span><span class=\"NormalTextRun SpellingErrorV2Themed SCXW258385035 BCX0\">museo<\/span><span class=\"NormalTextRun SCXW258385035 BCX0\">, <\/span><span class=\"NormalTextRun SpellingErrorV2Themed SCXW258385035 BCX0\">ubicado<\/span> <span class=\"NormalTextRun SCXW258385035 BCX0\">en<\/span><span class=\"NormalTextRun SCXW258385035 BCX0\"> la <\/span><span class=\"NormalTextRun SpellingErrorV2Themed SCXW258385035 BCX0\">Jodenbreestraat<\/span><span class=\"NormalTextRun SCXW258385035 BCX0\">, <\/span><span class=\"NormalTextRun SpellingErrorV2Themed SCXW258385035 BCX0\">descubrir\u00e1s<\/span><span class=\"NormalTextRun SCXW258385035 BCX0\"> al hombre <\/span><span class=\"NormalTextRun SpellingErrorV2Themed SCXW258385035 BCX0\">detr\u00e1s<\/span><span class=\"NormalTextRun SCXW258385035 BCX0\"> del <\/span><span class=\"NormalTextRun SpellingErrorV2Themed SCXW258385035 BCX0\">arte<\/span><span class=\"NormalTextRun SCXW258385035 BCX0\">. <\/span><span class=\"NormalTextRun SpellingErrorV2Themed SCXW258385035 BCX0\">D\u00e9jate<\/span> <span class=\"NormalTextRun SpellingErrorV2Themed SCXW258385035 BCX0\">inspirar<\/span> <span class=\"NormalTextRun SpellingErrorV2Themed SCXW258385035 BCX0\">por<\/span> <span class=\"NormalTextRun SpellingErrorV2Themed SCXW258385035 BCX0\">su<\/span> <span class=\"NormalTextRun SpellingErrorV2Themed SCXW258385035 BCX0\">obra<\/span><span class=\"NormalTextRun SCXW258385035 BCX0\"> y las <\/span><span class=\"NormalTextRun SpellingErrorV2Themed SCXW258385035 BCX0\">historias<\/span><span class=\"NormalTextRun SCXW258385035 BCX0\"> de <\/span><span class=\"NormalTextRun SpellingErrorV2Themed SCXW258385035 BCX0\">su<\/span> <span class=\"NormalTextRun SpellingErrorV2Themed SCXW258385035 BCX0\">vida<\/span><span class=\"NormalTextRun SCXW258385035 BCX0\">. En <span data-olk-copy-source=\"MessageBody\"> Casa Museo Rembrandt<\/span><\/span><span class=\"NormalTextRun SCXW258385035 BCX0\">, <\/span><span class=\"NormalTextRun SpellingErrorV2Themed SCXW258385035 BCX0\">te<\/span> <span class=\"NormalTextRun SpellingErrorV2Themed SCXW258385035 BCX0\">acercar\u00e1s<\/span> <span class=\"NormalTextRun SpellingErrorV2Themed SCXW258385035 BCX0\">m\u00e1s<\/span><span class=\"NormalTextRun SCXW258385035 BCX0\"> que <\/span><span class=\"NormalTextRun SpellingErrorV2Themed SCXW258385035 BCX0\">nunca<\/span><span class=\"NormalTextRun SCXW258385035 BCX0\"> a Rembrandt.<\/span><\/p>\t\t\t\t\t\t\t\t<\/div>\n\t\t\t\t<\/div>\n\t\t\t\t\t<\/div>\n\t\t<\/div>\n\t\t\t\t\t<\/div>\n\t\t<\/section>\n\t\t\t\t\t<\/div>\n\t\t<\/div>\n\t\t\t\t\t<\/div>\n\t\t<\/section>\n\t\t\t\t<section class=\"elementor-section elementor-top-section elementor-element elementor-element-a4f18ed elementor-section-full_width elementor-section-height-min-height elementor-section-items-top elementor-section-content-bottom elementor-hidden-desktop elementor-hidden-tablet elementor-section-height-default\" data-id=\"a4f18ed\" data-element_type=\"section\" data-settings=\"{&quot;background_background&quot;:&quot;classic&quot;}\">\n\t\t\t\t\t\t\t<div class=\"elementor-background-overlay\"><\/div>\n\t\t\t\t\t\t\t<div class=\"elementor-container elementor-column-gap-no\">\n\t\t\t\t\t<div class=\"elementor-column elementor-col-100 elementor-top-column elementor-element elementor-element-d883fdb\" data-id=\"d883fdb\" data-element_type=\"column\" data-settings=\"{&quot;background_background&quot;:&quot;slideshow&quot;,&quot;background_slideshow_gallery&quot;:[],&quot;background_slideshow_loop&quot;:&quot;yes&quot;,&quot;background_slideshow_slide_duration&quot;:5000,&quot;background_slideshow_slide_transition&quot;:&quot;fade&quot;,&quot;background_slideshow_transition_duration&quot;:500}\">\n\t\t\t<div class=\"elementor-widget-wrap elementor-element-populated\">\n\t\t\t\t\t\t<div class=\"elementor-element elementor-element-b631f19 elementor-widget elementor-widget-image\" data-id=\"b631f19\" data-element_type=\"widget\" data-widget_type=\"image.default\">\n\t\t\t\t<div class=\"elementor-widget-container\">\n\t\t\t\t\t\t\t\t\t\t\t\t\t\t\t<img fetchpriority=\"high\" decoding=\"async\" width=\"1024\" height=\"640\" src=\"https:\/\/www.rembrandthuis.nl\/wp-content\/uploads\/2024\/03\/JVF-2024-Rembrandthuis-L-scaled-e1710422695435-1024x640.jpg\" class=\"attachment-large size-large wp-image-18872\" alt=\"\" srcset=\"https:\/\/www.rembrandthuis.nl\/wp-content\/uploads\/2024\/03\/JVF-2024-Rembrandthuis-L-scaled-e1710422695435-1024x640.jpg 1024w, https:\/\/www.rembrandthuis.nl\/wp-content\/uploads\/2024\/03\/JVF-2024-Rembrandthuis-L-scaled-e1710422695435-300x188.jpg 300w, https:\/\/www.rembrandthuis.nl\/wp-content\/uploads\/2024\/03\/JVF-2024-Rembrandthuis-L-scaled-e1710422695435-768x480.jpg 768w, https:\/\/www.rembrandthuis.nl\/wp-content\/uploads\/2024\/03\/JVF-2024-Rembrandthuis-L-scaled-e1710422695435-1536x960.jpg 1536w, https:\/\/www.rembrandthuis.nl\/wp-content\/uploads\/2024\/03\/JVF-2024-Rembrandthuis-L-scaled-e1710422695435-2048x1280.jpg 2048w\" sizes=\"(max-width: 1024px) 100vw, 1024px\" \/>\t\t\t\t\t\t\t\t\t\t\t\t\t\t\t<\/div>\n\t\t\t\t<\/div>\n\t\t\t\t<section class=\"elementor-section elementor-inner-section elementor-element elementor-element-6a72380 elementor-section-full_width elementor-section-height-min-height elementor-section-height-default\" data-id=\"6a72380\" data-element_type=\"section\" data-settings=\"{&quot;background_background&quot;:&quot;classic&quot;}\">\n\t\t\t\t\t\t<div class=\"elementor-container elementor-column-gap-default\">\n\t\t\t\t\t<div class=\"elementor-column elementor-col-50 elementor-inner-column elementor-element elementor-element-9391b69\" data-id=\"9391b69\" data-element_type=\"column\" tabindex=\"1\">\n\t\t\t<div class=\"elementor-widget-wrap elementor-element-populated\">\n\t\t\t\t\t\t<div class=\"elementor-element elementor-element-e62e063 elementor-widget elementor-widget-heading\" data-id=\"e62e063\" data-element_type=\"widget\" data-widget_type=\"heading.default\">\n\t\t\t\t<div class=\"elementor-widget-container\">\n\t\t\t\t\t<h1 class=\"elementor-heading-title elementor-size-default\">Bienvenido.<\/h1>\t\t\t\t<\/div>\n\t\t\t\t<\/div>\n\t\t\t\t\t<\/div>\n\t\t<\/div>\n\t\t\t\t<div class=\"elementor-column elementor-col-50 elementor-inner-column elementor-element elementor-element-59f4fe5\" data-id=\"59f4fe5\" data-element_type=\"column\">\n\t\t\t<div class=\"elementor-widget-wrap elementor-element-populated\">\n\t\t\t\t\t\t<div class=\"elementor-element elementor-element-211e9f3 elementor-widget elementor-widget-text-editor\" data-id=\"211e9f3\" data-element_type=\"widget\" data-widget_type=\"text-editor.default\">\n\t\t\t\t<div class=\"elementor-widget-container\">\n\t\t\t\t\t\t\t\t\t<p><span class=\"NormalTextRun SCXW258385035 BCX0\"><span data-olk-copy-source=\"MessageBody\"> Casa Museo Rembrandt<\/span> es <\/span><span class=\"NormalTextRun SpellingErrorV2Themed SCXW258385035 BCX0\">el<\/span> <span class=\"NormalTextRun SpellingErrorV2Themed SCXW258385035 BCX0\">\u00fanico<\/span> <span class=\"NormalTextRun SpellingErrorV2Themed SCXW258385035 BCX0\">lugar<\/span> <span class=\"NormalTextRun SCXW258385035 BCX0\">en<\/span> <span class=\"NormalTextRun SpellingErrorV2Themed SCXW258385035 BCX0\">el<\/span> <span class=\"NormalTextRun SpellingErrorV2Themed SCXW258385035 BCX0\">mundo<\/span> <span class=\"NormalTextRun SpellingErrorV2Themed SCXW258385035 BCX0\">donde<\/span> <span class=\"NormalTextRun SpellingErrorV2Themed SCXW258385035 BCX0\">puedes<\/span> <span class=\"NormalTextRun SpellingErrorV2Themed SCXW258385035 BCX0\">experimentar<\/span> <span class=\"NormalTextRun SpellingErrorV2Themed SCXW258385035 BCX0\">c\u00f3mo<\/span> <span class=\"NormalTextRun SpellingErrorV2Themed SCXW258385035 BCX0\">vivi\u00f3<\/span><span class=\"NormalTextRun SCXW258385035 BCX0\"> Rembrandt. En <\/span><span class=\"NormalTextRun SpellingErrorV2Themed SCXW258385035 BCX0\">el<\/span> <span class=\"NormalTextRun SpellingErrorV2Themed SCXW258385035 BCX0\">ambiente<\/span> <span class=\"NormalTextRun SpellingErrorV2Themed SCXW258385035 BCX0\">acogedor<\/span><span class=\"NormalTextRun SCXW258385035 BCX0\"> del <\/span><span class=\"NormalTextRun SpellingErrorV2Themed SCXW258385035 BCX0\">museo<\/span><span class=\"NormalTextRun SCXW258385035 BCX0\">, <\/span><span class=\"NormalTextRun SpellingErrorV2Themed SCXW258385035 BCX0\">ubicado<\/span> <span class=\"NormalTextRun SCXW258385035 BCX0\">en<\/span><span class=\"NormalTextRun SCXW258385035 BCX0\"> la <\/span><span class=\"NormalTextRun SpellingErrorV2Themed SCXW258385035 BCX0\">Jodenbreestraat<\/span><span class=\"NormalTextRun SCXW258385035 BCX0\">, <\/span><span class=\"NormalTextRun SpellingErrorV2Themed SCXW258385035 BCX0\">descubrir\u00e1s<\/span><span class=\"NormalTextRun SCXW258385035 BCX0\"> al hombre <\/span><span class=\"NormalTextRun SpellingErrorV2Themed SCXW258385035 BCX0\">detr\u00e1s<\/span><span class=\"NormalTextRun SCXW258385035 BCX0\"> del <\/span><span class=\"NormalTextRun SpellingErrorV2Themed SCXW258385035 BCX0\">arte<\/span><span class=\"NormalTextRun SCXW258385035 BCX0\">. <\/span><span class=\"NormalTextRun SpellingErrorV2Themed SCXW258385035 BCX0\">D\u00e9jate<\/span> <span class=\"NormalTextRun SpellingErrorV2Themed SCXW258385035 BCX0\">inspirar<\/span> <span class=\"NormalTextRun SpellingErrorV2Themed SCXW258385035 BCX0\">por<\/span> <span class=\"NormalTextRun SpellingErrorV2Themed SCXW258385035 BCX0\">su<\/span> <span class=\"NormalTextRun SpellingErrorV2Themed SCXW258385035 BCX0\">obra<\/span><span class=\"NormalTextRun SCXW258385035 BCX0\"> y las <\/span><span class=\"NormalTextRun SpellingErrorV2Themed SCXW258385035 BCX0\">historias<\/span><span class=\"NormalTextRun SCXW258385035 BCX0\"> de <\/span><span class=\"NormalTextRun SpellingErrorV2Themed SCXW258385035 BCX0\">su<\/span> <span class=\"NormalTextRun SpellingErrorV2Themed SCXW258385035 BCX0\">vida<\/span><span class=\"NormalTextRun SCXW258385035 BCX0\">. En <span data-olk-copy-source=\"MessageBody\"> Casa Museo Rembrandt<\/span><\/span><span class=\"NormalTextRun SCXW258385035 BCX0\">, <\/span><span class=\"NormalTextRun SpellingErrorV2Themed SCXW258385035 BCX0\">te<\/span> <span class=\"NormalTextRun SpellingErrorV2Themed SCXW258385035 BCX0\">acercar\u00e1s<\/span> <span class=\"NormalTextRun SpellingErrorV2Themed SCXW258385035 BCX0\">m\u00e1s<\/span><span class=\"NormalTextRun SCXW258385035 BCX0\"> que <\/span><span class=\"NormalTextRun SpellingErrorV2Themed SCXW258385035 BCX0\">nunca<\/span><span class=\"NormalTextRun SCXW258385035 BCX0\"> a Rembrandt.<\/span><\/p>\t\t\t\t\t\t\t\t<\/div>\n\t\t\t\t<\/div>\n\t\t\t\t\t<\/div>\n\t\t<\/div>\n\t\t\t\t\t<\/div>\n\t\t<\/section>\n\t\t\t\t\t<\/div>\n\t\t<\/div>\n\t\t\t\t\t<\/div>\n\t\t<\/section>\n\t\t\t\t<section class=\"elementor-section elementor-top-section elementor-element elementor-element-4d24fcf elementor-section-full_width elementor-section-content-bottom elementor-section-height-default elementor-section-height-default\" data-id=\"4d24fcf\" data-element_type=\"section\" data-settings=\"{&quot;background_background&quot;:&quot;classic&quot;}\">\n\t\t\t\t\t\t<div class=\"elementor-container elementor-column-gap-no\">\n\t\t\t\t\t<div class=\"elementor-column elementor-col-100 elementor-top-column elementor-element elementor-element-7a0123a\" data-id=\"7a0123a\" data-element_type=\"column\">\n\t\t\t<div class=\"elementor-widget-wrap elementor-element-populated\">\n\t\t\t\t\t\t<section class=\"elementor-section elementor-inner-section elementor-element elementor-element-3f1267a elementor-section-height-min-height elementor-section-full_width elementor-section-height-default\" data-id=\"3f1267a\" data-element_type=\"section\">\n\t\t\t\t\t\t<div class=\"elementor-container elementor-column-gap-no\">\n\t\t\t\t\t<div class=\"elementor-column elementor-col-100 elementor-inner-column elementor-element elementor-element-3a63465\" data-id=\"3a63465\" data-element_type=\"column\">\n\t\t\t<div class=\"elementor-widget-wrap elementor-element-populated\">\n\t\t\t\t\t\t<div class=\"elementor-element elementor-element-b8a22a9 elementor-grid-1 event_slider elementor-pagination-position-inside elementor-posts--thumbnail-top elementor-grid-tablet-2 elementor-grid-mobile-1 elementor-widget elementor-widget-posts\" data-id=\"b8a22a9\" data-element_type=\"widget\" data-settings=\"{&quot;custom_slides_to_show&quot;:&quot;1&quot;,&quot;custom_columns&quot;:&quot;1&quot;,&quot;custom_row_gap&quot;:{&quot;unit&quot;:&quot;px&quot;,&quot;size&quot;:32,&quot;sizes&quot;:[]},&quot;custom_slide_gap&quot;:{&quot;unit&quot;:&quot;px&quot;,&quot;size&quot;:0,&quot;sizes&quot;:[]},&quot;custom_autoplay_speed&quot;:8000,&quot;custom_autoplay&quot;:&quot;no&quot;,&quot;custom_post_slider&quot;:&quot;yes&quot;,&quot;custom_navigation&quot;:&quot;both&quot;,&quot;custom_columns_tablet&quot;:&quot;2&quot;,&quot;custom_columns_mobile&quot;:&quot;1&quot;,&quot;custom_row_gap_tablet&quot;:{&quot;unit&quot;:&quot;px&quot;,&quot;size&quot;:&quot;&quot;,&quot;sizes&quot;:[]},&quot;custom_row_gap_mobile&quot;:{&quot;unit&quot;:&quot;px&quot;,&quot;size&quot;:&quot;&quot;,&quot;sizes&quot;:[]},&quot;custom_pause_on_hover&quot;:&quot;yes&quot;,&quot;custom_infinite&quot;:&quot;yes&quot;,&quot;custom_speed&quot;:500,&quot;custom_direction&quot;:&quot;ltr&quot;}\" aria-label=\"activiteiten\" data-widget_type=\"posts.custom\">\n\t\t\t\t<div class=\"elementor-widget-container\">\n\t\t\t\t\t<div class=\"elementor-main-swiper swiper-container swiper\">      <div class=\"ecs-posts elementor-posts-container elementor-posts swiper-wrapper   elementor-posts--skin-custom\" data-settings=\"{&quot;current_page&quot;:1,&quot;max_num_pages&quot;:1,&quot;load_method&quot;:&quot;&quot;,&quot;widget_id&quot;:&quot;b8a22a9&quot;,&quot;post_id&quot;:11837,&quot;theme_id&quot;:11837,&quot;change_url&quot;:false,&quot;reinit_js&quot;:&quot;true&quot;}\">\n      \t\t<article id=\"post-17956\" class=\"elementor-post elementor-grid-item ecs-post-loop swiper-slide post-17956 slides type-slides status-publish has-post-thumbnail hentry tag-en-it tag-es\">\n\t\t<div class=\"ecs-link-wrapper\" data-href=\"https:\/\/www.rembrandthuis.nl\/es\/expositions\/rembrandts-masterclass\/\"   >\t\t<div data-elementor-type=\"loop\" data-elementor-id=\"12250\" class=\"elementor elementor-12250 elementor-349 post-17956 slides type-slides status-publish has-post-thumbnail hentry tag-en-it tag-es\" data-elementor-post-type=\"elementor_library\">\n\t\t\t<style>#post-17956 .elementor-12250 .elementor-element.elementor-element-0b55af6:not(.elementor-motion-effects-element-type-background), #post-17956 .elementor-12250 .elementor-element.elementor-element-0b55af6 > .elementor-motion-effects-container > .elementor-motion-effects-layer{background-image: url(\"https:\/\/www.rembrandthuis.nl\/wp-content\/uploads\/2025\/12\/1.jpg\");}<\/style>\t\t<section class=\"elementor-section elementor-top-section elementor-element elementor-element-0b55af6 elementor-section-full_width elementor-section-items-bottom elementor-section-height-min-height hpslider elementor-section-height-default\" data-id=\"0b55af6\" data-element_type=\"section\" data-settings=\"{&quot;background_background&quot;:&quot;classic&quot;}\">\n\t\t\t\t\t\t\t<div class=\"elementor-background-overlay\"><\/div>\n\t\t\t\t\t\t\t<div class=\"elementor-container elementor-column-gap-no\">\n\t\t\t\t\t<div class=\"elementor-column elementor-col-100 elementor-top-column elementor-element elementor-element-e3faafc\" data-id=\"e3faafc\" data-element_type=\"column\">\n\t\t\t<div class=\"elementor-widget-wrap elementor-element-populated\">\n\t\t\t\t\t\t<section class=\"elementor-section elementor-inner-section elementor-element elementor-element-01ae914 elementor-section-full_width elementor-section-height-min-height elementor-section-content-bottom elementor-section-height-default\" data-id=\"01ae914\" data-element_type=\"section\">\n\t\t\t\t\t\t<div class=\"elementor-container elementor-column-gap-default\">\n\t\t\t\t\t<div class=\"elementor-column elementor-col-50 elementor-inner-column elementor-element elementor-element-5a45892\" data-id=\"5a45892\" data-element_type=\"column\">\n\t\t\t<div class=\"elementor-widget-wrap elementor-element-populated\">\n\t\t\t\t\t\t<div class=\"elementor-element elementor-element-1ce02f5 mobiletitle elementor-widget elementor-widget-theme-post-title elementor-page-title elementor-widget-heading\" data-id=\"1ce02f5\" data-element_type=\"widget\" data-widget_type=\"theme-post-title.default\">\n\t\t\t\t<div class=\"elementor-widget-container\">\n\t\t\t\t\t<div class=\"elementor-heading-title elementor-size-default\">Dos Rembrandts para ver!<\/div>\t\t\t\t<\/div>\n\t\t\t\t<\/div>\n\t\t\t\t<div class=\"elementor-element elementor-element-a1a72e0 elementor-widget__width-auto elementor-widget-mobile__width-inherit txtmobile mobiledate elementor-widget elementor-widget-heading\" data-id=\"a1a72e0\" data-element_type=\"widget\" aria-label=\"\" data-widget_type=\"heading.default\">\n\t\t\t\t<div class=\"elementor-widget-container\">\n\t\t\t\t\t<div class=\"elementor-heading-title elementor-size-default\">30.01.26<\/div>\t\t\t\t<\/div>\n\t\t\t\t<\/div>\n\t\t\t\t<div class=\"elementor-element elementor-element-0cd2ae5 elementor-widget__width-auto elementor-widget-mobile__width-inherit txtmobile mobiledate elementor-widget elementor-widget-heading\" data-id=\"0cd2ae5\" data-element_type=\"widget\" aria-label=\"\" data-widget_type=\"heading.default\">\n\t\t\t\t<div class=\"elementor-widget-container\">\n\t\t\t\t\t<div class=\"elementor-heading-title elementor-size-default\"> - 25.05.26<\/div>\t\t\t\t<\/div>\n\t\t\t\t<\/div>\n\t\t\t\t\t<\/div>\n\t\t<\/div>\n\t\t\t\t<div class=\"elementor-column elementor-col-50 elementor-inner-column elementor-element elementor-element-d7d2395\" data-id=\"d7d2395\" data-element_type=\"column\">\n\t\t\t<div class=\"elementor-widget-wrap elementor-element-populated\">\n\t\t\t\t\t\t<div class=\"elementor-element elementor-element-3e20712 txtmobile mobilefont elementor-widget elementor-widget-heading\" data-id=\"3e20712\" data-element_type=\"widget\" data-widget_type=\"heading.default\">\n\t\t\t\t<div class=\"elementor-widget-container\">\n\t\t\t\t\t<div class=\"elementor-heading-title elementor-size-default\">Dos Rembrandts para ver en la exposici\u00f3n 'Rembrandts Masterclass'. Descubre al artista que hay en ti!<\/div>\t\t\t\t<\/div>\n\t\t\t\t<\/div>\n\t\t\t\t\t<\/div>\n\t\t<\/div>\n\t\t\t\t\t<\/div>\n\t\t<\/section>\n\t\t\t\t\t<\/div>\n\t\t<\/div>\n\t\t\t\t\t<\/div>\n\t\t<\/section>\n\t\t\t\t<\/div>\n\t\t<\/div>\t\t<\/article>\n\t\t\t\t<\/div>\n\t\t\t\t\t\t\t\t\t\t\t<div class=\"swiper-pagination\"><\/div>\n\t\t\t\t\t\t\t\t\t\t\t\t\t<div class=\"elementor-swiper-button elementor-swiper-button-prev\">\n\t\t\t\t\t\t<i class=\"eicon-chevron-left\" aria-hidden=\"true\"><\/i>\n\t\t\t\t\t\t<span class=\"elementor-screen-only\">Anterior<\/span>\n\t\t\t\t\t<\/div>\n\t\t\t\t\t<div class=\"elementor-swiper-button elementor-swiper-button-next\">\n\t\t\t\t\t\t<i class=\"eicon-chevron-right\" aria-hidden=\"true\"><\/i>\n\t\t\t\t\t\t<span class=\"elementor-screen-only\">Siguiente<\/span>\n\t\t\t\t\t<\/div>\n\t\t\t\t\t\t\t<\/div>\t\t\t\t<\/div>\n\t\t\t\t<\/div>\n\t\t\t\t\t<\/div>\n\t\t<\/div>\n\t\t\t\t\t<\/div>\n\t\t<\/section>\n\t\t\t\t\t<\/div>\n\t\t<\/div>\n\t\t\t\t\t<\/div>\n\t\t<\/section>\n\t\t\t\t<\/div>\n\t\t<div id=\"nb-footnote-inline\"><\/div>","protected":false},"excerpt":{"rendered":"<p>Bienvenido. Casa Museo Rembrandt es el \u00fanico lugar en el mundo donde puedes experimentar c\u00f3mo vivi\u00f3 Rembrandt. En el ambiente acogedor del museo, ubicado en la Jodenbreestraat, descubrir\u00e1s al hombre detr\u00e1s del arte. D\u00e9jate inspirar por su obra y las historias de su vida. En Casa Museo Rembrandt, te acercar\u00e1s m\u00e1s que nunca a Rembrandt. [&hellip;]<\/p>\n","protected":false},"author":1,"featured_media":0,"parent":0,"menu_order":0,"comment_status":"closed","ping_status":"closed","template":"elementor_header_footer","meta":{"_acf_changed":false,"footnotes":""},"class_list":["post-11837","page","type-page","status-publish","hentry"],"acf":[],"_links":{"self":[{"href":"https:\/\/www.rembrandthuis.nl\/es\/wp-json\/wp\/v2\/pages\/11837","targetHints":{"allow":["GET"]}}],"collection":[{"href":"https:\/\/www.rembrandthuis.nl\/es\/wp-json\/wp\/v2\/pages"}],"about":[{"href":"https:\/\/www.rembrandthuis.nl\/es\/wp-json\/wp\/v2\/types\/page"}],"author":[{"embeddable":true,"href":"https:\/\/www.rembrandthuis.nl\/es\/wp-json\/wp\/v2\/users\/1"}],"replies":[{"embeddable":true,"href":"https:\/\/www.rembrandthuis.nl\/es\/wp-json\/wp\/v2\/comments?post=11837"}],"version-history":[{"count":29,"href":"https:\/\/www.rembrandthuis.nl\/es\/wp-json\/wp\/v2\/pages\/11837\/revisions"}],"predecessor-version":[{"id":16942,"href":"https:\/\/www.rembrandthuis.nl\/es\/wp-json\/wp\/v2\/pages\/11837\/revisions\/16942"}],"wp:attachment":[{"href":"https:\/\/www.rembrandthuis.nl\/es\/wp-json\/wp\/v2\/media?parent=11837"}],"curies":[{"name":"wp","href":"https:\/\/api.w.org\/{rel}","templated":true}]}}