{"id":4756,"date":"2023-03-01T13:48:34","date_gmt":"2023-03-01T12:48:34","guid":{"rendered":"https:\/\/www.rembrandthuis.nl\/?page_id=4756"},"modified":"2025-07-02T09:03:24","modified_gmt":"2025-07-02T07:03:24","slug":"now-on-view","status":"publish","type":"page","link":"https:\/\/www.rembrandthuis.nl\/en\/whats-on\/exhibitions-and-activities\/exhibitions\/now-on-view\/","title":{"rendered":"Now on view"},"content":{"rendered":"\t\t<div data-elementor-type=\"wp-page\" data-elementor-id=\"4756\" class=\"elementor elementor-4756 elementor-3818\" data-elementor-post-type=\"page\">\n\t\t\t\t\t\t<section class=\"elementor-section elementor-top-section elementor-element elementor-element-9b87f00 elementor-section-full_width elementor-section-height-default elementor-section-height-default\" data-id=\"9b87f00\" data-element_type=\"section\" data-settings=\"{&quot;background_background&quot;:&quot;classic&quot;}\">\n\t\t\t\t\t\t<div class=\"elementor-container elementor-column-gap-no\">\n\t\t\t\t\t<div class=\"elementor-column elementor-col-100 elementor-top-column elementor-element elementor-element-3e8af72\" data-id=\"3e8af72\" data-element_type=\"column\" data-settings=\"{&quot;background_background&quot;:&quot;classic&quot;}\">\n\t\t\t<div class=\"elementor-widget-wrap elementor-element-populated\">\n\t\t\t\t\t\t<section class=\"elementor-section elementor-inner-section elementor-element elementor-element-961e1a6 elementor-section-full_width elementor-section-height-min-height elementor-section-content-top elementor-section-height-default\" data-id=\"961e1a6\" data-element_type=\"section\">\n\t\t\t\t\t\t<div class=\"elementor-container elementor-column-gap-no\">\n\t\t\t\t\t<div class=\"elementor-column elementor-col-50 elementor-inner-column elementor-element elementor-element-1260e77\" data-id=\"1260e77\" data-element_type=\"column\">\n\t\t\t<div class=\"elementor-widget-wrap elementor-element-populated\">\n\t\t\t\t\t\t<div class=\"elementor-element elementor-element-a89ef85 elementor-widget elementor-widget-heading\" data-id=\"a89ef85\" data-element_type=\"widget\" data-widget_type=\"heading.default\">\n\t\t\t\t<div class=\"elementor-widget-container\">\n\t\t\t\t\t<span class=\"elementor-heading-title elementor-size-default\"><nav aria-label=\"breadcrumbs\" class=\"rank-math-breadcrumb\"><p><span class=\"last\">Home<\/span><\/p><\/nav><\/span>\t\t\t\t<\/div>\n\t\t\t\t<\/div>\n\t\t\t\t<div class=\"elementor-element elementor-element-b37bda1 elementor-widget elementor-widget-heading\" data-id=\"b37bda1\" data-element_type=\"widget\" data-widget_type=\"heading.default\">\n\t\t\t\t<div class=\"elementor-widget-container\">\n\t\t\t\t\t<h1 class=\"elementor-heading-title elementor-size-default\">Now on view<\/h1>\t\t\t\t<\/div>\n\t\t\t\t<\/div>\n\t\t\t\t<div class=\"elementor-element elementor-element-6d32eee elementor-widget elementor-widget-spacer\" data-id=\"6d32eee\" data-element_type=\"widget\" data-widget_type=\"spacer.default\">\n\t\t\t\t<div class=\"elementor-widget-container\">\n\t\t\t\t\t\t\t<div class=\"elementor-spacer\">\n\t\t\t<div class=\"elementor-spacer-inner\"><\/div>\n\t\t<\/div>\n\t\t\t\t\t\t<\/div>\n\t\t\t\t<\/div>\n\t\t\t\t\t<\/div>\n\t\t<\/div>\n\t\t\t\t<div class=\"elementor-column elementor-col-50 elementor-inner-column elementor-element elementor-element-82b4933\" data-id=\"82b4933\" data-element_type=\"column\">\n\t\t\t<div class=\"elementor-widget-wrap elementor-element-populated\">\n\t\t\t\t\t\t<div class=\"elementor-element elementor-element-ac9b18b elementor-posts--thumbnail-top elementor-grid-3 elementor-grid-tablet-2 elementor-grid-mobile-1 elementor-widget elementor-widget-posts\" data-id=\"ac9b18b\" data-element_type=\"widget\" data-settings=\"{&quot;custom_columns&quot;:&quot;3&quot;,&quot;custom_columns_tablet&quot;:&quot;2&quot;,&quot;custom_columns_mobile&quot;:&quot;1&quot;,&quot;custom_row_gap&quot;:{&quot;unit&quot;:&quot;px&quot;,&quot;size&quot;:35,&quot;sizes&quot;:[]},&quot;custom_row_gap_tablet&quot;:{&quot;unit&quot;:&quot;px&quot;,&quot;size&quot;:&quot;&quot;,&quot;sizes&quot;:[]},&quot;custom_row_gap_mobile&quot;:{&quot;unit&quot;:&quot;px&quot;,&quot;size&quot;:&quot;&quot;,&quot;sizes&quot;:[]}}\" data-widget_type=\"posts.custom\">\n\t\t\t\t<div class=\"elementor-widget-container\">\n\t\t\t\t\t      <div class=\"ecs-posts elementor-posts-container elementor-posts   elementor-grid elementor-posts--skin-custom\" data-settings=\"{&quot;current_page&quot;:1,&quot;max_num_pages&quot;:1,&quot;load_method&quot;:&quot;&quot;,&quot;widget_id&quot;:&quot;ac9b18b&quot;,&quot;post_id&quot;:4756,&quot;theme_id&quot;:4756,&quot;change_url&quot;:false,&quot;reinit_js&quot;:false}\">\n      \t\t<article id=\"post-16827\" class=\"elementor-post elementor-grid-item ecs-post-loop post-16827 tentoonstelling type-tentoonstelling status-publish has-post-thumbnail hentry soort-nu-te-zien\">\n\t\t<div class=\"ecs-link-wrapper\" data-href=\"https:\/\/www.rembrandthuis.nl\/en\/exhibition\/rembrandts-masterclass\/\"   >\t\t<div data-elementor-type=\"loop\" data-elementor-id=\"14048\" class=\"elementor elementor-14048 elementor-14039 post-16827 tentoonstelling type-tentoonstelling status-publish has-post-thumbnail hentry soort-nu-te-zien\" data-elementor-post-type=\"elementor_library\">\n\t\t\t\t\t<section class=\"elementor-section elementor-top-section elementor-element elementor-element-733be9c6 elementor-section-full_width elementor-section-height-default elementor-section-height-default\" data-id=\"733be9c6\" data-element_type=\"section\">\n\t\t\t\t\t\t<div class=\"elementor-container elementor-column-gap-default\">\n\t\t\t\t\t<div class=\"elementor-column elementor-col-100 elementor-top-column elementor-element elementor-element-2a1ef154\" data-id=\"2a1ef154\" data-element_type=\"column\">\n\t\t\t<div class=\"elementor-widget-wrap elementor-element-populated\">\n\t\t\t\t\t\t<div class=\"elementor-element elementor-element-60184b4d e-transform elementor-widget elementor-widget-image\" data-id=\"60184b4d\" data-element_type=\"widget\" data-settings=\"{&quot;_transform_scale_effect_hover&quot;:{&quot;unit&quot;:&quot;px&quot;,&quot;size&quot;:1.05,&quot;sizes&quot;:[]},&quot;_transform_scale_effect_hover_tablet&quot;:{&quot;unit&quot;:&quot;px&quot;,&quot;size&quot;:&quot;&quot;,&quot;sizes&quot;:[]},&quot;_transform_scale_effect_hover_mobile&quot;:{&quot;unit&quot;:&quot;px&quot;,&quot;size&quot;:&quot;&quot;,&quot;sizes&quot;:[]}}\" data-widget_type=\"image.default\">\n\t\t\t\t<div class=\"elementor-widget-container\">\n\t\t\t\t\t\t\t\t\t\t\t\t\t\t\t<img fetchpriority=\"high\" decoding=\"async\" width=\"1024\" height=\"683\" src=\"https:\/\/www.rembrandthuis.nl\/wp-content\/uploads\/2025\/12\/1-1024x683.jpg\" class=\"attachment-large size-large wp-image-17483\" alt=\"\" srcset=\"https:\/\/www.rembrandthuis.nl\/wp-content\/uploads\/2025\/12\/1-1024x683.jpg 1024w, https:\/\/www.rembrandthuis.nl\/wp-content\/uploads\/2025\/12\/1-300x200.jpg 300w, https:\/\/www.rembrandthuis.nl\/wp-content\/uploads\/2025\/12\/1-768x512.jpg 768w, https:\/\/www.rembrandthuis.nl\/wp-content\/uploads\/2025\/12\/1.jpg 1500w\" sizes=\"(max-width: 1024px) 100vw, 1024px\" \/>\t\t\t\t\t\t\t\t\t\t\t\t\t\t\t<\/div>\n\t\t\t\t<\/div>\n\t\t\t\t<div class=\"elementor-element elementor-element-4c07333e elementor-widget elementor-widget-spacer\" data-id=\"4c07333e\" data-element_type=\"widget\" data-widget_type=\"spacer.default\">\n\t\t\t\t<div class=\"elementor-widget-container\">\n\t\t\t\t\t\t\t<div class=\"elementor-spacer\">\n\t\t\t<div class=\"elementor-spacer-inner\"><\/div>\n\t\t<\/div>\n\t\t\t\t\t\t<\/div>\n\t\t\t\t<\/div>\n\t\t\t\t<div class=\"elementor-element elementor-element-41a3f895 elementor-widget elementor-widget-heading\" data-id=\"41a3f895\" data-element_type=\"widget\" aria-label=\"title\" data-widget_type=\"heading.default\">\n\t\t\t\t<div class=\"elementor-widget-container\">\n\t\t\t\t\t<div class=\"elementor-heading-title elementor-size-default\">Rembrandts Masterclass<\/div>\t\t\t\t<\/div>\n\t\t\t\t<\/div>\n\t\t\t\t<div class=\"elementor-element elementor-element-1aec30bf elementor-widget__width-auto elementor-widget elementor-widget-heading\" data-id=\"1aec30bf\" data-element_type=\"widget\" aria-label=\"date\" data-widget_type=\"heading.default\">\n\t\t\t\t<div class=\"elementor-widget-container\">\n\t\t\t\t\t<div class=\"elementor-heading-title elementor-size-default\">January 30th, 2026<\/div>\t\t\t\t<\/div>\n\t\t\t\t<\/div>\n\t\t\t\t<div class=\"elementor-element elementor-element-4f89a418 elementor-widget__width-auto elementor-widget elementor-widget-heading\" data-id=\"4f89a418\" data-element_type=\"widget\" aria-label=\"date\" data-widget_type=\"heading.default\">\n\t\t\t\t<div class=\"elementor-widget-container\">\n\t\t\t\t\t<div class=\"elementor-heading-title elementor-size-default\">till May 25th, 2026<\/div>\t\t\t\t<\/div>\n\t\t\t\t<\/div>\n\t\t\t\t\t<\/div>\n\t\t<\/div>\n\t\t\t\t\t<\/div>\n\t\t<\/section>\n\t\t\t\t<\/div>\n\t\t<\/div>\t\t<\/article>\n\t\t\t\t<article id=\"post-17079\" class=\"elementor-post elementor-grid-item ecs-post-loop post-17079 tentoonstelling type-tentoonstelling status-publish has-post-thumbnail hentry soort-nu-te-zien\">\n\t\t<div class=\"ecs-link-wrapper\" data-href=\"https:\/\/www.rembrandthuis.nl\/en\/exhibition\/rembrandt-van-de-buurt-2-0\/\"   >\t\t<div data-elementor-type=\"loop\" data-elementor-id=\"14048\" class=\"elementor elementor-14048 elementor-14039 post-17079 tentoonstelling type-tentoonstelling status-publish has-post-thumbnail hentry soort-nu-te-zien\" data-elementor-post-type=\"elementor_library\">\n\t\t\t\t\t<section class=\"elementor-section elementor-top-section elementor-element elementor-element-733be9c6 elementor-section-full_width elementor-section-height-default elementor-section-height-default\" data-id=\"733be9c6\" data-element_type=\"section\">\n\t\t\t\t\t\t<div class=\"elementor-container elementor-column-gap-default\">\n\t\t\t\t\t<div class=\"elementor-column elementor-col-100 elementor-top-column elementor-element elementor-element-2a1ef154\" data-id=\"2a1ef154\" data-element_type=\"column\">\n\t\t\t<div class=\"elementor-widget-wrap elementor-element-populated\">\n\t\t\t\t\t\t<div class=\"elementor-element elementor-element-60184b4d e-transform elementor-widget elementor-widget-image\" data-id=\"60184b4d\" data-element_type=\"widget\" data-settings=\"{&quot;_transform_scale_effect_hover&quot;:{&quot;unit&quot;:&quot;px&quot;,&quot;size&quot;:1.05,&quot;sizes&quot;:[]},&quot;_transform_scale_effect_hover_tablet&quot;:{&quot;unit&quot;:&quot;px&quot;,&quot;size&quot;:&quot;&quot;,&quot;sizes&quot;:[]},&quot;_transform_scale_effect_hover_mobile&quot;:{&quot;unit&quot;:&quot;px&quot;,&quot;size&quot;:&quot;&quot;,&quot;sizes&quot;:[]}}\" data-widget_type=\"image.default\">\n\t\t\t\t<div class=\"elementor-widget-container\">\n\t\t\t\t\t\t\t\t\t\t\t\t\t\t\t<img decoding=\"async\" width=\"1024\" height=\"576\" src=\"https:\/\/www.rembrandthuis.nl\/wp-content\/uploads\/2026\/01\/DSC00306-1024x576.jpg\" class=\"attachment-large size-large wp-image-17237\" alt=\"\" srcset=\"https:\/\/www.rembrandthuis.nl\/wp-content\/uploads\/2026\/01\/DSC00306-1024x576.jpg 1024w, https:\/\/www.rembrandthuis.nl\/wp-content\/uploads\/2026\/01\/DSC00306-300x169.jpg 300w, https:\/\/www.rembrandthuis.nl\/wp-content\/uploads\/2026\/01\/DSC00306-768x432.jpg 768w, https:\/\/www.rembrandthuis.nl\/wp-content\/uploads\/2026\/01\/DSC00306-1536x864.jpg 1536w, https:\/\/www.rembrandthuis.nl\/wp-content\/uploads\/2026\/01\/DSC00306-2048x1152.jpg 2048w\" sizes=\"(max-width: 1024px) 100vw, 1024px\" \/>\t\t\t\t\t\t\t\t\t\t\t\t\t\t\t<\/div>\n\t\t\t\t<\/div>\n\t\t\t\t<div class=\"elementor-element elementor-element-4c07333e elementor-widget elementor-widget-spacer\" data-id=\"4c07333e\" data-element_type=\"widget\" data-widget_type=\"spacer.default\">\n\t\t\t\t<div class=\"elementor-widget-container\">\n\t\t\t\t\t\t\t<div class=\"elementor-spacer\">\n\t\t\t<div class=\"elementor-spacer-inner\"><\/div>\n\t\t<\/div>\n\t\t\t\t\t\t<\/div>\n\t\t\t\t<\/div>\n\t\t\t\t<div class=\"elementor-element elementor-element-41a3f895 elementor-widget elementor-widget-heading\" data-id=\"41a3f895\" data-element_type=\"widget\" aria-label=\"title\" data-widget_type=\"heading.default\">\n\t\t\t\t<div class=\"elementor-widget-container\">\n\t\t\t\t\t<div class=\"elementor-heading-title elementor-size-default\">Rembrandt van de Buurt 2.0<\/div>\t\t\t\t<\/div>\n\t\t\t\t<\/div>\n\t\t\t\t<div class=\"elementor-element elementor-element-1aec30bf elementor-widget__width-auto elementor-widget elementor-widget-heading\" data-id=\"1aec30bf\" data-element_type=\"widget\" aria-label=\"date\" data-widget_type=\"heading.default\">\n\t\t\t\t<div class=\"elementor-widget-container\">\n\t\t\t\t\t<div class=\"elementor-heading-title elementor-size-default\">January 9th, 2026<\/div>\t\t\t\t<\/div>\n\t\t\t\t<\/div>\n\t\t\t\t\t<\/div>\n\t\t<\/div>\n\t\t\t\t\t<\/div>\n\t\t<\/section>\n\t\t\t\t<\/div>\n\t\t<\/div>\t\t<\/article>\n\t\t\t\t<article id=\"post-18021\" class=\"elementor-post elementor-grid-item ecs-post-loop post-18021 tentoonstelling type-tentoonstelling status-publish has-post-thumbnail hentry soort-nu-te-zien-2\">\n\t\t<div class=\"ecs-link-wrapper\" data-href=\"https:\/\/www.rembrandthuis.nl\/en\/tentoonstelling\/warmoes-biennale-iriee-zamble\/\"   >\t\t<div data-elementor-type=\"loop\" data-elementor-id=\"14048\" class=\"elementor elementor-14048 elementor-14039 post-18021 tentoonstelling type-tentoonstelling status-publish has-post-thumbnail hentry soort-nu-te-zien-2\" data-elementor-post-type=\"elementor_library\">\n\t\t\t\t\t<section class=\"elementor-section elementor-top-section elementor-element elementor-element-733be9c6 elementor-section-full_width elementor-section-height-default elementor-section-height-default\" data-id=\"733be9c6\" data-element_type=\"section\">\n\t\t\t\t\t\t<div class=\"elementor-container elementor-column-gap-default\">\n\t\t\t\t\t<div class=\"elementor-column elementor-col-100 elementor-top-column elementor-element elementor-element-2a1ef154\" data-id=\"2a1ef154\" data-element_type=\"column\">\n\t\t\t<div class=\"elementor-widget-wrap elementor-element-populated\">\n\t\t\t\t\t\t<div class=\"elementor-element elementor-element-60184b4d e-transform elementor-widget elementor-widget-image\" data-id=\"60184b4d\" data-element_type=\"widget\" data-settings=\"{&quot;_transform_scale_effect_hover&quot;:{&quot;unit&quot;:&quot;px&quot;,&quot;size&quot;:1.05,&quot;sizes&quot;:[]},&quot;_transform_scale_effect_hover_tablet&quot;:{&quot;unit&quot;:&quot;px&quot;,&quot;size&quot;:&quot;&quot;,&quot;sizes&quot;:[]},&quot;_transform_scale_effect_hover_mobile&quot;:{&quot;unit&quot;:&quot;px&quot;,&quot;size&quot;:&quot;&quot;,&quot;sizes&quot;:[]}}\" data-widget_type=\"image.default\">\n\t\t\t\t<div class=\"elementor-widget-container\">\n\t\t\t\t\t\t\t\t\t\t\t\t\t\t\t<img decoding=\"async\" width=\"1024\" height=\"735\" src=\"https:\/\/www.rembrandthuis.nl\/wp-content\/uploads\/2026\/03\/IMG_0756-1024x735.jpg\" class=\"attachment-large size-large wp-image-18022\" alt=\"\" srcset=\"https:\/\/www.rembrandthuis.nl\/wp-content\/uploads\/2026\/03\/IMG_0756-1024x735.jpg 1024w, https:\/\/www.rembrandthuis.nl\/wp-content\/uploads\/2026\/03\/IMG_0756-300x215.jpg 300w, https:\/\/www.rembrandthuis.nl\/wp-content\/uploads\/2026\/03\/IMG_0756-768x551.jpg 768w, https:\/\/www.rembrandthuis.nl\/wp-content\/uploads\/2026\/03\/IMG_0756-1536x1102.jpg 1536w, https:\/\/www.rembrandthuis.nl\/wp-content\/uploads\/2026\/03\/IMG_0756-2048x1470.jpg 2048w\" sizes=\"(max-width: 1024px) 100vw, 1024px\" \/>\t\t\t\t\t\t\t\t\t\t\t\t\t\t\t<\/div>\n\t\t\t\t<\/div>\n\t\t\t\t<div class=\"elementor-element elementor-element-4c07333e elementor-widget elementor-widget-spacer\" data-id=\"4c07333e\" data-element_type=\"widget\" data-widget_type=\"spacer.default\">\n\t\t\t\t<div class=\"elementor-widget-container\">\n\t\t\t\t\t\t\t<div class=\"elementor-spacer\">\n\t\t\t<div class=\"elementor-spacer-inner\"><\/div>\n\t\t<\/div>\n\t\t\t\t\t\t<\/div>\n\t\t\t\t<\/div>\n\t\t\t\t<div class=\"elementor-element elementor-element-41a3f895 elementor-widget elementor-widget-heading\" data-id=\"41a3f895\" data-element_type=\"widget\" aria-label=\"title\" data-widget_type=\"heading.default\">\n\t\t\t\t<div class=\"elementor-widget-container\">\n\t\t\t\t\t<div class=\"elementor-heading-title elementor-size-default\">Warmoes Bi\u00ebnnale: Iri\u00e9e Zambl\u00e9<\/div>\t\t\t\t<\/div>\n\t\t\t\t<\/div>\n\t\t\t\t<div class=\"elementor-element elementor-element-1aec30bf elementor-widget__width-auto elementor-widget elementor-widget-heading\" data-id=\"1aec30bf\" data-element_type=\"widget\" aria-label=\"date\" data-widget_type=\"heading.default\">\n\t\t\t\t<div class=\"elementor-widget-container\">\n\t\t\t\t\t<div class=\"elementor-heading-title elementor-size-default\">March 7th, 2026<\/div>\t\t\t\t<\/div>\n\t\t\t\t<\/div>\n\t\t\t\t<div class=\"elementor-element elementor-element-4f89a418 elementor-widget__width-auto elementor-widget elementor-widget-heading\" data-id=\"4f89a418\" data-element_type=\"widget\" aria-label=\"date\" data-widget_type=\"heading.default\">\n\t\t\t\t<div class=\"elementor-widget-container\">\n\t\t\t\t\t<div class=\"elementor-heading-title elementor-size-default\">till May 3rd, 2026<\/div>\t\t\t\t<\/div>\n\t\t\t\t<\/div>\n\t\t\t\t\t<\/div>\n\t\t<\/div>\n\t\t\t\t\t<\/div>\n\t\t<\/section>\n\t\t\t\t<\/div>\n\t\t<\/div>\t\t<\/article>\n\t\t\t\t<\/div>\n\t\t\t\t\t\t<\/div>\n\t\t\t\t<\/div>\n\t\t\t\t\t<\/div>\n\t\t<\/div>\n\t\t\t\t\t<\/div>\n\t\t<\/section>\n\t\t\t\t\t<\/div>\n\t\t<\/div>\n\t\t\t\t\t<\/div>\n\t\t<\/section>\n\t\t\t\t<\/div>\n\t\t<div id=\"nb-footnote-inline\"><\/div>","protected":false},"excerpt":{"rendered":"","protected":false},"author":5,"featured_media":17483,"parent":1640,"menu_order":1,"comment_status":"closed","ping_status":"closed","template":"elementor_header_footer","meta":{"_acf_changed":false,"footnotes":""},"class_list":["post-4756","page","type-page","status-publish","has-post-thumbnail","hentry"],"acf":[],"_links":{"self":[{"href":"https:\/\/www.rembrandthuis.nl\/en\/wp-json\/wp\/v2\/pages\/4756","targetHints":{"allow":["GET"]}}],"collection":[{"href":"https:\/\/www.rembrandthuis.nl\/en\/wp-json\/wp\/v2\/pages"}],"about":[{"href":"https:\/\/www.rembrandthuis.nl\/en\/wp-json\/wp\/v2\/types\/page"}],"author":[{"embeddable":true,"href":"https:\/\/www.rembrandthuis.nl\/en\/wp-json\/wp\/v2\/users\/5"}],"replies":[{"embeddable":true,"href":"https:\/\/www.rembrandthuis.nl\/en\/wp-json\/wp\/v2\/comments?post=4756"}],"version-history":[{"count":34,"href":"https:\/\/www.rembrandthuis.nl\/en\/wp-json\/wp\/v2\/pages\/4756\/revisions"}],"predecessor-version":[{"id":14064,"href":"https:\/\/www.rembrandthuis.nl\/en\/wp-json\/wp\/v2\/pages\/4756\/revisions\/14064"}],"up":[{"embeddable":true,"href":"https:\/\/www.rembrandthuis.nl\/en\/wp-json\/wp\/v2\/pages\/1640"}],"wp:featuredmedia":[{"embeddable":true,"href":"https:\/\/www.rembrandthuis.nl\/en\/wp-json\/wp\/v2\/media\/17483"}],"wp:attachment":[{"href":"https:\/\/www.rembrandthuis.nl\/en\/wp-json\/wp\/v2\/media?parent=4756"}],"curies":[{"name":"wp","href":"https:\/\/api.w.org\/{rel}","templated":true}]}}