{"id":10280,"date":"2024-07-15T12:55:39","date_gmt":"2024-07-15T10:55:39","guid":{"rendered":"https:\/\/www.rembrandthuis.nl\/?page_id=10280"},"modified":"2025-06-11T16:17:28","modified_gmt":"2025-06-11T14:17:28","slug":"kikkoman-x-the-rembrandt-house-museum","status":"publish","type":"page","link":"https:\/\/www.rembrandthuis.nl\/en\/kikkoman-x-the-rembrandt-house-museum\/","title":{"rendered":"Kikkoman x The Rembrandt House Museum"},"content":{"rendered":"\t\t<div data-elementor-type=\"wp-page\" data-elementor-id=\"10280\" class=\"elementor elementor-10280 elementor-10200\" data-elementor-post-type=\"page\">\n\t\t\t\t\t\t<section class=\"elementor-section elementor-top-section elementor-element elementor-element-5961fd93 elementor-section-full_width elementor-section-height-default elementor-section-height-default\" data-id=\"5961fd93\" data-element_type=\"section\" data-settings=\"{&quot;background_background&quot;:&quot;classic&quot;}\">\n\t\t\t\t\t\t<div class=\"elementor-container elementor-column-gap-no\">\n\t\t\t\t\t<div class=\"elementor-column elementor-col-100 elementor-top-column elementor-element elementor-element-23413344\" data-id=\"23413344\" data-element_type=\"column\">\n\t\t\t<div class=\"elementor-widget-wrap elementor-element-populated\">\n\t\t\t\t\t\t<section class=\"elementor-section elementor-inner-section elementor-element elementor-element-4f5f6c64 elementor-section-full_width elementor-section-height-min-height elementor-section-height-default\" data-id=\"4f5f6c64\" data-element_type=\"section\">\n\t\t\t\t\t\t<div class=\"elementor-container elementor-column-gap-no\">\n\t\t\t\t\t<div class=\"elementor-column elementor-col-50 elementor-inner-column elementor-element elementor-element-b45dff\" data-id=\"b45dff\" data-element_type=\"column\" data-settings=\"{&quot;background_background&quot;:&quot;classic&quot;}\">\n\t\t\t<div class=\"elementor-widget-wrap elementor-element-populated\">\n\t\t\t\t\t\t<div class=\"elementor-element elementor-element-395b7612 elementor-widget elementor-widget-heading\" data-id=\"395b7612\" data-element_type=\"widget\" data-widget_type=\"heading.default\">\n\t\t\t\t<div class=\"elementor-widget-container\">\n\t\t\t\t\t<span class=\"elementor-heading-title elementor-size-default\"><nav aria-label=\"breadcrumbs\" class=\"rank-math-breadcrumb\"><p><span class=\"last\">Home<\/span><\/p><\/nav><\/span>\t\t\t\t<\/div>\n\t\t\t\t<\/div>\n\t\t\t\t<div class=\"elementor-element elementor-element-1f4b8a44 elementor-widget elementor-widget-heading\" data-id=\"1f4b8a44\" data-element_type=\"widget\" data-widget_type=\"heading.default\">\n\t\t\t\t<div class=\"elementor-widget-container\">\n\t\t\t\t\t<h2 class=\"elementor-heading-title elementor-size-default\">Kikkoman x The Rembrandt House Museum<\/h2>\t\t\t\t<\/div>\n\t\t\t\t<\/div>\n\t\t\t\t<div class=\"elementor-element elementor-element-d6697a7 elementor-widget elementor-widget-video\" data-id=\"d6697a7\" data-element_type=\"widget\" data-settings=\"{&quot;youtube_url&quot;:&quot;https:\\\/\\\/youtu.be\\\/6K7IP_IOPY4&quot;,&quot;autoplay&quot;:&quot;yes&quot;,&quot;video_type&quot;:&quot;youtube&quot;,&quot;controls&quot;:&quot;yes&quot;}\" data-widget_type=\"video.default\">\n\t\t\t\t<div class=\"elementor-widget-container\">\n\t\t\t\t\t\t\t<div class=\"elementor-wrapper elementor-open-inline\">\n\t\t\t<div class=\"elementor-video\"><\/div>\t\t<\/div>\n\t\t\t\t\t\t<\/div>\n\t\t\t\t<\/div>\n\t\t\t\t<div class=\"elementor-element elementor-element-686704f3 elementor-widget__width-initial elementor-widget elementor-widget-text-editor\" data-id=\"686704f3\" data-element_type=\"widget\" data-widget_type=\"text-editor.default\">\n\t\t\t\t<div class=\"elementor-widget-container\">\n\t\t\t\t\t\t\t\t\t<p>Thanks to the Dutch, Europe fell in love with soy sauce.<br \/>Rembrandt fell in love with Japanese culture.<br \/>Kikkoman fell in love with Rembrandt.<br \/>So began the most tasteful partnership<br \/>A partnership that has existed for more than 25 years.<\/p>\n<p>And to celebrate, Kikkoman released a special limited edition in March 2025, and Museum Rembrandthuis offered Kikkoman lovers a 20% discount on a museum visit.<\/p>\n<p>The promotion was a great success, and all bottles were sold out within 3 weeks. For the next four years, Kikkoman will release a special Rembrandt edition every year.<\/p>\n<p>The Kikkoman factory in the Netherlands has been supporting the Rembrandt House Museum for over 25 years now. This was because of the special bond Rembrandt had with Japan.\u00a0<\/p>\n<p><em>\u201cFor many people it is a surprise to hear of Rembrandt\u2019s love for Japan, but for anyone visiting the Rembrandt House, it is quickly clear how many connections there were. Kikkoman is a highly valued partner, for whom craftsmanship is a core value: they help us in turn make Rembrandt\u2019s craftmanship accessible for everyone.\u201d\u00a0<\/em><\/p>\n<p>Milou Halbesma<br \/>General Director<\/p>\n<h3><strong>Rembrandt and Japan<\/strong><\/h3>\n<p style=\"font-weight: 400;\">Rembrandt the artist was also a voracious collector. This passion grew out of his curiosity about the world around him\u2014close at hand and far away. The neighbourhood he lived in was a melting pot of people from around the world, many of whom were economic, religious or political fugitives who had found a safe haven in Amsterdam. All around him Rembrandt had access to a diversity of people and cultures. His own extensive art collection\u2014 which he built up throughout his life\u2014also played an important role. As far as we know, Rembrandt never travelled to other countries. Instead, he brought the world to him by buying large numbers of shells, pieces of coral and stuffed animals, as well as art objects and utensils from distant lands and cultures.<\/p>\n<p style=\"font-weight: 400;\">We know that Rembrandt had a large collection of rarities and art objects because in the summer of 1656 he had to have a record made of everything he owned. This inventory was carried out as part of the proceedings for the bankruptcy that he was facing. For two days, an official from the town hall accompanied the artist through the house in Breestraat, and together they made a list of the objects there. Like the rest of the house, the \u2018art cabinet\u2019 was systematically inventoried. This room was on the first floor at the back of the house. It is clear from the list of its contents \u2014 which is still held in the Amsterdam City Archives \u2014 that Rembrandt had set out this large room in his imposing house as a sort of museum. It was an impressive place to take friends and guests. But its overriding purpose was to provide him with inspiration for his own work.<\/p>\n<p style=\"font-weight: 400;\"><img fetchpriority=\"high\" decoding=\"async\" class=\"size-medium wp-image-10275 alignleft\" src=\"https:\/\/www.rembrandthuis.nl\/wp-content\/uploads\/2024\/08\/Afbeelding1-300x185.jpg\" alt=\"\" width=\"300\" height=\"185\" srcset=\"https:\/\/www.rembrandthuis.nl\/wp-content\/uploads\/2024\/08\/Afbeelding1-300x185.jpg 300w, https:\/\/www.rembrandthuis.nl\/wp-content\/uploads\/2024\/08\/Afbeelding1.jpg 748w\" sizes=\"(max-width: 300px) 100vw, 300px\" \/><\/p>\n<p>\u00a0<\/p>\n<h6>\u00a0<\/h6>\n<h6>\u00a0<\/h6>\n<h6 style=\"font-weight: 400;\">Fig. 1 Reconstruction of Rembrandt\u2019s \u2018art cabinet\u2019<\/h6>\n<p>\u00a0<\/p>\n<p><img decoding=\"async\" class=\"size-medium wp-image-10282 alignleft\" src=\"https:\/\/www.rembrandthuis.nl\/wp-content\/uploads\/2024\/08\/2-300x228.jpg\" alt=\"\" width=\"300\" height=\"228\" srcset=\"https:\/\/www.rembrandthuis.nl\/wp-content\/uploads\/2024\/08\/2-300x228.jpg 300w, https:\/\/www.rembrandthuis.nl\/wp-content\/uploads\/2024\/08\/2-1024x779.jpg 1024w, https:\/\/www.rembrandthuis.nl\/wp-content\/uploads\/2024\/08\/2-768x585.jpg 768w, https:\/\/www.rembrandthuis.nl\/wp-content\/uploads\/2024\/08\/2-1536x1169.jpg 1536w, https:\/\/www.rembrandthuis.nl\/wp-content\/uploads\/2024\/08\/2-2048x1559.jpg 2048w\" sizes=\"(max-width: 300px) 100vw, 300px\" \/><\/p>\n<p>\u00a0<\/p>\n<h6>\u00a0<\/h6>\n<h6>\u00a0<\/h6>\n<h6>\u00a0<\/h6>\n<h6 style=\"font-weight: 400;\">Fig. 2 A page in Rembrandt\u2019s inventory (the entry \u2018een Japanse hellemet\u2019 marked)<\/h6>\n<p>\u00a0<\/p>\n<p style=\"font-weight: 400;\">Since 1999, the Rembrandt House Museum has restored, refitted and refurnished Rembrandt\u2019s former home on the basis of the inventory and other sources. The art cabinet, like the painter\u2019s studio, is one of the most appealing rooms. Every effort has been made to give the fullest possible idea of Rembrandt\u2019s collection (fig. 1). However, one specific object with a fascinating story was conspicuous by its absence: \u2018een Japanse hellemet\u2019, as it is described in the inventory, was missing (fig. 2). No longer, though, because the museum has been able to purchase one and this helmet is now part of the permanent display.<\/p>\n<p style=\"font-weight: 400;\">Finding an appropriate piece called for a degree of detective work. Japanese helmets come in numerous shapes and sizes. In this case, however, as well as the listing in the inventory, we had another source to go by\u2014a visual image of Rembrandt\u2019s helmet. When we turn a Rembrandt drawing of an Old Testament murder scene through forty-five degrees, we see a swift sketch of a Japanese helmet (figs. 3a and b). On stylistic grounds, the drawing is dated to around the time of Rembrandt\u2019s bankruptcy. Rembrandt probably jotted down the shape of his helmet on this compositional drawing in haste, before he had to part with this unusual object.<\/p>\n<h6 style=\"font-weight: 400;\"><img decoding=\"async\" class=\"wp-image-10339 alignleft\" src=\"https:\/\/www.rembrandthuis.nl\/wp-content\/uploads\/2024\/08\/3a-271x300.jpg\" alt=\"\" width=\"175\" height=\"194\" srcset=\"https:\/\/www.rembrandthuis.nl\/wp-content\/uploads\/2024\/08\/3a-271x300.jpg 271w, https:\/\/www.rembrandthuis.nl\/wp-content\/uploads\/2024\/08\/3a-925x1024.jpg 925w, https:\/\/www.rembrandthuis.nl\/wp-content\/uploads\/2024\/08\/3a-768x850.jpg 768w, https:\/\/www.rembrandthuis.nl\/wp-content\/uploads\/2024\/08\/3a-1388x1536.jpg 1388w, https:\/\/www.rembrandthuis.nl\/wp-content\/uploads\/2024\/08\/3a-1850x2048.jpg 1850w\" sizes=\"(max-width: 175px) 100vw, 175px\" \/><\/h6>\n<h6><img loading=\"lazy\" decoding=\"async\" class=\"wp-image-10341 alignleft\" src=\"https:\/\/www.rembrandthuis.nl\/wp-content\/uploads\/2024\/08\/3b-278x300.jpg\" alt=\"\" width=\"175\" height=\"188\" srcset=\"https:\/\/www.rembrandthuis.nl\/wp-content\/uploads\/2024\/08\/3b-278x300.jpg 278w, https:\/\/www.rembrandthuis.nl\/wp-content\/uploads\/2024\/08\/3b-949x1024.jpg 949w, https:\/\/www.rembrandthuis.nl\/wp-content\/uploads\/2024\/08\/3b-768x828.jpg 768w, https:\/\/www.rembrandthuis.nl\/wp-content\/uploads\/2024\/08\/3b.jpg 1412w\" sizes=\"(max-width: 175px) 100vw, 175px\" \/><\/h6>\n<h6>\u00a0<\/h6>\n<h6>\u00a0<\/h6>\n<h6>\u00a0<\/h6>\n<p>\u00a0<\/p>\n<h6>\u00a0<\/h6>\n<h6 style=\"font-weight: 400;\">fig.<em> 3a <\/em>Rembrandt<em>, Jael Kills Sisera, and a sketch of a Japanese <br \/>Helmet<\/em>, c. 1658. Pen and brush and ink, white bodycolour, <br \/>192 x 174 mm. Amsterdam, Rijksmuseum, inv. no. RP-T-1930-8, <br \/>gift of C. Hofstede de Groot, The Hague<\/h6>\n<h6 style=\"font-weight: 400;\">fig. 3b detail of 3a<\/h6>\n<h6 style=\"font-weight: 400; text-align: center;\"><img loading=\"lazy\" decoding=\"async\" class=\"size-medium wp-image-10343 alignleft\" src=\"https:\/\/www.rembrandthuis.nl\/wp-content\/uploads\/2024\/08\/4nieuw-300x222.jpg\" alt=\"\" width=\"300\" height=\"222\" srcset=\"https:\/\/www.rembrandthuis.nl\/wp-content\/uploads\/2024\/08\/4nieuw-300x222.jpg 300w, https:\/\/www.rembrandthuis.nl\/wp-content\/uploads\/2024\/08\/4nieuw-1024x757.jpg 1024w, https:\/\/www.rembrandthuis.nl\/wp-content\/uploads\/2024\/08\/4nieuw-768x567.jpg 768w, https:\/\/www.rembrandthuis.nl\/wp-content\/uploads\/2024\/08\/4nieuw-1536x1135.jpg 1536w, https:\/\/www.rembrandthuis.nl\/wp-content\/uploads\/2024\/08\/4nieuw-2048x1513.jpg 2048w\" sizes=\"(max-width: 300px) 100vw, 300px\" \/><\/h6>\n<h6>\u00a0<\/h6>\n<h6>\u00a0<\/h6>\n<h6>\u00a0<\/h6>\n<h6>\u00a0<\/h6>\n<h6>\u00a0<\/h6>\n<h6 style=\"font-weight: 400;\">fig. 4 A Zunari Kabuto, the piece acquired by the museum<\/h6>\n<p>\u00a0<\/p>\n<p style=\"font-weight: 400;\">Bas Verberk (curator of the Japanese collection in the Museum f\u00fcr Ostasiatische Kunst in Cologne) recognized the helmet in the sketch as a <em>kabuto<\/em> of the <em>zunari<\/em> type. This was a relatively easily made type of helmet that was worn in fights by <em>samurai<\/em> (Japanese warriors), chiefly in the sixteenth century. Luc Taelman, collector and President of the Western Branch of the Japanese Armor Society, proved to <br \/>own a suitable early seventeenth-century example that he was prepared to sell to the museum (fig. 4). The object bears a strong resemblance to the helmet Rembrandt must have had. On the side of the helmet in his little sketch Rembrandt drew a fastening point for an ornament. This detail \u2014which seldom occurs on helmets, exclusively on such old examples \u2014 can also be seen on this helmet.<\/p>\n<p style=\"font-weight: 400;\">This purchase enables the museum to display an unusual element in Rembrandt\u2019s collection to the public. But the significance of this helmet goes beyond the object itself, for Rembrandt was also interested in other products from Japan. In 1647 he started to use Japanese paper extensively in printing his etchings. He had evidently managed to get his hands on a quantity of sheets of <em>gampi<\/em> paper. This special paper \u2014 yellowish in tone with a sheen \u2014 gave the prints a particularly artistic and exclusive character (figs. 5a and b). The impressions printed on Japanese paper (<em>washi<\/em>) must have been regarded as \u2018exotic\u2019, de luxe editions. It is clear that in Rembrandt\u2019s eyes, too, the paper gave the prints a special quality, because he printed a little etched portrait of his son Titus\u2014a precious image that was probably only ever owned by Rembrandt\u2019s nearest and dearest\u2014exclusively on <em>gampi<\/em> paper.<\/p>\n<p style=\"font-weight: 400;\">\u00a0<\/p>\n<h6><img loading=\"lazy\" decoding=\"async\" class=\"alignnone size-medium wp-image-10496\" src=\"https:\/\/www.rembrandthuis.nl\/wp-content\/uploads\/2024\/08\/B104II-Rembrandt-Hieronymus-in-een-Italiaans-landschap-ca.-1653.-Ets-en-drogenaald-staat-I-2-259-x-210-mm-Museum-Het-Rembrandthuis-JPEG-241x300.jpg\" alt=\"\" width=\"241\" height=\"300\" srcset=\"https:\/\/www.rembrandthuis.nl\/wp-content\/uploads\/2024\/08\/B104II-Rembrandt-Hieronymus-in-een-Italiaans-landschap-ca.-1653.-Ets-en-drogenaald-staat-I-2-259-x-210-mm-Museum-Het-Rembrandthuis-JPEG-241x300.jpg 241w, https:\/\/www.rembrandthuis.nl\/wp-content\/uploads\/2024\/08\/B104II-Rembrandt-Hieronymus-in-een-Italiaans-landschap-ca.-1653.-Ets-en-drogenaald-staat-I-2-259-x-210-mm-Museum-Het-Rembrandthuis-JPEG-824x1024.jpg 824w, https:\/\/www.rembrandthuis.nl\/wp-content\/uploads\/2024\/08\/B104II-Rembrandt-Hieronymus-in-een-Italiaans-landschap-ca.-1653.-Ets-en-drogenaald-staat-I-2-259-x-210-mm-Museum-Het-Rembrandthuis-JPEG-768x955.jpg 768w, https:\/\/www.rembrandthuis.nl\/wp-content\/uploads\/2024\/08\/B104II-Rembrandt-Hieronymus-in-een-Italiaans-landschap-ca.-1653.-Ets-en-drogenaald-staat-I-2-259-x-210-mm-Museum-Het-Rembrandthuis-JPEG-1236x1536.jpg 1236w, https:\/\/www.rembrandthuis.nl\/wp-content\/uploads\/2024\/08\/B104II-Rembrandt-Hieronymus-in-een-Italiaans-landschap-ca.-1653.-Ets-en-drogenaald-staat-I-2-259-x-210-mm-Museum-Het-Rembrandthuis-JPEG-1648x2048.jpg 1648w\" sizes=\"(max-width: 241px) 100vw, 241px\" \/> <img loading=\"lazy\" decoding=\"async\" class=\"alignnone size-medium wp-image-10494\" src=\"https:\/\/www.rembrandthuis.nl\/wp-content\/uploads\/2024\/08\/B104I-D.-Rembrandt-Hieronymus-in-een-Italiaans-landschap-ca.-1653.-Ets-en-drogenaald-staat-I-2-259-x-210-mm-Museum-Het-Rembrandthuis-JPEG-246x300.jpg\" alt=\"\" width=\"246\" height=\"300\" srcset=\"https:\/\/www.rembrandthuis.nl\/wp-content\/uploads\/2024\/08\/B104I-D.-Rembrandt-Hieronymus-in-een-Italiaans-landschap-ca.-1653.-Ets-en-drogenaald-staat-I-2-259-x-210-mm-Museum-Het-Rembrandthuis-JPEG-246x300.jpg 246w, https:\/\/www.rembrandthuis.nl\/wp-content\/uploads\/2024\/08\/B104I-D.-Rembrandt-Hieronymus-in-een-Italiaans-landschap-ca.-1653.-Ets-en-drogenaald-staat-I-2-259-x-210-mm-Museum-Het-Rembrandthuis-JPEG-839x1024.jpg 839w, https:\/\/www.rembrandthuis.nl\/wp-content\/uploads\/2024\/08\/B104I-D.-Rembrandt-Hieronymus-in-een-Italiaans-landschap-ca.-1653.-Ets-en-drogenaald-staat-I-2-259-x-210-mm-Museum-Het-Rembrandthuis-JPEG-768x937.jpg 768w, https:\/\/www.rembrandthuis.nl\/wp-content\/uploads\/2024\/08\/B104I-D.-Rembrandt-Hieronymus-in-een-Italiaans-landschap-ca.-1653.-Ets-en-drogenaald-staat-I-2-259-x-210-mm-Museum-Het-Rembrandthuis-JPEG-1258x1536.jpg 1258w, https:\/\/www.rembrandthuis.nl\/wp-content\/uploads\/2024\/08\/B104I-D.-Rembrandt-Hieronymus-in-een-Italiaans-landschap-ca.-1653.-Ets-en-drogenaald-staat-I-2-259-x-210-mm-Museum-Het-Rembrandthuis-JPEG-1678x2048.jpg 1678w\" sizes=\"(max-width: 246px) 100vw, 246px\" \/><\/h6>\n<h6 style=\"font-weight: 400;\">figs. 5a and b Rembrandt, St Jerome in an Italian Landscape, 1654. Etching, burin and drypoint, 259 x 210 mm, <br \/>on (left) European paper and (right) Japanese paper. Amsterdam, Rembrandt House Museum<\/h6>\n<p style=\"font-weight: 400;\">But there is more. Among Rembrandt\u2019s early clients and collectors was a highly placed official of the Dutch East India Company, who had served in Japan. At the beginning of the seventeenth century, Jacques Specx (1585-1652) had been one of the founders of the Dutch trading post in Hirado (Ky\u016bsh\u016b, Japan). He had travelled through the country to visit the shog\u016bn, Japan\u2019s military ruler, and even had a daughter with a Japanese woman. In the years when Specx was in contact with Rembrandt, he bought some important history pieces from the artist. He also commissioned him to paint marriage portraits of his sister-in-law Petronella Buys and her husband Philips Lucasz. In the same years, Rembrandt incorporated a fully outfitted Japanese warrior in one of his narrative paintings (fig. 6). Might he have seen a complete samurai costume like this on a visit to Specx\u2019s home? And did he acquire his own kabuto through a contact of this kind.<\/p>\n<h6 style=\"font-weight: 400;\"><img loading=\"lazy\" decoding=\"async\" class=\"wp-image-10351 alignnone\" src=\"https:\/\/www.rembrandthuis.nl\/wp-content\/uploads\/2024\/08\/6b-1-300x178.jpg\" alt=\"\" width=\"309\" height=\"183\" srcset=\"https:\/\/www.rembrandthuis.nl\/wp-content\/uploads\/2024\/08\/6b-1-300x178.jpg 300w, https:\/\/www.rembrandthuis.nl\/wp-content\/uploads\/2024\/08\/6b-1-1024x607.jpg 1024w, https:\/\/www.rembrandthuis.nl\/wp-content\/uploads\/2024\/08\/6b-1-768x455.jpg 768w, https:\/\/www.rembrandthuis.nl\/wp-content\/uploads\/2024\/08\/6b-1.jpg 1272w\" sizes=\"(max-width: 309px) 100vw, 309px\" \/><\/h6>\n<h6 style=\"font-weight: 400;\">fig. 6 Rembrandt, St John the Baptist Preaching (detail), c. 1633-34. <br \/>Oil on panel, 62.7 x 81.1 cm. Berlin, Gem\u00e4ldegalerie, <br \/>detail (the Japanese warrior is circled).<\/h6>\n<p style=\"font-weight: 400;\">Rembrandt could also have bought his helmet from one of the Asian shops in and around Amsterdam\u2019s Warmoesstraat. They stocked items brought to Amsterdam through the Dutch East India Company\u2019s expansion operations. Goods from the occupied territories were often looted. The conditions in which the Dutch Republic did business with Japan, however, were of a different nature. The Company was the only foreign trading organization with the official right, granted by the Japanese shog\u016bn, to trade with and from Japan. To this end, the Dutch foreigners had to settle under strict conditions on the artificial island of Deshima, off the coast of the port of Nagasaki. As a general rule, the Dutch were not allowed to leave the island except for an annual visit to the capital, Edo. And the goods they exported from Japan were strictly supervised by the Japanese authorities.<\/p>\n<p style=\"font-weight: 400;\">Perhaps Rembrandt also bought a Japanese gift for his second love, Hendrickje Stoffels, from one of these shops. In the second half of the seventeenth century, typical Japanese house coats\u2014 banyans \u2014 influenced by the kimonos brought back by the Company, became very popular in the Netherlands. Thick, winter versions were specially made for the market for the half-frozen Dutch. An informal portrait of Hendrickje, actually a lighting study, that Rembrandt painted around 1659 shows her in one of these winter gowns (fig. 7). She has pushed her hands into the wide sleeves to keep warm. It is true that no such garment appears on the bankruptcy inventory that had been drawn up a few years earlier, but her possessions were not included in the sales of Rembrandt\u2019s goods and were consequently <br \/>neither recorded nor sold.<\/p>\n<p>Finally, there is also an indication that Rembrandt owned Japanese weapons. Playwright Andries Pels claimed in his Use and Abuse of the Scene (1681) about Rembrandt that he &#8216;door de ganscha Stad op bruggen, en op hoeken, \/ Op Nieuwe, en Noordermarkt zeer yv\u2019rig op ging zoeken \/ Harnassen, Moriljons, Japonsche Ponjerts [Japanse zwaarden], bont, \/ En rafelkraagen, die hy schilderachtig vond&#8217;. For this reason, there is also a Japanese katana sword in the arrangement of the artificial caemer, near the Japanese helmet.<\/p>\n<p><img loading=\"lazy\" decoding=\"async\" class=\"size-medium wp-image-10353 aligncenter\" src=\"https:\/\/www.rembrandthuis.nl\/wp-content\/uploads\/2024\/08\/7-205x300.jpg\" alt=\"\" width=\"205\" height=\"300\" srcset=\"https:\/\/www.rembrandthuis.nl\/wp-content\/uploads\/2024\/08\/7-205x300.jpg 205w, https:\/\/www.rembrandthuis.nl\/wp-content\/uploads\/2024\/08\/7.jpg 519w\" sizes=\"(max-width: 205px) 100vw, 205px\" \/><\/p>\n<h6 style=\"font-weight: 400; text-align: center;\">ig. 7 Rembrandt, Lighting Study with <br \/>Hendrickje as the Model, in a Japanese <br \/>Gown, c. 1659. Oil on panel, 74.2 x 51.2 cm. <br \/>Frankfurt am Main, Das St\u00e4del Museum<\/h6>\n<p style=\"font-weight: 400;\">After more than three and a half centuries, Rembrandt has a Japanese helmet again. This acquisition lets the Rembrandt House explore and explain more stories behind his work and life, and the time and context in which Rembrandt lived and worked in Amsterdam. The museum already held important examples of prints that Rembrandt printed on Japanese paper, but their sensitivity to light means that they can only be shown once every few years. This makes the acquisition of this helmet a valuable enrichment of the permanent display.<\/p>\n<p><em><span style=\"font-weight: 400;\"> <img loading=\"lazy\" decoding=\"async\" class=\"alignnone size-medium wp-image-11637\" src=\"https:\/\/www.rembrandthuis.nl\/wp-content\/uploads\/2025\/03\/KKM_Rembrandt_Campaign_2025_KV5-300x169.jpg\" alt=\"\" width=\"300\" height=\"169\" srcset=\"https:\/\/www.rembrandthuis.nl\/wp-content\/uploads\/2025\/03\/KKM_Rembrandt_Campaign_2025_KV5-300x169.jpg 300w, https:\/\/www.rembrandthuis.nl\/wp-content\/uploads\/2025\/03\/KKM_Rembrandt_Campaign_2025_KV5-1024x576.jpg 1024w, https:\/\/www.rembrandthuis.nl\/wp-content\/uploads\/2025\/03\/KKM_Rembrandt_Campaign_2025_KV5-768x432.jpg 768w, https:\/\/www.rembrandthuis.nl\/wp-content\/uploads\/2025\/03\/KKM_Rembrandt_Campaign_2025_KV5-1536x864.jpg 1536w, https:\/\/www.rembrandthuis.nl\/wp-content\/uploads\/2025\/03\/KKM_Rembrandt_Campaign_2025_KV5.jpg 1920w\" sizes=\"(max-width: 300px) 100vw, 300px\" \/><\/span><\/em><\/p>\n<p>\u00a0<\/p>\t\t\t\t\t\t\t\t<\/div>\n\t\t\t\t<\/div>\n\t\t\t\t\t<\/div>\n\t\t<\/div>\n\t\t\t\t<div class=\"elementor-column elementor-col-50 elementor-inner-column elementor-element elementor-element-745589ce\" data-id=\"745589ce\" data-element_type=\"column\">\n\t\t\t<div class=\"elementor-widget-wrap\">\n\t\t\t\t\t\t\t<\/div>\n\t\t<\/div>\n\t\t\t\t\t<\/div>\n\t\t<\/section>\n\t\t\t\t\t<\/div>\n\t\t<\/div>\n\t\t\t\t\t<\/div>\n\t\t<\/section>\n\t\t\t\t<\/div>\n\t\t<div id=\"nb-footnote-inline\"><\/div>","protected":false},"excerpt":{"rendered":"<p>https:\/\/youtu.be\/6K7IP_IOPY4 Thanks to the Dutch, Europe fell in love with soy sauce.Rembrandt fell in love with Japanese culture.Kikkoman fell in love with Rembrandt.So began the most tasteful partnershipA partnership that has existed for more than 25 years. And to celebrate, Kikkoman released a special limited edition in March 2025, and Museum Rembrandthuis offered Kikkoman lovers [&hellip;]<\/p>\n","protected":false},"author":12,"featured_media":11689,"parent":0,"menu_order":0,"comment_status":"closed","ping_status":"closed","template":"elementor_header_footer","meta":{"_acf_changed":false,"footnotes":""},"class_list":["post-10280","page","type-page","status-publish","has-post-thumbnail","hentry"],"acf":[],"_links":{"self":[{"href":"https:\/\/www.rembrandthuis.nl\/en\/wp-json\/wp\/v2\/pages\/10280","targetHints":{"allow":["GET"]}}],"collection":[{"href":"https:\/\/www.rembrandthuis.nl\/en\/wp-json\/wp\/v2\/pages"}],"about":[{"href":"https:\/\/www.rembrandthuis.nl\/en\/wp-json\/wp\/v2\/types\/page"}],"author":[{"embeddable":true,"href":"https:\/\/www.rembrandthuis.nl\/en\/wp-json\/wp\/v2\/users\/12"}],"replies":[{"embeddable":true,"href":"https:\/\/www.rembrandthuis.nl\/en\/wp-json\/wp\/v2\/comments?post=10280"}],"version-history":[{"count":50,"href":"https:\/\/www.rembrandthuis.nl\/en\/wp-json\/wp\/v2\/pages\/10280\/revisions"}],"predecessor-version":[{"id":13249,"href":"https:\/\/www.rembrandthuis.nl\/en\/wp-json\/wp\/v2\/pages\/10280\/revisions\/13249"}],"wp:featuredmedia":[{"embeddable":true,"href":"https:\/\/www.rembrandthuis.nl\/en\/wp-json\/wp\/v2\/media\/11689"}],"wp:attachment":[{"href":"https:\/\/www.rembrandthuis.nl\/en\/wp-json\/wp\/v2\/media?parent=10280"}],"curies":[{"name":"wp","href":"https:\/\/api.w.org\/{rel}","templated":true}]}}