{"id":14497,"date":"2025-07-10T17:03:02","date_gmt":"2025-07-10T15:03:02","guid":{"rendered":"https:\/\/www.rembrandthuis.nl\/besucherinformation-test\/store\/"},"modified":"2025-10-23T16:38:47","modified_gmt":"2025-10-23T14:38:47","slug":"museumsshop","status":"publish","type":"page","link":"https:\/\/www.rembrandthuis.nl\/de\/plane-deinen-besuch\/besucherinformation\/museumsshop\/","title":{"rendered":"Museumsshop"},"content":{"rendered":"\t\t<div data-elementor-type=\"wp-page\" data-elementor-id=\"14497\" class=\"elementor elementor-14497 elementor-14330\" data-elementor-post-type=\"page\">\n\t\t\t\t\t\t<section class=\"elementor-section elementor-top-section elementor-element elementor-element-8a379a8 elementor-section-full_width elementor-section-height-default elementor-section-height-default\" data-id=\"8a379a8\" data-element_type=\"section\" data-settings=\"{&quot;background_background&quot;:&quot;classic&quot;}\">\n\t\t\t\t\t\t<div class=\"elementor-container elementor-column-gap-no\">\n\t\t\t\t\t<div class=\"elementor-column elementor-col-100 elementor-top-column elementor-element elementor-element-e7345e6\" data-id=\"e7345e6\" data-element_type=\"column\">\n\t\t\t<div class=\"elementor-widget-wrap elementor-element-populated\">\n\t\t\t\t\t\t<section class=\"elementor-section elementor-inner-section elementor-element elementor-element-1a98dd6 elementor-section-full_width elementor-section-height-min-height elementor-section-height-default\" data-id=\"1a98dd6\" data-element_type=\"section\">\n\t\t\t\t\t\t<div class=\"elementor-container elementor-column-gap-no\">\n\t\t\t\t\t<div class=\"elementor-column elementor-col-50 elementor-inner-column elementor-element elementor-element-4795843\" data-id=\"4795843\" data-element_type=\"column\" data-settings=\"{&quot;background_background&quot;:&quot;classic&quot;}\">\n\t\t\t<div class=\"elementor-widget-wrap elementor-element-populated\">\n\t\t\t\t\t\t<div class=\"elementor-element elementor-element-e4de4d6 elementor-widget elementor-widget-heading\" data-id=\"e4de4d6\" data-element_type=\"widget\" data-widget_type=\"heading.default\">\n\t\t\t\t<div class=\"elementor-widget-container\">\n\t\t\t\t\t<span class=\"elementor-heading-title elementor-size-default\"><nav aria-label=\"breadcrumbs\" class=\"rank-math-breadcrumb\"><p><span class=\"last\">Home<\/span><\/p><\/nav><\/span>\t\t\t\t<\/div>\n\t\t\t\t<\/div>\n\t\t\t\t<div class=\"elementor-element elementor-element-c4f174d elementor-widget elementor-widget-heading\" data-id=\"c4f174d\" data-element_type=\"widget\" data-widget_type=\"heading.default\">\n\t\t\t\t<div class=\"elementor-widget-container\">\n\t\t\t\t\t<h1 class=\"elementor-heading-title elementor-size-default\">Museumsshop<\/h1>\t\t\t\t<\/div>\n\t\t\t\t<\/div>\n\t\t\t\t<div class=\"elementor-element elementor-element-fb0dfcd elementor-widget elementor-widget-text-editor\" data-id=\"fb0dfcd\" data-element_type=\"widget\" data-widget_type=\"text-editor.default\">\n\t\t\t\t<div class=\"elementor-widget-container\">\n\t\t\t\t\t\t\t\t\t<p>Suchen Sie nach exklusiven Geschenken, Souvenirs, Postern oder B\u00fcchern \u00fcber Rembrandt? Der Shop des <span class=\"NormalTextRun SCXW205262236 BCX8\">Museum <\/span><span class=\"NormalTextRun SpellingErrorV2Themed SCXW205262236 BCX8\">Rembrandthaus<\/span> bietet eine gro\u00dfe Auswahl an Produkten, die vom Leben und Werk Rembrandts inspiriert sind.<\/p>\n<p>Der Museumsshop befindet sich im Atrium des Museums und ist w\u00e4hrend der Museumsbesuchszeiten ge\u00f6ffnet.<\/p>\t\t\t\t\t\t\t\t<\/div>\n\t\t\t\t<\/div>\n\t\t\t\t<div class=\"elementor-element elementor-element-4426e06 elementor-widget elementor-widget-image\" data-id=\"4426e06\" data-element_type=\"widget\" data-widget_type=\"image.default\">\n\t\t\t\t<div class=\"elementor-widget-container\">\n\t\t\t\t\t\t\t\t\t\t\t\t\t\t\t<img fetchpriority=\"high\" decoding=\"async\" width=\"1024\" height=\"683\" src=\"https:\/\/www.rembrandthuis.nl\/wp-content\/uploads\/2025\/10\/Museum-Rembrandthuis-Aad-Hoogendoorn-1024x683.jpg\" class=\"attachment-large size-large wp-image-16208\" alt=\"Kleine witte keramieken verse van het Rembrandthuis\" srcset=\"https:\/\/www.rembrandthuis.nl\/wp-content\/uploads\/2025\/10\/Museum-Rembrandthuis-Aad-Hoogendoorn-1024x683.jpg 1024w, https:\/\/www.rembrandthuis.nl\/wp-content\/uploads\/2025\/10\/Museum-Rembrandthuis-Aad-Hoogendoorn-300x200.jpg 300w, https:\/\/www.rembrandthuis.nl\/wp-content\/uploads\/2025\/10\/Museum-Rembrandthuis-Aad-Hoogendoorn-768x512.jpg 768w, https:\/\/www.rembrandthuis.nl\/wp-content\/uploads\/2025\/10\/Museum-Rembrandthuis-Aad-Hoogendoorn-1536x1025.jpg 1536w, https:\/\/www.rembrandthuis.nl\/wp-content\/uploads\/2025\/10\/Museum-Rembrandthuis-Aad-Hoogendoorn-2048x1366.jpg 2048w\" sizes=\"(max-width: 1024px) 100vw, 1024px\" \/>\t\t\t\t\t\t\t\t\t\t\t\t\t\t\t<\/div>\n\t\t\t\t<\/div>\n\t\t\t\t\t<\/div>\n\t\t<\/div>\n\t\t\t\t<div class=\"elementor-column elementor-col-50 elementor-inner-column elementor-element elementor-element-83393ef\" data-id=\"83393ef\" data-element_type=\"column\">\n\t\t\t<div class=\"elementor-widget-wrap\">\n\t\t\t\t\t\t\t<\/div>\n\t\t<\/div>\n\t\t\t\t\t<\/div>\n\t\t<\/section>\n\t\t\t\t\t<\/div>\n\t\t<\/div>\n\t\t\t\t\t<\/div>\n\t\t<\/section>\n\t\t\t\t<\/div>\n\t\t<div id=\"nb-footnote-inline\"><\/div>","protected":false},"excerpt":{"rendered":"<p>Suchen Sie nach exklusiven Geschenken, Souvenirs, Postern oder B\u00fcchern \u00fcber Rembrandt? Der Shop des Museum Rembrandthaus bietet eine gro\u00dfe Auswahl an Produkten, die vom Leben und Werk Rembrandts inspiriert sind. Der Museumsshop befindet sich im Atrium des Museums und ist w\u00e4hrend der Museumsbesuchszeiten ge\u00f6ffnet.<\/p>\n","protected":false},"author":5,"featured_media":16131,"parent":14462,"menu_order":7,"comment_status":"closed","ping_status":"closed","template":"","meta":{"_acf_changed":false,"footnotes":""},"class_list":["post-14497","page","type-page","status-publish","has-post-thumbnail","hentry"],"acf":[],"_links":{"self":[{"href":"https:\/\/www.rembrandthuis.nl\/de\/wp-json\/wp\/v2\/pages\/14497","targetHints":{"allow":["GET"]}}],"collection":[{"href":"https:\/\/www.rembrandthuis.nl\/de\/wp-json\/wp\/v2\/pages"}],"about":[{"href":"https:\/\/www.rembrandthuis.nl\/de\/wp-json\/wp\/v2\/types\/page"}],"author":[{"embeddable":true,"href":"https:\/\/www.rembrandthuis.nl\/de\/wp-json\/wp\/v2\/users\/5"}],"replies":[{"embeddable":true,"href":"https:\/\/www.rembrandthuis.nl\/de\/wp-json\/wp\/v2\/comments?post=14497"}],"version-history":[{"count":9,"href":"https:\/\/www.rembrandthuis.nl\/de\/wp-json\/wp\/v2\/pages\/14497\/revisions"}],"predecessor-version":[{"id":16227,"href":"https:\/\/www.rembrandthuis.nl\/de\/wp-json\/wp\/v2\/pages\/14497\/revisions\/16227"}],"up":[{"embeddable":true,"href":"https:\/\/www.rembrandthuis.nl\/de\/wp-json\/wp\/v2\/pages\/14462"}],"wp:featuredmedia":[{"embeddable":true,"href":"https:\/\/www.rembrandthuis.nl\/de\/wp-json\/wp\/v2\/media\/16131"}],"wp:attachment":[{"href":"https:\/\/www.rembrandthuis.nl\/de\/wp-json\/wp\/v2\/media?parent=14497"}],"curies":[{"name":"wp","href":"https:\/\/api.w.org\/{rel}","templated":true}]}}