{"id":14486,"date":"2025-07-10T16:54:38","date_gmt":"2025-07-10T14:54:38","guid":{"rendered":"https:\/\/www.rembrandthuis.nl\/besucherinformation-test\/families-with-children\/"},"modified":"2025-08-13T16:02:31","modified_gmt":"2025-08-13T14:02:31","slug":"familien-und-kinder","status":"publish","type":"page","link":"https:\/\/www.rembrandthuis.nl\/de\/plane-deinen-besuch\/besucherinformation\/familien-und-kinder\/","title":{"rendered":"Familien &#038; Kinder"},"content":{"rendered":"\t\t<div data-elementor-type=\"wp-page\" data-elementor-id=\"14486\" class=\"elementor elementor-14486 elementor-14324\" data-elementor-post-type=\"page\">\n\t\t\t\t\t\t<section class=\"elementor-section elementor-top-section elementor-element elementor-element-5d405c6 elementor-section-boxed elementor-section-height-default elementor-section-height-default\" data-id=\"5d405c6\" data-element_type=\"section\">\n\t\t\t\t\t\t<div class=\"elementor-container elementor-column-gap-default\">\n\t\t\t\t\t<div class=\"elementor-column elementor-col-100 elementor-top-column elementor-element elementor-element-e89b52f\" data-id=\"e89b52f\" data-element_type=\"column\">\n\t\t\t<div class=\"elementor-widget-wrap\">\n\t\t\t\t\t\t\t<\/div>\n\t\t<\/div>\n\t\t\t\t\t<\/div>\n\t\t<\/section>\n\t\t\t\t<section class=\"elementor-section elementor-top-section elementor-element elementor-element-0101dbd elementor-section-full_width elementor-section-height-default elementor-section-height-default\" data-id=\"0101dbd\" data-element_type=\"section\" data-settings=\"{&quot;background_background&quot;:&quot;classic&quot;}\">\n\t\t\t\t\t\t<div class=\"elementor-container elementor-column-gap-no\">\n\t\t\t\t\t<div class=\"elementor-column elementor-col-100 elementor-top-column elementor-element elementor-element-dc46148\" data-id=\"dc46148\" data-element_type=\"column\">\n\t\t\t<div class=\"elementor-widget-wrap elementor-element-populated\">\n\t\t\t\t\t\t<section class=\"elementor-section elementor-inner-section elementor-element elementor-element-e418f0f elementor-section-full_width elementor-section-height-min-height elementor-section-height-default\" data-id=\"e418f0f\" data-element_type=\"section\">\n\t\t\t\t\t\t<div class=\"elementor-container elementor-column-gap-no\">\n\t\t\t\t\t<div class=\"elementor-column elementor-col-50 elementor-inner-column elementor-element elementor-element-6b9c585\" data-id=\"6b9c585\" data-element_type=\"column\" data-settings=\"{&quot;background_background&quot;:&quot;classic&quot;}\">\n\t\t\t<div class=\"elementor-widget-wrap elementor-element-populated\">\n\t\t\t\t\t\t<div class=\"elementor-element elementor-element-04e4c5c elementor-widget elementor-widget-heading\" data-id=\"04e4c5c\" data-element_type=\"widget\" tabindex=\"-1\" data-widget_type=\"heading.default\">\n\t\t\t\t<div class=\"elementor-widget-container\">\n\t\t\t\t\t<span class=\"elementor-heading-title elementor-size-default\"><nav aria-label=\"breadcrumbs\" class=\"rank-math-breadcrumb\"><p><span class=\"last\">Home<\/span><\/p><\/nav><\/span>\t\t\t\t<\/div>\n\t\t\t\t<\/div>\n\t\t\t\t<div class=\"elementor-element elementor-element-83f3186 elementor-widget elementor-widget-heading\" data-id=\"83f3186\" data-element_type=\"widget\" tabindex=\"1\" data-widget_type=\"heading.default\">\n\t\t\t\t<div class=\"elementor-widget-container\">\n\t\t\t\t\t<h1 class=\"elementor-heading-title elementor-size-default\">Familien &#038; Kinder<\/h1>\t\t\t\t<\/div>\n\t\t\t\t<\/div>\n\t\t\t\t<div class=\"elementor-element elementor-element-e39508b elementor-widget elementor-widget-text-editor\" data-id=\"e39508b\" data-element_type=\"widget\" data-widget_type=\"text-editor.default\">\n\t\t\t\t<div class=\"elementor-widget-container\">\n\t\t\t\t\t\t\t\t\t<p>Mit den t\u00e4glichen Mal- und Radierungsvorf\u00fchrungen und Mitmachaktionen wie Zeichenworkshops w\u00e4hrend Ausstellungen ist das Museum ein perfektes Ausflugsziel f\u00fcr Familien mit Kindern.<\/p>\n<p><strong><span class=\"TextRun SCXW98689021 BCX0\" lang=\"NL-NL\" xml:lang=\"NL-NL\" data-contrast=\"none\"><span class=\"NormalTextRun SpellingErrorV2Themed SCXW98689021 BCX0\" data-ccp-charstyle=\"Strong\">Gehen<\/span>\u00a0<span class=\"NormalTextRun SpellingErrorV2Themed SCXW98689021 BCX0\" data-ccp-charstyle=\"Strong\">Sie<\/span>\u00a0<span class=\"NormalTextRun SpellingErrorV2Themed SCXW98689021 BCX0\" data-ccp-charstyle=\"Strong\">mit<\/span><span class=\"NormalTextRun SCXW98689021 BCX0\" data-ccp-charstyle=\"Strong\">\u00a0Kwast\u00a0<\/span><span class=\"NormalTextRun SpellingErrorV2Themed SCXW98689021 BCX0\" data-ccp-charstyle=\"Strong\">auf<\/span>\u00a0<span class=\"NormalTextRun SpellingErrorV2Themed SCXW98689021 BCX0\" data-ccp-charstyle=\"Strong\">Abenteuerreise<br \/><\/span><\/span><\/strong><em>T\u00e4glich, kostenlos w\u00e4hrend Ihres Museumsbesuchs<\/em><\/p>\n<p><img decoding=\"async\" class=\"alignleft\" src=\"https:\/\/www.rembrandthuis.nl\/wp-content\/uploads\/2023\/11\/208x168xOntwerp-zonder-titel-10-e1701083306453-300x242.png.pagespeed.ic.M_ti9wz5Z_.webp\" alt=\"\" width=\"208\" height=\"168\" data-pagespeed-url-hash=\"3184951746\" \/><\/p>\n<p><br \/>Rembrandt war nicht nur ein sehr guter K\u00fcnstler, er war auch ein gro\u00dfer Tierfreund. Auf vielen Gem\u00e4lden und Radierungen sind Tiere zu sehen. Ein Tier taucht dabei besonders h\u00e4ufig auf: sein Hund Kwast. Kwast kennt alle geheimen Ecken und Winkel im Haus. Ein idealer F\u00fchrer! Die Familientour nimmt Sie mit auf ein Abenteuer durch das Rembrandt-Haus-Museum, zusammen mit Kwast. Kinder erhalten am Ende ein Geschenk. Diese Aktivit\u00e4t ist kostenlos, jederzeit verf\u00fcgbar und f\u00fcr Eltern\/Betreuer mit Kindern ab 6 Jahren geeignet.<\/p>\n<p>Schauen Sie nach Ihrem Besuch im Museumsshop vorbei, dort finden Sie unseren Kwast-Pl\u00fcsch. So haben Sie auch zu Hause ein St\u00fcck Rembrandt.<\/p>\n<p>\u00a0<\/p>\n<p><img fetchpriority=\"high\" decoding=\"async\" class=\"alignnone  wp-image-13595\" src=\"https:\/\/www.rembrandthuis.nl\/wp-content\/uploads\/2025\/06\/Kinderen-verfdemonstratie-300x200.jpg\" alt=\"\" width=\"473\" height=\"316\" srcset=\"https:\/\/www.rembrandthuis.nl\/wp-content\/uploads\/2025\/06\/Kinderen-verfdemonstratie-300x200.jpg 300w, https:\/\/www.rembrandthuis.nl\/wp-content\/uploads\/2025\/06\/Kinderen-verfdemonstratie-1024x683.jpg 1024w, https:\/\/www.rembrandthuis.nl\/wp-content\/uploads\/2025\/06\/Kinderen-verfdemonstratie-768x512.jpg 768w, https:\/\/www.rembrandthuis.nl\/wp-content\/uploads\/2025\/06\/Kinderen-verfdemonstratie.jpg 1500w\" sizes=\"(max-width: 473px) 100vw, 473px\" \/><\/p>\n<p><strong><span class=\"TextRun SCXW194198845 BCX0\" lang=\"NL-NL\" xml:lang=\"NL-NL\" data-contrast=\"none\"><span class=\"NormalTextRun SCXW194198845 BCX0\" data-ccp-charstyle=\"Strong\">Wie\u00a0<\/span><span class=\"NormalTextRun SpellingErrorV2Themed SCXW194198845 BCX0\" data-ccp-charstyle=\"Strong\">stellte<\/span><span class=\"NormalTextRun SCXW194198845 BCX0\" data-ccp-charstyle=\"Strong\">\u00a0Rembrandt\u00a0<\/span><span class=\"NormalTextRun SpellingErrorV2Themed SCXW194198845 BCX0\" data-ccp-charstyle=\"Strong\">seine<\/span>\u00a0<span class=\"NormalTextRun SpellingErrorV2Themed SCXW194198845 BCX0\" data-ccp-charstyle=\"Strong\">Farben<\/span>\u00a0<span class=\"NormalTextRun SpellingErrorV2Themed SCXW194198845 BCX0\" data-ccp-charstyle=\"Strong\">und<\/span>\u00a0<span class=\"NormalTextRun SpellingErrorV2Themed SCXW194198845 BCX0\" data-ccp-charstyle=\"Strong\">Radierungen<\/span><span class=\"NormalTextRun SCXW194198845 BCX0\" data-ccp-charstyle=\"Strong\"> her?<\/span><\/span><span class=\"EOP SCXW194198845 BCX0\" data-ccp-props=\"{&quot;134245418&quot;:true,&quot;134245529&quot;:true,&quot;335559685&quot;:708,&quot;335559738&quot;:160,&quot;335559739&quot;:80}\"><br \/><\/span><\/strong><em>T\u00e4glich, kostenlos w\u00e4hrend Ihres Museumsbesuchs<\/em><\/p>\n<p><span data-contrast=\"none\">T\u00e4glich gibt es im Museum eine <strong>kostenlose Mal- oder Radierdemonstration<\/strong>. In Rembrandts Atelier erfahren Sie, wie er seine Farben herstellte und welche Materialien er verwendete \u2013 von giftigem Blei und knallroten L\u00e4usen bis hin zu duftendem Lein\u00f6l und sogar Schweinsblasen!<\/span><\/p>\n<p><strong>Zeiten:<\/strong> Zwischen 10:30 Uhr und 15:30 Uhr.<br \/>F\u00fcr die Multimedia-Tour und die Vorf\u00fchrungen ist keine Reservierung erforderlich.<\/p>\n<p>\u00a0<\/p>\n<p class=\"p1\"><strong>Machen Sie Ihren Besuch zu einem ganzen Tag in Amsterdam!<\/strong><br \/>Tauchen Sie ein in die Welt von Rembrandt und erleben Sie Amsterdam so, wie er es einst tat. Erg\u00e4nzen Sie Ihr Programm mit einem Stadtrundgang oder einer Rembrandt-Bootsfahrt.<\/p>\n<p><strong>Spazieren Sie mit Rembrandt<\/strong><br \/>Schlendern Sie durch die historischen Stra\u00dfen, in denen Rembrandt lebte und arbeitete. Entdecken Sie versteckte Orte, pers\u00f6nliche Geschichten und ikonische Schaupl\u00e4tze, die sein Leben gepr\u00e4gt haben. Klicken Sie <a href=\"https:\/\/wandelenmetrembrandt.nl\/en\" target=\"_blank\" rel=\"noopener\">hier<\/a> f\u00fcr die kostenlose Stadtf\u00fchrung.<\/p>\n<p><strong>Fahren Sie mit Rembrandt<\/strong><br \/>Sehen Sie die Stadt vom Wasser aus, genau wie im 17. Jahrhundert. Diese stimmungsvolle Grachtenfahrt f\u00fchrt Sie an Orten vorbei, die mit Rembrandts Leben und seinen Zeitgenossen in Verbindung stehen. Buchen Sie die Rembrandt-Fahrt <a href=\"https:\/\/flagshipamsterdam.com\/public-cruises\/rembrandt-cruise\/\" target=\"_blank\" rel=\"noopener\">hier<\/a>.<\/p>\n<p><img decoding=\"async\" class=\"alignnone  wp-image-13198\" src=\"https:\/\/www.rembrandthuis.nl\/wp-content\/uploads\/2025\/06\/xxFlagship-Amsterdam-Rembrandt-Cruise-300x200.jpg,Mic.xAJbD64ovJ.webp.pagespeed.ic.IC_ohhWNmP.webp\" sizes=\"(max-width: 391px) 100vw, 391px\" srcset=\"https:\/\/www.rembrandthuis.nl\/wp-content\/uploads\/2025\/06\/xxFlagship-Amsterdam-Rembrandt-Cruise-300x200.jpg,Mic.xAJbD64ovJ.webp.pagespeed.ic.IC_ohhWNmP.webp 300w, https:\/\/www.rembrandthuis.nl\/wp-content\/uploads\/2025\/06\/xxFlagship-Amsterdam-Rembrandt-Cruise-1024x683.jpg,Mic.dE8XXShvqR.webp.pagespeed.ic.viGZMFSJKi.webp 1024w, https:\/\/www.rembrandthuis.nl\/wp-content\/uploads\/2025\/06\/xxFlagship-Amsterdam-Rembrandt-Cruise-768x512.jpg,Mic.nWa7ANebUw.webp.pagespeed.ic.yhsrLinAyl.webp 768w, https:\/\/www.rembrandthuis.nl\/wp-content\/uploads\/2025\/06\/xxFlagship-Amsterdam-Rembrandt-Cruise-1536x1024.jpg,Mic.r79CGZ2TV3.webp.pagespeed.ic.HB8pKPKXJt.webp 1536w, https:\/\/www.rembrandthuis.nl\/wp-content\/uploads\/2025\/06\/xxFlagship-Amsterdam-Rembrandt-Cruise-2048x1365.jpg,Mic.Bc8nR1x2ta.webp.pagespeed.ic.DuFUKN37tv.webp 2048w\" alt=\"\" width=\"469\" height=\"313\" data-pagespeed-url-hash=\"1184566159\" \/><\/p>\n<p>\u00a0<\/p>\n<p><span class=\"dik\"><span style=\"font-weight: normal;\"><strong>Sie k\u00f6nnen vom Museum Rembrandthaus nicht genug bekommen?<\/strong> <br \/>Nehmen Sie sich ein Beispiel an Rembrandt und schaffen Sie etwas Sch\u00f6nes. Klicken Sie <a href=\"https:\/\/www.rembrandthuis.nl\/en\/plan-your-visit\/activities-for-families-with-children\/\">hier<\/a>, um eine Reihe von Aktivit\u00e4ten zu entdecken, mit denen Sie selbst zum K\u00fcnstler werden k\u00f6nnen.<\/span><\/span><\/p>\n<p><img loading=\"lazy\" decoding=\"async\" class=\"alignnone  wp-image-10189\" src=\"https:\/\/www.rembrandthuis.nl\/wp-content\/uploads\/2024\/07\/Kidsproof-online-keurmerk-voor-op-gekleurde-achtergrond.png\" alt=\"\" width=\"102\" height=\"102\" srcset=\"https:\/\/www.rembrandthuis.nl\/wp-content\/uploads\/2024\/07\/Kidsproof-online-keurmerk-voor-op-gekleurde-achtergrond.png 301w, https:\/\/www.rembrandthuis.nl\/wp-content\/uploads\/2024\/07\/Kidsproof-online-keurmerk-voor-op-gekleurde-achtergrond-150x150.png 150w\" sizes=\"(max-width: 102px) 100vw, 102px\" \/><\/p>\t\t\t\t\t\t\t\t<\/div>\n\t\t\t\t<\/div>\n\t\t\t\t\t<\/div>\n\t\t<\/div>\n\t\t\t\t<div class=\"elementor-column elementor-col-50 elementor-inner-column elementor-element elementor-element-ce17d94\" data-id=\"ce17d94\" data-element_type=\"column\">\n\t\t\t<div class=\"elementor-widget-wrap\">\n\t\t\t\t\t\t\t<\/div>\n\t\t<\/div>\n\t\t\t\t\t<\/div>\n\t\t<\/section>\n\t\t\t\t\t<\/div>\n\t\t<\/div>\n\t\t\t\t\t<\/div>\n\t\t<\/section>\n\t\t\t\t<\/div>\n\t\t<div id=\"nb-footnote-inline\"><\/div>","protected":false},"excerpt":{"rendered":"<p>Mit den t\u00e4glichen Mal- und Radierungsvorf\u00fchrungen und Mitmachaktionen wie Zeichenworkshops w\u00e4hrend Ausstellungen ist das Museum ein perfektes Ausflugsziel f\u00fcr Familien mit Kindern. Gehen\u00a0Sie\u00a0mit\u00a0Kwast\u00a0auf\u00a0AbenteuerreiseT\u00e4glich, kostenlos w\u00e4hrend Ihres Museumsbesuchs Rembrandt war nicht nur ein sehr guter K\u00fcnstler, er war auch ein gro\u00dfer Tierfreund. Auf vielen Gem\u00e4lden und Radierungen sind Tiere zu sehen. Ein Tier taucht dabei besonders [&hellip;]<\/p>\n","protected":false},"author":5,"featured_media":13597,"parent":14462,"menu_order":3,"comment_status":"closed","ping_status":"closed","template":"","meta":{"_acf_changed":false,"footnotes":""},"class_list":["post-14486","page","type-page","status-publish","has-post-thumbnail","hentry"],"acf":[],"_links":{"self":[{"href":"https:\/\/www.rembrandthuis.nl\/de\/wp-json\/wp\/v2\/pages\/14486","targetHints":{"allow":["GET"]}}],"collection":[{"href":"https:\/\/www.rembrandthuis.nl\/de\/wp-json\/wp\/v2\/pages"}],"about":[{"href":"https:\/\/www.rembrandthuis.nl\/de\/wp-json\/wp\/v2\/types\/page"}],"author":[{"embeddable":true,"href":"https:\/\/www.rembrandthuis.nl\/de\/wp-json\/wp\/v2\/users\/5"}],"replies":[{"embeddable":true,"href":"https:\/\/www.rembrandthuis.nl\/de\/wp-json\/wp\/v2\/comments?post=14486"}],"version-history":[{"count":9,"href":"https:\/\/www.rembrandthuis.nl\/de\/wp-json\/wp\/v2\/pages\/14486\/revisions"}],"predecessor-version":[{"id":14945,"href":"https:\/\/www.rembrandthuis.nl\/de\/wp-json\/wp\/v2\/pages\/14486\/revisions\/14945"}],"up":[{"embeddable":true,"href":"https:\/\/www.rembrandthuis.nl\/de\/wp-json\/wp\/v2\/pages\/14462"}],"wp:featuredmedia":[{"embeddable":true,"href":"https:\/\/www.rembrandthuis.nl\/de\/wp-json\/wp\/v2\/media\/13597"}],"wp:attachment":[{"href":"https:\/\/www.rembrandthuis.nl\/de\/wp-json\/wp\/v2\/media?parent=14486"}],"curies":[{"name":"wp","href":"https:\/\/api.w.org\/{rel}","templated":true}]}}