{"id":14476,"date":"2025-07-07T12:57:44","date_gmt":"2025-07-07T10:57:44","guid":{"rendered":"https:\/\/www.rembrandthuis.nl\/besucherinformation-test\/opening-hours-fees\/"},"modified":"2026-04-16T17:28:05","modified_gmt":"2026-04-16T15:28:05","slug":"oeffnungszeiten-gebuehren","status":"publish","type":"page","link":"https:\/\/www.rembrandthuis.nl\/de\/plane-deinen-besuch\/besucherinformation\/oeffnungszeiten-gebuehren\/","title":{"rendered":"\u00d6ffnungszeiten &#038; Geb\u00fchren"},"content":{"rendered":"\t\t<div data-elementor-type=\"wp-page\" data-elementor-id=\"14476\" class=\"elementor elementor-14476 elementor-14220\" data-elementor-post-type=\"page\">\n\t\t\t\t\t\t<section class=\"elementor-section elementor-top-section elementor-element elementor-element-aa295cc elementor-section-full_width elementor-section-height-default elementor-section-height-default\" data-id=\"aa295cc\" data-element_type=\"section\" data-e-type=\"section\" data-settings=\"{&quot;background_background&quot;:&quot;classic&quot;}\">\n\t\t\t\t\t\t<div class=\"elementor-container elementor-column-gap-no\">\n\t\t\t\t\t<div class=\"elementor-column elementor-col-100 elementor-top-column elementor-element elementor-element-0e1f412\" data-id=\"0e1f412\" data-element_type=\"column\" data-e-type=\"column\">\n\t\t\t<div class=\"elementor-widget-wrap elementor-element-populated\">\n\t\t\t\t\t\t<section class=\"elementor-section elementor-inner-section elementor-element elementor-element-fd683a2 elementor-section-full_width elementor-section-height-min-height elementor-section-height-default\" data-id=\"fd683a2\" data-element_type=\"section\" data-e-type=\"section\">\n\t\t\t\t\t\t<div class=\"elementor-container elementor-column-gap-no\">\n\t\t\t\t\t<div class=\"elementor-column elementor-col-50 elementor-inner-column elementor-element elementor-element-5add0f6\" data-id=\"5add0f6\" data-element_type=\"column\" data-e-type=\"column\" data-settings=\"{&quot;background_background&quot;:&quot;classic&quot;}\">\n\t\t\t<div class=\"elementor-widget-wrap elementor-element-populated\">\n\t\t\t\t\t\t<div class=\"elementor-element elementor-element-9082c44 elementor-widget elementor-widget-heading\" data-id=\"9082c44\" data-element_type=\"widget\" data-e-type=\"widget\" tabindex=\"-1\" data-widget_type=\"heading.default\">\n\t\t\t\t<div class=\"elementor-widget-container\">\n\t\t\t\t\t<span class=\"elementor-heading-title elementor-size-default\"><nav aria-label=\"breadcrumbs\" class=\"rank-math-breadcrumb\"><p><span class=\"last\">Home<\/span><\/p><\/nav><\/span>\t\t\t\t<\/div>\n\t\t\t\t<\/div>\n\t\t\t\t<div class=\"elementor-element elementor-element-5fed76b elementor-widget elementor-widget-heading\" data-id=\"5fed76b\" data-element_type=\"widget\" data-e-type=\"widget\" tabindex=\"1\" data-widget_type=\"heading.default\">\n\t\t\t\t<div class=\"elementor-widget-container\">\n\t\t\t\t\t<h1 class=\"elementor-heading-title elementor-size-default\">\u00d6ffnungszeiten &#038; Geb\u00fchren<\/h1>\t\t\t\t<\/div>\n\t\t\t\t<\/div>\n\t\t\t\t<div class=\"elementor-element elementor-element-33916f0 elementor-widget elementor-widget-text-editor\" data-id=\"33916f0\" data-element_type=\"widget\" data-e-type=\"widget\" data-widget_type=\"text-editor.default\">\n\t\t\t\t<div class=\"elementor-widget-container\">\n\t\t\t\t\t\t\t\t\t<p>Das Museum ist t\u00e4glich ab 10:00 Uhr ge\u00f6ffnet.<\/p>\n<p>Ausnahmen: Montag, 27. April 2026 (K\u00f6nigstag) &amp; Freitag, 25. Dezember 2026 (Weihnachtstag).<\/p>\n<p>\u00a0<\/p>\n<p><strong><span class=\"NormalTextRun SpellingErrorV2Themed SCXW95214392 BCX0\" data-ccp-charstyle=\"Strong\">\u00d6ffnungszeiten 2026<\/span><\/strong><\/p>\n<table style=\"border-collapse: collapse; width: 470px; height: 327px;\" width=\"407\">\n<tbody>\n<tr style=\"height: 15.0pt;\">\n<td style=\"width: 241pt; height: 15.0pt;\" width=\"321\" height=\"20\">\n<p>Samstag, 28. M\u00e4rz<br \/>bis Sonntag, 10. Mai<\/p>\n<\/td>\n<td style=\"width: 65pt;\" width=\"86\">10.00 &#8211; 19.00<\/td>\n<\/tr>\n<tr style=\"height: 15.0pt;\">\n<td style=\"height: 15.0pt;\" height=\"20\">\n<p>Montag, 11. Mai<br \/>bis Sonntag, 1. November<\/p>\n<\/td>\n<td>10.00 &#8211; 18.00<\/td>\n<\/tr>\n<tr style=\"height: 15.0pt;\">\n<td style=\"height: 15.0pt;\" height=\"20\">\n<p>Montag, 2. November<br \/>bis Freitag, 18. Dezember<\/p>\n<\/td>\n<td class=\"xl17\">10.00 \u2013 17.00<\/td>\n<\/tr>\n<tr style=\"height: 15.0pt;\">\n<td style=\"height: 15.0pt;\" height=\"20\">\n<p>Samstag, 19. Dezember<br \/>bis Dienstag, 31. Dezember<\/p>\n<\/td>\n<td>10.00 &#8211; 18.00<\/td>\n<\/tr>\n<\/tbody>\n<\/table>\n<p>\u00a0<\/p>\n<p><strong>Ausnahmen 2026<\/strong><\/p>\n<table style=\"border-collapse: collapse; width: 479px; height: 333px;\" width=\"407\">\n<tbody>\n<tr style=\"height: 15.0pt;\">\n<td style=\"width: 241pt; height: 15.0pt;\" width=\"321\" height=\"20\">\n<p>Montag, 27. April<br \/><em>K\u00f6nigstag<\/em><\/p>\n<\/td>\n<td style=\"width: 65pt;\" width=\"86\">Geschlossen<\/td>\n<\/tr>\n<tr style=\"height: 15.0pt;\">\n<td style=\"height: 15.0pt;\" height=\"20\">\n<p>Donnerstag, 24. Dezember<br \/><em>Heiligabend<\/em><\/p>\n<\/td>\n<td>10.00 \u2013 17.00<\/td>\n<\/tr>\n<tr style=\"height: 15.0pt;\">\n<td style=\"height: 15.0pt;\" height=\"20\">\n<p>Freitag, 25. Dezember<br \/><em>Weihnachten<\/em><\/p>\n<\/td>\n<td>Geschlossen<\/td>\n<\/tr>\n<tr style=\"height: 15.0pt;\">\n<td style=\"height: 15.0pt;\" height=\"20\">\n<p>Donnerstag, 31. Dezember<br \/><em>Silvester<\/em><\/p>\n<\/td>\n<td>10.00 \u2013 17.00<\/td>\n<\/tr>\n<\/tbody>\n<\/table>\t\t\t\t\t\t\t\t<\/div>\n\t\t\t\t<\/div>\n\t\t\t\t<div class=\"elementor-element elementor-element-787da34 elementor-widget elementor-widget-text-editor\" data-id=\"787da34\" data-element_type=\"widget\" data-e-type=\"widget\" data-widget_type=\"text-editor.default\">\n\t\t\t\t<div class=\"elementor-widget-container\">\n\t\t\t\t\t\t\t\t\t<p><b><span data-contrast=\"none\">Eintrittspreise 2026<br \/><\/span><\/b><em>Tickets k\u00f6nnen kostenlos umgebucht werden \u00fcber unseren\u00a0<a role=\"link\" href=\"https:\/\/tickets.rembrandthuis.nl\/de\/self-service\/date\" target=\"_blank\" rel=\"noopener\" aria-label=\"Ticketpartner, \u00f6ffnet ein neues Fenster\" data-nww-processed=\"true\">Ticketpartner<\/a>. F\u00fcr kostenpflichtige Tickets ist eine Stornierung nicht m\u00f6glich. Wir empfehlen unseren Besuchern daher, das Datum ihres Besuchs sorgf\u00e4ltig bei der Ticketbuchung auszuw\u00e4hlen. Sie k\u00f6nnen auch eine Eintrittskarte an der Kasse im Museum kaufen (nur mit EC-Karte).<\/em><\/p>\n<ul>\n<li><span data-contrast=\"none\">Erwachsene: \u20ac23,50<br \/><em>Erwachsene Nebenzeiten (17.00-19.00): \u20ac19,50<\/em><br \/><\/span><\/li>\n<li><span data-contrast=\"none\">Junge Leute bis 25 Jahre: \u20ac15<br \/><\/span><span data-contrast=\"none\"><em>Junge Leute bis 25 Jahre Nebenzeiten (17.00-19.00): \u20ac11<\/em><br \/><\/span><\/li>\n<li><span data-contrast=\"none\">CJP &amp; ISIC: \u20ac15<br \/><\/span><em>CJP, ISIC &amp; Studierende Nebenzeiten (17.00-19.00): \u20ac11<br \/>(gegen Vorlage eines g\u00fcltigen Studentenausweises)<\/em><span data-contrast=\"none\"><br \/><\/span><\/li>\n<li><span data-contrast=\"none\">Kinder von 6 bis 17 Jahren: \u20ac8<\/span><\/li>\n<li><span data-contrast=\"none\">Kinder bis 5 Jahre: kostenlos<\/span><\/li>\n<li><span data-contrast=\"none\">Stadspas: kostenlos<\/span><\/li>\n<li><span data-contrast=\"none\">ICOM: kostenlos<\/span><\/li>\n<li><span data-contrast=\"none\">Museumskarte: kostenlos<\/span><\/li>\n<li><span data-contrast=\"none\">I Amsterdam City Card: kostenlos<\/span><\/li>\n<li><span data-contrast=\"none\">VriendenLoterij VIP-Karte: kostenlos<\/span><\/li>\n<li><span data-contrast=\"none\">Freunde des Rembrandthaus Museums: kostenlos<\/span><\/li>\n<li><span data-contrast=\"none\">Rembrandtkarte (Vereniging Rembrandt): kostenlos<\/span><span data-ccp-props=\"{&quot;134233117&quot;:true,&quot;134233118&quot;:true,&quot;335559685&quot;:708}\">\u00a0<\/span><\/li>\n<\/ul>\n<p><span data-contrast=\"none\">Alle Preise beinhalten die Multimedia-Tour. Die Multimedia-Tour ist in folgenden Sprachen verf\u00fcgbar: Niederl\u00e4ndisch, Englisch, Deutsch, Franz\u00f6sisch, Italienisch, Portugiesisch, Russisch, Spanisch, Japanisch, Koreanisch, Ukrainisch, Chinesisch (Mandarin), Hebr\u00e4isch, Modernes Standardarabisch und T\u00fcrkisch.<\/span><span data-ccp-props=\"{&quot;134233117&quot;:true,&quot;134233118&quot;:true,&quot;335559685&quot;:708}\">\u00a0<\/span><\/p>\n<p><span data-contrast=\"none\">Es gibt auch eine spezielle Multimedia-Tour f\u00fcr Familien mit Kindern. Die neue Multimedia-Tour nimmt Sie auf ein Abenteuer durch das Rembrandthaus Museum, zusammen mit \u201eKwast\u201c.<\/span><span data-ccp-props=\"{&quot;134233117&quot;:true,&quot;134233118&quot;:true,&quot;335559685&quot;:708}\">\u00a0<\/span><\/p>\n<p><span data-contrast=\"none\">Sie k\u00f6nnen beide Multimedia-Touren auch zu Hause anh\u00f6ren.\u00a0<\/span><span data-contrast=\"none\">Scannen Sie den QR-Code oder klicken Sie hier, um die\u00a0<a role=\"link\" href=\"https:\/\/www.atsweb.app\/c\/rembrandthouse\/languageselect\/\" target=\"_blank\" rel=\"noopener\" aria-label=\"Geschichte von Rembrandt zu Hause, \u00f6ffnet ein neues Fenster\" data-nww-processed=\"true\">Geschichte von Rembrandt zu Hause<\/a>\u00a0anzuh\u00f6ren.<\/span><span data-ccp-props=\"{&quot;134233117&quot;:true,&quot;134233118&quot;:true,&quot;335559685&quot;:708}\">\u00a0<\/span><\/p>\n<p><img decoding=\"async\" src=\"https:\/\/www.rembrandthuis.nl\/wp-content\/uploads\/2025\/10\/MMT-Audio-QR-Code-300x300.png\" alt=\"\" width=\"130\" height=\"130\" \/><\/p>\t\t\t\t\t\t\t\t<\/div>\n\t\t\t\t<\/div>\n\t\t\t\t<div class=\"elementor-element elementor-element-cae1cd8 elementor-widget elementor-widget-text-editor\" data-id=\"cae1cd8\" data-element_type=\"widget\" data-e-type=\"widget\" data-widget_type=\"text-editor.default\">\n\t\t\t\t<div class=\"elementor-widget-container\">\n\t\t\t\t\t\t\t\t\t<p><strong>Reservieren Sie Ihre Tickets schon jetzt online<\/strong><\/p>\n<ul>\n<li>Bestellen Sie <a href=\"https:\/\/tickets.rembrandthuis.nl\/de\/tickets\">Ihr Ticket<\/a> mit Startzeit online. So k\u00f6nnen Sie sicher sein, dass Sie das Museum besuchen k\u00f6nnen.<\/li>\n<li>Auch Inhabern einer Museumskarte, Studenten und Besuchern mit einer Vriendenloterij VIP-Karte, Icom, Rembrandtkaart, CJP-Pass oder Stadspas empfehlen wir, <a href=\"https:\/\/tickets.rembrandthuis.nl\/de\/tickets\">ein Ticket<\/a> mit Zeitfenster zu reservieren.<\/li>\n<li>Lassen Sie Ihr E-Ticket (als Ausdruck oder auf Ihrem Smartphone oder Tablet) am Eingang gegen Vorlage Ihres g\u00fcltigen Ausweises scannen.<\/li>\n<li>Freunde des Museums und Rembrandt-Hausbewohner erhalten gegen Vorlage ihres Ausweises direkten Zugang zum Museum und m\u00fcssen kein Ticket mit Startzeit reservieren<\/li>\n<li>Eine Reservierung vornehmen oder das Angebot f\u00fcr eine Schule oder Gruppe ansehen k\u00f6nnen Sie <a href=\"https:\/\/tickets.rembrandthuis.nl\/group\/groupbooking\">hier<\/a>.<\/li>\n<li>M\u00f6chten Sie eine F\u00fchrung, einen Stadtrundgang oder eine F\u00fchrung in Kombination mit einem Radierungsworkshop buchen? Das k\u00f6nnen Sie <a href=\"https:\/\/tickets.rembrandthuis.nl\/group\/groupbooking\">hier<\/a>.<\/li>\n<\/ul>\t\t\t\t\t\t\t\t<\/div>\n\t\t\t\t<\/div>\n\t\t\t\t<div class=\"elementor-element elementor-element-e05a053 elementor-widget elementor-widget-text-editor\" data-id=\"e05a053\" data-element_type=\"widget\" data-e-type=\"widget\" data-widget_type=\"text-editor.default\">\n\t\t\t\t<div class=\"elementor-widget-container\">\n\t\t\t\t\t\t\t\t\t<p><strong>Allgemeine Besucherbedingungen<\/strong><\/p>\n<p><a href=\"https:\/\/www.rembrandthuis.nl\/wp-content\/uploads\/2026\/03\/Bezoekersvoorwaarden-2026-ENG.pdf\">Laden Sie hier unsere Allgemeinen Gesch\u00e4ftsbedingungen f\u00fcr Besucher<\/a><\/p>\t\t\t\t\t\t\t\t<\/div>\n\t\t\t\t<\/div>\n\t\t\t\t\t<\/div>\n\t\t<\/div>\n\t\t\t\t<div class=\"elementor-column elementor-col-50 elementor-inner-column elementor-element elementor-element-b8986a7\" data-id=\"b8986a7\" data-element_type=\"column\" data-e-type=\"column\">\n\t\t\t<div class=\"elementor-widget-wrap\">\n\t\t\t\t\t\t\t<\/div>\n\t\t<\/div>\n\t\t\t\t\t<\/div>\n\t\t<\/section>\n\t\t\t\t\t<\/div>\n\t\t<\/div>\n\t\t\t\t\t<\/div>\n\t\t<\/section>\n\t\t\t\t<\/div>\n\t\t<div id=\"nb-footnote-inline\"><\/div>","protected":false},"excerpt":{"rendered":"<p>Das Museum ist t\u00e4glich ab 10:00 Uhr ge\u00f6ffnet. Ausnahmen: Montag, 27. April 2026 (K\u00f6nigstag) &amp; Freitag, 25. Dezember 2026 (Weihnachtstag). \u00a0 \u00d6ffnungszeiten 2026 Samstag, 28. M\u00e4rzbis Sonntag, 10. Mai 10.00 &#8211; 19.00 Montag, 11. Maibis Sonntag, 1. November 10.00 &#8211; 18.00 Montag, 2. Novemberbis Freitag, 18. Dezember 10.00 \u2013 17.00 Samstag, 19. Dezemberbis Dienstag, 31. [&hellip;]<\/p>\n","protected":false},"author":5,"featured_media":14365,"parent":14462,"menu_order":2,"comment_status":"closed","ping_status":"closed","template":"","meta":{"_acf_changed":false,"footnotes":""},"class_list":["post-14476","page","type-page","status-publish","has-post-thumbnail","hentry"],"acf":[],"_links":{"self":[{"href":"https:\/\/www.rembrandthuis.nl\/de\/wp-json\/wp\/v2\/pages\/14476","targetHints":{"allow":["GET"]}}],"collection":[{"href":"https:\/\/www.rembrandthuis.nl\/de\/wp-json\/wp\/v2\/pages"}],"about":[{"href":"https:\/\/www.rembrandthuis.nl\/de\/wp-json\/wp\/v2\/types\/page"}],"author":[{"embeddable":true,"href":"https:\/\/www.rembrandthuis.nl\/de\/wp-json\/wp\/v2\/users\/5"}],"replies":[{"embeddable":true,"href":"https:\/\/www.rembrandthuis.nl\/de\/wp-json\/wp\/v2\/comments?post=14476"}],"version-history":[{"count":50,"href":"https:\/\/www.rembrandthuis.nl\/de\/wp-json\/wp\/v2\/pages\/14476\/revisions"}],"predecessor-version":[{"id":19084,"href":"https:\/\/www.rembrandthuis.nl\/de\/wp-json\/wp\/v2\/pages\/14476\/revisions\/19084"}],"up":[{"embeddable":true,"href":"https:\/\/www.rembrandthuis.nl\/de\/wp-json\/wp\/v2\/pages\/14462"}],"wp:featuredmedia":[{"embeddable":true,"href":"https:\/\/www.rembrandthuis.nl\/de\/wp-json\/wp\/v2\/media\/14365"}],"wp:attachment":[{"href":"https:\/\/www.rembrandthuis.nl\/de\/wp-json\/wp\/v2\/media?parent=14476"}],"curies":[{"name":"wp","href":"https:\/\/api.w.org\/{rel}","templated":true}]}}