{"id":14458,"date":"2025-07-07T12:55:43","date_gmt":"2025-07-07T10:55:43","guid":{"rendered":"https:\/\/www.rembrandthuis.nl\/introduction\/"},"modified":"2025-08-13T11:31:54","modified_gmt":"2025-08-13T09:31:54","slug":"einfuehrung","status":"publish","type":"page","link":"https:\/\/www.rembrandthuis.nl\/de\/plane-deinen-besuch\/besucherinformation\/einfuehrung\/","title":{"rendered":"Einf\u00fchrung"},"content":{"rendered":"\t\t<div data-elementor-type=\"wp-page\" data-elementor-id=\"14458\" class=\"elementor elementor-14458 elementor-14212\" data-elementor-post-type=\"page\">\n\t\t\t\t\t\t<section class=\"elementor-section elementor-top-section elementor-element elementor-element-e374b7d elementor-section-full_width elementor-section-height-default elementor-section-height-default\" data-id=\"e374b7d\" data-element_type=\"section\" data-e-type=\"section\" data-settings=\"{&quot;background_background&quot;:&quot;classic&quot;}\">\n\t\t\t\t\t\t<div class=\"elementor-container elementor-column-gap-no\">\n\t\t\t\t\t<div class=\"elementor-column elementor-col-100 elementor-top-column elementor-element elementor-element-3c0bf57\" data-id=\"3c0bf57\" data-element_type=\"column\" data-e-type=\"column\">\n\t\t\t<div class=\"elementor-widget-wrap elementor-element-populated\">\n\t\t\t\t\t\t<section class=\"elementor-section elementor-inner-section elementor-element elementor-element-65bc322 elementor-section-full_width elementor-section-height-min-height elementor-section-height-default\" data-id=\"65bc322\" data-element_type=\"section\" data-e-type=\"section\">\n\t\t\t\t\t\t<div class=\"elementor-container elementor-column-gap-no\">\n\t\t\t\t\t<div class=\"elementor-column elementor-col-50 elementor-inner-column elementor-element elementor-element-eb82617\" data-id=\"eb82617\" data-element_type=\"column\" data-e-type=\"column\" data-settings=\"{&quot;background_background&quot;:&quot;classic&quot;}\">\n\t\t\t<div class=\"elementor-widget-wrap elementor-element-populated\">\n\t\t\t\t\t\t<div class=\"elementor-element elementor-element-97cf9e8 elementor-widget elementor-widget-heading\" data-id=\"97cf9e8\" data-element_type=\"widget\" data-e-type=\"widget\" data-widget_type=\"heading.default\">\n\t\t\t\t<div class=\"elementor-widget-container\">\n\t\t\t\t\t<span class=\"elementor-heading-title elementor-size-default\"><nav aria-label=\"breadcrumbs\" class=\"rank-math-breadcrumb\"><p><span class=\"last\">Home<\/span><\/p><\/nav><\/span>\t\t\t\t<\/div>\n\t\t\t\t<\/div>\n\t\t\t\t<div class=\"elementor-element elementor-element-eaab5a0 elementor-widget elementor-widget-heading\" data-id=\"eaab5a0\" data-element_type=\"widget\" data-e-type=\"widget\" data-widget_type=\"heading.default\">\n\t\t\t\t<div class=\"elementor-widget-container\">\n\t\t\t\t\t<h1 class=\"elementor-heading-title elementor-size-default\">Einf\u00fchrung<\/h1>\t\t\t\t<\/div>\n\t\t\t\t<\/div>\n\t\t\t\t<div class=\"elementor-element elementor-element-78f2fdb elementor-widget elementor-widget-text-editor\" data-id=\"78f2fdb\" data-element_type=\"widget\" data-e-type=\"widget\" tabindex=\"2\" data-widget_type=\"text-editor.default\">\n\t\t\t\t<div class=\"elementor-widget-container\">\n\t\t\t\t\t\t\t\t\t<p>Das Museum Rembrandthaus ist der einzige Ort weltweit, an dem Sie erleben k\u00f6nnen, wie Rembrandt einst lebte. In der gem\u00fctlichen Atmosph\u00e4re des Museums in der Jodenbreestraat lernen Sie den Menschen hinter seiner Kunst kennen. Lassen Sie sich von dem Menschen, dem K\u00fcnstler, seiner Stadt und seiner Zeit inspirieren. N\u00e4her als hier k\u00f6nnen Sie Rembrandt nicht kommen.<\/p>\t\t\t\t\t\t\t\t<\/div>\n\t\t\t\t<\/div>\n\t\t\t\t<div class=\"elementor-element elementor-element-162b645 elementor-widget elementor-widget-text-editor\" data-id=\"162b645\" data-element_type=\"widget\" data-e-type=\"widget\" tabindex=\"3\" data-widget_type=\"text-editor.default\">\n\t\t\t\t<div class=\"elementor-widget-container\">\n\t\t\t\t\t\t\t\t\t<p><img fetchpriority=\"high\" decoding=\"async\" class=\"alignnone  wp-image-14365\" src=\"https:\/\/www.rembrandthuis.nl\/wp-content\/uploads\/2025\/07\/Gevel-AadHoogendornRembrandt-divers-88-300x200.jpg\" alt=\"\" width=\"475\" height=\"316\" srcset=\"https:\/\/www.rembrandthuis.nl\/wp-content\/uploads\/2025\/07\/Gevel-AadHoogendornRembrandt-divers-88-300x200.jpg 300w, https:\/\/www.rembrandthuis.nl\/wp-content\/uploads\/2025\/07\/Gevel-AadHoogendornRembrandt-divers-88-1024x683.jpg 1024w, https:\/\/www.rembrandthuis.nl\/wp-content\/uploads\/2025\/07\/Gevel-AadHoogendornRembrandt-divers-88-768x512.jpg 768w, https:\/\/www.rembrandthuis.nl\/wp-content\/uploads\/2025\/07\/Gevel-AadHoogendornRembrandt-divers-88-1536x1025.jpg 1536w, https:\/\/www.rembrandthuis.nl\/wp-content\/uploads\/2025\/07\/Gevel-AadHoogendornRembrandt-divers-88-2048x1366.jpg 2048w\" sizes=\"(max-width: 475px) 100vw, 475px\" \/><\/p>\n<p>Am 18. M\u00e4rz 2023 wurde das Museum mit 30 % mehr Rembrandt wiederer\u00f6ffnet. Es wurden f\u00fcnf neue Museumsr\u00e4ume hinzugef\u00fcgt, darunter ein Epilograum, ein Radierungsboden und ein dritter Ausstellungsraum. Die neue Multimedia-F\u00fchrung l\u00e4sst das Rembrandt-Haus und das 17. Jahrhundert wirklich lebendig werden. Sie folgen Rembrandts Lebensgeschichte, von seiner Ankunft als ambitionierter Star-K\u00fcnstler bis zu seinem erzwungenen Weggang aufgrund einer Anh\u00e4ufung von Schulden. Dar\u00fcber hinaus finden t\u00e4glich Radierungs- und Malvorf\u00fchrungen im Museum statt. An genau dem Ort, an dem Rembrandt seine Meisterwerke schuf, in seinem Atelier, erfahren Sie, wie er seine Farben herstellte. Im neuen Kupferstich-Dachboden lernen Sie mehr \u00fcber Rembrandts Radiertechniken. Es ist, als w\u00fcrde man dem K\u00fcnstler \u00fcber die Schulter schauen.<\/p>\n<p><a href=\"https:\/\/www.rembrandthuis.nl\/de\/zu-sehen-und-zu-tun\/ausstellungen-und-aktivitaeten\/\">Aktuelle Ausstellungen und Aktivit\u00e4ten<\/a><\/p>\t\t\t\t\t\t\t\t<\/div>\n\t\t\t\t<\/div>\n\t\t\t\t<div class=\"elementor-element elementor-element-4c10e10 elementor-widget elementor-widget-heading\" data-id=\"4c10e10\" data-element_type=\"widget\" data-e-type=\"widget\" data-widget_type=\"heading.default\">\n\t\t\t\t<div class=\"elementor-widget-container\">\n\t\t\t\t\t<h2 class=\"elementor-heading-title elementor-size-default\">Haben Sie etwas im Museum Rembrandthaus verloren?<\/h2>\t\t\t\t<\/div>\n\t\t\t\t<\/div>\n\t\t\t\t<div class=\"elementor-element elementor-element-c8d96a2 elementor-widget elementor-widget-image\" data-id=\"c8d96a2\" data-element_type=\"widget\" data-e-type=\"widget\" data-widget_type=\"image.default\">\n\t\t\t\t<div class=\"elementor-widget-container\">\n\t\t\t\t\t\t\t\t\t\t\t\t\t\t\t\t<a href=\"https:\/\/ilost.co\/org\/het-rembrandthuis\" target=\"_blank\" rel=\"noopener\">\n\t\t\t\t\t\t\t<img decoding=\"async\" width=\"174\" height=\"68\" src=\"https:\/\/www.rembrandthuis.nl\/wp-content\/uploads\/2023\/02\/ilostfound.png\" class=\"attachment-large size-large wp-image-11782\" alt=\"\" \/>\t\t\t\t\t\t\t\t<\/a>\n\t\t\t\t\t\t\t\t\t\t\t\t\t\t\t<\/div>\n\t\t\t\t<\/div>\n\t\t\t\t\t<\/div>\n\t\t<\/div>\n\t\t\t\t<div class=\"elementor-column elementor-col-50 elementor-inner-column elementor-element elementor-element-3b0c571\" data-id=\"3b0c571\" data-element_type=\"column\" data-e-type=\"column\">\n\t\t\t<div class=\"elementor-widget-wrap\">\n\t\t\t\t\t\t\t<\/div>\n\t\t<\/div>\n\t\t\t\t\t<\/div>\n\t\t<\/section>\n\t\t\t\t\t<\/div>\n\t\t<\/div>\n\t\t\t\t\t<\/div>\n\t\t<\/section>\n\t\t\t\t<\/div>\n\t\t<div id=\"nb-footnote-inline\"><\/div>","protected":false},"excerpt":{"rendered":"<p>Das Museum Rembrandthaus ist der einzige Ort weltweit, an dem Sie erleben k\u00f6nnen, wie Rembrandt einst lebte. In der gem\u00fctlichen Atmosph\u00e4re des Museums in der Jodenbreestraat lernen Sie den Menschen hinter seiner Kunst kennen. Lassen Sie sich von dem Menschen, dem K\u00fcnstler, seiner Stadt und seiner Zeit inspirieren. N\u00e4her als hier k\u00f6nnen Sie Rembrandt nicht [&hellip;]<\/p>\n","protected":false},"author":5,"featured_media":12329,"parent":14462,"menu_order":1,"comment_status":"closed","ping_status":"closed","template":"","meta":{"_acf_changed":false,"footnotes":""},"class_list":["post-14458","page","type-page","status-publish","has-post-thumbnail","hentry"],"acf":[],"_links":{"self":[{"href":"https:\/\/www.rembrandthuis.nl\/de\/wp-json\/wp\/v2\/pages\/14458","targetHints":{"allow":["GET"]}}],"collection":[{"href":"https:\/\/www.rembrandthuis.nl\/de\/wp-json\/wp\/v2\/pages"}],"about":[{"href":"https:\/\/www.rembrandthuis.nl\/de\/wp-json\/wp\/v2\/types\/page"}],"author":[{"embeddable":true,"href":"https:\/\/www.rembrandthuis.nl\/de\/wp-json\/wp\/v2\/users\/5"}],"replies":[{"embeddable":true,"href":"https:\/\/www.rembrandthuis.nl\/de\/wp-json\/wp\/v2\/comments?post=14458"}],"version-history":[{"count":11,"href":"https:\/\/www.rembrandthuis.nl\/de\/wp-json\/wp\/v2\/pages\/14458\/revisions"}],"predecessor-version":[{"id":14781,"href":"https:\/\/www.rembrandthuis.nl\/de\/wp-json\/wp\/v2\/pages\/14458\/revisions\/14781"}],"up":[{"embeddable":true,"href":"https:\/\/www.rembrandthuis.nl\/de\/wp-json\/wp\/v2\/pages\/14462"}],"wp:featuredmedia":[{"embeddable":true,"href":"https:\/\/www.rembrandthuis.nl\/de\/wp-json\/wp\/v2\/media\/12329"}],"wp:attachment":[{"href":"https:\/\/www.rembrandthuis.nl\/de\/wp-json\/wp\/v2\/media?parent=14458"}],"curies":[{"name":"wp","href":"https:\/\/api.w.org\/{rel}","templated":true}]}}