{"id":11820,"date":"2023-01-09T13:02:35","date_gmt":"2023-01-09T12:02:35","guid":{"rendered":"https:\/\/www.rembrandthuis.nl\/?page_id=11820"},"modified":"2025-05-08T09:28:05","modified_gmt":"2025-05-08T07:28:05","slug":"travel-trade","status":"publish","type":"page","link":"https:\/\/www.rembrandthuis.nl\/de\/plane-deinen-besuch\/travel-trade\/","title":{"rendered":"Travel Trade"},"content":{"rendered":"\t\t<div data-elementor-type=\"wp-page\" data-elementor-id=\"11820\" class=\"elementor elementor-11820 elementor-18\" data-elementor-post-type=\"page\">\n\t\t\t\t\t\t<section class=\"elementor-section elementor-top-section elementor-element elementor-element-1acc022b elementor-section-full_width elementor-section-height-default elementor-section-height-default\" data-id=\"1acc022b\" data-element_type=\"section\" data-settings=\"{&quot;background_background&quot;:&quot;classic&quot;}\">\n\t\t\t\t\t\t<div class=\"elementor-container elementor-column-gap-no\">\n\t\t\t\t\t<div class=\"elementor-column elementor-col-100 elementor-top-column elementor-element elementor-element-64d7bcc\" data-id=\"64d7bcc\" data-element_type=\"column\">\n\t\t\t<div class=\"elementor-widget-wrap elementor-element-populated\">\n\t\t\t\t\t\t<section class=\"elementor-section elementor-inner-section elementor-element elementor-element-20d60744 elementor-section-full_width elementor-section-height-min-height elementor-section-height-default\" data-id=\"20d60744\" data-element_type=\"section\">\n\t\t\t\t\t\t<div class=\"elementor-container elementor-column-gap-no\">\n\t\t\t\t\t<div class=\"elementor-column elementor-col-50 elementor-inner-column elementor-element elementor-element-6eee93c\" data-id=\"6eee93c\" data-element_type=\"column\" id=\"content\" data-settings=\"{&quot;background_background&quot;:&quot;classic&quot;}\">\n\t\t\t<div class=\"elementor-widget-wrap elementor-element-populated\">\n\t\t\t\t\t\t<div class=\"elementor-element elementor-element-21c1089b elementor-widget elementor-widget-heading\" data-id=\"21c1089b\" data-element_type=\"widget\" data-widget_type=\"heading.default\">\n\t\t\t\t<div class=\"elementor-widget-container\">\n\t\t\t\t\t<span class=\"elementor-heading-title elementor-size-default\"><nav aria-label=\"breadcrumbs\" class=\"rank-math-breadcrumb\"><p><span class=\"last\">Home<\/span><\/p><\/nav><\/span>\t\t\t\t<\/div>\n\t\t\t\t<\/div>\n\t\t\t\t<div class=\"elementor-element elementor-element-6673eaca elementor-widget elementor-widget-heading\" data-id=\"6673eaca\" data-element_type=\"widget\" data-widget_type=\"heading.default\">\n\t\t\t\t<div class=\"elementor-widget-container\">\n\t\t\t\t\t<h1 class=\"elementor-heading-title elementor-size-default\">Travel Trade<\/h1>\t\t\t\t<\/div>\n\t\t\t\t<\/div>\n\t\t\t\t<div class=\"elementor-element elementor-element-7d1257e3 elementor-widget elementor-widget-text-editor\" data-id=\"7d1257e3\" data-element_type=\"widget\" data-widget_type=\"text-editor.default\">\n\t\t\t\t<div class=\"elementor-widget-container\">\n\t\t\t\t\t\t\t\t\t<p><strong><span class=\"TextRun SCXW142728292 BCX0\" lang=\"NL-NL\" xml:lang=\"NL-NL\" data-contrast=\"none\"><span class=\"NormalTextRun SCXW142728292 BCX0\" data-ccp-parastyle=\"Normal (Web)\">Das <\/span><\/span><span class=\"TextRun SCXW142728292 BCX0\" lang=\"NL-NL\" xml:lang=\"NL-NL\" data-contrast=\"none\"><span class=\"NormalTextRun SCXW142728292 BCX0\" data-ccp-charstyle=\"Strong\">Museum Rembrandthuis<\/span><\/span><span class=\"TextRun SCXW142728292 BCX0\" lang=\"NL-NL\" xml:lang=\"NL-NL\" data-contrast=\"none\"> <span class=\"NormalTextRun SpellingErrorV2Themed SCXW142728292 BCX0\" data-ccp-parastyle=\"Normal (Web)\">arbeitet<\/span> <span class=\"NormalTextRun SpellingErrorV2Themed SCXW142728292 BCX0\" data-ccp-parastyle=\"Normal (Web)\">seit<\/span> <span class=\"NormalTextRun SpellingErrorV2Themed SCXW142728292 BCX0\" data-ccp-parastyle=\"Normal (Web)\">Jahren<\/span> <span class=\"NormalTextRun SpellingErrorV2Themed SCXW142728292 BCX0\" data-ccp-parastyle=\"Normal (Web)\">mit<\/span> <span class=\"NormalTextRun SpellingErrorV2Themed SCXW142728292 BCX0\" data-ccp-parastyle=\"Normal (Web)\">einer<\/span> <span class=\"NormalTextRun SpellingErrorV2Themed SCXW142728292 BCX0\" data-ccp-parastyle=\"Normal (Web)\">Vielzahl<\/span> <span class=\"NormalTextRun SpellingErrorV2Themed SCXW142728292 BCX0\" data-ccp-parastyle=\"Normal (Web)\">von<\/span><span class=\"NormalTextRun SCXW142728292 BCX0\" data-ccp-parastyle=\"Normal (Web)\"> Travel Trade-<\/span><span class=\"NormalTextRun SpellingErrorV2Themed SCXW142728292 BCX0\" data-ccp-parastyle=\"Normal (Web)\">Partnern<\/span><span class=\"NormalTextRun SCXW142728292 BCX0\" data-ccp-parastyle=\"Normal (Web)\"> wie <\/span><span class=\"NormalTextRun SpellingErrorV2Themed SCXW142728292 BCX0\" data-ccp-parastyle=\"Normal (Web)\">Reiseveranstaltern<\/span> <span class=\"NormalTextRun SpellingErrorV2Themed SCXW142728292 BCX0\" data-ccp-parastyle=\"Normal (Web)\">und<\/span> <span class=\"NormalTextRun SpellingErrorV2Themed SCXW142728292 BCX0\" data-ccp-parastyle=\"Normal (Web)\">Wiederverk\u00e4ufern<\/span> <span class=\"NormalTextRun SpellingErrorV2Themed SCXW142728292 BCX0\" data-ccp-parastyle=\"Normal (Web)\">zusammen<\/span><span class=\"NormalTextRun SCXW142728292 BCX0\" data-ccp-parastyle=\"Normal (Web)\">. <\/span><span class=\"NormalTextRun SpellingErrorV2Themed SCXW142728292 BCX0\" data-ccp-parastyle=\"Normal (Web)\">Gemeinsam<\/span> <span class=\"NormalTextRun SpellingErrorV2Themed SCXW142728292 BCX0\" data-ccp-parastyle=\"Normal (Web)\">mit<\/span> <span class=\"NormalTextRun SpellingErrorV2Themed SCXW142728292 BCX0\" data-ccp-parastyle=\"Normal (Web)\">diesen<\/span> <span class=\"NormalTextRun SpellingErrorV2Themed SCXW142728292 BCX0\" data-ccp-parastyle=\"Normal (Web)\">Partnern<\/span> <span class=\"NormalTextRun SpellingErrorV2Themed SCXW142728292 BCX0\" data-ccp-parastyle=\"Normal (Web)\">wird<\/span> <span class=\"NormalTextRun SpellingErrorV2Themed SCXW142728292 BCX0\" data-ccp-parastyle=\"Normal (Web)\">aktiv<\/span> <span class=\"NormalTextRun SpellingErrorV2Themed SCXW142728292 BCX0\" data-ccp-parastyle=\"Normal (Web)\">untersucht<\/span><span class=\"NormalTextRun SCXW142728292 BCX0\" data-ccp-parastyle=\"Normal (Web)\">, wie das Museum Rembrandthuis in <\/span><span class=\"NormalTextRun SpellingErrorV2Themed SCXW142728292 BCX0\" data-ccp-parastyle=\"Normal (Web)\">Reiseprogramme<\/span> <span class=\"NormalTextRun SpellingErrorV2Themed SCXW142728292 BCX0\" data-ccp-parastyle=\"Normal (Web)\">und<\/span><span class=\"NormalTextRun SCXW142728292 BCX0\" data-ccp-parastyle=\"Normal (Web)\"> den Online-<\/span><span class=\"NormalTextRun SpellingErrorV2Themed SCXW142728292 BCX0\" data-ccp-parastyle=\"Normal (Web)\">Ticketverkauf<\/span> <span class=\"NormalTextRun SpellingErrorV2Themed SCXW142728292 BCX0\" data-ccp-parastyle=\"Normal (Web)\">integriert<\/span><span class=\"NormalTextRun SCXW142728292 BCX0\" data-ccp-parastyle=\"Normal (Web)\"> werden <\/span><span class=\"NormalTextRun SpellingErrorV2Themed SCXW142728292 BCX0\" data-ccp-parastyle=\"Normal (Web)\">kann<\/span><span class=\"NormalTextRun SCXW142728292 BCX0\" data-ccp-parastyle=\"Normal (Web)\">. <\/span><span class=\"NormalTextRun SpellingErrorV2Themed SCXW142728292 BCX0\" data-ccp-parastyle=\"Normal (Web)\">Mit<\/span> <span class=\"NormalTextRun SpellingErrorV2Themed SCXW142728292 BCX0\" data-ccp-parastyle=\"Normal (Web)\">diesen<\/span> <span class=\"NormalTextRun SpellingErrorV2Themed SCXW142728292 BCX0\" data-ccp-parastyle=\"Normal (Web)\">Partnern<\/span> <span class=\"NormalTextRun SpellingErrorV2Themed SCXW142728292 BCX0\" data-ccp-parastyle=\"Normal (Web)\">wurden<\/span> <span class=\"NormalTextRun SpellingErrorV2Themed SCXW142728292 BCX0\" data-ccp-parastyle=\"Normal (Web)\">Vertr\u00e4ge<\/span> <span class=\"NormalTextRun SpellingErrorV2Themed SCXW142728292 BCX0\" data-ccp-parastyle=\"Normal (Web)\">abgeschlossen<\/span><span class=\"NormalTextRun SCXW142728292 BCX0\" data-ccp-parastyle=\"Normal (Web)\">, die es den <\/span><span class=\"NormalTextRun SpellingErrorV2Themed SCXW142728292 BCX0\" data-ccp-parastyle=\"Normal (Web)\">Partnern<\/span> <span class=\"NormalTextRun SpellingErrorV2Themed SCXW142728292 BCX0\" data-ccp-parastyle=\"Normal (Web)\">erm\u00f6glichen<\/span><span class=\"NormalTextRun SCXW142728292 BCX0\" data-ccp-parastyle=\"Normal (Web)\">, <\/span><span class=\"NormalTextRun SpellingErrorV2Themed SCXW142728292 BCX0\" data-ccp-parastyle=\"Normal (Web)\">Gruppenbuchungen<\/span> <span class=\"NormalTextRun SpellingErrorV2Themed SCXW142728292 BCX0\" data-ccp-parastyle=\"Normal (Web)\">zu<\/span> <span class=\"NormalTextRun SpellingErrorV2Themed SCXW142728292 BCX0\" data-ccp-parastyle=\"Normal (Web)\">attraktiven<\/span> <span class=\"NormalTextRun SpellingErrorV2Themed SCXW142728292 BCX0\" data-ccp-parastyle=\"Normal (Web)\">Einkaufspreisen<\/span> <span class=\"NormalTextRun SpellingErrorV2Themed SCXW142728292 BCX0\" data-ccp-parastyle=\"Normal (Web)\">zu<\/span> <span class=\"NormalTextRun SpellingErrorV2Themed SCXW142728292 BCX0\" data-ccp-parastyle=\"Normal (Web)\">reservieren<\/span><span class=\"NormalTextRun SCXW142728292 BCX0\" data-ccp-parastyle=\"Normal (Web)\">.<\/span><\/span><span class=\"EOP SCXW142728292 BCX0\" data-ccp-props=\"{&quot;134233117&quot;:true,&quot;134233118&quot;:true,&quot;335559685&quot;:708}\">\u00a0<\/span><\/strong><\/p>\t\t\t\t\t\t\t\t<\/div>\n\t\t\t\t<\/div>\n\t\t\t\t<div class=\"elementor-element elementor-element-df78c47 elementor-widget elementor-widget-text-editor\" data-id=\"df78c47\" data-element_type=\"widget\" data-widget_type=\"text-editor.default\">\n\t\t\t\t<div class=\"elementor-widget-container\">\n\t\t\t\t\t\t\t\t\t<p aria-level=\"3\"><strong>Partnervertrag\u00a0<\/strong><\/p>\n<ul>\n<li data-leveltext=\"\uf0b7\" data-font=\"Symbol\" data-listid=\"7\" data-list-defn-props=\"{&quot;335552541&quot;:1,&quot;335559685&quot;:720,&quot;335559991&quot;:360,&quot;469769226&quot;:&quot;Symbol&quot;,&quot;469769242&quot;:[8226],&quot;469777803&quot;:&quot;left&quot;,&quot;469777804&quot;:&quot;\uf0b7&quot;,&quot;469777815&quot;:&quot;multilevel&quot;}\" aria-setsize=\"-1\" data-aria-posinset=\"1\" data-aria-level=\"1\"><span data-contrast=\"none\">Einkaufen zu einem attraktiven Preis<\/span><span data-ccp-props=\"{&quot;134233117&quot;:true,&quot;134233118&quot;:true,&quot;335559685&quot;:1428,&quot;469777462&quot;:[720,2136],&quot;469777927&quot;:[0,0],&quot;469777928&quot;:[0,8]}\">\u00a0<\/span><\/li>\n<\/ul>\n<ul>\n<li data-leveltext=\"\uf0b7\" data-font=\"Symbol\" data-listid=\"7\" data-list-defn-props=\"{&quot;335552541&quot;:1,&quot;335559685&quot;:720,&quot;335559991&quot;:360,&quot;469769226&quot;:&quot;Symbol&quot;,&quot;469769242&quot;:[8226],&quot;469777803&quot;:&quot;left&quot;,&quot;469777804&quot;:&quot;\uf0b7&quot;,&quot;469777815&quot;:&quot;multilevel&quot;}\" aria-setsize=\"-1\" data-aria-posinset=\"2\" data-aria-level=\"1\"><span data-contrast=\"none\">Nachtr\u00e4gliche Rechnungsstellung<\/span><span data-ccp-props=\"{&quot;134233117&quot;:true,&quot;134233118&quot;:true,&quot;335559685&quot;:1428,&quot;469777462&quot;:[720,2136],&quot;469777927&quot;:[0,0],&quot;469777928&quot;:[0,8]}\">\u00a0<\/span><\/li>\n<\/ul>\n<ul>\n<li data-leveltext=\"\uf0b7\" data-font=\"Symbol\" data-listid=\"7\" data-list-defn-props=\"{&quot;335552541&quot;:1,&quot;335559685&quot;:720,&quot;335559991&quot;:360,&quot;469769226&quot;:&quot;Symbol&quot;,&quot;469769242&quot;:[8226],&quot;469777803&quot;:&quot;left&quot;,&quot;469777804&quot;:&quot;\uf0b7&quot;,&quot;469777815&quot;:&quot;multilevel&quot;}\" aria-setsize=\"-1\" data-aria-posinset=\"3\" data-aria-level=\"1\"><span data-contrast=\"none\">Gruppenbesuche nach Datum und Uhrzeit reservieren<\/span><span data-ccp-props=\"{&quot;134233117&quot;:true,&quot;134233118&quot;:true,&quot;335559685&quot;:1428,&quot;469777462&quot;:[720,2136],&quot;469777927&quot;:[0,0],&quot;469777928&quot;:[0,8]}\">\u00a0<\/span><\/li>\n<\/ul>\n<ul>\n<li data-leveltext=\"\uf0b7\" data-font=\"Symbol\" data-listid=\"7\" data-list-defn-props=\"{&quot;335552541&quot;:1,&quot;335559685&quot;:720,&quot;335559991&quot;:360,&quot;469769226&quot;:&quot;Symbol&quot;,&quot;469769242&quot;:[8226],&quot;469777803&quot;:&quot;left&quot;,&quot;469777804&quot;:&quot;\uf0b7&quot;,&quot;469777815&quot;:&quot;multilevel&quot;}\" aria-setsize=\"-1\" data-aria-posinset=\"4\" data-aria-level=\"1\"><span data-contrast=\"none\">F\u00fchrungen reservieren<\/span><span data-ccp-props=\"{&quot;134233117&quot;:true,&quot;134233118&quot;:true,&quot;335559685&quot;:1428,&quot;469777462&quot;:[720,2136],&quot;469777927&quot;:[0,0],&quot;469777928&quot;:[0,8]}\">\u00a0<\/span><\/li>\n<\/ul>\n<p><span data-contrast=\"none\">F\u00fcr die Beantragung eines Vertrages k\u00f6nnen Sie sich an die Abteilung Marketing &amp; Sales wenden:<\/span> <a href=\"mailto:sales@rembrandthuis.nl\">sales@rembrandthuis.nl<\/a> \/ <a href=\"tel:0031020520040\">+31(0)20 \u2013 520 040<\/a>\u00a0<\/p>\t\t\t\t\t\t\t\t<\/div>\n\t\t\t\t<\/div>\n\t\t\t\t<div class=\"elementor-element elementor-element-4f5b589 elementor-widget elementor-widget-text-editor\" data-id=\"4f5b589\" data-element_type=\"widget\" data-widget_type=\"text-editor.default\">\n\t\t\t\t<div class=\"elementor-widget-container\">\n\t\t\t\t\t\t\t\t\t<p aria-level=\"3\"><strong>Reservierungen f\u00fcr Reiseveranstalter<\/strong><span data-ccp-props=\"{&quot;134245418&quot;:true,&quot;134245529&quot;:true,&quot;335559685&quot;:708,&quot;335559738&quot;:160,&quot;335559739&quot;:80}\">\u00a0<\/span><\/p>\n<p><span data-contrast=\"none\">Es ist m\u00f6glich, Gruppenreservierungen f\u00fcr Reiseveranstalter vorzunehmen. Um Voucherpartner zu werden und von einem g\u00fcnstigen Ticketpreis im <\/span>Museum Rembrandthuis<span data-contrast=\"none\"> zu profitieren, k\u00f6nnen Sie eine Anfrage an <\/span><a href=\"mailto:groepsboekingen@rembrandthuis.nl\">groepsboekingen@rembrandthuis.nl<\/a><span data-contrast=\"none\"> senden. Bereits angeschlossene Partner k\u00f6nnen hier eine Reservierung vornehmen: <\/span>Gruppenbesuch reservieren \u2013 Rembrandthuis\u00a0<\/p>\t\t\t\t\t\t\t\t<\/div>\n\t\t\t\t<\/div>\n\t\t\t\t<div class=\"elementor-element elementor-element-72f16c0 elementor-widget elementor-widget-text-editor\" data-id=\"72f16c0\" data-element_type=\"widget\" data-widget_type=\"text-editor.default\">\n\t\t\t\t<div class=\"elementor-widget-container\">\n\t\t\t\t\t\t\t\t\t<p aria-level=\"3\"><strong>Ticket-Wiederverk\u00e4ufer\u00a0<\/strong><\/p>\n<p><span data-contrast=\"none\">Auch f\u00fcr Ticket-Wiederverk\u00e4ufer bietet das Museum Rembrandthuis Kooperationsm\u00f6glichkeiten. F\u00fcr weitere Informationen k\u00f6nnen Sie sich an folgende Adresse wenden:<\/span> <a href=\"mailto:sales@rembrandthuis.nl\">sales@rembrandthuis.nl<\/a> \/ <a href=\"tel:0031020520040\">+31(0)20 \u2013 520 040<\/a>\u00a0<\/p>\t\t\t\t\t\t\t\t<\/div>\n\t\t\t\t<\/div>\n\t\t\t\t\t<\/div>\n\t\t<\/div>\n\t\t\t\t<div class=\"elementor-column elementor-col-50 elementor-inner-column elementor-element elementor-element-1230d86c\" data-id=\"1230d86c\" data-element_type=\"column\">\n\t\t\t<div class=\"elementor-widget-wrap\">\n\t\t\t\t\t\t\t<\/div>\n\t\t<\/div>\n\t\t\t\t\t<\/div>\n\t\t<\/section>\n\t\t\t\t\t<\/div>\n\t\t<\/div>\n\t\t\t\t\t<\/div>\n\t\t<\/section>\n\t\t\t\t<\/div>\n\t\t<div id=\"nb-footnote-inline\"><\/div>","protected":false},"excerpt":{"rendered":"<p>Das Museum Rembrandthuis arbeitet seit Jahren mit einer Vielzahl von Travel Trade-Partnern wie Reiseveranstaltern und Wiederverk\u00e4ufern zusammen. Gemeinsam mit diesen Partnern wird aktiv untersucht, wie das Museum Rembrandthuis in Reiseprogramme und den Online-Ticketverkauf integriert werden kann. Mit diesen Partnern wurden Vertr\u00e4ge abgeschlossen, die es den Partnern erm\u00f6glichen, Gruppenbuchungen zu attraktiven Einkaufspreisen zu reservieren.\u00a0 Partnervertrag\u00a0 Einkaufen [&hellip;]<\/p>\n","protected":false},"author":2,"featured_media":11821,"parent":11771,"menu_order":9,"comment_status":"closed","ping_status":"closed","template":"elementor_header_footer","meta":{"_acf_changed":false,"footnotes":""},"class_list":["post-11820","page","type-page","status-publish","has-post-thumbnail","hentry"],"acf":[],"_links":{"self":[{"href":"https:\/\/www.rembrandthuis.nl\/de\/wp-json\/wp\/v2\/pages\/11820","targetHints":{"allow":["GET"]}}],"collection":[{"href":"https:\/\/www.rembrandthuis.nl\/de\/wp-json\/wp\/v2\/pages"}],"about":[{"href":"https:\/\/www.rembrandthuis.nl\/de\/wp-json\/wp\/v2\/types\/page"}],"author":[{"embeddable":true,"href":"https:\/\/www.rembrandthuis.nl\/de\/wp-json\/wp\/v2\/users\/2"}],"replies":[{"embeddable":true,"href":"https:\/\/www.rembrandthuis.nl\/de\/wp-json\/wp\/v2\/comments?post=11820"}],"version-history":[{"count":10,"href":"https:\/\/www.rembrandthuis.nl\/de\/wp-json\/wp\/v2\/pages\/11820\/revisions"}],"predecessor-version":[{"id":12667,"href":"https:\/\/www.rembrandthuis.nl\/de\/wp-json\/wp\/v2\/pages\/11820\/revisions\/12667"}],"up":[{"embeddable":true,"href":"https:\/\/www.rembrandthuis.nl\/de\/wp-json\/wp\/v2\/pages\/11771"}],"wp:featuredmedia":[{"embeddable":true,"href":"https:\/\/www.rembrandthuis.nl\/de\/wp-json\/wp\/v2\/media\/11821"}],"wp:attachment":[{"href":"https:\/\/www.rembrandthuis.nl\/de\/wp-json\/wp\/v2\/media?parent=11820"}],"curies":[{"name":"wp","href":"https:\/\/api.w.org\/{rel}","templated":true}]}}