{"id":11809,"date":"2023-01-09T13:02:35","date_gmt":"2023-01-09T12:02:35","guid":{"rendered":"https:\/\/www.rembrandthuis.nl\/?page_id=11809"},"modified":"2026-01-16T11:37:22","modified_gmt":"2026-01-16T10:37:22","slug":"gruppen","status":"publish","type":"page","link":"https:\/\/www.rembrandthuis.nl\/de\/plane-deinen-besuch\/gruppen\/","title":{"rendered":"Gruppen"},"content":{"rendered":"\t\t<div data-elementor-type=\"wp-page\" data-elementor-id=\"11809\" class=\"elementor elementor-11809 elementor-17\" data-elementor-post-type=\"page\">\n\t\t\t\t\t\t<section class=\"elementor-section elementor-top-section elementor-element elementor-element-624e4cdc elementor-section-full_width elementor-section-height-default elementor-section-height-default\" data-id=\"624e4cdc\" data-element_type=\"section\" data-settings=\"{&quot;background_background&quot;:&quot;classic&quot;}\">\n\t\t\t\t\t\t<div class=\"elementor-container elementor-column-gap-no\">\n\t\t\t\t\t<div class=\"elementor-column elementor-col-100 elementor-top-column elementor-element elementor-element-32958167\" data-id=\"32958167\" data-element_type=\"column\">\n\t\t\t<div class=\"elementor-widget-wrap elementor-element-populated\">\n\t\t\t\t\t\t<section class=\"elementor-section elementor-inner-section elementor-element elementor-element-385d7a0c elementor-section-full_width elementor-section-height-min-height elementor-section-height-default\" data-id=\"385d7a0c\" data-element_type=\"section\">\n\t\t\t\t\t\t<div class=\"elementor-container elementor-column-gap-no\">\n\t\t\t\t\t<div class=\"elementor-column elementor-col-50 elementor-inner-column elementor-element elementor-element-7d3fe996\" data-id=\"7d3fe996\" data-element_type=\"column\" id=\"content\" data-settings=\"{&quot;background_background&quot;:&quot;classic&quot;}\">\n\t\t\t<div class=\"elementor-widget-wrap elementor-element-populated\">\n\t\t\t\t\t\t<div class=\"elementor-element elementor-element-610fb10c elementor-widget elementor-widget-heading\" data-id=\"610fb10c\" data-element_type=\"widget\" data-widget_type=\"heading.default\">\n\t\t\t\t<div class=\"elementor-widget-container\">\n\t\t\t\t\t<span class=\"elementor-heading-title elementor-size-default\"><nav aria-label=\"breadcrumbs\" class=\"rank-math-breadcrumb\"><p><span class=\"last\">Home<\/span><\/p><\/nav><\/span>\t\t\t\t<\/div>\n\t\t\t\t<\/div>\n\t\t\t\t<div class=\"elementor-element elementor-element-377a97e6 elementor-widget elementor-widget-heading\" data-id=\"377a97e6\" data-element_type=\"widget\" data-widget_type=\"heading.default\">\n\t\t\t\t<div class=\"elementor-widget-container\">\n\t\t\t\t\t<h1 class=\"elementor-heading-title elementor-size-default\">Gruppen<\/h1>\t\t\t\t<\/div>\n\t\t\t\t<\/div>\n\t\t\t\t<div class=\"elementor-element elementor-element-506ffa75 elementor-widget elementor-widget-text-editor\" data-id=\"506ffa75\" data-element_type=\"widget\" data-widget_type=\"text-editor.default\">\n\t\t\t\t<div class=\"elementor-widget-container\">\n\t\t\t\t\t\t\t\t\t<p><span class=\"TextRun SCXW104653631 BCX0\" lang=\"NL-NL\" xml:lang=\"NL-NL\" data-contrast=\"none\"><span class=\"NormalTextRun SCXW104653631 BCX0\" data-ccp-charstyle=\"Strong\">Hier <\/span><span class=\"NormalTextRun SpellingErrorV2Themed SCXW104653631 BCX0\" data-ccp-charstyle=\"Strong\">finden<\/span> <span class=\"NormalTextRun SpellingErrorV2Themed SCXW104653631 BCX0\" data-ccp-charstyle=\"Strong\">Sie<\/span> <span class=\"NormalTextRun SpellingErrorV2Themed SCXW104653631 BCX0\" data-ccp-charstyle=\"Strong\">unser<\/span> <span class=\"NormalTextRun SpellingErrorV2Themed SCXW104653631 BCX0\" data-ccp-charstyle=\"Strong\">Angebot<\/span> <span class=\"NormalTextRun SpellingErrorV2Themed SCXW104653631 BCX0\" data-ccp-charstyle=\"Strong\">f\u00fcr<\/span> <span class=\"NormalTextRun SpellingErrorV2Themed SCXW104653631 BCX0\" data-ccp-charstyle=\"Strong\">Schulgruppen<\/span> <span class=\"NormalTextRun SpellingErrorV2Themed SCXW104653631 BCX0\" data-ccp-charstyle=\"Strong\">und<\/span> <span class=\"NormalTextRun SpellingErrorV2Themed SCXW104653631 BCX0\" data-ccp-charstyle=\"Strong\">k\u00f6nnen<\/span> <span class=\"NormalTextRun SpellingErrorV2Themed SCXW104653631 BCX0\" data-ccp-charstyle=\"Strong\">direkt<\/span> <span class=\"NormalTextRun SpellingErrorV2Themed SCXW104653631 BCX0\" data-ccp-charstyle=\"Strong\">buchen<\/span><span class=\"NormalTextRun SCXW104653631 BCX0\" data-ccp-charstyle=\"Strong\">.<\/span><\/span><span class=\"EOP SCXW104653631 BCX0\" data-ccp-props=\"{&quot;134245418&quot;:true,&quot;134245529&quot;:true,&quot;335559685&quot;:708,&quot;335559738&quot;:160,&quot;335559739&quot;:80}\">\u00a0<\/span><\/p>\t\t\t\t\t\t\t\t<\/div>\n\t\t\t\t<\/div>\n\t\t\t\t<div class=\"elementor-element elementor-element-ac9c212 elementor-widget elementor-widget-text-editor\" data-id=\"ac9c212\" data-element_type=\"widget\" data-widget_type=\"text-editor.default\">\n\t\t\t\t<div class=\"elementor-widget-container\">\n\t\t\t\t\t\t\t\t\t<p aria-level=\"3\"><strong>Reservierung f\u00fcr Gruppen (mit oder ohne F\u00fchrung)\u00a0<\/strong><\/p>\n<p><span data-contrast=\"none\">Besuchen Sie das Museum Rembrandthuis in einer Gruppe von bis zu 15 Personen, mit oder ohne F\u00fchrung. Der Eintrittspreis f\u00fcr das Museum betr\u00e4gt \u20ac23,50 pro Person. Eine Begleitperson kann die Gruppe kostenlos begleiten.<\/span><span data-ccp-props=\"{&quot;134233117&quot;:true,&quot;134233118&quot;:true,&quot;335559685&quot;:708}\">\u00a0<\/span><\/p>\n<p><span data-contrast=\"none\">Der Zuschlag f\u00fcr eine F\u00fchrung betr\u00e4gt \u20ac100 (inkl. MwSt.). Wir bieten F\u00fchrungen in Niederl\u00e4ndisch, Englisch, Deutsch, Franz\u00f6sisch und Spanisch an.<\/span><span data-ccp-props=\"{&quot;134233117&quot;:true,&quot;134233118&quot;:true,&quot;335559685&quot;:708}\">\u00a0<\/span><\/p>\n<p><a href=\"https:\/\/tickets.rembrandthuis.nl\/group\/groupbooking\" target=\"_blank\" rel=\"noopener\">Hier k\u00f6nnen Sie direkt eine Gruppenreservierung vornehmen.\u00a0<\/a><\/p>\t\t\t\t\t\t\t\t<\/div>\n\t\t\t\t<\/div>\n\t\t\t\t\t<\/div>\n\t\t<\/div>\n\t\t\t\t<div class=\"elementor-column elementor-col-50 elementor-inner-column elementor-element elementor-element-2261dc99\" data-id=\"2261dc99\" data-element_type=\"column\">\n\t\t\t<div class=\"elementor-widget-wrap\">\n\t\t\t\t\t\t\t<\/div>\n\t\t<\/div>\n\t\t\t\t\t<\/div>\n\t\t<\/section>\n\t\t\t\t\t<\/div>\n\t\t<\/div>\n\t\t\t\t\t<\/div>\n\t\t<\/section>\n\t\t\t\t<\/div>\n\t\t<div id=\"nb-footnote-inline\"><\/div>","protected":false},"excerpt":{"rendered":"<p>Hier finden Sie unser Angebot f\u00fcr Schulgruppen und k\u00f6nnen direkt buchen.\u00a0 Reservierung f\u00fcr Gruppen (mit oder ohne F\u00fchrung)\u00a0 Besuchen Sie das Museum Rembrandthuis in einer Gruppe von bis zu 15 Personen, mit oder ohne F\u00fchrung. Der Eintrittspreis f\u00fcr das Museum betr\u00e4gt \u20ac23,50 pro Person. Eine Begleitperson kann die Gruppe kostenlos begleiten.\u00a0 Der Zuschlag f\u00fcr eine [&hellip;]<\/p>\n","protected":false},"author":2,"featured_media":11816,"parent":11771,"menu_order":8,"comment_status":"closed","ping_status":"closed","template":"elementor_header_footer","meta":{"_acf_changed":false,"footnotes":""},"class_list":["post-11809","page","type-page","status-publish","has-post-thumbnail","hentry"],"acf":[],"_links":{"self":[{"href":"https:\/\/www.rembrandthuis.nl\/de\/wp-json\/wp\/v2\/pages\/11809","targetHints":{"allow":["GET"]}}],"collection":[{"href":"https:\/\/www.rembrandthuis.nl\/de\/wp-json\/wp\/v2\/pages"}],"about":[{"href":"https:\/\/www.rembrandthuis.nl\/de\/wp-json\/wp\/v2\/types\/page"}],"author":[{"embeddable":true,"href":"https:\/\/www.rembrandthuis.nl\/de\/wp-json\/wp\/v2\/users\/2"}],"replies":[{"embeddable":true,"href":"https:\/\/www.rembrandthuis.nl\/de\/wp-json\/wp\/v2\/comments?post=11809"}],"version-history":[{"count":14,"href":"https:\/\/www.rembrandthuis.nl\/de\/wp-json\/wp\/v2\/pages\/11809\/revisions"}],"predecessor-version":[{"id":17229,"href":"https:\/\/www.rembrandthuis.nl\/de\/wp-json\/wp\/v2\/pages\/11809\/revisions\/17229"}],"up":[{"embeddable":true,"href":"https:\/\/www.rembrandthuis.nl\/de\/wp-json\/wp\/v2\/pages\/11771"}],"wp:featuredmedia":[{"embeddable":true,"href":"https:\/\/www.rembrandthuis.nl\/de\/wp-json\/wp\/v2\/media\/11816"}],"wp:attachment":[{"href":"https:\/\/www.rembrandthuis.nl\/de\/wp-json\/wp\/v2\/media?parent=11809"}],"curies":[{"name":"wp","href":"https:\/\/api.w.org\/{rel}","templated":true}]}}