{"id":11794,"date":"2023-11-22T11:36:29","date_gmt":"2023-11-22T10:36:29","guid":{"rendered":"https:\/\/www.rembrandthuis.nl\/?page_id=11794"},"modified":"2025-06-02T13:44:51","modified_gmt":"2025-06-02T11:44:51","slug":"familien-und-kinder","status":"publish","type":"page","link":"https:\/\/www.rembrandthuis.nl\/de\/plane-deinen-besuch\/familien-und-kinder\/","title":{"rendered":"Familien und Kinder"},"content":{"rendered":"\t\t<div data-elementor-type=\"wp-page\" data-elementor-id=\"11794\" class=\"elementor elementor-11794 elementor-8812\" data-elementor-post-type=\"page\">\n\t\t\t\t\t\t<section class=\"elementor-section elementor-top-section elementor-element elementor-element-12880278 elementor-section-boxed elementor-section-height-default elementor-section-height-default\" data-id=\"12880278\" data-element_type=\"section\">\n\t\t\t\t\t\t<div class=\"elementor-container elementor-column-gap-default\">\n\t\t\t\t\t<div class=\"elementor-column elementor-col-100 elementor-top-column elementor-element elementor-element-5f63fac4\" data-id=\"5f63fac4\" data-element_type=\"column\">\n\t\t\t<div class=\"elementor-widget-wrap\">\n\t\t\t\t\t\t\t<\/div>\n\t\t<\/div>\n\t\t\t\t\t<\/div>\n\t\t<\/section>\n\t\t\t\t<section class=\"elementor-section elementor-top-section elementor-element elementor-element-8973621 elementor-section-full_width elementor-section-height-default elementor-section-height-default\" data-id=\"8973621\" data-element_type=\"section\" data-settings=\"{&quot;background_background&quot;:&quot;classic&quot;}\">\n\t\t\t\t\t\t<div class=\"elementor-container elementor-column-gap-no\">\n\t\t\t\t\t<div class=\"elementor-column elementor-col-100 elementor-top-column elementor-element elementor-element-5e99945\" data-id=\"5e99945\" data-element_type=\"column\">\n\t\t\t<div class=\"elementor-widget-wrap elementor-element-populated\">\n\t\t\t\t\t\t<section class=\"elementor-section elementor-inner-section elementor-element elementor-element-ba6b68d elementor-section-full_width elementor-section-height-min-height elementor-section-height-default\" data-id=\"ba6b68d\" data-element_type=\"section\">\n\t\t\t\t\t\t<div class=\"elementor-container elementor-column-gap-no\">\n\t\t\t\t\t<div class=\"elementor-column elementor-col-50 elementor-inner-column elementor-element elementor-element-c9db305\" data-id=\"c9db305\" data-element_type=\"column\" data-settings=\"{&quot;background_background&quot;:&quot;classic&quot;}\">\n\t\t\t<div class=\"elementor-widget-wrap elementor-element-populated\">\n\t\t\t\t\t\t<div class=\"elementor-element elementor-element-5c0fd65 elementor-widget elementor-widget-heading\" data-id=\"5c0fd65\" data-element_type=\"widget\" tabindex=\"-1\" data-widget_type=\"heading.default\">\n\t\t\t\t<div class=\"elementor-widget-container\">\n\t\t\t\t\t<span class=\"elementor-heading-title elementor-size-default\"><nav aria-label=\"breadcrumbs\" class=\"rank-math-breadcrumb\"><p><span class=\"last\">Home<\/span><\/p><\/nav><\/span>\t\t\t\t<\/div>\n\t\t\t\t<\/div>\n\t\t\t\t<div class=\"elementor-element elementor-element-5e03619 elementor-widget elementor-widget-heading\" data-id=\"5e03619\" data-element_type=\"widget\" tabindex=\"1\" data-widget_type=\"heading.default\">\n\t\t\t\t<div class=\"elementor-widget-container\">\n\t\t\t\t\t<h1 class=\"elementor-heading-title elementor-size-default\">Familien und Kinder<\/h1>\t\t\t\t<\/div>\n\t\t\t\t<\/div>\n\t\t\t\t<div class=\"elementor-element elementor-element-4ae45ffc elementor-widget elementor-widget-text-editor\" data-id=\"4ae45ffc\" data-element_type=\"widget\" data-widget_type=\"text-editor.default\">\n\t\t\t\t<div class=\"elementor-widget-container\">\n\t\t\t\t\t\t\t\t\t<p><span class=\"TextRun SCXW159390584 BCX0\" lang=\"NL-NL\" xml:lang=\"NL-NL\" data-contrast=\"none\"><span class=\"NormalTextRun SpellingErrorV2Themed SCXW159390584 BCX0\" data-ccp-parastyle=\"Normal (Web)\">Mit<\/span><span class=\"NormalTextRun SCXW159390584 BCX0\" data-ccp-parastyle=\"Normal (Web)\"> den <\/span><span class=\"NormalTextRun SpellingErrorV2Themed SCXW159390584 BCX0\" data-ccp-parastyle=\"Normal (Web)\">t\u00e4glichen<\/span><span class=\"NormalTextRun SCXW159390584 BCX0\" data-ccp-parastyle=\"Normal (Web)\"> Mal- <\/span><span class=\"NormalTextRun SpellingErrorV2Themed SCXW159390584 BCX0\" data-ccp-parastyle=\"Normal (Web)\">und<\/span> <span class=\"NormalTextRun SpellingErrorV2Themed SCXW159390584 BCX0\" data-ccp-parastyle=\"Normal (Web)\">Radierdemonstrationen<\/span> <span class=\"NormalTextRun SpellingErrorV2Themed SCXW159390584 BCX0\" data-ccp-parastyle=\"Normal (Web)\">sowie<\/span> <span class=\"NormalTextRun SpellingErrorV2Themed SCXW159390584 BCX0\" data-ccp-parastyle=\"Normal (Web)\">Mitmach-Aktivit\u00e4ten<\/span><span class=\"NormalTextRun SCXW159390584 BCX0\" data-ccp-parastyle=\"Normal (Web)\"> wie <\/span><span class=\"NormalTextRun SpellingErrorV2Themed SpellingErrorHighlight SCXW159390584 BCX0\" data-ccp-parastyle=\"Normal (Web)\">Zeichenworkshops<\/span> <span class=\"NormalTextRun SpellingErrorV2Themed SCXW159390584 BCX0\" data-ccp-parastyle=\"Normal (Web)\">w\u00e4hrend<\/span><span class=\"NormalTextRun SCXW159390584 BCX0\" data-ccp-parastyle=\"Normal (Web)\"> der <\/span><span class=\"NormalTextRun SpellingErrorV2Themed SCXW159390584 BCX0\" data-ccp-parastyle=\"Normal (Web)\">Ausstellungen<\/span> <span class=\"NormalTextRun SpellingErrorV2Themed SCXW159390584 BCX0\" data-ccp-parastyle=\"Normal (Web)\">ist<\/span><span class=\"NormalTextRun SCXW159390584 BCX0\" data-ccp-parastyle=\"Normal (Web)\"> das Museum <\/span><span class=\"NormalTextRun SpellingErrorV2Themed SCXW159390584 BCX0\" data-ccp-parastyle=\"Normal (Web)\">ein<\/span> <span class=\"NormalTextRun SpellingErrorV2Themed SCXW159390584 BCX0\" data-ccp-parastyle=\"Normal (Web)\">perfektes<\/span> <span class=\"NormalTextRun SpellingErrorV2Themed SCXW159390584 BCX0\" data-ccp-parastyle=\"Normal (Web)\">Ausflugsziel<\/span> <span class=\"NormalTextRun SpellingErrorV2Themed SCXW159390584 BCX0\" data-ccp-parastyle=\"Normal (Web)\">f\u00fcr<\/span> <span class=\"NormalTextRun SpellingErrorV2Themed SCXW159390584 BCX0\" data-ccp-parastyle=\"Normal (Web)\">Familien<\/span> <span class=\"NormalTextRun SpellingErrorV2Themed SCXW159390584 BCX0\" data-ccp-parastyle=\"Normal (Web)\">mit<\/span> <span class=\"NormalTextRun SpellingErrorV2Themed SCXW159390584 BCX0\" data-ccp-parastyle=\"Normal (Web)\">Kindern<\/span><span class=\"NormalTextRun SCXW159390584 BCX0\" data-ccp-parastyle=\"Normal (Web)\">.<\/span><\/span><span class=\"EOP SCXW159390584 BCX0\" data-ccp-props=\"{&quot;134233117&quot;:true,&quot;134233118&quot;:true,&quot;335559685&quot;:708}\">\u00a0<\/span><\/p>\n<p><strong><span class=\"TextRun SCXW98689021 BCX0\" lang=\"NL-NL\" xml:lang=\"NL-NL\" data-contrast=\"none\"><span class=\"NormalTextRun SpellingErrorV2Themed SCXW98689021 BCX0\" data-ccp-charstyle=\"Strong\">Gehen<\/span> <span class=\"NormalTextRun SpellingErrorV2Themed SCXW98689021 BCX0\" data-ccp-charstyle=\"Strong\">Sie<\/span> <span class=\"NormalTextRun SpellingErrorV2Themed SCXW98689021 BCX0\" data-ccp-charstyle=\"Strong\">mit<\/span><span class=\"NormalTextRun SCXW98689021 BCX0\" data-ccp-charstyle=\"Strong\"> Kwast <\/span><span class=\"NormalTextRun SpellingErrorV2Themed SCXW98689021 BCX0\" data-ccp-charstyle=\"Strong\">auf<\/span> <span class=\"NormalTextRun SpellingErrorV2Themed SCXW98689021 BCX0\" data-ccp-charstyle=\"Strong\">Abenteuerreise<\/span><span class=\"NormalTextRun SCXW98689021 BCX0\" data-ccp-charstyle=\"Strong\"> (<\/span><span class=\"NormalTextRun SpellingErrorV2Themed SCXW98689021 BCX0\" data-ccp-charstyle=\"Strong\">ab<\/span><span class=\"NormalTextRun SCXW98689021 BCX0\" data-ccp-charstyle=\"Strong\"> 6 <\/span><span class=\"NormalTextRun SpellingErrorV2Themed SCXW98689021 BCX0\" data-ccp-charstyle=\"Strong\">Jahren<\/span><span class=\"NormalTextRun SCXW98689021 BCX0\" data-ccp-charstyle=\"Strong\">)<\/span><\/span><\/strong><span class=\"EOP SCXW98689021 BCX0\" data-ccp-props=\"{&quot;134245418&quot;:true,&quot;134245529&quot;:true,&quot;335559685&quot;:708,&quot;335559738&quot;:160,&quot;335559739&quot;:80}\">\u00a0<\/span><\/p>\n<p><span class=\"TextRun SCXW147176202 BCX0\" lang=\"NL-NL\" xml:lang=\"NL-NL\" data-contrast=\"none\"><span class=\"NormalTextRun SCXW147176202 BCX0\" data-ccp-parastyle=\"Normal (Web)\">Rembrandt war nicht <\/span><span class=\"NormalTextRun SpellingErrorV2Themed SCXW147176202 BCX0\" data-ccp-parastyle=\"Normal (Web)\">nur<\/span> <span class=\"NormalTextRun SpellingErrorV2Themed SCXW147176202 BCX0\" data-ccp-parastyle=\"Normal (Web)\">ein<\/span> <span class=\"NormalTextRun SpellingErrorV2Themed SCXW147176202 BCX0\" data-ccp-parastyle=\"Normal (Web)\">gro\u00dfartiger<\/span> <span class=\"NormalTextRun SpellingErrorV2Themed SCXW147176202 BCX0\" data-ccp-parastyle=\"Normal (Web)\">K\u00fcnstler<\/span><span class=\"NormalTextRun SCXW147176202 BCX0\" data-ccp-parastyle=\"Normal (Web)\">, <\/span><span class=\"NormalTextRun SpellingErrorV2Themed SCXW147176202 BCX0\" data-ccp-parastyle=\"Normal (Web)\">sondern<\/span> <span class=\"NormalTextRun SpellingErrorV2Themed SCXW147176202 BCX0\" data-ccp-parastyle=\"Normal (Web)\">auch<\/span> <span class=\"NormalTextRun SpellingErrorV2Themed SCXW147176202 BCX0\" data-ccp-parastyle=\"Normal (Web)\">ein<\/span> <span class=\"NormalTextRun SpellingErrorV2Themed SCXW147176202 BCX0\" data-ccp-parastyle=\"Normal (Web)\">gro\u00dfer<\/span> <span class=\"NormalTextRun SpellingErrorV2Themed SCXW147176202 BCX0\" data-ccp-parastyle=\"Normal (Web)\">Tierfreund<\/span><span class=\"NormalTextRun SCXW147176202 BCX0\" data-ccp-parastyle=\"Normal (Web)\">. In vielen seiner <\/span><span class=\"NormalTextRun SpellingErrorV2Themed SCXW147176202 BCX0\" data-ccp-parastyle=\"Normal (Web)\">Gem\u00e4lde<\/span> <span class=\"NormalTextRun SpellingErrorV2Themed SCXW147176202 BCX0\" data-ccp-parastyle=\"Normal (Web)\">und<\/span> <span class=\"NormalTextRun SpellingErrorV2Themed SCXW147176202 BCX0\" data-ccp-parastyle=\"Normal (Web)\">Radierungen<\/span> <span class=\"NormalTextRun SpellingErrorV2Themed SCXW147176202 BCX0\" data-ccp-parastyle=\"Normal (Web)\">tauchen<\/span> <span class=\"NormalTextRun SpellingErrorV2Themed SCXW147176202 BCX0\" data-ccp-parastyle=\"Normal (Web)\">Tiere<\/span> <span class=\"NormalTextRun SpellingErrorV2Themed SCXW147176202 BCX0\" data-ccp-parastyle=\"Normal (Web)\">auf<\/span><span class=\"NormalTextRun SCXW147176202 BCX0\" data-ccp-parastyle=\"Normal (Web)\">. <\/span><span class=\"NormalTextRun SpellingErrorV2Themed SCXW147176202 BCX0\" data-ccp-parastyle=\"Normal (Web)\">Ein<\/span><span class=\"NormalTextRun SCXW147176202 BCX0\" data-ccp-parastyle=\"Normal (Web)\"> Tier <\/span><span class=\"NormalTextRun SpellingErrorV2Themed SCXW147176202 BCX0\" data-ccp-parastyle=\"Normal (Web)\">erscheint<\/span> <span class=\"NormalTextRun SpellingErrorV2Themed SCXW147176202 BCX0\" data-ccp-parastyle=\"Normal (Web)\">dabei<\/span> <span class=\"NormalTextRun SpellingErrorV2Themed SCXW147176202 BCX0\" data-ccp-parastyle=\"Normal (Web)\">besonders<\/span> <span class=\"NormalTextRun SpellingErrorV2Themed SCXW147176202 BCX0\" data-ccp-parastyle=\"Normal (Web)\">oft<\/span><span class=\"NormalTextRun SCXW147176202 BCX0\" data-ccp-parastyle=\"Normal (Web)\">: sein <\/span><span class=\"NormalTextRun SpellingErrorV2Themed SCXW147176202 BCX0\" data-ccp-parastyle=\"Normal (Web)\">Hund<\/span><span class=\"NormalTextRun SCXW147176202 BCX0\" data-ccp-parastyle=\"Normal (Web)\"> Kwast. Kwast <\/span><span class=\"NormalTextRun SpellingErrorV2Themed SCXW147176202 BCX0\" data-ccp-parastyle=\"Normal (Web)\">kennt<\/span><span class=\"NormalTextRun SCXW147176202 BCX0\" data-ccp-parastyle=\"Normal (Web)\"> alle geheimen <\/span><span class=\"NormalTextRun SpellingErrorV2Themed SCXW147176202 BCX0\" data-ccp-parastyle=\"Normal (Web)\">Ecken<\/span> <span class=\"NormalTextRun SpellingErrorV2Themed SCXW147176202 BCX0\" data-ccp-parastyle=\"Normal (Web)\">und<\/span><span class=\"NormalTextRun SCXW147176202 BCX0\" data-ccp-parastyle=\"Normal (Web)\"> Winkel <\/span><span class=\"NormalTextRun SpellingErrorV2Themed SCXW147176202 BCX0\" data-ccp-parastyle=\"Normal (Web)\">im<\/span> <span class=\"NormalTextRun SpellingErrorV2Themed SCXW147176202 BCX0\" data-ccp-parastyle=\"Normal (Web)\">Haus<\/span><span class=\"NormalTextRun SCXW147176202 BCX0\" data-ccp-parastyle=\"Normal (Web)\"> \u2013 der <\/span><span class=\"NormalTextRun SpellingErrorV2Themed SCXW147176202 BCX0\" data-ccp-parastyle=\"Normal (Web)\">perfekte<\/span> <span class=\"NormalTextRun SpellingErrorV2Themed SCXW147176202 BCX0\" data-ccp-parastyle=\"Normal (Web)\">Reisef\u00fchrer<\/span><span class=\"NormalTextRun SCXW147176202 BCX0\" data-ccp-parastyle=\"Normal (Web)\">! Die <\/span><span class=\"NormalTextRun SpellingErrorV2Themed SCXW147176202 BCX0\" data-ccp-parastyle=\"Normal (Web)\">neue<\/span><span class=\"NormalTextRun SCXW147176202 BCX0\" data-ccp-parastyle=\"Normal (Web)\"> Multimedia-Tour <\/span><span class=\"NormalTextRun SpellingErrorV2Themed SCXW147176202 BCX0\" data-ccp-parastyle=\"Normal (Web)\">nimmt<\/span> <span class=\"NormalTextRun SpellingErrorV2Themed SCXW147176202 BCX0\" data-ccp-parastyle=\"Normal (Web)\">Sie<\/span> <span class=\"NormalTextRun SpellingErrorV2Themed SCXW147176202 BCX0\" data-ccp-parastyle=\"Normal (Web)\">mit<\/span> <span class=\"NormalTextRun SpellingErrorV2Themed SCXW147176202 BCX0\" data-ccp-parastyle=\"Normal (Web)\">auf<\/span> <span class=\"NormalTextRun SpellingErrorV2Themed SCXW147176202 BCX0\" data-ccp-parastyle=\"Normal (Web)\">eine<\/span><span class=\"NormalTextRun SCXW147176202 BCX0\" data-ccp-parastyle=\"Normal (Web)\"> spannende <\/span><span class=\"NormalTextRun SpellingErrorV2Themed SCXW147176202 BCX0\" data-ccp-parastyle=\"Normal (Web)\">Reise<\/span> <span class=\"NormalTextRun SpellingErrorV2Themed SCXW147176202 BCX0\" data-ccp-parastyle=\"Normal (Web)\">durch<\/span><span class=\"NormalTextRun SCXW147176202 BCX0\" data-ccp-parastyle=\"Normal (Web)\"> das Museum Rembrandthuis \u2013 <\/span><span class=\"NormalTextRun SpellingErrorV2Themed SCXW147176202 BCX0\" data-ccp-parastyle=\"Normal (Web)\">gemeinsam<\/span> <span class=\"NormalTextRun SpellingErrorV2Themed SCXW147176202 BCX0\" data-ccp-parastyle=\"Normal (Web)\">mit<\/span><span class=\"NormalTextRun SCXW147176202 BCX0\" data-ccp-parastyle=\"Normal (Web)\"> Kwast.<\/span><\/span><span class=\"EOP SCXW147176202 BCX0\" data-ccp-props=\"{&quot;134233117&quot;:true,&quot;134233118&quot;:true,&quot;335559685&quot;:708}\">\u00a0<\/span><\/p>\n<p><strong><span class=\"TextRun SCXW194198845 BCX0\" lang=\"NL-NL\" xml:lang=\"NL-NL\" data-contrast=\"none\"><span class=\"NormalTextRun SCXW194198845 BCX0\" data-ccp-charstyle=\"Strong\">Wie <\/span><span class=\"NormalTextRun SpellingErrorV2Themed SCXW194198845 BCX0\" data-ccp-charstyle=\"Strong\">stellte<\/span><span class=\"NormalTextRun SCXW194198845 BCX0\" data-ccp-charstyle=\"Strong\"> Rembrandt <\/span><span class=\"NormalTextRun SpellingErrorV2Themed SCXW194198845 BCX0\" data-ccp-charstyle=\"Strong\">seine<\/span> <span class=\"NormalTextRun SpellingErrorV2Themed SCXW194198845 BCX0\" data-ccp-charstyle=\"Strong\">Farben<\/span> <span class=\"NormalTextRun SpellingErrorV2Themed SCXW194198845 BCX0\" data-ccp-charstyle=\"Strong\">und<\/span> <span class=\"NormalTextRun SpellingErrorV2Themed SCXW194198845 BCX0\" data-ccp-charstyle=\"Strong\">Radierungen<\/span><span class=\"NormalTextRun SCXW194198845 BCX0\" data-ccp-charstyle=\"Strong\"> her?<\/span><\/span><span class=\"EOP SCXW194198845 BCX0\" data-ccp-props=\"{&quot;134245418&quot;:true,&quot;134245529&quot;:true,&quot;335559685&quot;:708,&quot;335559738&quot;:160,&quot;335559739&quot;:80}\">\u00a0<\/span><\/strong><\/p>\n<p><img decoding=\"async\" class=\"wp-image-675 alignright\" src=\"https:\/\/www.rembrandthuis.nl\/wp-content\/uploads\/2023\/02\/vlzutnj-300x200.webp\" sizes=\"(max-width: 212px) 100vw, 212px\" srcset=\"https:\/\/www.rembrandthuis.nl\/wp-content\/uploads\/2023\/02\/vlzutnj-300x200.webp 300w, https:\/\/www.rembrandthuis.nl\/wp-content\/uploads\/2023\/02\/vlzutnj-1024x683.webp 1024w, https:\/\/www.rembrandthuis.nl\/wp-content\/uploads\/2023\/02\/vlzutnj-768x512.webp 768w, https:\/\/www.rembrandthuis.nl\/wp-content\/uploads\/2023\/02\/vlzutnj.webp 1500w\" alt=\"Een afbeelding van iemand aan het schilderen is.\" width=\"212\" height=\"141\" data-pagespeed-url-hash=\"1796550844\" \/><\/p>\n<p><span data-contrast=\"none\">T\u00e4glich gibt es im Museum eine kostenlose Mal- oder Radierdemonstration. In Rembrandts Atelier erfahren Sie, wie er seine Farben herstellte und welche Materialien er verwendete \u2013 von giftigem Blei und knallroten L\u00e4usen bis hin zu duftendem Lein\u00f6l und sogar Schweinsblasen!<\/span><span data-ccp-props=\"{&quot;134233117&quot;:true,&quot;134233118&quot;:true,&quot;335559685&quot;:708}\">\u00a0<\/span><\/p>\n<p><span data-contrast=\"none\">Werden Sie selbst kreativ: Mischen Sie Farben auf dem Mahlstein und gestalten Sie etwas Einzigartiges auf einer Leinwand. Auf dem Radierboden wird Schritt f\u00fcr Schritt gezeigt, wie Rembrandt seine Radierungen anfertigte. Ein besonderes Highlight: Auf einer seiner Radierungen ist sogar Kwast zu sehen! Und jeder Besucher erh\u00e4lt einen Druck (eine Radierung oder eine Postkarte) als Andenken.<\/span><span data-ccp-props=\"{&quot;134233117&quot;:true,&quot;134233118&quot;:true,&quot;335559685&quot;:708}\">\u00a0<\/span><\/p>\n<ul>\n<li data-leveltext=\"\uf0b7\" data-font=\"Symbol\" data-listid=\"6\" data-list-defn-props=\"{&quot;335552541&quot;:1,&quot;335559685&quot;:720,&quot;335559991&quot;:360,&quot;469769226&quot;:&quot;Symbol&quot;,&quot;469769242&quot;:[8226],&quot;469777803&quot;:&quot;left&quot;,&quot;469777804&quot;:&quot;\uf0b7&quot;,&quot;469777815&quot;:&quot;multilevel&quot;}\" aria-setsize=\"-1\" data-aria-posinset=\"1\" data-aria-level=\"1\"><b><span data-contrast=\"none\">Zeiten:<\/span><\/b><span data-contrast=\"none\"> Zwischen 10:30 Uhr und 15:30 Uhr<\/span><span data-ccp-props=\"{&quot;134233117&quot;:true,&quot;134233118&quot;:true,&quot;335559685&quot;:1428,&quot;469777462&quot;:[720,2844],&quot;469777927&quot;:[0,0],&quot;469777928&quot;:[0,8]}\">\u00a0<\/span><\/li>\n<\/ul>\n<ul>\n<li data-leveltext=\"\uf0b7\" data-font=\"Symbol\" data-listid=\"6\" data-list-defn-props=\"{&quot;335552541&quot;:1,&quot;335559685&quot;:720,&quot;335559991&quot;:360,&quot;469769226&quot;:&quot;Symbol&quot;,&quot;469769242&quot;:[8226],&quot;469777803&quot;:&quot;left&quot;,&quot;469777804&quot;:&quot;\uf0b7&quot;,&quot;469777815&quot;:&quot;multilevel&quot;}\" aria-setsize=\"-1\" data-aria-posinset=\"2\" data-aria-level=\"1\"><b><span data-contrast=\"none\">Reservierung:<\/span><\/b><span data-contrast=\"none\"> Nicht erforderlich f\u00fcr die Multimedia-Tour oder die Demonstrationen<\/span> \u00a0<\/li>\n<\/ul>\n<p><strong><span class=\"TextRun SCXW91853085 BCX0\" lang=\"NL-NL\" xml:lang=\"NL-NL\" data-contrast=\"none\"><span class=\"NormalTextRun SpellingErrorV2Themed SCXW91853085 BCX0\" data-ccp-charstyle=\"Strong\">Machen<\/span> <span class=\"NormalTextRun SpellingErrorV2Themed SCXW91853085 BCX0\" data-ccp-charstyle=\"Strong\">Sie<\/span> <span class=\"NormalTextRun SpellingErrorV2Themed SCXW91853085 BCX0\" data-ccp-charstyle=\"Strong\">aus<\/span> <span class=\"NormalTextRun SpellingErrorV2Themed SCXW91853085 BCX0\" data-ccp-charstyle=\"Strong\">Ihrem<\/span> <span class=\"NormalTextRun SpellingErrorV2Themed SCXW91853085 BCX0\" data-ccp-charstyle=\"Strong\">Museumsbesuch<\/span> <span class=\"NormalTextRun SpellingErrorV2Themed SCXW91853085 BCX0\" data-ccp-charstyle=\"Strong\">einen<\/span> <span class=\"NormalTextRun SpellingErrorV2Themed SCXW91853085 BCX0\" data-ccp-charstyle=\"Strong\">Tagesausflug<\/span><span class=\"NormalTextRun SCXW91853085 BCX0\" data-ccp-charstyle=\"Strong\">:<\/span><\/span><span class=\"EOP SCXW91853085 BCX0\" data-ccp-props=\"{&quot;134245418&quot;:true,&quot;134245529&quot;:true,&quot;335559685&quot;:708,&quot;335559738&quot;:160,&quot;335559739&quot;:80}\">\u00a0<\/span><\/strong><\/p>\n<p><a href=\"https:\/\/www.tiqets.com\/de\/amsterdam-sehenswuerdigkeiten-c75061\/tickets-fur-das-rembrandt-haus-museum-fabrique-des-lumieres-niederlandische-meister-erleben-p1099199\/?partner=museum_rembrandthuis\" target=\"_blank\" rel=\"noopener\">Buchen Sie hier Ihr Ticket f\u00fcr <\/a>Museum Rembrandthuis + Fabrique des Lumi\u00e8res \u2013 Die Dutch Masters Experience\u00a0<\/p>\n<p><span data-contrast=\"none\">Treten Sie zuerst in die Fu\u00dfstapfen Rembrandts im Museum Rembrandthuis und lassen Sie sich anschlie\u00dfend in der <\/span><b><span data-contrast=\"none\">Fabrique des Lumi\u00e8res<\/span><\/b><span data-contrast=\"none\"> von der Genialit\u00e4t der niederl\u00e4ndischen Meister verzaubern.<\/span><span data-ccp-props=\"{&quot;134233117&quot;:true,&quot;134233118&quot;:true,&quot;335559685&quot;:708}\">\u00a0<\/span><\/p>\t\t\t\t\t\t\t\t<\/div>\n\t\t\t\t<\/div>\n\t\t\t\t\t<\/div>\n\t\t<\/div>\n\t\t\t\t<div class=\"elementor-column elementor-col-50 elementor-inner-column elementor-element elementor-element-2b0e0d1\" data-id=\"2b0e0d1\" data-element_type=\"column\">\n\t\t\t<div class=\"elementor-widget-wrap\">\n\t\t\t\t\t\t\t<\/div>\n\t\t<\/div>\n\t\t\t\t\t<\/div>\n\t\t<\/section>\n\t\t\t\t\t<\/div>\n\t\t<\/div>\n\t\t\t\t\t<\/div>\n\t\t<\/section>\n\t\t\t\t<\/div>\n\t\t<div id=\"nb-footnote-inline\"><\/div>","protected":false},"excerpt":{"rendered":"<p>Familien und Kinder Mit den t\u00e4glichen Mal- und Radierdemonstrationen sowie Mitmach-Aktivit\u00e4ten wie Zeichenworkshops w\u00e4hrend der Ausstellungen ist das Museum ein perfektes Ausflugsziel f\u00fcr Familien mit Kindern.\u00a0 Gehen Sie mit Kwast auf Abenteuerreise (ab 6 Jahren)\u00a0 Rembrandt war nicht nur ein gro\u00dfartiger K\u00fcnstler, sondern auch ein gro\u00dfer Tierfreund. In vielen seiner Gem\u00e4lde und Radierungen tauchen Tiere [&hellip;]<\/p>\n","protected":false},"author":2,"featured_media":13597,"parent":11771,"menu_order":3,"comment_status":"closed","ping_status":"closed","template":"elementor_header_footer","meta":{"_acf_changed":false,"footnotes":""},"class_list":["post-11794","page","type-page","status-publish","has-post-thumbnail","hentry"],"acf":[],"_links":{"self":[{"href":"https:\/\/www.rembrandthuis.nl\/de\/wp-json\/wp\/v2\/pages\/11794","targetHints":{"allow":["GET"]}}],"collection":[{"href":"https:\/\/www.rembrandthuis.nl\/de\/wp-json\/wp\/v2\/pages"}],"about":[{"href":"https:\/\/www.rembrandthuis.nl\/de\/wp-json\/wp\/v2\/types\/page"}],"author":[{"embeddable":true,"href":"https:\/\/www.rembrandthuis.nl\/de\/wp-json\/wp\/v2\/users\/2"}],"replies":[{"embeddable":true,"href":"https:\/\/www.rembrandthuis.nl\/de\/wp-json\/wp\/v2\/comments?post=11794"}],"version-history":[{"count":11,"href":"https:\/\/www.rembrandthuis.nl\/de\/wp-json\/wp\/v2\/pages\/11794\/revisions"}],"predecessor-version":[{"id":13055,"href":"https:\/\/www.rembrandthuis.nl\/de\/wp-json\/wp\/v2\/pages\/11794\/revisions\/13055"}],"up":[{"embeddable":true,"href":"https:\/\/www.rembrandthuis.nl\/de\/wp-json\/wp\/v2\/pages\/11771"}],"wp:featuredmedia":[{"embeddable":true,"href":"https:\/\/www.rembrandthuis.nl\/de\/wp-json\/wp\/v2\/media\/13597"}],"wp:attachment":[{"href":"https:\/\/www.rembrandthuis.nl\/de\/wp-json\/wp\/v2\/media?parent=11794"}],"curies":[{"name":"wp","href":"https:\/\/api.w.org\/{rel}","templated":true}]}}